{"id":21729,"date":"2026-02-23T15:05:42","date_gmt":"2026-02-23T15:05:42","guid":{"rendered":"https:\/\/bbqassad.ee\/toode\/napoleon-2-osainen-grillivalinesarja-grillipihdit-ja-tera\/"},"modified":"2026-04-14T06:32:11","modified_gmt":"2026-04-14T06:32:11","slug":"napoleon-2-osainen-grillivalinesarja-grillipihdit-ja-tera","status":"publish","type":"product","link":"https:\/\/bbqassad.ee\/fi\/toode\/napoleon-2-osainen-grillivalinesarja-grillipihdit-ja-tera\/","title":{"rendered":"Napoleon 2-osainen grilliv\u00e4linesarja (grillipihdit ja -ter\u00e4)."},"content":{"rendered":"","protected":false},"excerpt":{"rendered":"<h3><strong>Napoleon 2-osainen grilliv\u00e4linesarja (grillipihdit ja -ter\u00e4).<\/strong><\/h3>\n<p class=\"\" data-start=\"73\" data-end=\"406\">Napoleonin kaksiosainen grillaustarvikesarja sis\u00e4lt\u00e4\u00e4 kaiken, mit\u00e4 tarvitset k\u00e4tev\u00e4\u00e4n ja turvalliseen grillaamiseen. Sarjaan kuuluu pitk\u00e4 lastat ja lukittavat pihdit, joissa molemmissa on pehme\u00e4pinnoitetut kahvat, jotta niist\u00e4 saa hyv\u00e4n otteen kuumissa olosuhteissa. Ruostumattomasta ter\u00e4ksest\u00e4 valmistettu rakenne takaa kest\u00e4vyyden ja pitk\u00e4n k\u00e4ytt\u00f6i\u00e4n.  <\/p>\n<p class=\"\" data-start=\"408\" data-end=\"583\"><strong data-start=\"408\" data-end=\"421\">Ominaisuudet<\/strong><br data-start=\"421\" data-end=\"424\">&#8211; vahva ja kest\u00e4v\u00e4 ruostumattomasta ter\u00e4ksest\u00e4 valmistettu rakenne<br data-start=\"474\" data-end=\"477\" data-is-only-node=\"\">&#8211; mukana lastat ja lukittavat pihdit<br data-start=\"520\" data-end=\"523\">&#8211; pehme\u00e4pinnoitetut kahvat takaavat turvallisen ja miellytt\u00e4v\u00e4n k\u00e4yt\u00f6n.<\/p>\n","protected":false},"featured_media":14150,"comment_status":"open","ping_status":"closed","template":"","meta":[],"product_brand":[768],"product_cat":[784],"product_tag":[],"class_list":{"0":"post-21729","1":"product","2":"type-product","3":"status-publish","4":"has-post-thumbnail","6":"product_brand-napoleon","7":"product_cat-tarvikkeet","9":"first","10":"instock","11":"taxable","12":"shipping-taxable","13":"purchasable","14":"product-type-simple"},"yoast_head":"<!-- This site is optimized with the Yoast SEO plugin v27.4 - https:\/\/yoast.com\/product\/yoast-seo-wordpress\/ -->\n<title>Napoleon 2-osainen grillaussarja - BBQ \u00c4ssad%<\/title>\n<meta name=\"description\" content=\"Napoleonin grillausv\u00e4linesarja sis\u00e4lt\u00e4\u00e4 ruostumattomasta ter\u00e4ksest\u00e4 valmistetun lastan ja lukittavat pihdit. Pehme\u00e4t kahvat takaavat mukavan ja tukevan otteen grillauksen aikana.\" \/>\n<meta name=\"robots\" content=\"index, follow, max-snippet:-1, max-image-preview:large, max-video-preview:-1\" \/>\n<link rel=\"canonical\" href=\"https:\/\/bbqassad.ee\/fi\/toode\/napoleon-2-osainen-grillivalinesarja-grillipihdit-ja-tera\/\" \/>\n<meta property=\"og:locale\" content=\"fi_FI\" \/>\n<meta property=\"og:type\" content=\"article\" \/>\n<meta property=\"og:title\" content=\"Napoleon 2-osainen grillaussarja - BBQ \u00c4ssad%\" \/>\n<meta property=\"og:description\" content=\"Napoleonin grillausv\u00e4linesarja sis\u00e4lt\u00e4\u00e4 ruostumattomasta ter\u00e4ksest\u00e4 valmistetun lastan ja lukittavat pihdit. Pehme\u00e4t kahvat takaavat mukavan ja tukevan otteen grillauksen aikana.\" \/>\n<meta property=\"og:url\" content=\"https:\/\/bbqassad.ee\/fi\/toode\/napoleon-2-osainen-grillivalinesarja-grillipihdit-ja-tera\/\" \/>\n<meta property=\"og:site_name\" content=\"BBQ \u00c4ssad\" \/>\n<meta property=\"article:publisher\" content=\"https:\/\/www.facebook.com\/bbqassad\" \/>\n<meta property=\"article:modified_time\" content=\"2026-04-14T06:32:11+00:00\" \/>\n<meta property=\"og:image\" content=\"https:\/\/bbqassad.ee\/wp-content\/uploads\/2026\/02\/70032-2-piece-toolset-on-white-working-full-size.jpg\" \/>\n<meta name=\"twitter:card\" content=\"summary_large_image\" \/>\n<meta name=\"twitter:title\" content=\"Napoleon 2-osainen grillaussarja - BBQ \u00c4ssad%\" \/>\n<meta name=\"twitter:description\" content=\"Napoleonin grillausv\u00e4linesarja sis\u00e4lt\u00e4\u00e4 ruostumattomasta ter\u00e4ksest\u00e4 valmistetun lastan ja lukittavat pihdit. Pehme\u00e4t kahvat takaavat mukavan ja tukevan otteen grillauksen aikana.\" \/>\n<meta name=\"twitter:image\" content=\"https:\/\/bbqassad.ee\/wp-content\/uploads\/2026\/02\/70032-2-piece-toolset-on-white-working-full-size.jpg\" \/>\n<script type=\"application\/ld+json\" class=\"yoast-schema-graph\">{\"@context\":\"https:\\\/\\\/schema.org\",\"@graph\":[{\"@type\":\"WebPage\",\"@id\":\"https:\\\/\\\/bbqassad.ee\\\/fi\\\/toode\\\/napoleon-2-osainen-grillivalinesarja-grillipihdit-ja-tera\\\/\",\"url\":\"https:\\\/\\\/bbqassad.ee\\\/fi\\\/toode\\\/napoleon-2-osainen-grillivalinesarja-grillipihdit-ja-tera\\\/\",\"name\":\"Napoleon 2-osainen grillaussarja - BBQ \u00c4ssad%\",\"isPartOf\":{\"@id\":\"https:\\\/\\\/bbqassad.ee\\\/fi\\\/#website\"},\"primaryImageOfPage\":{\"@id\":\"https:\\\/\\\/bbqassad.ee\\\/fi\\\/toode\\\/napoleon-2-osainen-grillivalinesarja-grillipihdit-ja-tera\\\/#primaryimage\"},\"image\":{\"@id\":\"https:\\\/\\\/bbqassad.ee\\\/fi\\\/toode\\\/napoleon-2-osainen-grillivalinesarja-grillipihdit-ja-tera\\\/#primaryimage\"},\"thumbnailUrl\":\"https:\\\/\\\/bbqassad.ee\\\/wp-content\\\/uploads\\\/2026\\\/02\\\/70032-2-piece-toolset-on-white-working-full-size.jpg\",\"datePublished\":\"2026-02-23T15:05:42+00:00\",\"dateModified\":\"2026-04-14T06:32:11+00:00\",\"description\":\"Napoleonin grillausv\u00e4linesarja sis\u00e4lt\u00e4\u00e4 ruostumattomasta ter\u00e4ksest\u00e4 valmistetun lastan ja lukittavat pihdit. Pehme\u00e4t kahvat takaavat mukavan ja tukevan otteen grillauksen aikana.\",\"breadcrumb\":{\"@id\":\"https:\\\/\\\/bbqassad.ee\\\/fi\\\/toode\\\/napoleon-2-osainen-grillivalinesarja-grillipihdit-ja-tera\\\/#breadcrumb\"},\"inLanguage\":\"fi\",\"potentialAction\":[{\"@type\":\"ReadAction\",\"target\":[\"https:\\\/\\\/bbqassad.ee\\\/fi\\\/toode\\\/napoleon-2-osainen-grillivalinesarja-grillipihdit-ja-tera\\\/\"]}]},{\"@type\":\"ImageObject\",\"inLanguage\":\"fi\",\"@id\":\"https:\\\/\\\/bbqassad.ee\\\/fi\\\/toode\\\/napoleon-2-osainen-grillivalinesarja-grillipihdit-ja-tera\\\/#primaryimage\",\"url\":\"https:\\\/\\\/bbqassad.ee\\\/wp-content\\\/uploads\\\/2026\\\/02\\\/70032-2-piece-toolset-on-white-working-full-size.jpg\",\"contentUrl\":\"https:\\\/\\\/bbqassad.ee\\\/wp-content\\\/uploads\\\/2026\\\/02\\\/70032-2-piece-toolset-on-white-working-full-size.jpg\",\"width\":700,\"height\":700},{\"@type\":\"BreadcrumbList\",\"@id\":\"https:\\\/\\\/bbqassad.ee\\\/fi\\\/toode\\\/napoleon-2-osainen-grillivalinesarja-grillipihdit-ja-tera\\\/#breadcrumb\",\"itemListElement\":[{\"@type\":\"ListItem\",\"position\":1,\"name\":\"Home\",\"item\":\"https:\\\/\\\/bbqassad.ee\\\/fi\\\/bbq-assat\\\/\"},{\"@type\":\"ListItem\",\"position\":2,\"name\":\"Verkkokauppa\",\"item\":\"https:\\\/\\\/bbqassad.ee\\\/fi\\\/verkkokauppa\\\/\"},{\"@type\":\"ListItem\",\"position\":3,\"name\":\"Napoleon 2-osainen grilliv\u00e4linesarja (grillipihdit ja -ter\u00e4).\"}]},{\"@type\":\"WebSite\",\"@id\":\"https:\\\/\\\/bbqassad.ee\\\/fi\\\/#website\",\"url\":\"https:\\\/\\\/bbqassad.ee\\\/fi\\\/\",\"name\":\"BBQ \u00c4ssad\",\"description\":\"BBQ maitseained, kastmed, ahjud\",\"publisher\":{\"@id\":\"https:\\\/\\\/bbqassad.ee\\\/fi\\\/#organization\"},\"potentialAction\":[{\"@type\":\"SearchAction\",\"target\":{\"@type\":\"EntryPoint\",\"urlTemplate\":\"https:\\\/\\\/bbqassad.ee\\\/fi\\\/?s={search_term_string}\"},\"query-input\":{\"@type\":\"PropertyValueSpecification\",\"valueRequired\":true,\"valueName\":\"search_term_string\"}}],\"inLanguage\":\"fi\"},{\"@type\":\"Organization\",\"@id\":\"https:\\\/\\\/bbqassad.ee\\\/fi\\\/#organization\",\"name\":\"BBQ \u00c4ssad\",\"url\":\"https:\\\/\\\/bbqassad.ee\\\/fi\\\/\",\"logo\":{\"@type\":\"ImageObject\",\"inLanguage\":\"fi\",\"@id\":\"https:\\\/\\\/bbqassad.ee\\\/fi\\\/#\\\/schema\\\/logo\\\/image\\\/\",\"url\":\"https:\\\/\\\/bbqassad.ee\\\/wp-content\\\/uploads\\\/2022\\\/10\\\/BBQ-2ssadlogo.png\",\"contentUrl\":\"https:\\\/\\\/bbqassad.ee\\\/wp-content\\\/uploads\\\/2022\\\/10\\\/BBQ-2ssadlogo.png\",\"width\":1080,\"height\":1080,\"caption\":\"BBQ \u00c4ssad\"},\"image\":{\"@id\":\"https:\\\/\\\/bbqassad.ee\\\/fi\\\/#\\\/schema\\\/logo\\\/image\\\/\"},\"sameAs\":[\"https:\\\/\\\/www.facebook.com\\\/bbqassad\",\"https:\\\/\\\/www.youtube.com\\\/channel\\\/UCsoufn49J6TVi9Ah9meE93w\"]}]}<\/script>\n<!-- \/ Yoast SEO plugin. -->","yoast_head_json":{"title":"Napoleon 2-osainen grillaussarja - BBQ \u00c4ssad%","description":"Napoleonin grillausv\u00e4linesarja sis\u00e4lt\u00e4\u00e4 ruostumattomasta ter\u00e4ksest\u00e4 valmistetun lastan ja lukittavat pihdit. Pehme\u00e4t kahvat takaavat mukavan ja tukevan otteen grillauksen aikana.","robots":{"index":"index","follow":"follow","max-snippet":"max-snippet:-1","max-image-preview":"max-image-preview:large","max-video-preview":"max-video-preview:-1"},"canonical":"https:\/\/bbqassad.ee\/fi\/toode\/napoleon-2-osainen-grillivalinesarja-grillipihdit-ja-tera\/","og_locale":"fi_FI","og_type":"article","og_title":"Napoleon 2-osainen grillaussarja - BBQ \u00c4ssad%","og_description":"Napoleonin grillausv\u00e4linesarja sis\u00e4lt\u00e4\u00e4 ruostumattomasta ter\u00e4ksest\u00e4 valmistetun lastan ja lukittavat pihdit. Pehme\u00e4t kahvat takaavat mukavan ja tukevan otteen grillauksen aikana.","og_url":"https:\/\/bbqassad.ee\/fi\/toode\/napoleon-2-osainen-grillivalinesarja-grillipihdit-ja-tera\/","og_site_name":"BBQ \u00c4ssad","article_publisher":"https:\/\/www.facebook.com\/bbqassad","article_modified_time":"2026-04-14T06:32:11+00:00","og_image":[{"url":"https:\/\/bbqassad.ee\/wp-content\/uploads\/2026\/02\/70032-2-piece-toolset-on-white-working-full-size.jpg","type":"","width":"","height":""}],"twitter_card":"summary_large_image","twitter_title":"Napoleon 2-osainen grillaussarja - BBQ \u00c4ssad%","twitter_description":"Napoleonin grillausv\u00e4linesarja sis\u00e4lt\u00e4\u00e4 ruostumattomasta ter\u00e4ksest\u00e4 valmistetun lastan ja lukittavat pihdit. Pehme\u00e4t kahvat takaavat mukavan ja tukevan otteen grillauksen aikana.","twitter_image":"https:\/\/bbqassad.ee\/wp-content\/uploads\/2026\/02\/70032-2-piece-toolset-on-white-working-full-size.jpg","schema":{"@context":"https:\/\/schema.org","@graph":[{"@type":"WebPage","@id":"https:\/\/bbqassad.ee\/fi\/toode\/napoleon-2-osainen-grillivalinesarja-grillipihdit-ja-tera\/","url":"https:\/\/bbqassad.ee\/fi\/toode\/napoleon-2-osainen-grillivalinesarja-grillipihdit-ja-tera\/","name":"Napoleon 2-osainen grillaussarja - BBQ \u00c4ssad%","isPartOf":{"@id":"https:\/\/bbqassad.ee\/fi\/#website"},"primaryImageOfPage":{"@id":"https:\/\/bbqassad.ee\/fi\/toode\/napoleon-2-osainen-grillivalinesarja-grillipihdit-ja-tera\/#primaryimage"},"image":{"@id":"https:\/\/bbqassad.ee\/fi\/toode\/napoleon-2-osainen-grillivalinesarja-grillipihdit-ja-tera\/#primaryimage"},"thumbnailUrl":"https:\/\/bbqassad.ee\/wp-content\/uploads\/2026\/02\/70032-2-piece-toolset-on-white-working-full-size.jpg","datePublished":"2026-02-23T15:05:42+00:00","dateModified":"2026-04-14T06:32:11+00:00","description":"Napoleonin grillausv\u00e4linesarja sis\u00e4lt\u00e4\u00e4 ruostumattomasta ter\u00e4ksest\u00e4 valmistetun lastan ja lukittavat pihdit. Pehme\u00e4t kahvat takaavat mukavan ja tukevan otteen grillauksen aikana.","breadcrumb":{"@id":"https:\/\/bbqassad.ee\/fi\/toode\/napoleon-2-osainen-grillivalinesarja-grillipihdit-ja-tera\/#breadcrumb"},"inLanguage":"fi","potentialAction":[{"@type":"ReadAction","target":["https:\/\/bbqassad.ee\/fi\/toode\/napoleon-2-osainen-grillivalinesarja-grillipihdit-ja-tera\/"]}]},{"@type":"ImageObject","inLanguage":"fi","@id":"https:\/\/bbqassad.ee\/fi\/toode\/napoleon-2-osainen-grillivalinesarja-grillipihdit-ja-tera\/#primaryimage","url":"https:\/\/bbqassad.ee\/wp-content\/uploads\/2026\/02\/70032-2-piece-toolset-on-white-working-full-size.jpg","contentUrl":"https:\/\/bbqassad.ee\/wp-content\/uploads\/2026\/02\/70032-2-piece-toolset-on-white-working-full-size.jpg","width":700,"height":700},{"@type":"BreadcrumbList","@id":"https:\/\/bbqassad.ee\/fi\/toode\/napoleon-2-osainen-grillivalinesarja-grillipihdit-ja-tera\/#breadcrumb","itemListElement":[{"@type":"ListItem","position":1,"name":"Home","item":"https:\/\/bbqassad.ee\/fi\/bbq-assat\/"},{"@type":"ListItem","position":2,"name":"Verkkokauppa","item":"https:\/\/bbqassad.ee\/fi\/verkkokauppa\/"},{"@type":"ListItem","position":3,"name":"Napoleon 2-osainen grilliv\u00e4linesarja (grillipihdit ja -ter\u00e4)."}]},{"@type":"WebSite","@id":"https:\/\/bbqassad.ee\/fi\/#website","url":"https:\/\/bbqassad.ee\/fi\/","name":"BBQ \u00c4ssad","description":"BBQ maitseained, kastmed, ahjud","publisher":{"@id":"https:\/\/bbqassad.ee\/fi\/#organization"},"potentialAction":[{"@type":"SearchAction","target":{"@type":"EntryPoint","urlTemplate":"https:\/\/bbqassad.ee\/fi\/?s={search_term_string}"},"query-input":{"@type":"PropertyValueSpecification","valueRequired":true,"valueName":"search_term_string"}}],"inLanguage":"fi"},{"@type":"Organization","@id":"https:\/\/bbqassad.ee\/fi\/#organization","name":"BBQ \u00c4ssad","url":"https:\/\/bbqassad.ee\/fi\/","logo":{"@type":"ImageObject","inLanguage":"fi","@id":"https:\/\/bbqassad.ee\/fi\/#\/schema\/logo\/image\/","url":"https:\/\/bbqassad.ee\/wp-content\/uploads\/2022\/10\/BBQ-2ssadlogo.png","contentUrl":"https:\/\/bbqassad.ee\/wp-content\/uploads\/2022\/10\/BBQ-2ssadlogo.png","width":1080,"height":1080,"caption":"BBQ \u00c4ssad"},"image":{"@id":"https:\/\/bbqassad.ee\/fi\/#\/schema\/logo\/image\/"},"sameAs":["https:\/\/www.facebook.com\/bbqassad","https:\/\/www.youtube.com\/channel\/UCsoufn49J6TVi9Ah9meE93w"]}]}},"_links":{"self":[{"href":"https:\/\/bbqassad.ee\/fi\/wp-json\/wp\/v2\/product\/21729","targetHints":{"allow":["GET"]}}],"collection":[{"href":"https:\/\/bbqassad.ee\/fi\/wp-json\/wp\/v2\/product"}],"about":[{"href":"https:\/\/bbqassad.ee\/fi\/wp-json\/wp\/v2\/types\/product"}],"replies":[{"embeddable":true,"href":"https:\/\/bbqassad.ee\/fi\/wp-json\/wp\/v2\/comments?post=21729"}],"wp:featuredmedia":[{"embeddable":true,"href":"https:\/\/bbqassad.ee\/fi\/wp-json\/wp\/v2\/media\/14150"}],"wp:attachment":[{"href":"https:\/\/bbqassad.ee\/fi\/wp-json\/wp\/v2\/media?parent=21729"}],"wp:term":[{"taxonomy":"product_brand","embeddable":true,"href":"https:\/\/bbqassad.ee\/fi\/wp-json\/wp\/v2\/product_brand?post=21729"},{"taxonomy":"product_cat","embeddable":true,"href":"https:\/\/bbqassad.ee\/fi\/wp-json\/wp\/v2\/product_cat?post=21729"},{"taxonomy":"product_tag","embeddable":true,"href":"https:\/\/bbqassad.ee\/fi\/wp-json\/wp\/v2\/product_tag?post=21729"}],"curies":[{"name":"wp","href":"https:\/\/api.w.org\/{rel}","templated":true}]}}