{"id":21727,"date":"2026-02-23T15:05:42","date_gmt":"2026-02-23T15:05:42","guid":{"rendered":"https:\/\/bbqassad.ee\/toode\/napoleon-pro-2-osainen-sarja-ruostumattomasta-teraksesta-valmistettuja-grillaustarvikkeita-grillipihdit-ja-tera\/"},"modified":"2026-04-14T06:32:11","modified_gmt":"2026-04-14T06:32:11","slug":"napoleon-pro-2-osainen-sarja-ruostumattomasta-teraksesta-valmistettuja-grillaustarvikkeita-grillipihdit-ja-tera","status":"publish","type":"product","link":"https:\/\/bbqassad.ee\/fi\/toode\/napoleon-pro-2-osainen-sarja-ruostumattomasta-teraksesta-valmistettuja-grillaustarvikkeita-grillipihdit-ja-tera\/","title":{"rendered":"Napoleon PRO 2-osainen sarja ruostumattomasta ter\u00e4ksest\u00e4 valmistettuja grillaustarvikkeita (grillipihdit ja -ter\u00e4)."},"content":{"rendered":"","protected":false},"excerpt":{"rendered":"<h3><strong>Napoleon PRO 2-osainen sarja ruostumattomasta ter\u00e4ksest\u00e4 valmistettuja grillaustarvikkeita (grillauspihdit ja -ter\u00e4).<\/strong><\/h3>\n<p class=\"\" data-start=\"77\" data-end=\"414\">T\u00e4m\u00e4 kaksiosainen setti on suunniteltu jokap\u00e4iv\u00e4iseen grillaukseen, ja sen ty\u00f6kalut ovat kest\u00e4vi\u00e4 ja mukavia k\u00e4ytt\u00e4\u00e4. Sarja sis\u00e4lt\u00e4\u00e4 pitk\u00e4vartiset lukittavat pihdit ja leve\u00e4p\u00e4isen lastan suurempien ruokapalojen helppoon k\u00e4sittelyyn. Tukeva ruostumaton ter\u00e4s kest\u00e4\u00e4 kuumuutta ja kest\u00e4\u00e4 pitk\u00e4\u00e4n, vaikka sit\u00e4 k\u00e4ytett\u00e4isiin usein.  <\/p>\n<p class=\"\" data-start=\"416\" data-end=\"567\"><strong data-start=\"416\" data-end=\"429\">Ominaisuudet:<\/strong><br data-start=\"429\" data-end=\"432\">&#8211; Kest\u00e4v\u00e4 ruostumattomasta ter\u00e4ksest\u00e4 valmistettu rakenne<br data-start=\"481\" data-end=\"484\">&#8211; Sis\u00e4lt\u00e4\u00e4: lastan ja lukittavat pihdit.<\/p>\n","protected":false},"featured_media":14141,"comment_status":"open","ping_status":"closed","template":"","meta":[],"product_brand":[768],"product_cat":[784],"product_tag":[],"class_list":{"0":"post-21727","1":"product","2":"type-product","3":"status-publish","4":"has-post-thumbnail","6":"product_brand-napoleon","7":"product_cat-tarvikkeet","9":"first","10":"instock","11":"taxable","12":"shipping-taxable","13":"purchasable","14":"product-type-simple"},"yoast_head":"<!-- This site is optimized with the Yoast SEO plugin v27.4 - https:\/\/yoast.com\/product\/yoast-seo-wordpress\/ -->\n<title>Napoleon PRO 2-osainen grillaustarvikesarja - BBQ \u00c4ssad%<\/title>\n<meta name=\"description\" content=\"Napoleon PRO 2-osainen ruostumattomasta ter\u00e4ksest\u00e4 valmistettu grillaustarvikesarja sis\u00e4lt\u00e4\u00e4 lukittavat pihdit ja leve\u00e4n lastan, jotka ovat kest\u00e4vi\u00e4 ja k\u00e4tevi\u00e4 jokap\u00e4iv\u00e4iseen grillaukseen.\" \/>\n<meta name=\"robots\" content=\"index, follow, max-snippet:-1, max-image-preview:large, max-video-preview:-1\" \/>\n<link rel=\"canonical\" href=\"https:\/\/bbqassad.ee\/fi\/toode\/napoleon-pro-2-osainen-sarja-ruostumattomasta-teraksesta-valmistettuja-grillaustarvikkeita-grillipihdit-ja-tera\/\" \/>\n<meta property=\"og:locale\" content=\"fi_FI\" \/>\n<meta property=\"og:type\" content=\"article\" \/>\n<meta property=\"og:title\" content=\"Napoleon PRO 2-osainen grillaustarvikesarja - BBQ \u00c4ssad%\" \/>\n<meta property=\"og:description\" content=\"Napoleon PRO 2-osainen ruostumattomasta ter\u00e4ksest\u00e4 valmistettu grillaustarvikesarja sis\u00e4lt\u00e4\u00e4 lukittavat pihdit ja leve\u00e4n lastan, jotka ovat kest\u00e4vi\u00e4 ja k\u00e4tevi\u00e4 jokap\u00e4iv\u00e4iseen grillaukseen.\" \/>\n<meta property=\"og:url\" content=\"https:\/\/bbqassad.ee\/fi\/toode\/napoleon-pro-2-osainen-sarja-ruostumattomasta-teraksesta-valmistettuja-grillaustarvikkeita-grillipihdit-ja-tera\/\" \/>\n<meta property=\"og:site_name\" content=\"BBQ \u00c4ssad\" \/>\n<meta property=\"article:publisher\" content=\"https:\/\/www.facebook.com\/bbqassad\" \/>\n<meta property=\"article:modified_time\" content=\"2026-04-14T06:32:11+00:00\" \/>\n<meta property=\"og:image\" content=\"https:\/\/bbqassad.ee\/wp-content\/uploads\/2026\/02\/70033.jpg\" \/>\n<meta name=\"twitter:card\" content=\"summary_large_image\" \/>\n<meta name=\"twitter:title\" content=\"Napoleon PRO 2-osainen grillaustarvikesarja - BBQ \u00c4ssad%\" \/>\n<meta name=\"twitter:description\" content=\"Napoleon PRO 2-osainen ruostumattomasta ter\u00e4ksest\u00e4 valmistettu grillaustarvikesarja sis\u00e4lt\u00e4\u00e4 lukittavat pihdit ja leve\u00e4n lastan, jotka ovat kest\u00e4vi\u00e4 ja k\u00e4tevi\u00e4 jokap\u00e4iv\u00e4iseen grillaukseen.\" \/>\n<meta name=\"twitter:image\" content=\"https:\/\/bbqassad.ee\/wp-content\/uploads\/2026\/02\/70033.jpg\" \/>\n<script type=\"application\/ld+json\" class=\"yoast-schema-graph\">{\"@context\":\"https:\\\/\\\/schema.org\",\"@graph\":[{\"@type\":\"WebPage\",\"@id\":\"https:\\\/\\\/bbqassad.ee\\\/fi\\\/toode\\\/napoleon-pro-2-osainen-sarja-ruostumattomasta-teraksesta-valmistettuja-grillaustarvikkeita-grillipihdit-ja-tera\\\/\",\"url\":\"https:\\\/\\\/bbqassad.ee\\\/fi\\\/toode\\\/napoleon-pro-2-osainen-sarja-ruostumattomasta-teraksesta-valmistettuja-grillaustarvikkeita-grillipihdit-ja-tera\\\/\",\"name\":\"Napoleon PRO 2-osainen grillaustarvikesarja - BBQ \u00c4ssad%\",\"isPartOf\":{\"@id\":\"https:\\\/\\\/bbqassad.ee\\\/fi\\\/#website\"},\"primaryImageOfPage\":{\"@id\":\"https:\\\/\\\/bbqassad.ee\\\/fi\\\/toode\\\/napoleon-pro-2-osainen-sarja-ruostumattomasta-teraksesta-valmistettuja-grillaustarvikkeita-grillipihdit-ja-tera\\\/#primaryimage\"},\"image\":{\"@id\":\"https:\\\/\\\/bbqassad.ee\\\/fi\\\/toode\\\/napoleon-pro-2-osainen-sarja-ruostumattomasta-teraksesta-valmistettuja-grillaustarvikkeita-grillipihdit-ja-tera\\\/#primaryimage\"},\"thumbnailUrl\":\"https:\\\/\\\/bbqassad.ee\\\/wp-content\\\/uploads\\\/2026\\\/02\\\/70033.jpg\",\"datePublished\":\"2026-02-23T15:05:42+00:00\",\"dateModified\":\"2026-04-14T06:32:11+00:00\",\"description\":\"Napoleon PRO 2-osainen ruostumattomasta ter\u00e4ksest\u00e4 valmistettu grillaustarvikesarja sis\u00e4lt\u00e4\u00e4 lukittavat pihdit ja leve\u00e4n lastan, jotka ovat kest\u00e4vi\u00e4 ja k\u00e4tevi\u00e4 jokap\u00e4iv\u00e4iseen grillaukseen.\",\"breadcrumb\":{\"@id\":\"https:\\\/\\\/bbqassad.ee\\\/fi\\\/toode\\\/napoleon-pro-2-osainen-sarja-ruostumattomasta-teraksesta-valmistettuja-grillaustarvikkeita-grillipihdit-ja-tera\\\/#breadcrumb\"},\"inLanguage\":\"fi\",\"potentialAction\":[{\"@type\":\"ReadAction\",\"target\":[\"https:\\\/\\\/bbqassad.ee\\\/fi\\\/toode\\\/napoleon-pro-2-osainen-sarja-ruostumattomasta-teraksesta-valmistettuja-grillaustarvikkeita-grillipihdit-ja-tera\\\/\"]}]},{\"@type\":\"ImageObject\",\"inLanguage\":\"fi\",\"@id\":\"https:\\\/\\\/bbqassad.ee\\\/fi\\\/toode\\\/napoleon-pro-2-osainen-sarja-ruostumattomasta-teraksesta-valmistettuja-grillaustarvikkeita-grillipihdit-ja-tera\\\/#primaryimage\",\"url\":\"https:\\\/\\\/bbqassad.ee\\\/wp-content\\\/uploads\\\/2026\\\/02\\\/70033.jpg\",\"contentUrl\":\"https:\\\/\\\/bbqassad.ee\\\/wp-content\\\/uploads\\\/2026\\\/02\\\/70033.jpg\",\"width\":554,\"height\":700},{\"@type\":\"BreadcrumbList\",\"@id\":\"https:\\\/\\\/bbqassad.ee\\\/fi\\\/toode\\\/napoleon-pro-2-osainen-sarja-ruostumattomasta-teraksesta-valmistettuja-grillaustarvikkeita-grillipihdit-ja-tera\\\/#breadcrumb\",\"itemListElement\":[{\"@type\":\"ListItem\",\"position\":1,\"name\":\"Home\",\"item\":\"https:\\\/\\\/bbqassad.ee\\\/fi\\\/bbq-assat\\\/\"},{\"@type\":\"ListItem\",\"position\":2,\"name\":\"Verkkokauppa\",\"item\":\"https:\\\/\\\/bbqassad.ee\\\/fi\\\/verkkokauppa\\\/\"},{\"@type\":\"ListItem\",\"position\":3,\"name\":\"Napoleon PRO 2-osainen sarja ruostumattomasta ter\u00e4ksest\u00e4 valmistettuja grillaustarvikkeita (grillipihdit ja -ter\u00e4).\"}]},{\"@type\":\"WebSite\",\"@id\":\"https:\\\/\\\/bbqassad.ee\\\/fi\\\/#website\",\"url\":\"https:\\\/\\\/bbqassad.ee\\\/fi\\\/\",\"name\":\"BBQ \u00c4ssad\",\"description\":\"BBQ maitseained, kastmed, ahjud\",\"publisher\":{\"@id\":\"https:\\\/\\\/bbqassad.ee\\\/fi\\\/#organization\"},\"potentialAction\":[{\"@type\":\"SearchAction\",\"target\":{\"@type\":\"EntryPoint\",\"urlTemplate\":\"https:\\\/\\\/bbqassad.ee\\\/fi\\\/?s={search_term_string}\"},\"query-input\":{\"@type\":\"PropertyValueSpecification\",\"valueRequired\":true,\"valueName\":\"search_term_string\"}}],\"inLanguage\":\"fi\"},{\"@type\":\"Organization\",\"@id\":\"https:\\\/\\\/bbqassad.ee\\\/fi\\\/#organization\",\"name\":\"BBQ \u00c4ssad\",\"url\":\"https:\\\/\\\/bbqassad.ee\\\/fi\\\/\",\"logo\":{\"@type\":\"ImageObject\",\"inLanguage\":\"fi\",\"@id\":\"https:\\\/\\\/bbqassad.ee\\\/fi\\\/#\\\/schema\\\/logo\\\/image\\\/\",\"url\":\"https:\\\/\\\/bbqassad.ee\\\/wp-content\\\/uploads\\\/2022\\\/10\\\/BBQ-2ssadlogo.png\",\"contentUrl\":\"https:\\\/\\\/bbqassad.ee\\\/wp-content\\\/uploads\\\/2022\\\/10\\\/BBQ-2ssadlogo.png\",\"width\":1080,\"height\":1080,\"caption\":\"BBQ \u00c4ssad\"},\"image\":{\"@id\":\"https:\\\/\\\/bbqassad.ee\\\/fi\\\/#\\\/schema\\\/logo\\\/image\\\/\"},\"sameAs\":[\"https:\\\/\\\/www.facebook.com\\\/bbqassad\",\"https:\\\/\\\/www.youtube.com\\\/channel\\\/UCsoufn49J6TVi9Ah9meE93w\"]}]}<\/script>\n<!-- \/ Yoast SEO plugin. -->","yoast_head_json":{"title":"Napoleon PRO 2-osainen grillaustarvikesarja - BBQ \u00c4ssad%","description":"Napoleon PRO 2-osainen ruostumattomasta ter\u00e4ksest\u00e4 valmistettu grillaustarvikesarja sis\u00e4lt\u00e4\u00e4 lukittavat pihdit ja leve\u00e4n lastan, jotka ovat kest\u00e4vi\u00e4 ja k\u00e4tevi\u00e4 jokap\u00e4iv\u00e4iseen grillaukseen.","robots":{"index":"index","follow":"follow","max-snippet":"max-snippet:-1","max-image-preview":"max-image-preview:large","max-video-preview":"max-video-preview:-1"},"canonical":"https:\/\/bbqassad.ee\/fi\/toode\/napoleon-pro-2-osainen-sarja-ruostumattomasta-teraksesta-valmistettuja-grillaustarvikkeita-grillipihdit-ja-tera\/","og_locale":"fi_FI","og_type":"article","og_title":"Napoleon PRO 2-osainen grillaustarvikesarja - BBQ \u00c4ssad%","og_description":"Napoleon PRO 2-osainen ruostumattomasta ter\u00e4ksest\u00e4 valmistettu grillaustarvikesarja sis\u00e4lt\u00e4\u00e4 lukittavat pihdit ja leve\u00e4n lastan, jotka ovat kest\u00e4vi\u00e4 ja k\u00e4tevi\u00e4 jokap\u00e4iv\u00e4iseen grillaukseen.","og_url":"https:\/\/bbqassad.ee\/fi\/toode\/napoleon-pro-2-osainen-sarja-ruostumattomasta-teraksesta-valmistettuja-grillaustarvikkeita-grillipihdit-ja-tera\/","og_site_name":"BBQ \u00c4ssad","article_publisher":"https:\/\/www.facebook.com\/bbqassad","article_modified_time":"2026-04-14T06:32:11+00:00","og_image":[{"url":"https:\/\/bbqassad.ee\/wp-content\/uploads\/2026\/02\/70033.jpg","type":"","width":"","height":""}],"twitter_card":"summary_large_image","twitter_title":"Napoleon PRO 2-osainen grillaustarvikesarja - BBQ \u00c4ssad%","twitter_description":"Napoleon PRO 2-osainen ruostumattomasta ter\u00e4ksest\u00e4 valmistettu grillaustarvikesarja sis\u00e4lt\u00e4\u00e4 lukittavat pihdit ja leve\u00e4n lastan, jotka ovat kest\u00e4vi\u00e4 ja k\u00e4tevi\u00e4 jokap\u00e4iv\u00e4iseen grillaukseen.","twitter_image":"https:\/\/bbqassad.ee\/wp-content\/uploads\/2026\/02\/70033.jpg","schema":{"@context":"https:\/\/schema.org","@graph":[{"@type":"WebPage","@id":"https:\/\/bbqassad.ee\/fi\/toode\/napoleon-pro-2-osainen-sarja-ruostumattomasta-teraksesta-valmistettuja-grillaustarvikkeita-grillipihdit-ja-tera\/","url":"https:\/\/bbqassad.ee\/fi\/toode\/napoleon-pro-2-osainen-sarja-ruostumattomasta-teraksesta-valmistettuja-grillaustarvikkeita-grillipihdit-ja-tera\/","name":"Napoleon PRO 2-osainen grillaustarvikesarja - BBQ \u00c4ssad%","isPartOf":{"@id":"https:\/\/bbqassad.ee\/fi\/#website"},"primaryImageOfPage":{"@id":"https:\/\/bbqassad.ee\/fi\/toode\/napoleon-pro-2-osainen-sarja-ruostumattomasta-teraksesta-valmistettuja-grillaustarvikkeita-grillipihdit-ja-tera\/#primaryimage"},"image":{"@id":"https:\/\/bbqassad.ee\/fi\/toode\/napoleon-pro-2-osainen-sarja-ruostumattomasta-teraksesta-valmistettuja-grillaustarvikkeita-grillipihdit-ja-tera\/#primaryimage"},"thumbnailUrl":"https:\/\/bbqassad.ee\/wp-content\/uploads\/2026\/02\/70033.jpg","datePublished":"2026-02-23T15:05:42+00:00","dateModified":"2026-04-14T06:32:11+00:00","description":"Napoleon PRO 2-osainen ruostumattomasta ter\u00e4ksest\u00e4 valmistettu grillaustarvikesarja sis\u00e4lt\u00e4\u00e4 lukittavat pihdit ja leve\u00e4n lastan, jotka ovat kest\u00e4vi\u00e4 ja k\u00e4tevi\u00e4 jokap\u00e4iv\u00e4iseen grillaukseen.","breadcrumb":{"@id":"https:\/\/bbqassad.ee\/fi\/toode\/napoleon-pro-2-osainen-sarja-ruostumattomasta-teraksesta-valmistettuja-grillaustarvikkeita-grillipihdit-ja-tera\/#breadcrumb"},"inLanguage":"fi","potentialAction":[{"@type":"ReadAction","target":["https:\/\/bbqassad.ee\/fi\/toode\/napoleon-pro-2-osainen-sarja-ruostumattomasta-teraksesta-valmistettuja-grillaustarvikkeita-grillipihdit-ja-tera\/"]}]},{"@type":"ImageObject","inLanguage":"fi","@id":"https:\/\/bbqassad.ee\/fi\/toode\/napoleon-pro-2-osainen-sarja-ruostumattomasta-teraksesta-valmistettuja-grillaustarvikkeita-grillipihdit-ja-tera\/#primaryimage","url":"https:\/\/bbqassad.ee\/wp-content\/uploads\/2026\/02\/70033.jpg","contentUrl":"https:\/\/bbqassad.ee\/wp-content\/uploads\/2026\/02\/70033.jpg","width":554,"height":700},{"@type":"BreadcrumbList","@id":"https:\/\/bbqassad.ee\/fi\/toode\/napoleon-pro-2-osainen-sarja-ruostumattomasta-teraksesta-valmistettuja-grillaustarvikkeita-grillipihdit-ja-tera\/#breadcrumb","itemListElement":[{"@type":"ListItem","position":1,"name":"Home","item":"https:\/\/bbqassad.ee\/fi\/bbq-assat\/"},{"@type":"ListItem","position":2,"name":"Verkkokauppa","item":"https:\/\/bbqassad.ee\/fi\/verkkokauppa\/"},{"@type":"ListItem","position":3,"name":"Napoleon PRO 2-osainen sarja ruostumattomasta ter\u00e4ksest\u00e4 valmistettuja grillaustarvikkeita (grillipihdit ja -ter\u00e4)."}]},{"@type":"WebSite","@id":"https:\/\/bbqassad.ee\/fi\/#website","url":"https:\/\/bbqassad.ee\/fi\/","name":"BBQ \u00c4ssad","description":"BBQ maitseained, kastmed, ahjud","publisher":{"@id":"https:\/\/bbqassad.ee\/fi\/#organization"},"potentialAction":[{"@type":"SearchAction","target":{"@type":"EntryPoint","urlTemplate":"https:\/\/bbqassad.ee\/fi\/?s={search_term_string}"},"query-input":{"@type":"PropertyValueSpecification","valueRequired":true,"valueName":"search_term_string"}}],"inLanguage":"fi"},{"@type":"Organization","@id":"https:\/\/bbqassad.ee\/fi\/#organization","name":"BBQ \u00c4ssad","url":"https:\/\/bbqassad.ee\/fi\/","logo":{"@type":"ImageObject","inLanguage":"fi","@id":"https:\/\/bbqassad.ee\/fi\/#\/schema\/logo\/image\/","url":"https:\/\/bbqassad.ee\/wp-content\/uploads\/2022\/10\/BBQ-2ssadlogo.png","contentUrl":"https:\/\/bbqassad.ee\/wp-content\/uploads\/2022\/10\/BBQ-2ssadlogo.png","width":1080,"height":1080,"caption":"BBQ \u00c4ssad"},"image":{"@id":"https:\/\/bbqassad.ee\/fi\/#\/schema\/logo\/image\/"},"sameAs":["https:\/\/www.facebook.com\/bbqassad","https:\/\/www.youtube.com\/channel\/UCsoufn49J6TVi9Ah9meE93w"]}]}},"_links":{"self":[{"href":"https:\/\/bbqassad.ee\/fi\/wp-json\/wp\/v2\/product\/21727","targetHints":{"allow":["GET"]}}],"collection":[{"href":"https:\/\/bbqassad.ee\/fi\/wp-json\/wp\/v2\/product"}],"about":[{"href":"https:\/\/bbqassad.ee\/fi\/wp-json\/wp\/v2\/types\/product"}],"replies":[{"embeddable":true,"href":"https:\/\/bbqassad.ee\/fi\/wp-json\/wp\/v2\/comments?post=21727"}],"wp:featuredmedia":[{"embeddable":true,"href":"https:\/\/bbqassad.ee\/fi\/wp-json\/wp\/v2\/media\/14141"}],"wp:attachment":[{"href":"https:\/\/bbqassad.ee\/fi\/wp-json\/wp\/v2\/media?parent=21727"}],"wp:term":[{"taxonomy":"product_brand","embeddable":true,"href":"https:\/\/bbqassad.ee\/fi\/wp-json\/wp\/v2\/product_brand?post=21727"},{"taxonomy":"product_cat","embeddable":true,"href":"https:\/\/bbqassad.ee\/fi\/wp-json\/wp\/v2\/product_cat?post=21727"},{"taxonomy":"product_tag","embeddable":true,"href":"https:\/\/bbqassad.ee\/fi\/wp-json\/wp\/v2\/product_tag?post=21727"}],"curies":[{"name":"wp","href":"https:\/\/api.w.org\/{rel}","templated":true}]}}