{"id":21723,"date":"2026-02-23T15:05:42","date_gmt":"2026-02-23T15:05:42","guid":{"rendered":"https:\/\/bbqassad.ee\/toode\/napoleon-pro-ruostumattomasta-teraksesta-valmistettu-grillin-puhdistusharja\/"},"modified":"2026-04-14T06:32:11","modified_gmt":"2026-04-14T06:32:11","slug":"napoleon-pro-ruostumattomasta-teraksesta-valmistettu-grillin-puhdistusharja","status":"publish","type":"product","link":"https:\/\/bbqassad.ee\/fi\/toode\/napoleon-pro-ruostumattomasta-teraksesta-valmistettu-grillin-puhdistusharja\/","title":{"rendered":"Napoleon PRO ruostumattomasta ter\u00e4ksest\u00e4 valmistettu grillin puhdistusharja"},"content":{"rendered":"<h3 data-start=\"87\" data-end=\"157\"><strong data-start=\"87\" data-end=\"157\">Miksi grillin huolto on t\u00e4rke\u00e4\u00e4 ja miten se tehd\u00e4\u00e4n oikein?<\/strong><\/h3>\n<p class=\"\" data-start=\"159\" data-end=\"440\">S\u00e4\u00e4nn\u00f6llinen huolto varmistaa, ett\u00e4 grilli toimii turvallisesti ja tehokkaasti ja tuottaa aina parhaat tulokset. Lika, rasva ja palaneet j\u00e4\u00e4m\u00e4t eiv\u00e4t vaikuta vain makuun &#8211; ne voivat lyhent\u00e4\u00e4 grillin k\u00e4ytt\u00f6ik\u00e4\u00e4, aiheuttaa liekkej\u00e4 tai ep\u00e4vakaata l\u00e4mmityst\u00e4 ja aiheuttaa tarpeettomia kustannuksia. <\/p>\n<p class=\"\" data-start=\"442\" data-end=\"568\">Huollon ei tarvitse olla monimutkaista, mutta sen on oltava johdonmukaista. T\u00e4ss\u00e4 on yksinkertainen yleiskatsaus grillien huoltoon: <\/p>\n<p class=\"\" data-start=\"570\" data-end=\"926\"><strong data-start=\"570\" data-end=\"618\">Puhdista grillit jokaisen k\u00e4ytt\u00f6kerran j\u00e4lkeen<\/strong><br data-start=\"618\" data-end=\"621\">&#8211; Paras aika puhdistaa on, kun grilli on viel\u00e4 l\u00e4mmin.<br data-start=\"678\" data-end=\"681\">&#8211; K\u00e4yt\u00e4 sopivaa grilliharjaa &#8211; ruostumattomasta ter\u00e4ksest\u00e4 valmistetut harjat sopivat ruostumattomiin grilleihin, posliinigrilleihin k\u00e4ytet\u00e4\u00e4n erityist\u00e4 pehme\u00e4mp\u00e4\u00e4 puhdistussient\u00e4.<br data-start=\"851\" data-end=\"854\">&#8211; Voimakkaamman lian irrottamisessa kaapimella on apua pinttyneiden j\u00e4\u00e4mien poistamisessa.<\/p>\n<p class=\"\" data-start=\"928\" data-end=\"1162\"><strong data-start=\"928\" data-end=\"964\">Polttimien ja sis\u00e4osien kunnossapito<\/strong><br data-start=\"964\" data-end=\"967\">&#8211; Irrota ritil\u00e4t ja l\u00e4mmityselementit aika ajoin, jotta voit puhdistaa grillin sis\u00e4lt\u00e4 rasvan ja ruoanj\u00e4tteet.<br data-start=\"1070\" data-end=\"1073\">&#8211; Polttimien aukot voidaan puhdistaa pehme\u00e4ll\u00e4 harjalla tai paineilmalla tasaisen kaasuvirtauksen yll\u00e4pit\u00e4miseksi.<\/p>\n<p class=\"\" data-start=\"1164\" data-end=\"1284\"><strong data-start=\"1164\" data-end=\"1198\">Tarkista rasvan ker\u00e4ysj\u00e4rjestelm\u00e4<\/strong><br data-start=\"1198\" data-end=\"1201\">&#8211; Tyhjenn\u00e4 ja puhdista rasvanerotusastia s\u00e4\u00e4nn\u00f6llisesti liekkien ja liiallisen savun v\u00e4ltt\u00e4miseksi.<\/p>\n<p class=\"\" data-start=\"1286\" data-end=\"1497\"><strong data-start=\"1286\" data-end=\"1322\">Suojaa ja yll\u00e4pid\u00e4 grillin ulkon\u00e4k\u00f6\u00e4<\/strong><br data-start=\"1322\" data-end=\"1325\">&#8211; Grillin ulkopuoli voidaan puhdistaa kostealla liinalla ja tarvittaessa sopivalla puhdistusaineella.<br data-start=\"1410\" data-end=\"1413\">&#8211; Kun grilli\u00e4 ei k\u00e4ytet\u00e4, suojaa se s\u00e4\u00e4lt\u00e4 ja p\u00f6lylt\u00e4 suojalla.<\/p>\n<p class=\"\" data-start=\"1499\" data-end=\"1755\"><strong data-start=\"1499\" data-end=\"1522\">Huolehdi my\u00f6s lis\u00e4varusteista<\/strong><br data-start=\"1522\" data-end=\"1525\">&#8211; My\u00f6s pizzakivet, valurautapannut ja muut lis\u00e4varusteet on puhdistettava materiaalin mukaan: k\u00e4sin, ilman hankausaineita.<br data-start=\"1661\" data-end=\"1664\">&#8211; \u00d6ljy\u00e4 valurautaiset lis\u00e4varusteet aika ajoin ruostumisen v\u00e4ltt\u00e4miseksi ja pintaominaisuuksien s\u00e4ilytt\u00e4miseksi.<\/p>\n","protected":false},"excerpt":{"rendered":"<h3><strong>Napoleon PRO ruostumattomasta ter\u00e4ksest\u00e4 valmistettu grillin puhdistusharja<\/strong><\/h3>\n<p class=\"\" data-start=\"51\" data-end=\"392\">T\u00e4m\u00e4 grilliharja on k\u00e4tev\u00e4 ty\u00f6kalu, jolla pid\u00e4t grillisi puhtaana ja toimintakunnossa. Pitk\u00e4 kahva takaa hyv\u00e4n ulottuvuuden ja mukavan ty\u00f6skentelyasennon my\u00f6s suuremmissa grilleiss\u00e4. Harja sopii p\u00e4ivitt\u00e4iseen k\u00e4ytt\u00f6\u00f6n kotigrilliss\u00e4 sek\u00e4 aktiiviselle grillaajalle, joka arvostaa laadukkaita laitteita ja puhdasta ty\u00f6tasoa ennen jokaista grillaussessiota.  <\/p>\n<p class=\"\" data-start=\"394\" data-end=\"409\"><strong data-start=\"394\" data-end=\"407\">Ominaisuudet:<\/strong><\/p>\n<ul data-start=\"410\" data-end=\"652\" data-is-last-node=\"\" data-is-only-node=\"\">\n<li class=\"\" data-start=\"410\" data-end=\"447\">\n<p class=\"\" data-start=\"412\" data-end=\"447\">valmistettu ruostumattomasta ter\u00e4ksest\u00e4<\/p>\n<\/li>\n<li class=\"\" data-start=\"448\" data-end=\"485\">\n<p class=\"\" data-start=\"450\" data-end=\"485\">ei vahingoita ruostumatonta grilliritil\u00e4\u00e4<\/p>\n<\/li>\n<li class=\"\" data-start=\"486\" data-end=\"532\">\n<p class=\"\" data-start=\"488\" data-end=\"532\">metallikaavin poistaa itsep\u00e4iset j\u00e4\u00e4m\u00e4t<\/p>\n<\/li>\n<li class=\"\" data-start=\"533\" data-end=\"575\">\n<p class=\"\" data-start=\"535\" data-end=\"575\">ergonominen liukastumista est\u00e4v\u00e4 kahva<\/p>\n<\/li>\n<li class=\"\" data-start=\"576\" data-end=\"593\">\n<p class=\"\" data-start=\"578\" data-end=\"593\">pituus: 45 cm<\/p>\n<\/li>\n<li class=\"\" data-start=\"594\" data-end=\"631\">\n<p class=\"\" data-start=\"596\" data-end=\"631\">ripustettava tasku k\u00e4tev\u00e4\u00e4 s\u00e4ilytyst\u00e4 varten<\/p>\n<\/li>\n<li class=\"\" data-start=\"632\" data-end=\"652\">\n<p class=\"\" data-start=\"634\" data-end=\"652\">vaihdettava harjanp\u00e4\u00e4<\/p>\n<\/li>\n<\/ul>\n","protected":false},"featured_media":14129,"comment_status":"closed","ping_status":"closed","template":"","meta":[],"product_brand":[768],"product_cat":[784],"product_tag":[],"class_list":{"0":"post-21723","1":"product","2":"type-product","3":"status-publish","4":"has-post-thumbnail","6":"product_brand-napoleon","7":"product_cat-tarvikkeet","9":"first","10":"instock","11":"taxable","12":"shipping-taxable","13":"purchasable","14":"product-type-simple"},"yoast_head":"<!-- This site is optimized with the Yoast SEO plugin v27.4 - https:\/\/yoast.com\/product\/yoast-seo-wordpress\/ -->\n<title>Napoleon PRO ruostumattomasta ter\u00e4ksest\u00e4 valmistettu grillipuhdistusharja - BBQ \u00c4ssad%<\/title>\n<meta name=\"description\" content=\"Napoleon PRO Grillipuhdistusharja on k\u00e4tev\u00e4 ty\u00f6kalu grillin telineiden puhtaana pit\u00e4miseen. Ergonominen kahva ja 45 cm:n pituus takaavat mukavan k\u00e4yt\u00f6n.\" \/>\n<meta name=\"robots\" content=\"index, follow, max-snippet:-1, max-image-preview:large, max-video-preview:-1\" \/>\n<link rel=\"canonical\" href=\"https:\/\/bbqassad.ee\/fi\/toode\/napoleon-pro-ruostumattomasta-teraksesta-valmistettu-grillin-puhdistusharja\/\" \/>\n<meta property=\"og:locale\" content=\"fi_FI\" \/>\n<meta property=\"og:type\" content=\"article\" \/>\n<meta property=\"og:title\" content=\"Napoleon PRO ruostumattomasta ter\u00e4ksest\u00e4 valmistettu grillipuhdistusharja - BBQ \u00c4ssad%\" \/>\n<meta property=\"og:description\" content=\"Napoleon PRO Grillipuhdistusharja on k\u00e4tev\u00e4 ty\u00f6kalu grillin telineiden puhtaana pit\u00e4miseen. Ergonominen kahva ja 45 cm:n pituus takaavat mukavan k\u00e4yt\u00f6n.\" \/>\n<meta property=\"og:url\" content=\"https:\/\/bbqassad.ee\/fi\/toode\/napoleon-pro-ruostumattomasta-teraksesta-valmistettu-grillin-puhdistusharja\/\" \/>\n<meta property=\"og:site_name\" content=\"BBQ \u00c4ssad\" \/>\n<meta property=\"article:publisher\" content=\"https:\/\/www.facebook.com\/bbqassad\" \/>\n<meta property=\"article:modified_time\" content=\"2026-04-14T06:32:11+00:00\" \/>\n<meta property=\"og:image\" content=\"https:\/\/bbqassad.ee\/wp-content\/uploads\/2026\/02\/stainless-steel-brush-pro-napoleon.jpg.webp\" \/>\n<meta name=\"twitter:card\" content=\"summary_large_image\" \/>\n<meta name=\"twitter:title\" content=\"Napoleon PRO ruostumattomasta ter\u00e4ksest\u00e4 valmistettu grillipuhdistusharja - BBQ \u00c4ssad%\" \/>\n<meta name=\"twitter:description\" content=\"Napoleon PRO Grillipuhdistusharja on k\u00e4tev\u00e4 ty\u00f6kalu grillin telineiden puhtaana pit\u00e4miseen. Ergonominen kahva ja 45 cm:n pituus takaavat mukavan k\u00e4yt\u00f6n.\" \/>\n<meta name=\"twitter:image\" content=\"https:\/\/bbqassad.ee\/wp-content\/uploads\/2026\/02\/stainless-steel-brush-pro-napoleon.jpg.webp\" \/>\n<meta name=\"twitter:label1\" content=\"Arvioitu lukuaika\" \/>\n\t<meta name=\"twitter:data1\" content=\"1 minuutti\" \/>\n<script type=\"application\/ld+json\" class=\"yoast-schema-graph\">{\"@context\":\"https:\\\/\\\/schema.org\",\"@graph\":[{\"@type\":\"WebPage\",\"@id\":\"https:\\\/\\\/bbqassad.ee\\\/fi\\\/toode\\\/napoleon-pro-ruostumattomasta-teraksesta-valmistettu-grillin-puhdistusharja\\\/\",\"url\":\"https:\\\/\\\/bbqassad.ee\\\/fi\\\/toode\\\/napoleon-pro-ruostumattomasta-teraksesta-valmistettu-grillin-puhdistusharja\\\/\",\"name\":\"Napoleon PRO ruostumattomasta ter\u00e4ksest\u00e4 valmistettu grillipuhdistusharja - BBQ \u00c4ssad%\",\"isPartOf\":{\"@id\":\"https:\\\/\\\/bbqassad.ee\\\/fi\\\/#website\"},\"primaryImageOfPage\":{\"@id\":\"https:\\\/\\\/bbqassad.ee\\\/fi\\\/toode\\\/napoleon-pro-ruostumattomasta-teraksesta-valmistettu-grillin-puhdistusharja\\\/#primaryimage\"},\"image\":{\"@id\":\"https:\\\/\\\/bbqassad.ee\\\/fi\\\/toode\\\/napoleon-pro-ruostumattomasta-teraksesta-valmistettu-grillin-puhdistusharja\\\/#primaryimage\"},\"thumbnailUrl\":\"https:\\\/\\\/bbqassad.ee\\\/wp-content\\\/uploads\\\/2026\\\/02\\\/stainless-steel-brush-pro-napoleon.jpg.webp\",\"datePublished\":\"2026-02-23T15:05:42+00:00\",\"dateModified\":\"2026-04-14T06:32:11+00:00\",\"description\":\"Napoleon PRO Grillipuhdistusharja on k\u00e4tev\u00e4 ty\u00f6kalu grillin telineiden puhtaana pit\u00e4miseen. Ergonominen kahva ja 45 cm:n pituus takaavat mukavan k\u00e4yt\u00f6n.\",\"breadcrumb\":{\"@id\":\"https:\\\/\\\/bbqassad.ee\\\/fi\\\/toode\\\/napoleon-pro-ruostumattomasta-teraksesta-valmistettu-grillin-puhdistusharja\\\/#breadcrumb\"},\"inLanguage\":\"fi\",\"potentialAction\":[{\"@type\":\"ReadAction\",\"target\":[\"https:\\\/\\\/bbqassad.ee\\\/fi\\\/toode\\\/napoleon-pro-ruostumattomasta-teraksesta-valmistettu-grillin-puhdistusharja\\\/\"]}]},{\"@type\":\"ImageObject\",\"inLanguage\":\"fi\",\"@id\":\"https:\\\/\\\/bbqassad.ee\\\/fi\\\/toode\\\/napoleon-pro-ruostumattomasta-teraksesta-valmistettu-grillin-puhdistusharja\\\/#primaryimage\",\"url\":\"https:\\\/\\\/bbqassad.ee\\\/wp-content\\\/uploads\\\/2026\\\/02\\\/stainless-steel-brush-pro-napoleon.jpg.webp\",\"contentUrl\":\"https:\\\/\\\/bbqassad.ee\\\/wp-content\\\/uploads\\\/2026\\\/02\\\/stainless-steel-brush-pro-napoleon.jpg.webp\",\"width\":800,\"height\":800},{\"@type\":\"BreadcrumbList\",\"@id\":\"https:\\\/\\\/bbqassad.ee\\\/fi\\\/toode\\\/napoleon-pro-ruostumattomasta-teraksesta-valmistettu-grillin-puhdistusharja\\\/#breadcrumb\",\"itemListElement\":[{\"@type\":\"ListItem\",\"position\":1,\"name\":\"Home\",\"item\":\"https:\\\/\\\/bbqassad.ee\\\/fi\\\/bbq-assat\\\/\"},{\"@type\":\"ListItem\",\"position\":2,\"name\":\"Verkkokauppa\",\"item\":\"https:\\\/\\\/bbqassad.ee\\\/fi\\\/verkkokauppa\\\/\"},{\"@type\":\"ListItem\",\"position\":3,\"name\":\"Napoleon PRO ruostumattomasta ter\u00e4ksest\u00e4 valmistettu grillin puhdistusharja\"}]},{\"@type\":\"WebSite\",\"@id\":\"https:\\\/\\\/bbqassad.ee\\\/fi\\\/#website\",\"url\":\"https:\\\/\\\/bbqassad.ee\\\/fi\\\/\",\"name\":\"BBQ \u00c4ssad\",\"description\":\"BBQ maitseained, kastmed, ahjud\",\"publisher\":{\"@id\":\"https:\\\/\\\/bbqassad.ee\\\/fi\\\/#organization\"},\"potentialAction\":[{\"@type\":\"SearchAction\",\"target\":{\"@type\":\"EntryPoint\",\"urlTemplate\":\"https:\\\/\\\/bbqassad.ee\\\/fi\\\/?s={search_term_string}\"},\"query-input\":{\"@type\":\"PropertyValueSpecification\",\"valueRequired\":true,\"valueName\":\"search_term_string\"}}],\"inLanguage\":\"fi\"},{\"@type\":\"Organization\",\"@id\":\"https:\\\/\\\/bbqassad.ee\\\/fi\\\/#organization\",\"name\":\"BBQ \u00c4ssad\",\"url\":\"https:\\\/\\\/bbqassad.ee\\\/fi\\\/\",\"logo\":{\"@type\":\"ImageObject\",\"inLanguage\":\"fi\",\"@id\":\"https:\\\/\\\/bbqassad.ee\\\/fi\\\/#\\\/schema\\\/logo\\\/image\\\/\",\"url\":\"https:\\\/\\\/bbqassad.ee\\\/wp-content\\\/uploads\\\/2022\\\/10\\\/BBQ-2ssadlogo.png\",\"contentUrl\":\"https:\\\/\\\/bbqassad.ee\\\/wp-content\\\/uploads\\\/2022\\\/10\\\/BBQ-2ssadlogo.png\",\"width\":1080,\"height\":1080,\"caption\":\"BBQ \u00c4ssad\"},\"image\":{\"@id\":\"https:\\\/\\\/bbqassad.ee\\\/fi\\\/#\\\/schema\\\/logo\\\/image\\\/\"},\"sameAs\":[\"https:\\\/\\\/www.facebook.com\\\/bbqassad\",\"https:\\\/\\\/www.youtube.com\\\/channel\\\/UCsoufn49J6TVi9Ah9meE93w\"]}]}<\/script>\n<!-- \/ Yoast SEO plugin. -->","yoast_head_json":{"title":"Napoleon PRO ruostumattomasta ter\u00e4ksest\u00e4 valmistettu grillipuhdistusharja - BBQ \u00c4ssad%","description":"Napoleon PRO Grillipuhdistusharja on k\u00e4tev\u00e4 ty\u00f6kalu grillin telineiden puhtaana pit\u00e4miseen. Ergonominen kahva ja 45 cm:n pituus takaavat mukavan k\u00e4yt\u00f6n.","robots":{"index":"index","follow":"follow","max-snippet":"max-snippet:-1","max-image-preview":"max-image-preview:large","max-video-preview":"max-video-preview:-1"},"canonical":"https:\/\/bbqassad.ee\/fi\/toode\/napoleon-pro-ruostumattomasta-teraksesta-valmistettu-grillin-puhdistusharja\/","og_locale":"fi_FI","og_type":"article","og_title":"Napoleon PRO ruostumattomasta ter\u00e4ksest\u00e4 valmistettu grillipuhdistusharja - BBQ \u00c4ssad%","og_description":"Napoleon PRO Grillipuhdistusharja on k\u00e4tev\u00e4 ty\u00f6kalu grillin telineiden puhtaana pit\u00e4miseen. Ergonominen kahva ja 45 cm:n pituus takaavat mukavan k\u00e4yt\u00f6n.","og_url":"https:\/\/bbqassad.ee\/fi\/toode\/napoleon-pro-ruostumattomasta-teraksesta-valmistettu-grillin-puhdistusharja\/","og_site_name":"BBQ \u00c4ssad","article_publisher":"https:\/\/www.facebook.com\/bbqassad","article_modified_time":"2026-04-14T06:32:11+00:00","og_image":[{"url":"https:\/\/bbqassad.ee\/wp-content\/uploads\/2026\/02\/stainless-steel-brush-pro-napoleon.jpg.webp","type":"","width":"","height":""}],"twitter_card":"summary_large_image","twitter_title":"Napoleon PRO ruostumattomasta ter\u00e4ksest\u00e4 valmistettu grillipuhdistusharja - BBQ \u00c4ssad%","twitter_description":"Napoleon PRO Grillipuhdistusharja on k\u00e4tev\u00e4 ty\u00f6kalu grillin telineiden puhtaana pit\u00e4miseen. Ergonominen kahva ja 45 cm:n pituus takaavat mukavan k\u00e4yt\u00f6n.","twitter_image":"https:\/\/bbqassad.ee\/wp-content\/uploads\/2026\/02\/stainless-steel-brush-pro-napoleon.jpg.webp","twitter_misc":{"Arvioitu lukuaika":"1 minuutti"},"schema":{"@context":"https:\/\/schema.org","@graph":[{"@type":"WebPage","@id":"https:\/\/bbqassad.ee\/fi\/toode\/napoleon-pro-ruostumattomasta-teraksesta-valmistettu-grillin-puhdistusharja\/","url":"https:\/\/bbqassad.ee\/fi\/toode\/napoleon-pro-ruostumattomasta-teraksesta-valmistettu-grillin-puhdistusharja\/","name":"Napoleon PRO ruostumattomasta ter\u00e4ksest\u00e4 valmistettu grillipuhdistusharja - BBQ \u00c4ssad%","isPartOf":{"@id":"https:\/\/bbqassad.ee\/fi\/#website"},"primaryImageOfPage":{"@id":"https:\/\/bbqassad.ee\/fi\/toode\/napoleon-pro-ruostumattomasta-teraksesta-valmistettu-grillin-puhdistusharja\/#primaryimage"},"image":{"@id":"https:\/\/bbqassad.ee\/fi\/toode\/napoleon-pro-ruostumattomasta-teraksesta-valmistettu-grillin-puhdistusharja\/#primaryimage"},"thumbnailUrl":"https:\/\/bbqassad.ee\/wp-content\/uploads\/2026\/02\/stainless-steel-brush-pro-napoleon.jpg.webp","datePublished":"2026-02-23T15:05:42+00:00","dateModified":"2026-04-14T06:32:11+00:00","description":"Napoleon PRO Grillipuhdistusharja on k\u00e4tev\u00e4 ty\u00f6kalu grillin telineiden puhtaana pit\u00e4miseen. Ergonominen kahva ja 45 cm:n pituus takaavat mukavan k\u00e4yt\u00f6n.","breadcrumb":{"@id":"https:\/\/bbqassad.ee\/fi\/toode\/napoleon-pro-ruostumattomasta-teraksesta-valmistettu-grillin-puhdistusharja\/#breadcrumb"},"inLanguage":"fi","potentialAction":[{"@type":"ReadAction","target":["https:\/\/bbqassad.ee\/fi\/toode\/napoleon-pro-ruostumattomasta-teraksesta-valmistettu-grillin-puhdistusharja\/"]}]},{"@type":"ImageObject","inLanguage":"fi","@id":"https:\/\/bbqassad.ee\/fi\/toode\/napoleon-pro-ruostumattomasta-teraksesta-valmistettu-grillin-puhdistusharja\/#primaryimage","url":"https:\/\/bbqassad.ee\/wp-content\/uploads\/2026\/02\/stainless-steel-brush-pro-napoleon.jpg.webp","contentUrl":"https:\/\/bbqassad.ee\/wp-content\/uploads\/2026\/02\/stainless-steel-brush-pro-napoleon.jpg.webp","width":800,"height":800},{"@type":"BreadcrumbList","@id":"https:\/\/bbqassad.ee\/fi\/toode\/napoleon-pro-ruostumattomasta-teraksesta-valmistettu-grillin-puhdistusharja\/#breadcrumb","itemListElement":[{"@type":"ListItem","position":1,"name":"Home","item":"https:\/\/bbqassad.ee\/fi\/bbq-assat\/"},{"@type":"ListItem","position":2,"name":"Verkkokauppa","item":"https:\/\/bbqassad.ee\/fi\/verkkokauppa\/"},{"@type":"ListItem","position":3,"name":"Napoleon PRO ruostumattomasta ter\u00e4ksest\u00e4 valmistettu grillin puhdistusharja"}]},{"@type":"WebSite","@id":"https:\/\/bbqassad.ee\/fi\/#website","url":"https:\/\/bbqassad.ee\/fi\/","name":"BBQ \u00c4ssad","description":"BBQ maitseained, kastmed, ahjud","publisher":{"@id":"https:\/\/bbqassad.ee\/fi\/#organization"},"potentialAction":[{"@type":"SearchAction","target":{"@type":"EntryPoint","urlTemplate":"https:\/\/bbqassad.ee\/fi\/?s={search_term_string}"},"query-input":{"@type":"PropertyValueSpecification","valueRequired":true,"valueName":"search_term_string"}}],"inLanguage":"fi"},{"@type":"Organization","@id":"https:\/\/bbqassad.ee\/fi\/#organization","name":"BBQ \u00c4ssad","url":"https:\/\/bbqassad.ee\/fi\/","logo":{"@type":"ImageObject","inLanguage":"fi","@id":"https:\/\/bbqassad.ee\/fi\/#\/schema\/logo\/image\/","url":"https:\/\/bbqassad.ee\/wp-content\/uploads\/2022\/10\/BBQ-2ssadlogo.png","contentUrl":"https:\/\/bbqassad.ee\/wp-content\/uploads\/2022\/10\/BBQ-2ssadlogo.png","width":1080,"height":1080,"caption":"BBQ \u00c4ssad"},"image":{"@id":"https:\/\/bbqassad.ee\/fi\/#\/schema\/logo\/image\/"},"sameAs":["https:\/\/www.facebook.com\/bbqassad","https:\/\/www.youtube.com\/channel\/UCsoufn49J6TVi9Ah9meE93w"]}]}},"_links":{"self":[{"href":"https:\/\/bbqassad.ee\/fi\/wp-json\/wp\/v2\/product\/21723","targetHints":{"allow":["GET"]}}],"collection":[{"href":"https:\/\/bbqassad.ee\/fi\/wp-json\/wp\/v2\/product"}],"about":[{"href":"https:\/\/bbqassad.ee\/fi\/wp-json\/wp\/v2\/types\/product"}],"replies":[{"embeddable":true,"href":"https:\/\/bbqassad.ee\/fi\/wp-json\/wp\/v2\/comments?post=21723"}],"wp:featuredmedia":[{"embeddable":true,"href":"https:\/\/bbqassad.ee\/fi\/wp-json\/wp\/v2\/media\/14129"}],"wp:attachment":[{"href":"https:\/\/bbqassad.ee\/fi\/wp-json\/wp\/v2\/media?parent=21723"}],"wp:term":[{"taxonomy":"product_brand","embeddable":true,"href":"https:\/\/bbqassad.ee\/fi\/wp-json\/wp\/v2\/product_brand?post=21723"},{"taxonomy":"product_cat","embeddable":true,"href":"https:\/\/bbqassad.ee\/fi\/wp-json\/wp\/v2\/product_cat?post=21723"},{"taxonomy":"product_tag","embeddable":true,"href":"https:\/\/bbqassad.ee\/fi\/wp-json\/wp\/v2\/product_tag?post=21723"}],"curies":[{"name":"wp","href":"https:\/\/api.w.org\/{rel}","templated":true}]}}