{"id":21721,"date":"2026-02-23T15:05:42","date_gmt":"2026-02-23T15:05:42","guid":{"rendered":"https:\/\/bbqassad.ee\/toode\/napoleon-pro-ruostumattomasta-teraksesta-valmistettu-pizzaleikkuri\/"},"modified":"2026-04-14T06:32:10","modified_gmt":"2026-04-14T06:32:10","slug":"napoleon-pro-ruostumattomasta-teraksesta-valmistettu-pizzaleikkuri","status":"publish","type":"product","link":"https:\/\/bbqassad.ee\/fi\/toode\/napoleon-pro-ruostumattomasta-teraksesta-valmistettu-pizzaleikkuri\/","title":{"rendered":"Napoleon PRO ruostumattomasta ter\u00e4ksest\u00e4 valmistettu pizzaleikkuri"},"content":{"rendered":"","protected":false},"excerpt":{"rendered":"<h3 data-start=\"0\" data-end=\"50\"><strong>Napoleon PRO ruostumattomasta ter\u00e4ksest\u00e4 valmistettu pizzaleikkuri<\/strong><\/h3>\n<p class=\"\" data-start=\"60\" data-end=\"418\">Pizzaleikkurin tukeva ter\u00e4 leikkaa paksummat pizzapohjat vaivattomasti. Painotettu kahva ja liukastumista est\u00e4v\u00e4 kumipinta takaavat mukavan ja tukevan otteen. Ter\u00e4nsuojan ansiosta leikkuri voidaan s\u00e4ilytt\u00e4\u00e4 turvallisesti k\u00e4yt\u00f6n j\u00e4lkeen. Ruostumattomasta ter\u00e4ksest\u00e4 valmistettu ty\u00f6kalu on astianpesukoneenkest\u00e4v\u00e4 ja sopii erinomaisesti jokap\u00e4iv\u00e4iseen k\u00e4ytt\u00f6\u00f6n kotikeitti\u00f6ss\u00e4 tai grillijuhlissa.   <\/p>\n<p class=\"\" data-start=\"420\" data-end=\"435\"><strong data-start=\"420\" data-end=\"433\">Ominaisuudet:<\/strong><\/p>\n<ul data-start=\"436\" data-end=\"657\" data-is-last-node=\"\" data-is-only-node=\"\">\n<li class=\"\" data-start=\"436\" data-end=\"499\">\n<p class=\"\" data-start=\"438\" data-end=\"499\">painotettu ja ergonominen kahva, jossa on liukastumisenestopinnoite<\/p>\n<\/li>\n<li class=\"\" data-start=\"500\" data-end=\"542\">\n<p class=\"\" data-start=\"502\" data-end=\"542\">sopii my\u00f6s paksumpien pizzojen leikkaamiseen<\/p>\n<\/li>\n<li class=\"\" data-start=\"543\" data-end=\"579\">\n<p class=\"\" data-start=\"545\" data-end=\"579\">ter\u00e4nsuojat turvallista s\u00e4ilytyst\u00e4 varten<\/p>\n<\/li>\n<li class=\"\" data-start=\"580\" data-end=\"631\">\n<p class=\"\" data-start=\"582\" data-end=\"631\">valmistettu korkealaatuisesta ruostumattomasta ter\u00e4ksest\u00e4<\/p>\n<\/li>\n<li class=\"\" data-start=\"632\" data-end=\"657\">\n<p class=\"\" data-start=\"634\" data-end=\"657\">astianpesukoneen kest\u00e4v\u00e4<\/p>\n<\/li>\n<\/ul>\n","protected":false},"featured_media":14126,"comment_status":"open","ping_status":"closed","template":"","meta":[],"product_brand":[768],"product_cat":[784],"product_tag":[],"class_list":{"0":"post-21721","1":"product","2":"type-product","3":"status-publish","4":"has-post-thumbnail","6":"product_brand-napoleon","7":"product_cat-tarvikkeet","9":"first","10":"instock","11":"taxable","12":"shipping-taxable","13":"purchasable","14":"product-type-simple"},"yoast_head":"<!-- This site is optimized with the Yoast SEO plugin v27.4 - https:\/\/yoast.com\/product\/yoast-seo-wordpress\/ -->\n<title>Napoleon PRO ruostumattomasta ter\u00e4ksest\u00e4 valmistettu pizzaleikkuri - BBQ \u00c4ssad%<\/title>\n<meta name=\"description\" content=\"Napoleon PRO -ruostumattomasta ter\u00e4ksest\u00e4 valmistettu pizzaleikkuri on ihanteellinen ty\u00f6kalu paksujen pizzojen leikkaamiseen. Ergonominen kahva ja ter\u00e4nsuoja takaavat mukavuuden ja turvallisuuden.\" \/>\n<meta name=\"robots\" content=\"index, follow, max-snippet:-1, max-image-preview:large, max-video-preview:-1\" \/>\n<link rel=\"canonical\" href=\"https:\/\/bbqassad.ee\/fi\/toode\/napoleon-pro-ruostumattomasta-teraksesta-valmistettu-pizzaleikkuri\/\" \/>\n<meta property=\"og:locale\" content=\"fi_FI\" \/>\n<meta property=\"og:type\" content=\"article\" \/>\n<meta property=\"og:title\" content=\"Napoleon PRO ruostumattomasta ter\u00e4ksest\u00e4 valmistettu pizzaleikkuri - BBQ \u00c4ssad%\" \/>\n<meta property=\"og:description\" content=\"Napoleon PRO -ruostumattomasta ter\u00e4ksest\u00e4 valmistettu pizzaleikkuri on ihanteellinen ty\u00f6kalu paksujen pizzojen leikkaamiseen. Ergonominen kahva ja ter\u00e4nsuoja takaavat mukavuuden ja turvallisuuden.\" \/>\n<meta property=\"og:url\" content=\"https:\/\/bbqassad.ee\/fi\/toode\/napoleon-pro-ruostumattomasta-teraksesta-valmistettu-pizzaleikkuri\/\" \/>\n<meta property=\"og:site_name\" content=\"BBQ \u00c4ssad\" \/>\n<meta property=\"article:publisher\" content=\"https:\/\/www.facebook.com\/bbqassad\" \/>\n<meta property=\"article:modified_time\" content=\"2026-04-14T06:32:10+00:00\" \/>\n<meta property=\"og:image\" content=\"https:\/\/bbqassad.ee\/wp-content\/uploads\/2026\/02\/pizza-cutter-2-accessories-template-copy-1.jpg\" \/>\n<meta name=\"twitter:card\" content=\"summary_large_image\" \/>\n<meta name=\"twitter:title\" content=\"Napoleon PRO ruostumattomasta ter\u00e4ksest\u00e4 valmistettu pizzaleikkuri - BBQ \u00c4ssad%\" \/>\n<meta name=\"twitter:description\" content=\"Napoleon PRO -ruostumattomasta ter\u00e4ksest\u00e4 valmistettu pizzaleikkuri on ihanteellinen ty\u00f6kalu paksujen pizzojen leikkaamiseen. Ergonominen kahva ja ter\u00e4nsuoja takaavat mukavuuden ja turvallisuuden.\" \/>\n<meta name=\"twitter:image\" content=\"https:\/\/bbqassad.ee\/wp-content\/uploads\/2026\/02\/pizza-cutter-2-accessories-template-copy-1.jpg\" \/>\n<script type=\"application\/ld+json\" class=\"yoast-schema-graph\">{\"@context\":\"https:\\\/\\\/schema.org\",\"@graph\":[{\"@type\":\"WebPage\",\"@id\":\"https:\\\/\\\/bbqassad.ee\\\/fi\\\/toode\\\/napoleon-pro-ruostumattomasta-teraksesta-valmistettu-pizzaleikkuri\\\/\",\"url\":\"https:\\\/\\\/bbqassad.ee\\\/fi\\\/toode\\\/napoleon-pro-ruostumattomasta-teraksesta-valmistettu-pizzaleikkuri\\\/\",\"name\":\"Napoleon PRO ruostumattomasta ter\u00e4ksest\u00e4 valmistettu pizzaleikkuri - BBQ \u00c4ssad%\",\"isPartOf\":{\"@id\":\"https:\\\/\\\/bbqassad.ee\\\/fi\\\/#website\"},\"primaryImageOfPage\":{\"@id\":\"https:\\\/\\\/bbqassad.ee\\\/fi\\\/toode\\\/napoleon-pro-ruostumattomasta-teraksesta-valmistettu-pizzaleikkuri\\\/#primaryimage\"},\"image\":{\"@id\":\"https:\\\/\\\/bbqassad.ee\\\/fi\\\/toode\\\/napoleon-pro-ruostumattomasta-teraksesta-valmistettu-pizzaleikkuri\\\/#primaryimage\"},\"thumbnailUrl\":\"https:\\\/\\\/bbqassad.ee\\\/wp-content\\\/uploads\\\/2026\\\/02\\\/pizza-cutter-2-accessories-template-copy-1.jpg\",\"datePublished\":\"2026-02-23T15:05:42+00:00\",\"dateModified\":\"2026-04-14T06:32:10+00:00\",\"description\":\"Napoleon PRO -ruostumattomasta ter\u00e4ksest\u00e4 valmistettu pizzaleikkuri on ihanteellinen ty\u00f6kalu paksujen pizzojen leikkaamiseen. Ergonominen kahva ja ter\u00e4nsuoja takaavat mukavuuden ja turvallisuuden.\",\"breadcrumb\":{\"@id\":\"https:\\\/\\\/bbqassad.ee\\\/fi\\\/toode\\\/napoleon-pro-ruostumattomasta-teraksesta-valmistettu-pizzaleikkuri\\\/#breadcrumb\"},\"inLanguage\":\"fi\",\"potentialAction\":[{\"@type\":\"ReadAction\",\"target\":[\"https:\\\/\\\/bbqassad.ee\\\/fi\\\/toode\\\/napoleon-pro-ruostumattomasta-teraksesta-valmistettu-pizzaleikkuri\\\/\"]}]},{\"@type\":\"ImageObject\",\"inLanguage\":\"fi\",\"@id\":\"https:\\\/\\\/bbqassad.ee\\\/fi\\\/toode\\\/napoleon-pro-ruostumattomasta-teraksesta-valmistettu-pizzaleikkuri\\\/#primaryimage\",\"url\":\"https:\\\/\\\/bbqassad.ee\\\/wp-content\\\/uploads\\\/2026\\\/02\\\/pizza-cutter-2-accessories-template-copy-1.jpg\",\"contentUrl\":\"https:\\\/\\\/bbqassad.ee\\\/wp-content\\\/uploads\\\/2026\\\/02\\\/pizza-cutter-2-accessories-template-copy-1.jpg\",\"width\":1200,\"height\":1200},{\"@type\":\"BreadcrumbList\",\"@id\":\"https:\\\/\\\/bbqassad.ee\\\/fi\\\/toode\\\/napoleon-pro-ruostumattomasta-teraksesta-valmistettu-pizzaleikkuri\\\/#breadcrumb\",\"itemListElement\":[{\"@type\":\"ListItem\",\"position\":1,\"name\":\"Home\",\"item\":\"https:\\\/\\\/bbqassad.ee\\\/fi\\\/bbq-assat\\\/\"},{\"@type\":\"ListItem\",\"position\":2,\"name\":\"Verkkokauppa\",\"item\":\"https:\\\/\\\/bbqassad.ee\\\/fi\\\/verkkokauppa\\\/\"},{\"@type\":\"ListItem\",\"position\":3,\"name\":\"Napoleon PRO ruostumattomasta ter\u00e4ksest\u00e4 valmistettu pizzaleikkuri\"}]},{\"@type\":\"WebSite\",\"@id\":\"https:\\\/\\\/bbqassad.ee\\\/fi\\\/#website\",\"url\":\"https:\\\/\\\/bbqassad.ee\\\/fi\\\/\",\"name\":\"BBQ \u00c4ssad\",\"description\":\"BBQ maitseained, kastmed, ahjud\",\"publisher\":{\"@id\":\"https:\\\/\\\/bbqassad.ee\\\/fi\\\/#organization\"},\"potentialAction\":[{\"@type\":\"SearchAction\",\"target\":{\"@type\":\"EntryPoint\",\"urlTemplate\":\"https:\\\/\\\/bbqassad.ee\\\/fi\\\/?s={search_term_string}\"},\"query-input\":{\"@type\":\"PropertyValueSpecification\",\"valueRequired\":true,\"valueName\":\"search_term_string\"}}],\"inLanguage\":\"fi\"},{\"@type\":\"Organization\",\"@id\":\"https:\\\/\\\/bbqassad.ee\\\/fi\\\/#organization\",\"name\":\"BBQ \u00c4ssad\",\"url\":\"https:\\\/\\\/bbqassad.ee\\\/fi\\\/\",\"logo\":{\"@type\":\"ImageObject\",\"inLanguage\":\"fi\",\"@id\":\"https:\\\/\\\/bbqassad.ee\\\/fi\\\/#\\\/schema\\\/logo\\\/image\\\/\",\"url\":\"https:\\\/\\\/bbqassad.ee\\\/wp-content\\\/uploads\\\/2022\\\/10\\\/BBQ-2ssadlogo.png\",\"contentUrl\":\"https:\\\/\\\/bbqassad.ee\\\/wp-content\\\/uploads\\\/2022\\\/10\\\/BBQ-2ssadlogo.png\",\"width\":1080,\"height\":1080,\"caption\":\"BBQ \u00c4ssad\"},\"image\":{\"@id\":\"https:\\\/\\\/bbqassad.ee\\\/fi\\\/#\\\/schema\\\/logo\\\/image\\\/\"},\"sameAs\":[\"https:\\\/\\\/www.facebook.com\\\/bbqassad\",\"https:\\\/\\\/www.youtube.com\\\/channel\\\/UCsoufn49J6TVi9Ah9meE93w\"]}]}<\/script>\n<!-- \/ Yoast SEO plugin. -->","yoast_head_json":{"title":"Napoleon PRO ruostumattomasta ter\u00e4ksest\u00e4 valmistettu pizzaleikkuri - BBQ \u00c4ssad%","description":"Napoleon PRO -ruostumattomasta ter\u00e4ksest\u00e4 valmistettu pizzaleikkuri on ihanteellinen ty\u00f6kalu paksujen pizzojen leikkaamiseen. Ergonominen kahva ja ter\u00e4nsuoja takaavat mukavuuden ja turvallisuuden.","robots":{"index":"index","follow":"follow","max-snippet":"max-snippet:-1","max-image-preview":"max-image-preview:large","max-video-preview":"max-video-preview:-1"},"canonical":"https:\/\/bbqassad.ee\/fi\/toode\/napoleon-pro-ruostumattomasta-teraksesta-valmistettu-pizzaleikkuri\/","og_locale":"fi_FI","og_type":"article","og_title":"Napoleon PRO ruostumattomasta ter\u00e4ksest\u00e4 valmistettu pizzaleikkuri - BBQ \u00c4ssad%","og_description":"Napoleon PRO -ruostumattomasta ter\u00e4ksest\u00e4 valmistettu pizzaleikkuri on ihanteellinen ty\u00f6kalu paksujen pizzojen leikkaamiseen. Ergonominen kahva ja ter\u00e4nsuoja takaavat mukavuuden ja turvallisuuden.","og_url":"https:\/\/bbqassad.ee\/fi\/toode\/napoleon-pro-ruostumattomasta-teraksesta-valmistettu-pizzaleikkuri\/","og_site_name":"BBQ \u00c4ssad","article_publisher":"https:\/\/www.facebook.com\/bbqassad","article_modified_time":"2026-04-14T06:32:10+00:00","og_image":[{"url":"https:\/\/bbqassad.ee\/wp-content\/uploads\/2026\/02\/pizza-cutter-2-accessories-template-copy-1.jpg","type":"","width":"","height":""}],"twitter_card":"summary_large_image","twitter_title":"Napoleon PRO ruostumattomasta ter\u00e4ksest\u00e4 valmistettu pizzaleikkuri - BBQ \u00c4ssad%","twitter_description":"Napoleon PRO -ruostumattomasta ter\u00e4ksest\u00e4 valmistettu pizzaleikkuri on ihanteellinen ty\u00f6kalu paksujen pizzojen leikkaamiseen. Ergonominen kahva ja ter\u00e4nsuoja takaavat mukavuuden ja turvallisuuden.","twitter_image":"https:\/\/bbqassad.ee\/wp-content\/uploads\/2026\/02\/pizza-cutter-2-accessories-template-copy-1.jpg","schema":{"@context":"https:\/\/schema.org","@graph":[{"@type":"WebPage","@id":"https:\/\/bbqassad.ee\/fi\/toode\/napoleon-pro-ruostumattomasta-teraksesta-valmistettu-pizzaleikkuri\/","url":"https:\/\/bbqassad.ee\/fi\/toode\/napoleon-pro-ruostumattomasta-teraksesta-valmistettu-pizzaleikkuri\/","name":"Napoleon PRO ruostumattomasta ter\u00e4ksest\u00e4 valmistettu pizzaleikkuri - BBQ \u00c4ssad%","isPartOf":{"@id":"https:\/\/bbqassad.ee\/fi\/#website"},"primaryImageOfPage":{"@id":"https:\/\/bbqassad.ee\/fi\/toode\/napoleon-pro-ruostumattomasta-teraksesta-valmistettu-pizzaleikkuri\/#primaryimage"},"image":{"@id":"https:\/\/bbqassad.ee\/fi\/toode\/napoleon-pro-ruostumattomasta-teraksesta-valmistettu-pizzaleikkuri\/#primaryimage"},"thumbnailUrl":"https:\/\/bbqassad.ee\/wp-content\/uploads\/2026\/02\/pizza-cutter-2-accessories-template-copy-1.jpg","datePublished":"2026-02-23T15:05:42+00:00","dateModified":"2026-04-14T06:32:10+00:00","description":"Napoleon PRO -ruostumattomasta ter\u00e4ksest\u00e4 valmistettu pizzaleikkuri on ihanteellinen ty\u00f6kalu paksujen pizzojen leikkaamiseen. Ergonominen kahva ja ter\u00e4nsuoja takaavat mukavuuden ja turvallisuuden.","breadcrumb":{"@id":"https:\/\/bbqassad.ee\/fi\/toode\/napoleon-pro-ruostumattomasta-teraksesta-valmistettu-pizzaleikkuri\/#breadcrumb"},"inLanguage":"fi","potentialAction":[{"@type":"ReadAction","target":["https:\/\/bbqassad.ee\/fi\/toode\/napoleon-pro-ruostumattomasta-teraksesta-valmistettu-pizzaleikkuri\/"]}]},{"@type":"ImageObject","inLanguage":"fi","@id":"https:\/\/bbqassad.ee\/fi\/toode\/napoleon-pro-ruostumattomasta-teraksesta-valmistettu-pizzaleikkuri\/#primaryimage","url":"https:\/\/bbqassad.ee\/wp-content\/uploads\/2026\/02\/pizza-cutter-2-accessories-template-copy-1.jpg","contentUrl":"https:\/\/bbqassad.ee\/wp-content\/uploads\/2026\/02\/pizza-cutter-2-accessories-template-copy-1.jpg","width":1200,"height":1200},{"@type":"BreadcrumbList","@id":"https:\/\/bbqassad.ee\/fi\/toode\/napoleon-pro-ruostumattomasta-teraksesta-valmistettu-pizzaleikkuri\/#breadcrumb","itemListElement":[{"@type":"ListItem","position":1,"name":"Home","item":"https:\/\/bbqassad.ee\/fi\/bbq-assat\/"},{"@type":"ListItem","position":2,"name":"Verkkokauppa","item":"https:\/\/bbqassad.ee\/fi\/verkkokauppa\/"},{"@type":"ListItem","position":3,"name":"Napoleon PRO ruostumattomasta ter\u00e4ksest\u00e4 valmistettu pizzaleikkuri"}]},{"@type":"WebSite","@id":"https:\/\/bbqassad.ee\/fi\/#website","url":"https:\/\/bbqassad.ee\/fi\/","name":"BBQ \u00c4ssad","description":"BBQ maitseained, kastmed, ahjud","publisher":{"@id":"https:\/\/bbqassad.ee\/fi\/#organization"},"potentialAction":[{"@type":"SearchAction","target":{"@type":"EntryPoint","urlTemplate":"https:\/\/bbqassad.ee\/fi\/?s={search_term_string}"},"query-input":{"@type":"PropertyValueSpecification","valueRequired":true,"valueName":"search_term_string"}}],"inLanguage":"fi"},{"@type":"Organization","@id":"https:\/\/bbqassad.ee\/fi\/#organization","name":"BBQ \u00c4ssad","url":"https:\/\/bbqassad.ee\/fi\/","logo":{"@type":"ImageObject","inLanguage":"fi","@id":"https:\/\/bbqassad.ee\/fi\/#\/schema\/logo\/image\/","url":"https:\/\/bbqassad.ee\/wp-content\/uploads\/2022\/10\/BBQ-2ssadlogo.png","contentUrl":"https:\/\/bbqassad.ee\/wp-content\/uploads\/2022\/10\/BBQ-2ssadlogo.png","width":1080,"height":1080,"caption":"BBQ \u00c4ssad"},"image":{"@id":"https:\/\/bbqassad.ee\/fi\/#\/schema\/logo\/image\/"},"sameAs":["https:\/\/www.facebook.com\/bbqassad","https:\/\/www.youtube.com\/channel\/UCsoufn49J6TVi9Ah9meE93w"]}]}},"_links":{"self":[{"href":"https:\/\/bbqassad.ee\/fi\/wp-json\/wp\/v2\/product\/21721","targetHints":{"allow":["GET"]}}],"collection":[{"href":"https:\/\/bbqassad.ee\/fi\/wp-json\/wp\/v2\/product"}],"about":[{"href":"https:\/\/bbqassad.ee\/fi\/wp-json\/wp\/v2\/types\/product"}],"replies":[{"embeddable":true,"href":"https:\/\/bbqassad.ee\/fi\/wp-json\/wp\/v2\/comments?post=21721"}],"wp:featuredmedia":[{"embeddable":true,"href":"https:\/\/bbqassad.ee\/fi\/wp-json\/wp\/v2\/media\/14126"}],"wp:attachment":[{"href":"https:\/\/bbqassad.ee\/fi\/wp-json\/wp\/v2\/media?parent=21721"}],"wp:term":[{"taxonomy":"product_brand","embeddable":true,"href":"https:\/\/bbqassad.ee\/fi\/wp-json\/wp\/v2\/product_brand?post=21721"},{"taxonomy":"product_cat","embeddable":true,"href":"https:\/\/bbqassad.ee\/fi\/wp-json\/wp\/v2\/product_cat?post=21721"},{"taxonomy":"product_tag","embeddable":true,"href":"https:\/\/bbqassad.ee\/fi\/wp-json\/wp\/v2\/product_tag?post=21721"}],"curies":[{"name":"wp","href":"https:\/\/api.w.org\/{rel}","templated":true}]}}