{"id":21719,"date":"2026-02-23T15:05:47","date_gmt":"2026-02-23T15:05:47","guid":{"rendered":"https:\/\/bbqassad.ee\/toode\/napoleon-oasis-yleiskaappi-ulkokayttoon-pyorivalla-ovella-varustettuna\/"},"modified":"2026-04-14T06:32:10","modified_gmt":"2026-04-14T06:32:10","slug":"napoleon-oasis-yleiskaappi-ulkokayttoon-pyorivalla-ovella-varustettuna","status":"publish","type":"product","link":"https:\/\/bbqassad.ee\/fi\/toode\/napoleon-oasis-yleiskaappi-ulkokayttoon-pyorivalla-ovella-varustettuna\/","title":{"rendered":"Napoleon OASIS\u2122 -yleiskaappi ulkok\u00e4ytt\u00f6\u00f6n py\u00f6riv\u00e4ll\u00e4 ovella varustettuna"},"content":{"rendered":"<h3 data-start=\"232\" data-end=\"313\"><strong>Napoleon OASIS\u2122 ulkokeitti\u00f6kalusteet &#8211; toimiva ja s\u00e4\u00e4nkest\u00e4v\u00e4 ratkaisu<\/strong><\/h3>\n<p class=\"\" data-start=\"315\" data-end=\"939\">Napoleon OASIS\u2122 -ulkokalusteet on suunniteltu luomaan kest\u00e4v\u00e4 ja hyvin j\u00e4rjestetty ulkokeitti\u00f6. Vakiomuotoisen modulaarisen mitoitusj\u00e4rjestelm\u00e4n ansiosta voit yhdistell\u00e4 erilaisia kaappeja, laatikoita, kulmamoduuleja ja grillej\u00e4 ulkotilasi ja ruoanlaittotottumuksiesi mukaan. Kaikki elementit on valmistettu pulverimaalatuista sinkityst\u00e4 ter\u00e4ksest\u00e4, jossa on ruostumattomasta ter\u00e4ksest\u00e4 valmistettuja yksityiskohtia, ja ne soveltuvat ymp\u00e4rivuotiseen ulkok\u00e4ytt\u00f6\u00f6n. S\u00e4\u00e4dett\u00e4vien jalkojen ansiosta asennus on helppoa my\u00f6s ep\u00e4tasaisille pinnoille. OASIS-moduulit toimitetaan koottuina ja ne ovat helposti yhteensopivia Napoleonin sis\u00e4\u00e4nrakennettujen grillien ja lis\u00e4varusteiden kanssa.    <\/p>\n<p data-start=\"941\" data-end=\"1335\"><strong>Jokap\u00e4iv\u00e4ist\u00e4 k\u00e4ytt\u00f6\u00e4 tukevat ominaisuudet<\/strong><\/p>\n<p data-start=\"941\" data-end=\"1335\">&#8211; Jauhemaalattu galvanoitu ter\u00e4s ja ruostumaton ter\u00e4s<br data-start=\"1030\" data-end=\"1033\">&#8211; S\u00e4\u00e4nkest\u00e4v\u00e4t ulkokalusteet &#8211; sopivat k\u00e4ytett\u00e4v\u00e4ksi kaikkina vuodenaikoina<br data-start=\"1097\" data-end=\"1100\">&#8211; Moduulij\u00e4rjestelm\u00e4 mahdollistaa eri moduulien yhdist\u00e4misen<br data-start=\"1163\" data-end=\"1166\">&#8211; S\u00e4\u00e4dett\u00e4v\u00e4t jalat vakaaseen asennukseen<br data-start=\"1215\" data-end=\"1218\">&#8211; Toimitetaan koottuna &#8211; ei vaadi kokoamista.<\/p>\n<p>&nbsp;<\/p>\n","protected":false},"excerpt":{"rendered":"<h3><strong>Napoleon OASIS\u2122 -yleiskaappi ulkok\u00e4ytt\u00f6\u00f6n py\u00f6riv\u00e4ll\u00e4 ovella varustettuna<\/strong><\/h3>\n<p class=\"\" data-start=\"196\" data-end=\"444\">Monipuolinen ja kest\u00e4v\u00e4 modulaarinen kaappi, joka soveltuu Napoleon-grillisaarekkeilla varustetun ulkokeitti\u00f6n osaksi.<\/p>\n<p class=\"\" data-start=\"779\" data-end=\"946\"><strong data-start=\"779\" data-end=\"800\">Mitat: <\/strong>(L \u00d7 K \u00d7 P \u00d7 S): 91 \u00d7 61 \u00d7 61 cm.<\/p>\n<p data-start=\"779\" data-end=\"946\">\n","protected":false},"featured_media":14285,"comment_status":"open","ping_status":"closed","template":"","meta":[],"product_brand":[768],"product_cat":[785],"product_tag":[],"class_list":{"0":"post-21719","1":"product","2":"type-product","3":"status-publish","4":"has-post-thumbnail","6":"product_brand-napoleon","7":"product_cat-kaasugrillien-tarvikkeet","9":"first","10":"instock","11":"taxable","12":"shipping-taxable","13":"purchasable","14":"product-type-simple"},"yoast_head":"<!-- This site is optimized with the Yoast SEO plugin v27.4 - https:\/\/yoast.com\/product\/yoast-seo-wordpress\/ -->\n<title>Napoleon OASIS\u2122 -yleiskaappi py\u00f6r\u00f6ovella - BBQ \u00c4ssad%<\/title>\n<meta name=\"description\" content=\"Napoleon OASIS\u2122 on monipuolinen ja kest\u00e4v\u00e4 modulaarinen kaappi, joka soveltuu ulkok\u00e4ytt\u00f6\u00f6n grillaussaarekkeilla. Mitat: 91 \u00d7 61 \u00d7 61\" \/>\n<meta name=\"robots\" content=\"index, follow, max-snippet:-1, max-image-preview:large, max-video-preview:-1\" \/>\n<link rel=\"canonical\" href=\"https:\/\/bbqassad.ee\/fi\/toode\/napoleon-oasis-yleiskaappi-ulkokayttoon-pyorivalla-ovella-varustettuna\/\" \/>\n<meta property=\"og:locale\" content=\"fi_FI\" \/>\n<meta property=\"og:type\" content=\"article\" \/>\n<meta property=\"og:title\" content=\"Napoleon OASIS\u2122 -yleiskaappi py\u00f6r\u00f6ovella - BBQ \u00c4ssad%\" \/>\n<meta property=\"og:description\" content=\"Napoleon OASIS\u2122 on monipuolinen ja kest\u00e4v\u00e4 modulaarinen kaappi, joka soveltuu ulkok\u00e4ytt\u00f6\u00f6n grillaussaarekkeilla. Mitat: 91 \u00d7 61 \u00d7 61\" \/>\n<meta property=\"og:url\" content=\"https:\/\/bbqassad.ee\/fi\/toode\/napoleon-oasis-yleiskaappi-ulkokayttoon-pyorivalla-ovella-varustettuna\/\" \/>\n<meta property=\"og:site_name\" content=\"BBQ \u00c4ssad\" \/>\n<meta property=\"article:publisher\" content=\"https:\/\/www.facebook.com\/bbqassad\" \/>\n<meta property=\"article:modified_time\" content=\"2026-04-14T06:32:10+00:00\" \/>\n<meta property=\"og:image\" content=\"https:\/\/bbqassad.ee\/wp-content\/uploads\/2026\/02\/im-udc-cn-main.jpg\" \/>\n<meta name=\"twitter:card\" content=\"summary_large_image\" \/>\n<meta name=\"twitter:title\" content=\"Napoleon OASIS\u2122 -yleiskaappi py\u00f6r\u00f6ovella - BBQ \u00c4ssad%\" \/>\n<meta name=\"twitter:description\" content=\"Napoleon OASIS\u2122 on monipuolinen ja kest\u00e4v\u00e4 modulaarinen kaappi, joka soveltuu ulkok\u00e4ytt\u00f6\u00f6n grillaussaarekkeilla. Mitat: 91 \u00d7 61 \u00d7 61\" \/>\n<meta name=\"twitter:image\" content=\"https:\/\/bbqassad.ee\/wp-content\/uploads\/2026\/02\/im-udc-cn-main.jpg\" \/>\n<meta name=\"twitter:label1\" content=\"Arvioitu lukuaika\" \/>\n\t<meta name=\"twitter:data1\" content=\"1 minuutti\" \/>\n<script type=\"application\/ld+json\" class=\"yoast-schema-graph\">{\"@context\":\"https:\\\/\\\/schema.org\",\"@graph\":[{\"@type\":\"WebPage\",\"@id\":\"https:\\\/\\\/bbqassad.ee\\\/fi\\\/toode\\\/napoleon-oasis-yleiskaappi-ulkokayttoon-pyorivalla-ovella-varustettuna\\\/\",\"url\":\"https:\\\/\\\/bbqassad.ee\\\/fi\\\/toode\\\/napoleon-oasis-yleiskaappi-ulkokayttoon-pyorivalla-ovella-varustettuna\\\/\",\"name\":\"Napoleon OASIS\u2122 -yleiskaappi py\u00f6r\u00f6ovella - BBQ \u00c4ssad%\",\"isPartOf\":{\"@id\":\"https:\\\/\\\/bbqassad.ee\\\/fi\\\/#website\"},\"primaryImageOfPage\":{\"@id\":\"https:\\\/\\\/bbqassad.ee\\\/fi\\\/toode\\\/napoleon-oasis-yleiskaappi-ulkokayttoon-pyorivalla-ovella-varustettuna\\\/#primaryimage\"},\"image\":{\"@id\":\"https:\\\/\\\/bbqassad.ee\\\/fi\\\/toode\\\/napoleon-oasis-yleiskaappi-ulkokayttoon-pyorivalla-ovella-varustettuna\\\/#primaryimage\"},\"thumbnailUrl\":\"https:\\\/\\\/bbqassad.ee\\\/wp-content\\\/uploads\\\/2026\\\/02\\\/im-udc-cn-main.jpg\",\"datePublished\":\"2026-02-23T15:05:47+00:00\",\"dateModified\":\"2026-04-14T06:32:10+00:00\",\"description\":\"Napoleon OASIS\u2122 on monipuolinen ja kest\u00e4v\u00e4 modulaarinen kaappi, joka soveltuu ulkok\u00e4ytt\u00f6\u00f6n grillaussaarekkeilla. Mitat: 91 \u00d7 61 \u00d7 61\",\"breadcrumb\":{\"@id\":\"https:\\\/\\\/bbqassad.ee\\\/fi\\\/toode\\\/napoleon-oasis-yleiskaappi-ulkokayttoon-pyorivalla-ovella-varustettuna\\\/#breadcrumb\"},\"inLanguage\":\"fi\",\"potentialAction\":[{\"@type\":\"ReadAction\",\"target\":[\"https:\\\/\\\/bbqassad.ee\\\/fi\\\/toode\\\/napoleon-oasis-yleiskaappi-ulkokayttoon-pyorivalla-ovella-varustettuna\\\/\"]}]},{\"@type\":\"ImageObject\",\"inLanguage\":\"fi\",\"@id\":\"https:\\\/\\\/bbqassad.ee\\\/fi\\\/toode\\\/napoleon-oasis-yleiskaappi-ulkokayttoon-pyorivalla-ovella-varustettuna\\\/#primaryimage\",\"url\":\"https:\\\/\\\/bbqassad.ee\\\/wp-content\\\/uploads\\\/2026\\\/02\\\/im-udc-cn-main.jpg\",\"contentUrl\":\"https:\\\/\\\/bbqassad.ee\\\/wp-content\\\/uploads\\\/2026\\\/02\\\/im-udc-cn-main.jpg\",\"width\":700,\"height\":700},{\"@type\":\"BreadcrumbList\",\"@id\":\"https:\\\/\\\/bbqassad.ee\\\/fi\\\/toode\\\/napoleon-oasis-yleiskaappi-ulkokayttoon-pyorivalla-ovella-varustettuna\\\/#breadcrumb\",\"itemListElement\":[{\"@type\":\"ListItem\",\"position\":1,\"name\":\"Home\",\"item\":\"https:\\\/\\\/bbqassad.ee\\\/fi\\\/bbq-assat\\\/\"},{\"@type\":\"ListItem\",\"position\":2,\"name\":\"Verkkokauppa\",\"item\":\"https:\\\/\\\/bbqassad.ee\\\/fi\\\/verkkokauppa\\\/\"},{\"@type\":\"ListItem\",\"position\":3,\"name\":\"Napoleon OASIS\u2122 -yleiskaappi ulkok\u00e4ytt\u00f6\u00f6n py\u00f6riv\u00e4ll\u00e4 ovella varustettuna\"}]},{\"@type\":\"WebSite\",\"@id\":\"https:\\\/\\\/bbqassad.ee\\\/fi\\\/#website\",\"url\":\"https:\\\/\\\/bbqassad.ee\\\/fi\\\/\",\"name\":\"BBQ \u00c4ssad\",\"description\":\"BBQ maitseained, kastmed, ahjud\",\"publisher\":{\"@id\":\"https:\\\/\\\/bbqassad.ee\\\/fi\\\/#organization\"},\"potentialAction\":[{\"@type\":\"SearchAction\",\"target\":{\"@type\":\"EntryPoint\",\"urlTemplate\":\"https:\\\/\\\/bbqassad.ee\\\/fi\\\/?s={search_term_string}\"},\"query-input\":{\"@type\":\"PropertyValueSpecification\",\"valueRequired\":true,\"valueName\":\"search_term_string\"}}],\"inLanguage\":\"fi\"},{\"@type\":\"Organization\",\"@id\":\"https:\\\/\\\/bbqassad.ee\\\/fi\\\/#organization\",\"name\":\"BBQ \u00c4ssad\",\"url\":\"https:\\\/\\\/bbqassad.ee\\\/fi\\\/\",\"logo\":{\"@type\":\"ImageObject\",\"inLanguage\":\"fi\",\"@id\":\"https:\\\/\\\/bbqassad.ee\\\/fi\\\/#\\\/schema\\\/logo\\\/image\\\/\",\"url\":\"https:\\\/\\\/bbqassad.ee\\\/wp-content\\\/uploads\\\/2022\\\/10\\\/BBQ-2ssadlogo.png\",\"contentUrl\":\"https:\\\/\\\/bbqassad.ee\\\/wp-content\\\/uploads\\\/2022\\\/10\\\/BBQ-2ssadlogo.png\",\"width\":1080,\"height\":1080,\"caption\":\"BBQ \u00c4ssad\"},\"image\":{\"@id\":\"https:\\\/\\\/bbqassad.ee\\\/fi\\\/#\\\/schema\\\/logo\\\/image\\\/\"},\"sameAs\":[\"https:\\\/\\\/www.facebook.com\\\/bbqassad\",\"https:\\\/\\\/www.youtube.com\\\/channel\\\/UCsoufn49J6TVi9Ah9meE93w\"]}]}<\/script>\n<!-- \/ Yoast SEO plugin. -->","yoast_head_json":{"title":"Napoleon OASIS\u2122 -yleiskaappi py\u00f6r\u00f6ovella - BBQ \u00c4ssad%","description":"Napoleon OASIS\u2122 on monipuolinen ja kest\u00e4v\u00e4 modulaarinen kaappi, joka soveltuu ulkok\u00e4ytt\u00f6\u00f6n grillaussaarekkeilla. Mitat: 91 \u00d7 61 \u00d7 61","robots":{"index":"index","follow":"follow","max-snippet":"max-snippet:-1","max-image-preview":"max-image-preview:large","max-video-preview":"max-video-preview:-1"},"canonical":"https:\/\/bbqassad.ee\/fi\/toode\/napoleon-oasis-yleiskaappi-ulkokayttoon-pyorivalla-ovella-varustettuna\/","og_locale":"fi_FI","og_type":"article","og_title":"Napoleon OASIS\u2122 -yleiskaappi py\u00f6r\u00f6ovella - BBQ \u00c4ssad%","og_description":"Napoleon OASIS\u2122 on monipuolinen ja kest\u00e4v\u00e4 modulaarinen kaappi, joka soveltuu ulkok\u00e4ytt\u00f6\u00f6n grillaussaarekkeilla. Mitat: 91 \u00d7 61 \u00d7 61","og_url":"https:\/\/bbqassad.ee\/fi\/toode\/napoleon-oasis-yleiskaappi-ulkokayttoon-pyorivalla-ovella-varustettuna\/","og_site_name":"BBQ \u00c4ssad","article_publisher":"https:\/\/www.facebook.com\/bbqassad","article_modified_time":"2026-04-14T06:32:10+00:00","og_image":[{"url":"https:\/\/bbqassad.ee\/wp-content\/uploads\/2026\/02\/im-udc-cn-main.jpg","type":"","width":"","height":""}],"twitter_card":"summary_large_image","twitter_title":"Napoleon OASIS\u2122 -yleiskaappi py\u00f6r\u00f6ovella - BBQ \u00c4ssad%","twitter_description":"Napoleon OASIS\u2122 on monipuolinen ja kest\u00e4v\u00e4 modulaarinen kaappi, joka soveltuu ulkok\u00e4ytt\u00f6\u00f6n grillaussaarekkeilla. Mitat: 91 \u00d7 61 \u00d7 61","twitter_image":"https:\/\/bbqassad.ee\/wp-content\/uploads\/2026\/02\/im-udc-cn-main.jpg","twitter_misc":{"Arvioitu lukuaika":"1 minuutti"},"schema":{"@context":"https:\/\/schema.org","@graph":[{"@type":"WebPage","@id":"https:\/\/bbqassad.ee\/fi\/toode\/napoleon-oasis-yleiskaappi-ulkokayttoon-pyorivalla-ovella-varustettuna\/","url":"https:\/\/bbqassad.ee\/fi\/toode\/napoleon-oasis-yleiskaappi-ulkokayttoon-pyorivalla-ovella-varustettuna\/","name":"Napoleon OASIS\u2122 -yleiskaappi py\u00f6r\u00f6ovella - BBQ \u00c4ssad%","isPartOf":{"@id":"https:\/\/bbqassad.ee\/fi\/#website"},"primaryImageOfPage":{"@id":"https:\/\/bbqassad.ee\/fi\/toode\/napoleon-oasis-yleiskaappi-ulkokayttoon-pyorivalla-ovella-varustettuna\/#primaryimage"},"image":{"@id":"https:\/\/bbqassad.ee\/fi\/toode\/napoleon-oasis-yleiskaappi-ulkokayttoon-pyorivalla-ovella-varustettuna\/#primaryimage"},"thumbnailUrl":"https:\/\/bbqassad.ee\/wp-content\/uploads\/2026\/02\/im-udc-cn-main.jpg","datePublished":"2026-02-23T15:05:47+00:00","dateModified":"2026-04-14T06:32:10+00:00","description":"Napoleon OASIS\u2122 on monipuolinen ja kest\u00e4v\u00e4 modulaarinen kaappi, joka soveltuu ulkok\u00e4ytt\u00f6\u00f6n grillaussaarekkeilla. Mitat: 91 \u00d7 61 \u00d7 61","breadcrumb":{"@id":"https:\/\/bbqassad.ee\/fi\/toode\/napoleon-oasis-yleiskaappi-ulkokayttoon-pyorivalla-ovella-varustettuna\/#breadcrumb"},"inLanguage":"fi","potentialAction":[{"@type":"ReadAction","target":["https:\/\/bbqassad.ee\/fi\/toode\/napoleon-oasis-yleiskaappi-ulkokayttoon-pyorivalla-ovella-varustettuna\/"]}]},{"@type":"ImageObject","inLanguage":"fi","@id":"https:\/\/bbqassad.ee\/fi\/toode\/napoleon-oasis-yleiskaappi-ulkokayttoon-pyorivalla-ovella-varustettuna\/#primaryimage","url":"https:\/\/bbqassad.ee\/wp-content\/uploads\/2026\/02\/im-udc-cn-main.jpg","contentUrl":"https:\/\/bbqassad.ee\/wp-content\/uploads\/2026\/02\/im-udc-cn-main.jpg","width":700,"height":700},{"@type":"BreadcrumbList","@id":"https:\/\/bbqassad.ee\/fi\/toode\/napoleon-oasis-yleiskaappi-ulkokayttoon-pyorivalla-ovella-varustettuna\/#breadcrumb","itemListElement":[{"@type":"ListItem","position":1,"name":"Home","item":"https:\/\/bbqassad.ee\/fi\/bbq-assat\/"},{"@type":"ListItem","position":2,"name":"Verkkokauppa","item":"https:\/\/bbqassad.ee\/fi\/verkkokauppa\/"},{"@type":"ListItem","position":3,"name":"Napoleon OASIS\u2122 -yleiskaappi ulkok\u00e4ytt\u00f6\u00f6n py\u00f6riv\u00e4ll\u00e4 ovella varustettuna"}]},{"@type":"WebSite","@id":"https:\/\/bbqassad.ee\/fi\/#website","url":"https:\/\/bbqassad.ee\/fi\/","name":"BBQ \u00c4ssad","description":"BBQ maitseained, kastmed, ahjud","publisher":{"@id":"https:\/\/bbqassad.ee\/fi\/#organization"},"potentialAction":[{"@type":"SearchAction","target":{"@type":"EntryPoint","urlTemplate":"https:\/\/bbqassad.ee\/fi\/?s={search_term_string}"},"query-input":{"@type":"PropertyValueSpecification","valueRequired":true,"valueName":"search_term_string"}}],"inLanguage":"fi"},{"@type":"Organization","@id":"https:\/\/bbqassad.ee\/fi\/#organization","name":"BBQ \u00c4ssad","url":"https:\/\/bbqassad.ee\/fi\/","logo":{"@type":"ImageObject","inLanguage":"fi","@id":"https:\/\/bbqassad.ee\/fi\/#\/schema\/logo\/image\/","url":"https:\/\/bbqassad.ee\/wp-content\/uploads\/2022\/10\/BBQ-2ssadlogo.png","contentUrl":"https:\/\/bbqassad.ee\/wp-content\/uploads\/2022\/10\/BBQ-2ssadlogo.png","width":1080,"height":1080,"caption":"BBQ \u00c4ssad"},"image":{"@id":"https:\/\/bbqassad.ee\/fi\/#\/schema\/logo\/image\/"},"sameAs":["https:\/\/www.facebook.com\/bbqassad","https:\/\/www.youtube.com\/channel\/UCsoufn49J6TVi9Ah9meE93w"]}]}},"_links":{"self":[{"href":"https:\/\/bbqassad.ee\/fi\/wp-json\/wp\/v2\/product\/21719","targetHints":{"allow":["GET"]}}],"collection":[{"href":"https:\/\/bbqassad.ee\/fi\/wp-json\/wp\/v2\/product"}],"about":[{"href":"https:\/\/bbqassad.ee\/fi\/wp-json\/wp\/v2\/types\/product"}],"replies":[{"embeddable":true,"href":"https:\/\/bbqassad.ee\/fi\/wp-json\/wp\/v2\/comments?post=21719"}],"wp:featuredmedia":[{"embeddable":true,"href":"https:\/\/bbqassad.ee\/fi\/wp-json\/wp\/v2\/media\/14285"}],"wp:attachment":[{"href":"https:\/\/bbqassad.ee\/fi\/wp-json\/wp\/v2\/media?parent=21719"}],"wp:term":[{"taxonomy":"product_brand","embeddable":true,"href":"https:\/\/bbqassad.ee\/fi\/wp-json\/wp\/v2\/product_brand?post=21719"},{"taxonomy":"product_cat","embeddable":true,"href":"https:\/\/bbqassad.ee\/fi\/wp-json\/wp\/v2\/product_cat?post=21719"},{"taxonomy":"product_tag","embeddable":true,"href":"https:\/\/bbqassad.ee\/fi\/wp-json\/wp\/v2\/product_tag?post=21719"}],"curies":[{"name":"wp","href":"https:\/\/api.w.org\/{rel}","templated":true}]}}