{"id":21690,"date":"2026-02-23T15:05:48","date_gmt":"2026-02-23T15:05:48","guid":{"rendered":"https:\/\/bbqassad.ee\/toode\/napoleon-varapoltin-ja-2-rasvan-annostelijaa-rogue-ja-prestige-500-grilleihin\/"},"modified":"2026-04-14T06:32:10","modified_gmt":"2026-04-14T06:32:10","slug":"napoleon-varapoltin-ja-2-rasvan-annostelijaa-rogue-ja-prestige-500-grilleihin","status":"publish","type":"product","link":"https:\/\/bbqassad.ee\/fi\/toode\/napoleon-varapoltin-ja-2-rasvan-annostelijaa-rogue-ja-prestige-500-grilleihin\/","title":{"rendered":"Napoleon varapoltin ja 2 rasvan annostelijaa Rogue- ja Prestige 500 -grilleihin"},"content":{"rendered":"","protected":false},"excerpt":{"rendered":"<h3><strong>Napoleon varapoltin ja 2 rasvan annostelijaa Rogue- ja Prestige 500 -grilleihin<\/strong><\/h3>\n<p class=\"\" data-start=\"75\" data-end=\"410\">T\u00e4m\u00e4 varaosasarja sis\u00e4lt\u00e4\u00e4 yhden polttimen ja kaksi polttolevyj\u00e4 Napoleon Rogue- ja Prestige 500 -sarjan grilleihin.<\/p>\n<p class=\"\" data-start=\"75\" data-end=\"410\">Osat valmistetaan alkuper\u00e4isen valmistajan eritelmien mukaisesti, mik\u00e4 takaa tarkan istuvuuden ja luotettavan laadun. Tukeva rakenne takaa pitk\u00e4n k\u00e4ytt\u00f6i\u00e4n ja luotettavuuden my\u00f6s intensiivisess\u00e4 k\u00e4yt\u00f6ss\u00e4. <\/p>\n<p>&nbsp;<\/p>\n","protected":false},"featured_media":21691,"comment_status":"open","ping_status":"closed","template":"","meta":[],"product_brand":[768],"product_cat":[785],"product_tag":[],"class_list":{"0":"post-21690","1":"product","2":"type-product","3":"status-publish","4":"has-post-thumbnail","6":"product_brand-napoleon","7":"product_cat-kaasugrillien-tarvikkeet","9":"first","10":"instock","11":"taxable","12":"shipping-taxable","13":"purchasable","14":"product-type-simple"},"yoast_head":"<!-- This site is optimized with the Yoast SEO plugin v27.4 - https:\/\/yoast.com\/product\/yoast-seo-wordpress\/ -->\n<title>Napoleonin varapoltin ja rasvanlevittimet Rogue 500 -% BBQ \u00c4ssad%%<\/title>\n<meta name=\"description\" content=\"Napoleonin varapoltin ja 2 rasvan annostelijaa Rogue- ja Prestige 500 -grilleihin. Sarja sis\u00e4lt\u00e4\u00e4 yhden polttimen ja kaksi paistolevyj\u00e4, jotka takaavat tarkan istuvuuden.\" \/>\n<meta name=\"robots\" content=\"index, follow, max-snippet:-1, max-image-preview:large, max-video-preview:-1\" \/>\n<link rel=\"canonical\" href=\"https:\/\/bbqassad.ee\/fi\/toode\/napoleon-varapoltin-ja-2-rasvan-annostelijaa-rogue-ja-prestige-500-grilleihin\/\" \/>\n<meta property=\"og:locale\" content=\"fi_FI\" \/>\n<meta property=\"og:type\" content=\"article\" \/>\n<meta property=\"og:title\" content=\"Napoleonin varapoltin ja rasvanlevittimet Rogue 500 - BBQ \u00c4ssad%%\" \/>\n<meta property=\"og:description\" content=\"Napoleonin varapoltin ja 2 rasvan annostelijaa Rogue- ja Prestige 500 -grilleihin. Sarja sis\u00e4lt\u00e4\u00e4 yhden polttimen ja kaksi paistolevyj\u00e4, jotka takaavat tarkan istuvuuden.\" \/>\n<meta property=\"og:url\" content=\"https:\/\/bbqassad.ee\/fi\/toode\/napoleon-varapoltin-ja-2-rasvan-annostelijaa-rogue-ja-prestige-500-grilleihin\/\" \/>\n<meta property=\"og:site_name\" content=\"BBQ \u00c4ssad\" \/>\n<meta property=\"article:publisher\" content=\"https:\/\/www.facebook.com\/bbqassad\" \/>\n<meta property=\"article:modified_time\" content=\"2026-04-14T06:32:10+00:00\" \/>\n<meta property=\"og:image\" content=\"https:\/\/bbqassad.ee\/wp-content\/uploads\/2026\/02\/s87001.jpg\" \/>\n<meta name=\"twitter:card\" content=\"summary_large_image\" \/>\n<meta name=\"twitter:title\" content=\"Napoleonin varapoltin ja rasvanlevittimet Rogue 500 - BBQ \u00c4ssad%%\" \/>\n<meta name=\"twitter:description\" content=\"Napoleonin varapoltin ja 2 rasvan annostelijaa Rogue- ja Prestige 500 -grilleihin. Sarja sis\u00e4lt\u00e4\u00e4 yhden polttimen ja kaksi paistolevyj\u00e4, jotka takaavat tarkan istuvuuden.\" \/>\n<meta name=\"twitter:image\" content=\"https:\/\/bbqassad.ee\/wp-content\/uploads\/2026\/02\/s87001.jpg\" \/>\n<script type=\"application\/ld+json\" class=\"yoast-schema-graph\">{\"@context\":\"https:\\\/\\\/schema.org\",\"@graph\":[{\"@type\":\"WebPage\",\"@id\":\"https:\\\/\\\/bbqassad.ee\\\/fi\\\/toode\\\/napoleon-varapoltin-ja-2-rasvan-annostelijaa-rogue-ja-prestige-500-grilleihin\\\/\",\"url\":\"https:\\\/\\\/bbqassad.ee\\\/fi\\\/toode\\\/napoleon-varapoltin-ja-2-rasvan-annostelijaa-rogue-ja-prestige-500-grilleihin\\\/\",\"name\":\"Napoleonin varapoltin ja rasvanlevittimet Rogue 500 -% BBQ \u00c4ssad%%\",\"isPartOf\":{\"@id\":\"https:\\\/\\\/bbqassad.ee\\\/fi\\\/#website\"},\"primaryImageOfPage\":{\"@id\":\"https:\\\/\\\/bbqassad.ee\\\/fi\\\/toode\\\/napoleon-varapoltin-ja-2-rasvan-annostelijaa-rogue-ja-prestige-500-grilleihin\\\/#primaryimage\"},\"image\":{\"@id\":\"https:\\\/\\\/bbqassad.ee\\\/fi\\\/toode\\\/napoleon-varapoltin-ja-2-rasvan-annostelijaa-rogue-ja-prestige-500-grilleihin\\\/#primaryimage\"},\"thumbnailUrl\":\"https:\\\/\\\/bbqassad.ee\\\/wp-content\\\/uploads\\\/2026\\\/02\\\/s87001.jpg\",\"datePublished\":\"2026-02-23T15:05:48+00:00\",\"dateModified\":\"2026-04-14T06:32:10+00:00\",\"description\":\"Napoleonin varapoltin ja 2 rasvan annostelijaa Rogue- ja Prestige 500 -grilleihin. Sarja sis\u00e4lt\u00e4\u00e4 yhden polttimen ja kaksi paistolevyj\u00e4, jotka takaavat tarkan istuvuuden.\",\"breadcrumb\":{\"@id\":\"https:\\\/\\\/bbqassad.ee\\\/fi\\\/toode\\\/napoleon-varapoltin-ja-2-rasvan-annostelijaa-rogue-ja-prestige-500-grilleihin\\\/#breadcrumb\"},\"inLanguage\":\"fi\",\"potentialAction\":[{\"@type\":\"ReadAction\",\"target\":[\"https:\\\/\\\/bbqassad.ee\\\/fi\\\/toode\\\/napoleon-varapoltin-ja-2-rasvan-annostelijaa-rogue-ja-prestige-500-grilleihin\\\/\"]}]},{\"@type\":\"ImageObject\",\"inLanguage\":\"fi\",\"@id\":\"https:\\\/\\\/bbqassad.ee\\\/fi\\\/toode\\\/napoleon-varapoltin-ja-2-rasvan-annostelijaa-rogue-ja-prestige-500-grilleihin\\\/#primaryimage\",\"url\":\"https:\\\/\\\/bbqassad.ee\\\/wp-content\\\/uploads\\\/2026\\\/02\\\/s87001.jpg\",\"contentUrl\":\"https:\\\/\\\/bbqassad.ee\\\/wp-content\\\/uploads\\\/2026\\\/02\\\/s87001.jpg\",\"width\":700,\"height\":700},{\"@type\":\"BreadcrumbList\",\"@id\":\"https:\\\/\\\/bbqassad.ee\\\/fi\\\/toode\\\/napoleon-varapoltin-ja-2-rasvan-annostelijaa-rogue-ja-prestige-500-grilleihin\\\/#breadcrumb\",\"itemListElement\":[{\"@type\":\"ListItem\",\"position\":1,\"name\":\"Home\",\"item\":\"https:\\\/\\\/bbqassad.ee\\\/fi\\\/bbq-assat\\\/\"},{\"@type\":\"ListItem\",\"position\":2,\"name\":\"Verkkokauppa\",\"item\":\"https:\\\/\\\/bbqassad.ee\\\/fi\\\/verkkokauppa\\\/\"},{\"@type\":\"ListItem\",\"position\":3,\"name\":\"Napoleon varapoltin ja 2 rasvan annostelijaa Rogue- ja Prestige 500 -grilleihin\"}]},{\"@type\":\"WebSite\",\"@id\":\"https:\\\/\\\/bbqassad.ee\\\/fi\\\/#website\",\"url\":\"https:\\\/\\\/bbqassad.ee\\\/fi\\\/\",\"name\":\"BBQ \u00c4ssad\",\"description\":\"BBQ maitseained, kastmed, ahjud\",\"publisher\":{\"@id\":\"https:\\\/\\\/bbqassad.ee\\\/fi\\\/#organization\"},\"potentialAction\":[{\"@type\":\"SearchAction\",\"target\":{\"@type\":\"EntryPoint\",\"urlTemplate\":\"https:\\\/\\\/bbqassad.ee\\\/fi\\\/?s={search_term_string}\"},\"query-input\":{\"@type\":\"PropertyValueSpecification\",\"valueRequired\":true,\"valueName\":\"search_term_string\"}}],\"inLanguage\":\"fi\"},{\"@type\":\"Organization\",\"@id\":\"https:\\\/\\\/bbqassad.ee\\\/fi\\\/#organization\",\"name\":\"BBQ \u00c4ssad\",\"url\":\"https:\\\/\\\/bbqassad.ee\\\/fi\\\/\",\"logo\":{\"@type\":\"ImageObject\",\"inLanguage\":\"fi\",\"@id\":\"https:\\\/\\\/bbqassad.ee\\\/fi\\\/#\\\/schema\\\/logo\\\/image\\\/\",\"url\":\"https:\\\/\\\/bbqassad.ee\\\/wp-content\\\/uploads\\\/2022\\\/10\\\/BBQ-2ssadlogo.png\",\"contentUrl\":\"https:\\\/\\\/bbqassad.ee\\\/wp-content\\\/uploads\\\/2022\\\/10\\\/BBQ-2ssadlogo.png\",\"width\":1080,\"height\":1080,\"caption\":\"BBQ \u00c4ssad\"},\"image\":{\"@id\":\"https:\\\/\\\/bbqassad.ee\\\/fi\\\/#\\\/schema\\\/logo\\\/image\\\/\"},\"sameAs\":[\"https:\\\/\\\/www.facebook.com\\\/bbqassad\",\"https:\\\/\\\/www.youtube.com\\\/channel\\\/UCsoufn49J6TVi9Ah9meE93w\"]}]}<\/script>\n<!-- \/ Yoast SEO plugin. -->","yoast_head_json":{"title":"Napoleonin varapoltin ja rasvanlevittimet Rogue 500 -% BBQ \u00c4ssad%%","description":"Napoleonin varapoltin ja 2 rasvan annostelijaa Rogue- ja Prestige 500 -grilleihin. Sarja sis\u00e4lt\u00e4\u00e4 yhden polttimen ja kaksi paistolevyj\u00e4, jotka takaavat tarkan istuvuuden.","robots":{"index":"index","follow":"follow","max-snippet":"max-snippet:-1","max-image-preview":"max-image-preview:large","max-video-preview":"max-video-preview:-1"},"canonical":"https:\/\/bbqassad.ee\/fi\/toode\/napoleon-varapoltin-ja-2-rasvan-annostelijaa-rogue-ja-prestige-500-grilleihin\/","og_locale":"fi_FI","og_type":"article","og_title":"Napoleonin varapoltin ja rasvanlevittimet Rogue 500 - BBQ \u00c4ssad%%","og_description":"Napoleonin varapoltin ja 2 rasvan annostelijaa Rogue- ja Prestige 500 -grilleihin. Sarja sis\u00e4lt\u00e4\u00e4 yhden polttimen ja kaksi paistolevyj\u00e4, jotka takaavat tarkan istuvuuden.","og_url":"https:\/\/bbqassad.ee\/fi\/toode\/napoleon-varapoltin-ja-2-rasvan-annostelijaa-rogue-ja-prestige-500-grilleihin\/","og_site_name":"BBQ \u00c4ssad","article_publisher":"https:\/\/www.facebook.com\/bbqassad","article_modified_time":"2026-04-14T06:32:10+00:00","og_image":[{"url":"https:\/\/bbqassad.ee\/wp-content\/uploads\/2026\/02\/s87001.jpg","type":"","width":"","height":""}],"twitter_card":"summary_large_image","twitter_title":"Napoleonin varapoltin ja rasvanlevittimet Rogue 500 - BBQ \u00c4ssad%%","twitter_description":"Napoleonin varapoltin ja 2 rasvan annostelijaa Rogue- ja Prestige 500 -grilleihin. Sarja sis\u00e4lt\u00e4\u00e4 yhden polttimen ja kaksi paistolevyj\u00e4, jotka takaavat tarkan istuvuuden.","twitter_image":"https:\/\/bbqassad.ee\/wp-content\/uploads\/2026\/02\/s87001.jpg","schema":{"@context":"https:\/\/schema.org","@graph":[{"@type":"WebPage","@id":"https:\/\/bbqassad.ee\/fi\/toode\/napoleon-varapoltin-ja-2-rasvan-annostelijaa-rogue-ja-prestige-500-grilleihin\/","url":"https:\/\/bbqassad.ee\/fi\/toode\/napoleon-varapoltin-ja-2-rasvan-annostelijaa-rogue-ja-prestige-500-grilleihin\/","name":"Napoleonin varapoltin ja rasvanlevittimet Rogue 500 -% BBQ \u00c4ssad%%","isPartOf":{"@id":"https:\/\/bbqassad.ee\/fi\/#website"},"primaryImageOfPage":{"@id":"https:\/\/bbqassad.ee\/fi\/toode\/napoleon-varapoltin-ja-2-rasvan-annostelijaa-rogue-ja-prestige-500-grilleihin\/#primaryimage"},"image":{"@id":"https:\/\/bbqassad.ee\/fi\/toode\/napoleon-varapoltin-ja-2-rasvan-annostelijaa-rogue-ja-prestige-500-grilleihin\/#primaryimage"},"thumbnailUrl":"https:\/\/bbqassad.ee\/wp-content\/uploads\/2026\/02\/s87001.jpg","datePublished":"2026-02-23T15:05:48+00:00","dateModified":"2026-04-14T06:32:10+00:00","description":"Napoleonin varapoltin ja 2 rasvan annostelijaa Rogue- ja Prestige 500 -grilleihin. Sarja sis\u00e4lt\u00e4\u00e4 yhden polttimen ja kaksi paistolevyj\u00e4, jotka takaavat tarkan istuvuuden.","breadcrumb":{"@id":"https:\/\/bbqassad.ee\/fi\/toode\/napoleon-varapoltin-ja-2-rasvan-annostelijaa-rogue-ja-prestige-500-grilleihin\/#breadcrumb"},"inLanguage":"fi","potentialAction":[{"@type":"ReadAction","target":["https:\/\/bbqassad.ee\/fi\/toode\/napoleon-varapoltin-ja-2-rasvan-annostelijaa-rogue-ja-prestige-500-grilleihin\/"]}]},{"@type":"ImageObject","inLanguage":"fi","@id":"https:\/\/bbqassad.ee\/fi\/toode\/napoleon-varapoltin-ja-2-rasvan-annostelijaa-rogue-ja-prestige-500-grilleihin\/#primaryimage","url":"https:\/\/bbqassad.ee\/wp-content\/uploads\/2026\/02\/s87001.jpg","contentUrl":"https:\/\/bbqassad.ee\/wp-content\/uploads\/2026\/02\/s87001.jpg","width":700,"height":700},{"@type":"BreadcrumbList","@id":"https:\/\/bbqassad.ee\/fi\/toode\/napoleon-varapoltin-ja-2-rasvan-annostelijaa-rogue-ja-prestige-500-grilleihin\/#breadcrumb","itemListElement":[{"@type":"ListItem","position":1,"name":"Home","item":"https:\/\/bbqassad.ee\/fi\/bbq-assat\/"},{"@type":"ListItem","position":2,"name":"Verkkokauppa","item":"https:\/\/bbqassad.ee\/fi\/verkkokauppa\/"},{"@type":"ListItem","position":3,"name":"Napoleon varapoltin ja 2 rasvan annostelijaa Rogue- ja Prestige 500 -grilleihin"}]},{"@type":"WebSite","@id":"https:\/\/bbqassad.ee\/fi\/#website","url":"https:\/\/bbqassad.ee\/fi\/","name":"BBQ \u00c4ssad","description":"BBQ maitseained, kastmed, ahjud","publisher":{"@id":"https:\/\/bbqassad.ee\/fi\/#organization"},"potentialAction":[{"@type":"SearchAction","target":{"@type":"EntryPoint","urlTemplate":"https:\/\/bbqassad.ee\/fi\/?s={search_term_string}"},"query-input":{"@type":"PropertyValueSpecification","valueRequired":true,"valueName":"search_term_string"}}],"inLanguage":"fi"},{"@type":"Organization","@id":"https:\/\/bbqassad.ee\/fi\/#organization","name":"BBQ \u00c4ssad","url":"https:\/\/bbqassad.ee\/fi\/","logo":{"@type":"ImageObject","inLanguage":"fi","@id":"https:\/\/bbqassad.ee\/fi\/#\/schema\/logo\/image\/","url":"https:\/\/bbqassad.ee\/wp-content\/uploads\/2022\/10\/BBQ-2ssadlogo.png","contentUrl":"https:\/\/bbqassad.ee\/wp-content\/uploads\/2022\/10\/BBQ-2ssadlogo.png","width":1080,"height":1080,"caption":"BBQ \u00c4ssad"},"image":{"@id":"https:\/\/bbqassad.ee\/fi\/#\/schema\/logo\/image\/"},"sameAs":["https:\/\/www.facebook.com\/bbqassad","https:\/\/www.youtube.com\/channel\/UCsoufn49J6TVi9Ah9meE93w"]}]}},"_links":{"self":[{"href":"https:\/\/bbqassad.ee\/fi\/wp-json\/wp\/v2\/product\/21690","targetHints":{"allow":["GET"]}}],"collection":[{"href":"https:\/\/bbqassad.ee\/fi\/wp-json\/wp\/v2\/product"}],"about":[{"href":"https:\/\/bbqassad.ee\/fi\/wp-json\/wp\/v2\/types\/product"}],"replies":[{"embeddable":true,"href":"https:\/\/bbqassad.ee\/fi\/wp-json\/wp\/v2\/comments?post=21690"}],"wp:featuredmedia":[{"embeddable":true,"href":"https:\/\/bbqassad.ee\/fi\/wp-json\/wp\/v2\/media\/21691"}],"wp:attachment":[{"href":"https:\/\/bbqassad.ee\/fi\/wp-json\/wp\/v2\/media?parent=21690"}],"wp:term":[{"taxonomy":"product_brand","embeddable":true,"href":"https:\/\/bbqassad.ee\/fi\/wp-json\/wp\/v2\/product_brand?post=21690"},{"taxonomy":"product_cat","embeddable":true,"href":"https:\/\/bbqassad.ee\/fi\/wp-json\/wp\/v2\/product_cat?post=21690"},{"taxonomy":"product_tag","embeddable":true,"href":"https:\/\/bbqassad.ee\/fi\/wp-json\/wp\/v2\/product_tag?post=21690"}],"curies":[{"name":"wp","href":"https:\/\/api.w.org\/{rel}","templated":true}]}}