{"id":21688,"date":"2026-02-23T15:05:48","date_gmt":"2026-02-23T15:05:48","guid":{"rendered":"https:\/\/bbqassad.ee\/toode\/napoleonin-virtalahdesarja-700-sarjan-bib-sivupolttimille\/"},"modified":"2026-04-14T06:32:10","modified_gmt":"2026-04-14T06:32:10","slug":"napoleonin-virtalahdesarja-700-sarjan-bib-sivupolttimille","status":"publish","type":"product","link":"https:\/\/bbqassad.ee\/fi\/toode\/napoleonin-virtalahdesarja-700-sarjan-bib-sivupolttimille\/","title":{"rendered":"Napoleonin virtal\u00e4hdesarja 700-sarjan BIB-sivupolttimille"},"content":{"rendered":"","protected":false},"excerpt":{"rendered":"<h3><strong>Napoleonin virtal\u00e4hdesarja 700-sarjan BIB-sivupolttimille<\/strong><\/h3>\n<p class=\"\" data-start=\"54\" data-end=\"299\">Napoleon 700-sarjan grillin varalohko. Se on alkuper\u00e4inen varaosa, upouusi ja toimitetaan alkuper\u00e4isess\u00e4 tehdaspakkauksessa. Se ei ole j\u00e4lkimarkkinatuote tai kopio, vaan valmistajan hyv\u00e4ksym\u00e4 varaosa.  <\/p>\n<p class=\"\" data-start=\"301\" data-end=\"372\"><strong data-start=\"301\" data-end=\"313\">Yhteensopivuus: <\/strong> Napoleon 700-sarjan sivupolttimille (BIB-mallit).<\/p>\n","protected":false},"featured_media":21689,"comment_status":"open","ping_status":"closed","template":"","meta":[],"product_brand":[768],"product_cat":[785],"product_tag":[],"class_list":{"0":"post-21688","1":"product","2":"type-product","3":"status-publish","4":"has-post-thumbnail","6":"product_brand-napoleon","7":"product_cat-kaasugrillien-tarvikkeet","9":"first","10":"instock","11":"taxable","12":"shipping-taxable","13":"purchasable","14":"product-type-simple"},"yoast_head":"<!-- This site is optimized with the Yoast SEO plugin v27.4 - https:\/\/yoast.com\/product\/yoast-seo-wordpress\/ -->\n<title>Napoleonin virtal\u00e4hdesarja 700-sarja BIB - BBQ \u00c4ssad%<\/title>\n<meta name=\"description\" content=\"Alkuper\u00e4inen Napoleon 700-sarjan grilli. Uusi ja alkuper\u00e4isess\u00e4 tehdaspakkauksessa. Sopii BIB-malleihin, ei j\u00e4lkimarkkinoille.\" \/>\n<meta name=\"robots\" content=\"index, follow, max-snippet:-1, max-image-preview:large, max-video-preview:-1\" \/>\n<link rel=\"canonical\" href=\"https:\/\/bbqassad.ee\/fi\/toode\/napoleonin-virtalahdesarja-700-sarjan-bib-sivupolttimille\/\" \/>\n<meta property=\"og:locale\" content=\"fi_FI\" \/>\n<meta property=\"og:type\" content=\"article\" \/>\n<meta property=\"og:title\" content=\"Napoleonin virtal\u00e4hdesarja 700-sarja BIB - BBQ \u00c4ssad%\" \/>\n<meta property=\"og:description\" content=\"Alkuper\u00e4inen Napoleon 700-sarjan grilli. Uusi ja alkuper\u00e4isess\u00e4 tehdaspakkauksessa. Sopii BIB-malleihin, ei j\u00e4lkimarkkinoille.\" \/>\n<meta property=\"og:url\" content=\"https:\/\/bbqassad.ee\/fi\/toode\/napoleonin-virtalahdesarja-700-sarjan-bib-sivupolttimille\/\" \/>\n<meta property=\"og:site_name\" content=\"BBQ \u00c4ssad\" \/>\n<meta property=\"article:publisher\" content=\"https:\/\/www.facebook.com\/bbqassad\" \/>\n<meta property=\"article:modified_time\" content=\"2026-04-14T06:32:10+00:00\" \/>\n<meta property=\"og:image\" content=\"https:\/\/bbqassad.ee\/wp-content\/uploads\/2026\/02\/napoleon-napoleon-power-supply-kit-700-series-burners-n370-1091-ser-n370-1091-ser-part-burner-bbq-31933108191294_600x600_crop_center.jpg.webp\" \/>\n<meta name=\"twitter:card\" content=\"summary_large_image\" \/>\n<meta name=\"twitter:title\" content=\"Napoleonin virtal\u00e4hdesarja 700-sarja BIB - BBQ \u00c4ssad%\" \/>\n<meta name=\"twitter:description\" content=\"Alkuper\u00e4inen Napoleon 700-sarjan grilli. Uusi ja alkuper\u00e4isess\u00e4 tehdaspakkauksessa. Sopii BIB-malleihin, ei j\u00e4lkimarkkinoille.\" \/>\n<meta name=\"twitter:image\" content=\"https:\/\/bbqassad.ee\/wp-content\/uploads\/2026\/02\/napoleon-napoleon-power-supply-kit-700-series-burners-n370-1091-ser-n370-1091-ser-part-burner-bbq-31933108191294_600x600_crop_center.jpg.webp\" \/>\n<script type=\"application\/ld+json\" class=\"yoast-schema-graph\">{\"@context\":\"https:\\\/\\\/schema.org\",\"@graph\":[{\"@type\":\"WebPage\",\"@id\":\"https:\\\/\\\/bbqassad.ee\\\/fi\\\/toode\\\/napoleonin-virtalahdesarja-700-sarjan-bib-sivupolttimille\\\/\",\"url\":\"https:\\\/\\\/bbqassad.ee\\\/fi\\\/toode\\\/napoleonin-virtalahdesarja-700-sarjan-bib-sivupolttimille\\\/\",\"name\":\"Napoleonin virtal\u00e4hdesarja 700-sarja BIB - BBQ \u00c4ssad%\",\"isPartOf\":{\"@id\":\"https:\\\/\\\/bbqassad.ee\\\/fi\\\/#website\"},\"primaryImageOfPage\":{\"@id\":\"https:\\\/\\\/bbqassad.ee\\\/fi\\\/toode\\\/napoleonin-virtalahdesarja-700-sarjan-bib-sivupolttimille\\\/#primaryimage\"},\"image\":{\"@id\":\"https:\\\/\\\/bbqassad.ee\\\/fi\\\/toode\\\/napoleonin-virtalahdesarja-700-sarjan-bib-sivupolttimille\\\/#primaryimage\"},\"thumbnailUrl\":\"https:\\\/\\\/bbqassad.ee\\\/wp-content\\\/uploads\\\/2026\\\/02\\\/napoleon-napoleon-power-supply-kit-700-series-burners-n370-1091-ser-n370-1091-ser-part-burner-bbq-31933108191294_600x600_crop_center.jpg.webp\",\"datePublished\":\"2026-02-23T15:05:48+00:00\",\"dateModified\":\"2026-04-14T06:32:10+00:00\",\"description\":\"Alkuper\u00e4inen Napoleon 700-sarjan grilli. Uusi ja alkuper\u00e4isess\u00e4 tehdaspakkauksessa. Sopii BIB-malleihin, ei j\u00e4lkimarkkinoille.\",\"breadcrumb\":{\"@id\":\"https:\\\/\\\/bbqassad.ee\\\/fi\\\/toode\\\/napoleonin-virtalahdesarja-700-sarjan-bib-sivupolttimille\\\/#breadcrumb\"},\"inLanguage\":\"fi\",\"potentialAction\":[{\"@type\":\"ReadAction\",\"target\":[\"https:\\\/\\\/bbqassad.ee\\\/fi\\\/toode\\\/napoleonin-virtalahdesarja-700-sarjan-bib-sivupolttimille\\\/\"]}]},{\"@type\":\"ImageObject\",\"inLanguage\":\"fi\",\"@id\":\"https:\\\/\\\/bbqassad.ee\\\/fi\\\/toode\\\/napoleonin-virtalahdesarja-700-sarjan-bib-sivupolttimille\\\/#primaryimage\",\"url\":\"https:\\\/\\\/bbqassad.ee\\\/wp-content\\\/uploads\\\/2026\\\/02\\\/napoleon-napoleon-power-supply-kit-700-series-burners-n370-1091-ser-n370-1091-ser-part-burner-bbq-31933108191294_600x600_crop_center.jpg.webp\",\"contentUrl\":\"https:\\\/\\\/bbqassad.ee\\\/wp-content\\\/uploads\\\/2026\\\/02\\\/napoleon-napoleon-power-supply-kit-700-series-burners-n370-1091-ser-n370-1091-ser-part-burner-bbq-31933108191294_600x600_crop_center.jpg.webp\",\"width\":600,\"height\":600},{\"@type\":\"BreadcrumbList\",\"@id\":\"https:\\\/\\\/bbqassad.ee\\\/fi\\\/toode\\\/napoleonin-virtalahdesarja-700-sarjan-bib-sivupolttimille\\\/#breadcrumb\",\"itemListElement\":[{\"@type\":\"ListItem\",\"position\":1,\"name\":\"Home\",\"item\":\"https:\\\/\\\/bbqassad.ee\\\/fi\\\/bbq-assat\\\/\"},{\"@type\":\"ListItem\",\"position\":2,\"name\":\"Verkkokauppa\",\"item\":\"https:\\\/\\\/bbqassad.ee\\\/fi\\\/verkkokauppa\\\/\"},{\"@type\":\"ListItem\",\"position\":3,\"name\":\"Napoleonin virtal\u00e4hdesarja 700-sarjan BIB-sivupolttimille\"}]},{\"@type\":\"WebSite\",\"@id\":\"https:\\\/\\\/bbqassad.ee\\\/fi\\\/#website\",\"url\":\"https:\\\/\\\/bbqassad.ee\\\/fi\\\/\",\"name\":\"BBQ \u00c4ssad\",\"description\":\"BBQ maitseained, kastmed, ahjud\",\"publisher\":{\"@id\":\"https:\\\/\\\/bbqassad.ee\\\/fi\\\/#organization\"},\"potentialAction\":[{\"@type\":\"SearchAction\",\"target\":{\"@type\":\"EntryPoint\",\"urlTemplate\":\"https:\\\/\\\/bbqassad.ee\\\/fi\\\/?s={search_term_string}\"},\"query-input\":{\"@type\":\"PropertyValueSpecification\",\"valueRequired\":true,\"valueName\":\"search_term_string\"}}],\"inLanguage\":\"fi\"},{\"@type\":\"Organization\",\"@id\":\"https:\\\/\\\/bbqassad.ee\\\/fi\\\/#organization\",\"name\":\"BBQ \u00c4ssad\",\"url\":\"https:\\\/\\\/bbqassad.ee\\\/fi\\\/\",\"logo\":{\"@type\":\"ImageObject\",\"inLanguage\":\"fi\",\"@id\":\"https:\\\/\\\/bbqassad.ee\\\/fi\\\/#\\\/schema\\\/logo\\\/image\\\/\",\"url\":\"https:\\\/\\\/bbqassad.ee\\\/wp-content\\\/uploads\\\/2022\\\/10\\\/BBQ-2ssadlogo.png\",\"contentUrl\":\"https:\\\/\\\/bbqassad.ee\\\/wp-content\\\/uploads\\\/2022\\\/10\\\/BBQ-2ssadlogo.png\",\"width\":1080,\"height\":1080,\"caption\":\"BBQ \u00c4ssad\"},\"image\":{\"@id\":\"https:\\\/\\\/bbqassad.ee\\\/fi\\\/#\\\/schema\\\/logo\\\/image\\\/\"},\"sameAs\":[\"https:\\\/\\\/www.facebook.com\\\/bbqassad\",\"https:\\\/\\\/www.youtube.com\\\/channel\\\/UCsoufn49J6TVi9Ah9meE93w\"]}]}<\/script>\n<!-- \/ Yoast SEO plugin. -->","yoast_head_json":{"title":"Napoleonin virtal\u00e4hdesarja 700-sarja BIB - BBQ \u00c4ssad%","description":"Alkuper\u00e4inen Napoleon 700-sarjan grilli. Uusi ja alkuper\u00e4isess\u00e4 tehdaspakkauksessa. Sopii BIB-malleihin, ei j\u00e4lkimarkkinoille.","robots":{"index":"index","follow":"follow","max-snippet":"max-snippet:-1","max-image-preview":"max-image-preview:large","max-video-preview":"max-video-preview:-1"},"canonical":"https:\/\/bbqassad.ee\/fi\/toode\/napoleonin-virtalahdesarja-700-sarjan-bib-sivupolttimille\/","og_locale":"fi_FI","og_type":"article","og_title":"Napoleonin virtal\u00e4hdesarja 700-sarja BIB - BBQ \u00c4ssad%","og_description":"Alkuper\u00e4inen Napoleon 700-sarjan grilli. Uusi ja alkuper\u00e4isess\u00e4 tehdaspakkauksessa. Sopii BIB-malleihin, ei j\u00e4lkimarkkinoille.","og_url":"https:\/\/bbqassad.ee\/fi\/toode\/napoleonin-virtalahdesarja-700-sarjan-bib-sivupolttimille\/","og_site_name":"BBQ \u00c4ssad","article_publisher":"https:\/\/www.facebook.com\/bbqassad","article_modified_time":"2026-04-14T06:32:10+00:00","og_image":[{"url":"https:\/\/bbqassad.ee\/wp-content\/uploads\/2026\/02\/napoleon-napoleon-power-supply-kit-700-series-burners-n370-1091-ser-n370-1091-ser-part-burner-bbq-31933108191294_600x600_crop_center.jpg.webp","type":"","width":"","height":""}],"twitter_card":"summary_large_image","twitter_title":"Napoleonin virtal\u00e4hdesarja 700-sarja BIB - BBQ \u00c4ssad%","twitter_description":"Alkuper\u00e4inen Napoleon 700-sarjan grilli. Uusi ja alkuper\u00e4isess\u00e4 tehdaspakkauksessa. Sopii BIB-malleihin, ei j\u00e4lkimarkkinoille.","twitter_image":"https:\/\/bbqassad.ee\/wp-content\/uploads\/2026\/02\/napoleon-napoleon-power-supply-kit-700-series-burners-n370-1091-ser-n370-1091-ser-part-burner-bbq-31933108191294_600x600_crop_center.jpg.webp","schema":{"@context":"https:\/\/schema.org","@graph":[{"@type":"WebPage","@id":"https:\/\/bbqassad.ee\/fi\/toode\/napoleonin-virtalahdesarja-700-sarjan-bib-sivupolttimille\/","url":"https:\/\/bbqassad.ee\/fi\/toode\/napoleonin-virtalahdesarja-700-sarjan-bib-sivupolttimille\/","name":"Napoleonin virtal\u00e4hdesarja 700-sarja BIB - BBQ \u00c4ssad%","isPartOf":{"@id":"https:\/\/bbqassad.ee\/fi\/#website"},"primaryImageOfPage":{"@id":"https:\/\/bbqassad.ee\/fi\/toode\/napoleonin-virtalahdesarja-700-sarjan-bib-sivupolttimille\/#primaryimage"},"image":{"@id":"https:\/\/bbqassad.ee\/fi\/toode\/napoleonin-virtalahdesarja-700-sarjan-bib-sivupolttimille\/#primaryimage"},"thumbnailUrl":"https:\/\/bbqassad.ee\/wp-content\/uploads\/2026\/02\/napoleon-napoleon-power-supply-kit-700-series-burners-n370-1091-ser-n370-1091-ser-part-burner-bbq-31933108191294_600x600_crop_center.jpg.webp","datePublished":"2026-02-23T15:05:48+00:00","dateModified":"2026-04-14T06:32:10+00:00","description":"Alkuper\u00e4inen Napoleon 700-sarjan grilli. Uusi ja alkuper\u00e4isess\u00e4 tehdaspakkauksessa. Sopii BIB-malleihin, ei j\u00e4lkimarkkinoille.","breadcrumb":{"@id":"https:\/\/bbqassad.ee\/fi\/toode\/napoleonin-virtalahdesarja-700-sarjan-bib-sivupolttimille\/#breadcrumb"},"inLanguage":"fi","potentialAction":[{"@type":"ReadAction","target":["https:\/\/bbqassad.ee\/fi\/toode\/napoleonin-virtalahdesarja-700-sarjan-bib-sivupolttimille\/"]}]},{"@type":"ImageObject","inLanguage":"fi","@id":"https:\/\/bbqassad.ee\/fi\/toode\/napoleonin-virtalahdesarja-700-sarjan-bib-sivupolttimille\/#primaryimage","url":"https:\/\/bbqassad.ee\/wp-content\/uploads\/2026\/02\/napoleon-napoleon-power-supply-kit-700-series-burners-n370-1091-ser-n370-1091-ser-part-burner-bbq-31933108191294_600x600_crop_center.jpg.webp","contentUrl":"https:\/\/bbqassad.ee\/wp-content\/uploads\/2026\/02\/napoleon-napoleon-power-supply-kit-700-series-burners-n370-1091-ser-n370-1091-ser-part-burner-bbq-31933108191294_600x600_crop_center.jpg.webp","width":600,"height":600},{"@type":"BreadcrumbList","@id":"https:\/\/bbqassad.ee\/fi\/toode\/napoleonin-virtalahdesarja-700-sarjan-bib-sivupolttimille\/#breadcrumb","itemListElement":[{"@type":"ListItem","position":1,"name":"Home","item":"https:\/\/bbqassad.ee\/fi\/bbq-assat\/"},{"@type":"ListItem","position":2,"name":"Verkkokauppa","item":"https:\/\/bbqassad.ee\/fi\/verkkokauppa\/"},{"@type":"ListItem","position":3,"name":"Napoleonin virtal\u00e4hdesarja 700-sarjan BIB-sivupolttimille"}]},{"@type":"WebSite","@id":"https:\/\/bbqassad.ee\/fi\/#website","url":"https:\/\/bbqassad.ee\/fi\/","name":"BBQ \u00c4ssad","description":"BBQ maitseained, kastmed, ahjud","publisher":{"@id":"https:\/\/bbqassad.ee\/fi\/#organization"},"potentialAction":[{"@type":"SearchAction","target":{"@type":"EntryPoint","urlTemplate":"https:\/\/bbqassad.ee\/fi\/?s={search_term_string}"},"query-input":{"@type":"PropertyValueSpecification","valueRequired":true,"valueName":"search_term_string"}}],"inLanguage":"fi"},{"@type":"Organization","@id":"https:\/\/bbqassad.ee\/fi\/#organization","name":"BBQ \u00c4ssad","url":"https:\/\/bbqassad.ee\/fi\/","logo":{"@type":"ImageObject","inLanguage":"fi","@id":"https:\/\/bbqassad.ee\/fi\/#\/schema\/logo\/image\/","url":"https:\/\/bbqassad.ee\/wp-content\/uploads\/2022\/10\/BBQ-2ssadlogo.png","contentUrl":"https:\/\/bbqassad.ee\/wp-content\/uploads\/2022\/10\/BBQ-2ssadlogo.png","width":1080,"height":1080,"caption":"BBQ \u00c4ssad"},"image":{"@id":"https:\/\/bbqassad.ee\/fi\/#\/schema\/logo\/image\/"},"sameAs":["https:\/\/www.facebook.com\/bbqassad","https:\/\/www.youtube.com\/channel\/UCsoufn49J6TVi9Ah9meE93w"]}]}},"_links":{"self":[{"href":"https:\/\/bbqassad.ee\/fi\/wp-json\/wp\/v2\/product\/21688","targetHints":{"allow":["GET"]}}],"collection":[{"href":"https:\/\/bbqassad.ee\/fi\/wp-json\/wp\/v2\/product"}],"about":[{"href":"https:\/\/bbqassad.ee\/fi\/wp-json\/wp\/v2\/types\/product"}],"replies":[{"embeddable":true,"href":"https:\/\/bbqassad.ee\/fi\/wp-json\/wp\/v2\/comments?post=21688"}],"wp:featuredmedia":[{"embeddable":true,"href":"https:\/\/bbqassad.ee\/fi\/wp-json\/wp\/v2\/media\/21689"}],"wp:attachment":[{"href":"https:\/\/bbqassad.ee\/fi\/wp-json\/wp\/v2\/media?parent=21688"}],"wp:term":[{"taxonomy":"product_brand","embeddable":true,"href":"https:\/\/bbqassad.ee\/fi\/wp-json\/wp\/v2\/product_brand?post=21688"},{"taxonomy":"product_cat","embeddable":true,"href":"https:\/\/bbqassad.ee\/fi\/wp-json\/wp\/v2\/product_cat?post=21688"},{"taxonomy":"product_tag","embeddable":true,"href":"https:\/\/bbqassad.ee\/fi\/wp-json\/wp\/v2\/product_tag?post=21688"}],"curies":[{"name":"wp","href":"https:\/\/api.w.org\/{rel}","templated":true}]}}