{"id":21647,"date":"2026-02-23T15:05:48","date_gmt":"2026-02-23T15:05:48","guid":{"rendered":"https:\/\/bbqassad.ee\/toode\/napoleon-oasis-ulkokaappimoduuli-propaanipallojen-eristykseen\/"},"modified":"2026-04-14T06:32:08","modified_gmt":"2026-04-14T06:32:08","slug":"napoleon-oasis-ulkokaappimoduuli-propaanipallojen-eristykseen","status":"publish","type":"product","link":"https:\/\/bbqassad.ee\/fi\/toode\/napoleon-oasis-ulkokaappimoduuli-propaanipallojen-eristykseen\/","title":{"rendered":"Napoleon OASIS\u2122 -ulkokaappimoduuli propaanipallojen eristykseen."},"content":{"rendered":"<h3><strong data-start=\"111\" data-end=\"152\">Napoleon OASIS\u2122 modulaariset ulkokeitti\u00f6kalusteet<\/strong><\/h3>\n<p>Napoleon Oasis -moduulivalikoiman avulla voit luoda toimivan ja kest\u00e4v\u00e4n ulkokeitti\u00f6n, joka on r\u00e4\u00e4t\u00e4l\u00f6ity juuri sinun tarpeisiisi. Jokainen moduuli on suunniteltu jokap\u00e4iv\u00e4iseen ulkok\u00e4ytt\u00f6\u00f6n &#8211; jauhemaalattu sinkitty ter\u00e4s, ruostumattomasta ter\u00e4ksest\u00e4 valmistetut yksityiskohdat ja s\u00e4\u00e4dett\u00e4v\u00e4t jalat takaavat vakauden ja kest\u00e4vyyden. Moduulien vakiomittojen ja yhteensopivuuden ansiosta niit\u00e4 on helppo yhdist\u00e4\u00e4 pienempiin tai suurempiin kokonaisuuksiin. Kaappien, laatikostojen, kulmamoduulien ja laitekoteloiden valikoiman avulla voit suunnitella k\u00e4yt\u00e4nn\u00f6llisen ja hyvin organisoidun ty\u00f6skentelyalueen grillillesi ja tarvikkeillesi.   <\/p>\n<p><strong data-start=\"234\" data-end=\"246\">Ominaisuudet<\/strong><br data-start=\"246\" data-end=\"249\">&#8211; Kest\u00e4v\u00e4 rakenne: pulverimaalattua sinkitty\u00e4 ter\u00e4st\u00e4 ja ruostumattomasta ter\u00e4ksest\u00e4 valmistettuja osia<br data-start=\"348\" data-end=\"351\">&#8211; S\u00e4\u00e4nkest\u00e4v\u00e4 &#8211; sopii ymp\u00e4rivuotiseen ulkok\u00e4ytt\u00f6\u00f6n<br data-start=\"420\" data-end=\"423\">&#8211; Yhten\u00e4inen hiilimusta viimeistely, joka on yhteensopiva kaikkien OASIS\u2122-moduulien kanssa<br data-start=\"493\" data-end=\"496\">&#8211; S\u00e4\u00e4dett\u00e4v\u00e4t jalat vakaaseen asennukseen ep\u00e4tasaisillakin pinnoilla<br data-start=\"566\" data-end=\"569\">&#8211; Yhteensopiva kaikkien Napoleon OASIS\u2122 -grillisaarekkeen elementtien kanssa<br data-start=\"625\" data-end=\"628\">&#8211; Toimitetaan tehtaalla koottuna &#8211; kokoonpanoa ei tarvita.<\/p>\n","protected":false},"excerpt":{"rendered":"<h3 data-start=\"495\" data-end=\"653\"><strong>Napoleon OASIS\u2122 -ulkokaappimoduuli propaanipallon eristykseen<\/strong><\/h3>\n<p class=\"\" data-start=\"238\" data-end=\"617\">Napoleon OASIS\u2122 -sarjan propaanikaappi on suunniteltu kaasupullojen turvalliseen ja j\u00e4rjestelm\u00e4lliseen sijoittamiseen osana ulkokeitti\u00f6t\u00e4si.<\/p>\n<p class=\"\" data-start=\"238\" data-end=\"617\"><strong data-start=\"619\" data-end=\"631\">Mitat<\/strong> (L \u00d7 S \u00d7 K): 91 \u00d7 61 \u00d7 61 cm.<\/p>\n","protected":false},"featured_media":21648,"comment_status":"closed","ping_status":"closed","template":"","meta":[],"product_brand":[768],"product_cat":[785],"product_tag":[],"class_list":{"0":"post-21647","1":"product","2":"type-product","3":"status-publish","4":"has-post-thumbnail","6":"product_brand-napoleon","7":"product_cat-kaasugrillien-tarvikkeet","9":"first","10":"instock","11":"taxable","12":"shipping-taxable","13":"purchasable","14":"product-type-simple"},"yoast_head":"<!-- This site is optimized with the Yoast SEO plugin v27.4 - https:\/\/yoast.com\/product\/yoast-seo-wordpress\/ -->\n<title>Napoleon OASIS\u2122 -ulkokalustekaappimoduuli - BBQ \u00c4ssad%<\/title>\n<meta name=\"description\" content=\"Napoleon OASIS\u2122 -propaanikaappi on suunniteltu propaanipullojen turvalliseen ja asianmukaiseen s\u00e4ilytykseen. Mitat: 91 \u00d7 61 \u00d7 61 cm.\" \/>\n<meta name=\"robots\" content=\"index, follow, max-snippet:-1, max-image-preview:large, max-video-preview:-1\" \/>\n<link rel=\"canonical\" href=\"https:\/\/bbqassad.ee\/fi\/toode\/napoleon-oasis-ulkokaappimoduuli-propaanipallojen-eristykseen\/\" \/>\n<meta property=\"og:locale\" content=\"fi_FI\" \/>\n<meta property=\"og:type\" content=\"article\" \/>\n<meta property=\"og:title\" content=\"Napoleon OASIS\u2122 -ulkokalustekaappimoduuli - BBQ \u00c4ssad%\" \/>\n<meta property=\"og:description\" content=\"Napoleon OASIS\u2122 -propaanikaappi on suunniteltu propaanipullojen turvalliseen ja asianmukaiseen s\u00e4ilytykseen. Mitat: 91 \u00d7 61 \u00d7 61 cm.\" \/>\n<meta property=\"og:url\" content=\"https:\/\/bbqassad.ee\/fi\/toode\/napoleon-oasis-ulkokaappimoduuli-propaanipallojen-eristykseen\/\" \/>\n<meta property=\"og:site_name\" content=\"BBQ \u00c4ssad\" \/>\n<meta property=\"article:publisher\" content=\"https:\/\/www.facebook.com\/bbqassad\" \/>\n<meta property=\"article:modified_time\" content=\"2026-04-14T06:32:08+00:00\" \/>\n<meta property=\"og:image\" content=\"https:\/\/bbqassad.ee\/wp-content\/uploads\/2026\/02\/im-utc-propanetank-universal-straight-full-size.jpg\" \/>\n<meta name=\"twitter:card\" content=\"summary_large_image\" \/>\n<meta name=\"twitter:title\" content=\"Napoleon OASIS\u2122 -ulkokalustekaappimoduuli - BBQ \u00c4ssad%\" \/>\n<meta name=\"twitter:description\" content=\"Napoleon OASIS\u2122 -propaanikaappi on suunniteltu propaanipullojen turvalliseen ja asianmukaiseen s\u00e4ilytykseen. Mitat: 91 \u00d7 61 \u00d7 61 cm.\" \/>\n<meta name=\"twitter:image\" content=\"https:\/\/bbqassad.ee\/wp-content\/uploads\/2026\/02\/im-utc-propanetank-universal-straight-full-size.jpg\" \/>\n<meta name=\"twitter:label1\" content=\"Arvioitu lukuaika\" \/>\n\t<meta name=\"twitter:data1\" content=\"1 minuutti\" \/>\n<script type=\"application\/ld+json\" class=\"yoast-schema-graph\">{\"@context\":\"https:\\\/\\\/schema.org\",\"@graph\":[{\"@type\":\"WebPage\",\"@id\":\"https:\\\/\\\/bbqassad.ee\\\/fi\\\/toode\\\/napoleon-oasis-ulkokaappimoduuli-propaanipallojen-eristykseen\\\/\",\"url\":\"https:\\\/\\\/bbqassad.ee\\\/fi\\\/toode\\\/napoleon-oasis-ulkokaappimoduuli-propaanipallojen-eristykseen\\\/\",\"name\":\"Napoleon OASIS\u2122 -ulkokalustekaappimoduuli - BBQ \u00c4ssad%\",\"isPartOf\":{\"@id\":\"https:\\\/\\\/bbqassad.ee\\\/fi\\\/#website\"},\"primaryImageOfPage\":{\"@id\":\"https:\\\/\\\/bbqassad.ee\\\/fi\\\/toode\\\/napoleon-oasis-ulkokaappimoduuli-propaanipallojen-eristykseen\\\/#primaryimage\"},\"image\":{\"@id\":\"https:\\\/\\\/bbqassad.ee\\\/fi\\\/toode\\\/napoleon-oasis-ulkokaappimoduuli-propaanipallojen-eristykseen\\\/#primaryimage\"},\"thumbnailUrl\":\"https:\\\/\\\/bbqassad.ee\\\/wp-content\\\/uploads\\\/2026\\\/02\\\/im-utc-propanetank-universal-straight-full-size.jpg\",\"datePublished\":\"2026-02-23T15:05:48+00:00\",\"dateModified\":\"2026-04-14T06:32:08+00:00\",\"description\":\"Napoleon OASIS\u2122 -propaanikaappi on suunniteltu propaanipullojen turvalliseen ja asianmukaiseen s\u00e4ilytykseen. Mitat: 91 \u00d7 61 \u00d7 61 cm.\",\"breadcrumb\":{\"@id\":\"https:\\\/\\\/bbqassad.ee\\\/fi\\\/toode\\\/napoleon-oasis-ulkokaappimoduuli-propaanipallojen-eristykseen\\\/#breadcrumb\"},\"inLanguage\":\"fi\",\"potentialAction\":[{\"@type\":\"ReadAction\",\"target\":[\"https:\\\/\\\/bbqassad.ee\\\/fi\\\/toode\\\/napoleon-oasis-ulkokaappimoduuli-propaanipallojen-eristykseen\\\/\"]}]},{\"@type\":\"ImageObject\",\"inLanguage\":\"fi\",\"@id\":\"https:\\\/\\\/bbqassad.ee\\\/fi\\\/toode\\\/napoleon-oasis-ulkokaappimoduuli-propaanipallojen-eristykseen\\\/#primaryimage\",\"url\":\"https:\\\/\\\/bbqassad.ee\\\/wp-content\\\/uploads\\\/2026\\\/02\\\/im-utc-propanetank-universal-straight-full-size.jpg\",\"contentUrl\":\"https:\\\/\\\/bbqassad.ee\\\/wp-content\\\/uploads\\\/2026\\\/02\\\/im-utc-propanetank-universal-straight-full-size.jpg\",\"width\":700,\"height\":700},{\"@type\":\"BreadcrumbList\",\"@id\":\"https:\\\/\\\/bbqassad.ee\\\/fi\\\/toode\\\/napoleon-oasis-ulkokaappimoduuli-propaanipallojen-eristykseen\\\/#breadcrumb\",\"itemListElement\":[{\"@type\":\"ListItem\",\"position\":1,\"name\":\"Home\",\"item\":\"https:\\\/\\\/bbqassad.ee\\\/fi\\\/bbq-assat\\\/\"},{\"@type\":\"ListItem\",\"position\":2,\"name\":\"Verkkokauppa\",\"item\":\"https:\\\/\\\/bbqassad.ee\\\/fi\\\/verkkokauppa\\\/\"},{\"@type\":\"ListItem\",\"position\":3,\"name\":\"Napoleon OASIS\u2122 -ulkokaappimoduuli propaanipallojen eristykseen.\"}]},{\"@type\":\"WebSite\",\"@id\":\"https:\\\/\\\/bbqassad.ee\\\/fi\\\/#website\",\"url\":\"https:\\\/\\\/bbqassad.ee\\\/fi\\\/\",\"name\":\"BBQ \u00c4ssad\",\"description\":\"BBQ maitseained, kastmed, ahjud\",\"publisher\":{\"@id\":\"https:\\\/\\\/bbqassad.ee\\\/fi\\\/#organization\"},\"potentialAction\":[{\"@type\":\"SearchAction\",\"target\":{\"@type\":\"EntryPoint\",\"urlTemplate\":\"https:\\\/\\\/bbqassad.ee\\\/fi\\\/?s={search_term_string}\"},\"query-input\":{\"@type\":\"PropertyValueSpecification\",\"valueRequired\":true,\"valueName\":\"search_term_string\"}}],\"inLanguage\":\"fi\"},{\"@type\":\"Organization\",\"@id\":\"https:\\\/\\\/bbqassad.ee\\\/fi\\\/#organization\",\"name\":\"BBQ \u00c4ssad\",\"url\":\"https:\\\/\\\/bbqassad.ee\\\/fi\\\/\",\"logo\":{\"@type\":\"ImageObject\",\"inLanguage\":\"fi\",\"@id\":\"https:\\\/\\\/bbqassad.ee\\\/fi\\\/#\\\/schema\\\/logo\\\/image\\\/\",\"url\":\"https:\\\/\\\/bbqassad.ee\\\/wp-content\\\/uploads\\\/2022\\\/10\\\/BBQ-2ssadlogo.png\",\"contentUrl\":\"https:\\\/\\\/bbqassad.ee\\\/wp-content\\\/uploads\\\/2022\\\/10\\\/BBQ-2ssadlogo.png\",\"width\":1080,\"height\":1080,\"caption\":\"BBQ \u00c4ssad\"},\"image\":{\"@id\":\"https:\\\/\\\/bbqassad.ee\\\/fi\\\/#\\\/schema\\\/logo\\\/image\\\/\"},\"sameAs\":[\"https:\\\/\\\/www.facebook.com\\\/bbqassad\",\"https:\\\/\\\/www.youtube.com\\\/channel\\\/UCsoufn49J6TVi9Ah9meE93w\"]}]}<\/script>\n<!-- \/ Yoast SEO plugin. -->","yoast_head_json":{"title":"Napoleon OASIS\u2122 -ulkokalustekaappimoduuli - BBQ \u00c4ssad%","description":"Napoleon OASIS\u2122 -propaanikaappi on suunniteltu propaanipullojen turvalliseen ja asianmukaiseen s\u00e4ilytykseen. Mitat: 91 \u00d7 61 \u00d7 61 cm.","robots":{"index":"index","follow":"follow","max-snippet":"max-snippet:-1","max-image-preview":"max-image-preview:large","max-video-preview":"max-video-preview:-1"},"canonical":"https:\/\/bbqassad.ee\/fi\/toode\/napoleon-oasis-ulkokaappimoduuli-propaanipallojen-eristykseen\/","og_locale":"fi_FI","og_type":"article","og_title":"Napoleon OASIS\u2122 -ulkokalustekaappimoduuli - BBQ \u00c4ssad%","og_description":"Napoleon OASIS\u2122 -propaanikaappi on suunniteltu propaanipullojen turvalliseen ja asianmukaiseen s\u00e4ilytykseen. Mitat: 91 \u00d7 61 \u00d7 61 cm.","og_url":"https:\/\/bbqassad.ee\/fi\/toode\/napoleon-oasis-ulkokaappimoduuli-propaanipallojen-eristykseen\/","og_site_name":"BBQ \u00c4ssad","article_publisher":"https:\/\/www.facebook.com\/bbqassad","article_modified_time":"2026-04-14T06:32:08+00:00","og_image":[{"url":"https:\/\/bbqassad.ee\/wp-content\/uploads\/2026\/02\/im-utc-propanetank-universal-straight-full-size.jpg","type":"","width":"","height":""}],"twitter_card":"summary_large_image","twitter_title":"Napoleon OASIS\u2122 -ulkokalustekaappimoduuli - BBQ \u00c4ssad%","twitter_description":"Napoleon OASIS\u2122 -propaanikaappi on suunniteltu propaanipullojen turvalliseen ja asianmukaiseen s\u00e4ilytykseen. Mitat: 91 \u00d7 61 \u00d7 61 cm.","twitter_image":"https:\/\/bbqassad.ee\/wp-content\/uploads\/2026\/02\/im-utc-propanetank-universal-straight-full-size.jpg","twitter_misc":{"Arvioitu lukuaika":"1 minuutti"},"schema":{"@context":"https:\/\/schema.org","@graph":[{"@type":"WebPage","@id":"https:\/\/bbqassad.ee\/fi\/toode\/napoleon-oasis-ulkokaappimoduuli-propaanipallojen-eristykseen\/","url":"https:\/\/bbqassad.ee\/fi\/toode\/napoleon-oasis-ulkokaappimoduuli-propaanipallojen-eristykseen\/","name":"Napoleon OASIS\u2122 -ulkokalustekaappimoduuli - BBQ \u00c4ssad%","isPartOf":{"@id":"https:\/\/bbqassad.ee\/fi\/#website"},"primaryImageOfPage":{"@id":"https:\/\/bbqassad.ee\/fi\/toode\/napoleon-oasis-ulkokaappimoduuli-propaanipallojen-eristykseen\/#primaryimage"},"image":{"@id":"https:\/\/bbqassad.ee\/fi\/toode\/napoleon-oasis-ulkokaappimoduuli-propaanipallojen-eristykseen\/#primaryimage"},"thumbnailUrl":"https:\/\/bbqassad.ee\/wp-content\/uploads\/2026\/02\/im-utc-propanetank-universal-straight-full-size.jpg","datePublished":"2026-02-23T15:05:48+00:00","dateModified":"2026-04-14T06:32:08+00:00","description":"Napoleon OASIS\u2122 -propaanikaappi on suunniteltu propaanipullojen turvalliseen ja asianmukaiseen s\u00e4ilytykseen. Mitat: 91 \u00d7 61 \u00d7 61 cm.","breadcrumb":{"@id":"https:\/\/bbqassad.ee\/fi\/toode\/napoleon-oasis-ulkokaappimoduuli-propaanipallojen-eristykseen\/#breadcrumb"},"inLanguage":"fi","potentialAction":[{"@type":"ReadAction","target":["https:\/\/bbqassad.ee\/fi\/toode\/napoleon-oasis-ulkokaappimoduuli-propaanipallojen-eristykseen\/"]}]},{"@type":"ImageObject","inLanguage":"fi","@id":"https:\/\/bbqassad.ee\/fi\/toode\/napoleon-oasis-ulkokaappimoduuli-propaanipallojen-eristykseen\/#primaryimage","url":"https:\/\/bbqassad.ee\/wp-content\/uploads\/2026\/02\/im-utc-propanetank-universal-straight-full-size.jpg","contentUrl":"https:\/\/bbqassad.ee\/wp-content\/uploads\/2026\/02\/im-utc-propanetank-universal-straight-full-size.jpg","width":700,"height":700},{"@type":"BreadcrumbList","@id":"https:\/\/bbqassad.ee\/fi\/toode\/napoleon-oasis-ulkokaappimoduuli-propaanipallojen-eristykseen\/#breadcrumb","itemListElement":[{"@type":"ListItem","position":1,"name":"Home","item":"https:\/\/bbqassad.ee\/fi\/bbq-assat\/"},{"@type":"ListItem","position":2,"name":"Verkkokauppa","item":"https:\/\/bbqassad.ee\/fi\/verkkokauppa\/"},{"@type":"ListItem","position":3,"name":"Napoleon OASIS\u2122 -ulkokaappimoduuli propaanipallojen eristykseen."}]},{"@type":"WebSite","@id":"https:\/\/bbqassad.ee\/fi\/#website","url":"https:\/\/bbqassad.ee\/fi\/","name":"BBQ \u00c4ssad","description":"BBQ maitseained, kastmed, ahjud","publisher":{"@id":"https:\/\/bbqassad.ee\/fi\/#organization"},"potentialAction":[{"@type":"SearchAction","target":{"@type":"EntryPoint","urlTemplate":"https:\/\/bbqassad.ee\/fi\/?s={search_term_string}"},"query-input":{"@type":"PropertyValueSpecification","valueRequired":true,"valueName":"search_term_string"}}],"inLanguage":"fi"},{"@type":"Organization","@id":"https:\/\/bbqassad.ee\/fi\/#organization","name":"BBQ \u00c4ssad","url":"https:\/\/bbqassad.ee\/fi\/","logo":{"@type":"ImageObject","inLanguage":"fi","@id":"https:\/\/bbqassad.ee\/fi\/#\/schema\/logo\/image\/","url":"https:\/\/bbqassad.ee\/wp-content\/uploads\/2022\/10\/BBQ-2ssadlogo.png","contentUrl":"https:\/\/bbqassad.ee\/wp-content\/uploads\/2022\/10\/BBQ-2ssadlogo.png","width":1080,"height":1080,"caption":"BBQ \u00c4ssad"},"image":{"@id":"https:\/\/bbqassad.ee\/fi\/#\/schema\/logo\/image\/"},"sameAs":["https:\/\/www.facebook.com\/bbqassad","https:\/\/www.youtube.com\/channel\/UCsoufn49J6TVi9Ah9meE93w"]}]}},"_links":{"self":[{"href":"https:\/\/bbqassad.ee\/fi\/wp-json\/wp\/v2\/product\/21647","targetHints":{"allow":["GET"]}}],"collection":[{"href":"https:\/\/bbqassad.ee\/fi\/wp-json\/wp\/v2\/product"}],"about":[{"href":"https:\/\/bbqassad.ee\/fi\/wp-json\/wp\/v2\/types\/product"}],"replies":[{"embeddable":true,"href":"https:\/\/bbqassad.ee\/fi\/wp-json\/wp\/v2\/comments?post=21647"}],"wp:featuredmedia":[{"embeddable":true,"href":"https:\/\/bbqassad.ee\/fi\/wp-json\/wp\/v2\/media\/21648"}],"wp:attachment":[{"href":"https:\/\/bbqassad.ee\/fi\/wp-json\/wp\/v2\/media?parent=21647"}],"wp:term":[{"taxonomy":"product_brand","embeddable":true,"href":"https:\/\/bbqassad.ee\/fi\/wp-json\/wp\/v2\/product_brand?post=21647"},{"taxonomy":"product_cat","embeddable":true,"href":"https:\/\/bbqassad.ee\/fi\/wp-json\/wp\/v2\/product_cat?post=21647"},{"taxonomy":"product_tag","embeddable":true,"href":"https:\/\/bbqassad.ee\/fi\/wp-json\/wp\/v2\/product_tag?post=21647"}],"curies":[{"name":"wp","href":"https:\/\/api.w.org\/{rel}","templated":true}]}}