{"id":21638,"date":"2026-02-23T15:05:48","date_gmt":"2026-02-23T15:05:48","guid":{"rendered":"https:\/\/bbqassad.ee\/toode\/napoleon-oasis-ulkokaappimoduuli-sisaanrakennetuille-700-sarjan-polttimille\/"},"modified":"2026-04-14T06:32:08","modified_gmt":"2026-04-14T06:32:08","slug":"napoleon-oasis-ulkokaappimoduuli-sisaanrakennetuille-700-sarjan-polttimille","status":"publish","type":"product","link":"https:\/\/bbqassad.ee\/fi\/toode\/napoleon-oasis-ulkokaappimoduuli-sisaanrakennetuille-700-sarjan-polttimille\/","title":{"rendered":"Napoleon OASIS\u2122 -ulkokaappimoduuli sis\u00e4\u00e4nrakennetuille 700-sarjan polttimille."},"content":{"rendered":"<h3 data-start=\"232\" data-end=\"313\"><strong>Napoleon OASIS\u2122 ulkokeitti\u00f6kalusteet &#8211; toimiva ja s\u00e4\u00e4nkest\u00e4v\u00e4 ratkaisu<\/strong><\/h3>\n<p class=\"\" data-start=\"315\" data-end=\"939\">Napoleon OASIS\u2122 -ulkokalusteet on suunniteltu luomaan kest\u00e4v\u00e4 ja hyvin j\u00e4rjestetty ulkokeitti\u00f6. Vakiomuotoisen modulaarisen mitoitusj\u00e4rjestelm\u00e4n ansiosta voit yhdistell\u00e4 erilaisia kaappeja, laatikoita, kulmamoduuleja ja grillej\u00e4 ulkotilasi ja ruoanlaittotottumuksiesi mukaan. Kaikki elementit on valmistettu pulverimaalatuista sinkityst\u00e4 ter\u00e4ksest\u00e4, jossa on ruostumattomasta ter\u00e4ksest\u00e4 valmistettuja yksityiskohtia, ja ne soveltuvat ymp\u00e4rivuotiseen ulkok\u00e4ytt\u00f6\u00f6n. S\u00e4\u00e4dett\u00e4vien jalkojen ansiosta asennus on helppoa my\u00f6s ep\u00e4tasaisille pinnoille. OASIS-moduulit toimitetaan koottuina ja ne ovat helposti yhteensopivia Napoleonin sis\u00e4\u00e4nrakennettujen grillien ja lis\u00e4varusteiden kanssa.    <\/p>\n<h4 data-start=\"941\" data-end=\"1335\"><strong>Jokap\u00e4iv\u00e4ist\u00e4 k\u00e4ytt\u00f6\u00e4 tukevat ominaisuudet<\/strong><\/h4>\n<p data-start=\"941\" data-end=\"1335\">&#8211; Jauhemaalattu galvanoitu ter\u00e4s ja ruostumaton ter\u00e4s<br data-start=\"1030\" data-end=\"1033\">&#8211; S\u00e4\u00e4nkest\u00e4v\u00e4t ulkokalusteet &#8211; sopivat k\u00e4ytett\u00e4v\u00e4ksi kaikkina vuodenaikoina<br data-start=\"1097\" data-end=\"1100\">&#8211; Moduulij\u00e4rjestelm\u00e4 mahdollistaa eri moduulien yhdist\u00e4misen<br data-start=\"1163\" data-end=\"1166\">&#8211; S\u00e4\u00e4dett\u00e4v\u00e4t jalat vakaaseen asennukseen<br data-start=\"1215\" data-end=\"1218\">&#8211; Toimitetaan koottuna &#8211; ei vaadi kokoamista.<\/p>\n","protected":false},"excerpt":{"rendered":"<h3 data-start=\"166\" data-end=\"246\"><strong>Napoleon OASIS\u2122 -ulkokaappimoduuli sis\u00e4\u00e4nrakennetuille 700-sarjan polttimille.<\/strong><\/h3>\n<p class=\"\" data-start=\"248\" data-end=\"688\">Vankkarakenteinen kaappimoduuli, joka on suunniteltu k\u00e4ytett\u00e4v\u00e4ksi Napoleon 700 -sarjan sis\u00e4\u00e4nrakennettujen polttimien alla. Integroitu kahden laatikon ratkaisu tarjoaa k\u00e4yt\u00e4nn\u00f6llist\u00e4 s\u00e4ilytystilaa ty\u00f6kaluille ja tarvikkeille. <\/p>\n<p class=\"\" data-start=\"248\" data-end=\"688\">Sopii BIB18PB-, BIB18IR-, BIB18RT-, BIB12RT- ja BI12RT-polttimiin (HUOM: BIB12RT- ja BI12RT-polttimiin tarvitaan erillinen liitinsarja).<\/p>\n<p class=\"\" data-start=\"907\" data-end=\"1061\"><strong data-start=\"907\" data-end=\"928\">Mitat: <\/strong>(L \u00d7 K \u00d7 P \u00d7 S): 90 \u00d7 61 \u00d7 61 cm.<br data-start=\"969\" data-end=\"972\"><br data-start=\"985\" data-end=\"988\"><\/p>\n","protected":false},"featured_media":14297,"comment_status":"open","ping_status":"closed","template":"","meta":[],"product_brand":[768],"product_cat":[785,784],"product_tag":[],"class_list":{"0":"post-21638","1":"product","2":"type-product","3":"status-publish","4":"has-post-thumbnail","6":"product_brand-napoleon","7":"product_cat-kaasugrillien-tarvikkeet","8":"product_cat-tarvikkeet","10":"first","11":"instock","12":"taxable","13":"shipping-taxable","14":"purchasable","15":"product-type-simple"},"yoast_head":"<!-- This site is optimized with the Yoast SEO plugin v27.4 - https:\/\/yoast.com\/product\/yoast-seo-wordpress\/ -->\n<title>Napoleon OASIS\u2122 -kaappimoduuli 700-sarjan plethysmille - BBQ \u00c4ssad%<\/title>\n<meta name=\"description\" content=\"Napoleon OASIS\u2122 -kotelomoduuli on vankka rakenne, joka sopii 700-sarjan sis\u00e4\u00e4nrakennettuihin lokeroihin. K\u00e4yt\u00e4nn\u00f6llinen s\u00e4ilytystila kahdella laatikolla. Mitat: 90 x 61 x 61 cm.\" \/>\n<meta name=\"robots\" content=\"index, follow, max-snippet:-1, max-image-preview:large, max-video-preview:-1\" \/>\n<link rel=\"canonical\" href=\"https:\/\/bbqassad.ee\/fi\/toode\/napoleon-oasis-ulkokaappimoduuli-sisaanrakennetuille-700-sarjan-polttimille\/\" \/>\n<meta property=\"og:locale\" content=\"fi_FI\" \/>\n<meta property=\"og:type\" content=\"article\" \/>\n<meta property=\"og:title\" content=\"Napoleon OASIS\u2122 -kaappimoduuli 700-sarjan plethysmille - BBQ \u00c4ssad%\" \/>\n<meta property=\"og:description\" content=\"Napoleon OASIS\u2122 -kotelomoduuli on vankka rakenne, joka sopii 700-sarjan sis\u00e4\u00e4nrakennettuihin lokeroihin. K\u00e4yt\u00e4nn\u00f6llinen s\u00e4ilytystila kahdella laatikolla. Mitat: 90 x 61 x 61 cm.\" \/>\n<meta property=\"og:url\" content=\"https:\/\/bbqassad.ee\/fi\/toode\/napoleon-oasis-ulkokaappimoduuli-sisaanrakennetuille-700-sarjan-polttimille\/\" \/>\n<meta property=\"og:site_name\" content=\"BBQ \u00c4ssad\" \/>\n<meta property=\"article:publisher\" content=\"https:\/\/www.facebook.com\/bbqassad\" \/>\n<meta property=\"article:modified_time\" content=\"2026-04-14T06:32:08+00:00\" \/>\n<meta property=\"og:image\" content=\"https:\/\/bbqassad.ee\/wp-content\/uploads\/2026\/02\/im-ugc18-cn-a-03-21.jpg\" \/>\n<meta name=\"twitter:card\" content=\"summary_large_image\" \/>\n<meta name=\"twitter:title\" content=\"Napoleon OASIS\u2122 -kaappimoduuli 700-sarjan plethysmille - BBQ \u00c4ssad%\" \/>\n<meta name=\"twitter:description\" content=\"Napoleon OASIS\u2122 -kotelomoduuli on vankka rakenne, joka sopii 700-sarjan sis\u00e4\u00e4nrakennettuihin lokeroihin. K\u00e4yt\u00e4nn\u00f6llinen s\u00e4ilytystila kahdella laatikolla. Mitat: 90 x 61 x 61 cm.\" \/>\n<meta name=\"twitter:image\" content=\"https:\/\/bbqassad.ee\/wp-content\/uploads\/2026\/02\/im-ugc18-cn-a-03-21.jpg\" \/>\n<meta name=\"twitter:label1\" content=\"Arvioitu lukuaika\" \/>\n\t<meta name=\"twitter:data1\" content=\"1 minuutti\" \/>\n<script type=\"application\/ld+json\" class=\"yoast-schema-graph\">{\"@context\":\"https:\\\/\\\/schema.org\",\"@graph\":[{\"@type\":\"WebPage\",\"@id\":\"https:\\\/\\\/bbqassad.ee\\\/fi\\\/toode\\\/napoleon-oasis-ulkokaappimoduuli-sisaanrakennetuille-700-sarjan-polttimille\\\/\",\"url\":\"https:\\\/\\\/bbqassad.ee\\\/fi\\\/toode\\\/napoleon-oasis-ulkokaappimoduuli-sisaanrakennetuille-700-sarjan-polttimille\\\/\",\"name\":\"Napoleon OASIS\u2122 -kaappimoduuli 700-sarjan plethysmille - BBQ \u00c4ssad%\",\"isPartOf\":{\"@id\":\"https:\\\/\\\/bbqassad.ee\\\/fi\\\/#website\"},\"primaryImageOfPage\":{\"@id\":\"https:\\\/\\\/bbqassad.ee\\\/fi\\\/toode\\\/napoleon-oasis-ulkokaappimoduuli-sisaanrakennetuille-700-sarjan-polttimille\\\/#primaryimage\"},\"image\":{\"@id\":\"https:\\\/\\\/bbqassad.ee\\\/fi\\\/toode\\\/napoleon-oasis-ulkokaappimoduuli-sisaanrakennetuille-700-sarjan-polttimille\\\/#primaryimage\"},\"thumbnailUrl\":\"https:\\\/\\\/bbqassad.ee\\\/wp-content\\\/uploads\\\/2026\\\/02\\\/im-ugc18-cn-a-03-21.jpg\",\"datePublished\":\"2026-02-23T15:05:48+00:00\",\"dateModified\":\"2026-04-14T06:32:08+00:00\",\"description\":\"Napoleon OASIS\u2122 -kotelomoduuli on vankka rakenne, joka sopii 700-sarjan sis\u00e4\u00e4nrakennettuihin lokeroihin. K\u00e4yt\u00e4nn\u00f6llinen s\u00e4ilytystila kahdella laatikolla. Mitat: 90 x 61 x 61 cm.\",\"breadcrumb\":{\"@id\":\"https:\\\/\\\/bbqassad.ee\\\/fi\\\/toode\\\/napoleon-oasis-ulkokaappimoduuli-sisaanrakennetuille-700-sarjan-polttimille\\\/#breadcrumb\"},\"inLanguage\":\"fi\",\"potentialAction\":[{\"@type\":\"ReadAction\",\"target\":[\"https:\\\/\\\/bbqassad.ee\\\/fi\\\/toode\\\/napoleon-oasis-ulkokaappimoduuli-sisaanrakennetuille-700-sarjan-polttimille\\\/\"]}]},{\"@type\":\"ImageObject\",\"inLanguage\":\"fi\",\"@id\":\"https:\\\/\\\/bbqassad.ee\\\/fi\\\/toode\\\/napoleon-oasis-ulkokaappimoduuli-sisaanrakennetuille-700-sarjan-polttimille\\\/#primaryimage\",\"url\":\"https:\\\/\\\/bbqassad.ee\\\/wp-content\\\/uploads\\\/2026\\\/02\\\/im-ugc18-cn-a-03-21.jpg\",\"contentUrl\":\"https:\\\/\\\/bbqassad.ee\\\/wp-content\\\/uploads\\\/2026\\\/02\\\/im-ugc18-cn-a-03-21.jpg\",\"width\":700,\"height\":700},{\"@type\":\"BreadcrumbList\",\"@id\":\"https:\\\/\\\/bbqassad.ee\\\/fi\\\/toode\\\/napoleon-oasis-ulkokaappimoduuli-sisaanrakennetuille-700-sarjan-polttimille\\\/#breadcrumb\",\"itemListElement\":[{\"@type\":\"ListItem\",\"position\":1,\"name\":\"Home\",\"item\":\"https:\\\/\\\/bbqassad.ee\\\/fi\\\/bbq-assat\\\/\"},{\"@type\":\"ListItem\",\"position\":2,\"name\":\"Verkkokauppa\",\"item\":\"https:\\\/\\\/bbqassad.ee\\\/fi\\\/verkkokauppa\\\/\"},{\"@type\":\"ListItem\",\"position\":3,\"name\":\"Napoleon OASIS\u2122 -ulkokaappimoduuli sis\u00e4\u00e4nrakennetuille 700-sarjan polttimille.\"}]},{\"@type\":\"WebSite\",\"@id\":\"https:\\\/\\\/bbqassad.ee\\\/fi\\\/#website\",\"url\":\"https:\\\/\\\/bbqassad.ee\\\/fi\\\/\",\"name\":\"BBQ \u00c4ssad\",\"description\":\"BBQ maitseained, kastmed, ahjud\",\"publisher\":{\"@id\":\"https:\\\/\\\/bbqassad.ee\\\/fi\\\/#organization\"},\"potentialAction\":[{\"@type\":\"SearchAction\",\"target\":{\"@type\":\"EntryPoint\",\"urlTemplate\":\"https:\\\/\\\/bbqassad.ee\\\/fi\\\/?s={search_term_string}\"},\"query-input\":{\"@type\":\"PropertyValueSpecification\",\"valueRequired\":true,\"valueName\":\"search_term_string\"}}],\"inLanguage\":\"fi\"},{\"@type\":\"Organization\",\"@id\":\"https:\\\/\\\/bbqassad.ee\\\/fi\\\/#organization\",\"name\":\"BBQ \u00c4ssad\",\"url\":\"https:\\\/\\\/bbqassad.ee\\\/fi\\\/\",\"logo\":{\"@type\":\"ImageObject\",\"inLanguage\":\"fi\",\"@id\":\"https:\\\/\\\/bbqassad.ee\\\/fi\\\/#\\\/schema\\\/logo\\\/image\\\/\",\"url\":\"https:\\\/\\\/bbqassad.ee\\\/wp-content\\\/uploads\\\/2022\\\/10\\\/BBQ-2ssadlogo.png\",\"contentUrl\":\"https:\\\/\\\/bbqassad.ee\\\/wp-content\\\/uploads\\\/2022\\\/10\\\/BBQ-2ssadlogo.png\",\"width\":1080,\"height\":1080,\"caption\":\"BBQ \u00c4ssad\"},\"image\":{\"@id\":\"https:\\\/\\\/bbqassad.ee\\\/fi\\\/#\\\/schema\\\/logo\\\/image\\\/\"},\"sameAs\":[\"https:\\\/\\\/www.facebook.com\\\/bbqassad\",\"https:\\\/\\\/www.youtube.com\\\/channel\\\/UCsoufn49J6TVi9Ah9meE93w\"]}]}<\/script>\n<!-- \/ Yoast SEO plugin. -->","yoast_head_json":{"title":"Napoleon OASIS\u2122 -kaappimoduuli 700-sarjan plethysmille - BBQ \u00c4ssad%","description":"Napoleon OASIS\u2122 -kotelomoduuli on vankka rakenne, joka sopii 700-sarjan sis\u00e4\u00e4nrakennettuihin lokeroihin. K\u00e4yt\u00e4nn\u00f6llinen s\u00e4ilytystila kahdella laatikolla. Mitat: 90 x 61 x 61 cm.","robots":{"index":"index","follow":"follow","max-snippet":"max-snippet:-1","max-image-preview":"max-image-preview:large","max-video-preview":"max-video-preview:-1"},"canonical":"https:\/\/bbqassad.ee\/fi\/toode\/napoleon-oasis-ulkokaappimoduuli-sisaanrakennetuille-700-sarjan-polttimille\/","og_locale":"fi_FI","og_type":"article","og_title":"Napoleon OASIS\u2122 -kaappimoduuli 700-sarjan plethysmille - BBQ \u00c4ssad%","og_description":"Napoleon OASIS\u2122 -kotelomoduuli on vankka rakenne, joka sopii 700-sarjan sis\u00e4\u00e4nrakennettuihin lokeroihin. K\u00e4yt\u00e4nn\u00f6llinen s\u00e4ilytystila kahdella laatikolla. Mitat: 90 x 61 x 61 cm.","og_url":"https:\/\/bbqassad.ee\/fi\/toode\/napoleon-oasis-ulkokaappimoduuli-sisaanrakennetuille-700-sarjan-polttimille\/","og_site_name":"BBQ \u00c4ssad","article_publisher":"https:\/\/www.facebook.com\/bbqassad","article_modified_time":"2026-04-14T06:32:08+00:00","og_image":[{"url":"https:\/\/bbqassad.ee\/wp-content\/uploads\/2026\/02\/im-ugc18-cn-a-03-21.jpg","type":"","width":"","height":""}],"twitter_card":"summary_large_image","twitter_title":"Napoleon OASIS\u2122 -kaappimoduuli 700-sarjan plethysmille - BBQ \u00c4ssad%","twitter_description":"Napoleon OASIS\u2122 -kotelomoduuli on vankka rakenne, joka sopii 700-sarjan sis\u00e4\u00e4nrakennettuihin lokeroihin. K\u00e4yt\u00e4nn\u00f6llinen s\u00e4ilytystila kahdella laatikolla. Mitat: 90 x 61 x 61 cm.","twitter_image":"https:\/\/bbqassad.ee\/wp-content\/uploads\/2026\/02\/im-ugc18-cn-a-03-21.jpg","twitter_misc":{"Arvioitu lukuaika":"1 minuutti"},"schema":{"@context":"https:\/\/schema.org","@graph":[{"@type":"WebPage","@id":"https:\/\/bbqassad.ee\/fi\/toode\/napoleon-oasis-ulkokaappimoduuli-sisaanrakennetuille-700-sarjan-polttimille\/","url":"https:\/\/bbqassad.ee\/fi\/toode\/napoleon-oasis-ulkokaappimoduuli-sisaanrakennetuille-700-sarjan-polttimille\/","name":"Napoleon OASIS\u2122 -kaappimoduuli 700-sarjan plethysmille - BBQ \u00c4ssad%","isPartOf":{"@id":"https:\/\/bbqassad.ee\/fi\/#website"},"primaryImageOfPage":{"@id":"https:\/\/bbqassad.ee\/fi\/toode\/napoleon-oasis-ulkokaappimoduuli-sisaanrakennetuille-700-sarjan-polttimille\/#primaryimage"},"image":{"@id":"https:\/\/bbqassad.ee\/fi\/toode\/napoleon-oasis-ulkokaappimoduuli-sisaanrakennetuille-700-sarjan-polttimille\/#primaryimage"},"thumbnailUrl":"https:\/\/bbqassad.ee\/wp-content\/uploads\/2026\/02\/im-ugc18-cn-a-03-21.jpg","datePublished":"2026-02-23T15:05:48+00:00","dateModified":"2026-04-14T06:32:08+00:00","description":"Napoleon OASIS\u2122 -kotelomoduuli on vankka rakenne, joka sopii 700-sarjan sis\u00e4\u00e4nrakennettuihin lokeroihin. K\u00e4yt\u00e4nn\u00f6llinen s\u00e4ilytystila kahdella laatikolla. Mitat: 90 x 61 x 61 cm.","breadcrumb":{"@id":"https:\/\/bbqassad.ee\/fi\/toode\/napoleon-oasis-ulkokaappimoduuli-sisaanrakennetuille-700-sarjan-polttimille\/#breadcrumb"},"inLanguage":"fi","potentialAction":[{"@type":"ReadAction","target":["https:\/\/bbqassad.ee\/fi\/toode\/napoleon-oasis-ulkokaappimoduuli-sisaanrakennetuille-700-sarjan-polttimille\/"]}]},{"@type":"ImageObject","inLanguage":"fi","@id":"https:\/\/bbqassad.ee\/fi\/toode\/napoleon-oasis-ulkokaappimoduuli-sisaanrakennetuille-700-sarjan-polttimille\/#primaryimage","url":"https:\/\/bbqassad.ee\/wp-content\/uploads\/2026\/02\/im-ugc18-cn-a-03-21.jpg","contentUrl":"https:\/\/bbqassad.ee\/wp-content\/uploads\/2026\/02\/im-ugc18-cn-a-03-21.jpg","width":700,"height":700},{"@type":"BreadcrumbList","@id":"https:\/\/bbqassad.ee\/fi\/toode\/napoleon-oasis-ulkokaappimoduuli-sisaanrakennetuille-700-sarjan-polttimille\/#breadcrumb","itemListElement":[{"@type":"ListItem","position":1,"name":"Home","item":"https:\/\/bbqassad.ee\/fi\/bbq-assat\/"},{"@type":"ListItem","position":2,"name":"Verkkokauppa","item":"https:\/\/bbqassad.ee\/fi\/verkkokauppa\/"},{"@type":"ListItem","position":3,"name":"Napoleon OASIS\u2122 -ulkokaappimoduuli sis\u00e4\u00e4nrakennetuille 700-sarjan polttimille."}]},{"@type":"WebSite","@id":"https:\/\/bbqassad.ee\/fi\/#website","url":"https:\/\/bbqassad.ee\/fi\/","name":"BBQ \u00c4ssad","description":"BBQ maitseained, kastmed, ahjud","publisher":{"@id":"https:\/\/bbqassad.ee\/fi\/#organization"},"potentialAction":[{"@type":"SearchAction","target":{"@type":"EntryPoint","urlTemplate":"https:\/\/bbqassad.ee\/fi\/?s={search_term_string}"},"query-input":{"@type":"PropertyValueSpecification","valueRequired":true,"valueName":"search_term_string"}}],"inLanguage":"fi"},{"@type":"Organization","@id":"https:\/\/bbqassad.ee\/fi\/#organization","name":"BBQ \u00c4ssad","url":"https:\/\/bbqassad.ee\/fi\/","logo":{"@type":"ImageObject","inLanguage":"fi","@id":"https:\/\/bbqassad.ee\/fi\/#\/schema\/logo\/image\/","url":"https:\/\/bbqassad.ee\/wp-content\/uploads\/2022\/10\/BBQ-2ssadlogo.png","contentUrl":"https:\/\/bbqassad.ee\/wp-content\/uploads\/2022\/10\/BBQ-2ssadlogo.png","width":1080,"height":1080,"caption":"BBQ \u00c4ssad"},"image":{"@id":"https:\/\/bbqassad.ee\/fi\/#\/schema\/logo\/image\/"},"sameAs":["https:\/\/www.facebook.com\/bbqassad","https:\/\/www.youtube.com\/channel\/UCsoufn49J6TVi9Ah9meE93w"]}]}},"_links":{"self":[{"href":"https:\/\/bbqassad.ee\/fi\/wp-json\/wp\/v2\/product\/21638","targetHints":{"allow":["GET"]}}],"collection":[{"href":"https:\/\/bbqassad.ee\/fi\/wp-json\/wp\/v2\/product"}],"about":[{"href":"https:\/\/bbqassad.ee\/fi\/wp-json\/wp\/v2\/types\/product"}],"replies":[{"embeddable":true,"href":"https:\/\/bbqassad.ee\/fi\/wp-json\/wp\/v2\/comments?post=21638"}],"wp:featuredmedia":[{"embeddable":true,"href":"https:\/\/bbqassad.ee\/fi\/wp-json\/wp\/v2\/media\/14297"}],"wp:attachment":[{"href":"https:\/\/bbqassad.ee\/fi\/wp-json\/wp\/v2\/media?parent=21638"}],"wp:term":[{"taxonomy":"product_brand","embeddable":true,"href":"https:\/\/bbqassad.ee\/fi\/wp-json\/wp\/v2\/product_brand?post=21638"},{"taxonomy":"product_cat","embeddable":true,"href":"https:\/\/bbqassad.ee\/fi\/wp-json\/wp\/v2\/product_cat?post=21638"},{"taxonomy":"product_tag","embeddable":true,"href":"https:\/\/bbqassad.ee\/fi\/wp-json\/wp\/v2\/product_tag?post=21638"}],"curies":[{"name":"wp","href":"https:\/\/api.w.org\/{rel}","templated":true}]}}