{"id":21608,"date":"2026-02-23T15:05:54","date_gmt":"2026-02-23T15:05:54","guid":{"rendered":"https:\/\/bbqassad.ee\/toode\/napoleon-birchwood-ajopuu-koivukepit-jokikivilla-sahkotakkaan\/"},"modified":"2026-04-14T06:32:05","modified_gmt":"2026-04-14T06:32:05","slug":"napoleon-birchwood-ajopuu-koivukepit-jokikivilla-sahkotakkaan","status":"publish","type":"product","link":"https:\/\/bbqassad.ee\/fi\/toode\/napoleon-birchwood-ajopuu-koivukepit-jokikivilla-sahkotakkaan\/","title":{"rendered":"Napoleon Birchwood ajopuu koivukepit jokikivill\u00e4 s\u00e4hk\u00f6takkaan"},"content":{"rendered":"","protected":false},"excerpt":{"rendered":"<h3><strong>Napoleon Birchwood ajopuu koivutangot jokikivill\u00e4 s\u00e4hk\u00f6takkaan<\/strong><\/h3>\n<p style=\"font-weight: 400\">Napoleonin ajopuu- ja jokikivisarja antaa s\u00e4hk\u00f6takalle luonnollisen ilmeen. Jokikivien ja ajopuun oksien yhdistelm\u00e4 heijastaa valoa eri tavoin, mik\u00e4 tekee liekin v\u00e4rin\u00e4ytelm\u00e4st\u00e4 monimutkaisemman. Takka n\u00e4ytt\u00e4\u00e4 esteettisesti miellytt\u00e4v\u00e4lt\u00e4 t\u00e4m\u00e4n lis\u00e4varusteen avulla my\u00f6s silloin, kun se ei ole p\u00e4\u00e4ll\u00e4.  <\/p>\n<p><strong>K\u00e4ytt\u00f6<\/strong><\/p>\n<p>Poista lasinen etupaneeli ja levit\u00e4 kivet tasaisesti koko pohjalle. Sekoita ne olemassa oleviin kiviin, jotta saat luonnollisemman ilmeen. Aseta ajopuun oksat kivien ja kristallien p\u00e4\u00e4lle. Kiinnit\u00e4 sitten lasinen etupaneeli takaisin.   <\/p>\n<p style=\"font-weight: 400\">Sopii k\u00e4ytett\u00e4v\u00e4ksi kaikissa Napoleonin s\u00e4hk\u00f6takkamalleissa.<\/p>\n","protected":false},"featured_media":14624,"comment_status":"closed","ping_status":"closed","template":"","meta":[],"product_brand":[],"product_cat":[784],"product_tag":[],"class_list":{"0":"post-21608","1":"product","2":"type-product","3":"status-publish","4":"has-post-thumbnail","6":"product_cat-tarvikkeet","8":"first","9":"instock","10":"taxable","11":"shipping-taxable","12":"purchasable","13":"product-type-simple"},"yoast_head":"<!-- This site is optimized with the Yoast SEO plugin v27.4 - https:\/\/yoast.com\/product\/yoast-seo-wordpress\/ -->\n<title>Napoleon Birchwood koivupuupuikot s\u00e4hk\u00f6takkaan -% BBQ \u00c4ssad%<\/title>\n<meta name=\"description\" content=\"Napoleon Birchwood ajopuu koivukepit ja jokikivet luovat s\u00e4hk\u00f6takkaan luonnollisen ilmeen. Sopii kaikkiin Napoleon-s\u00e4hk\u00f6takoihin.\" \/>\n<meta name=\"robots\" content=\"index, follow, max-snippet:-1, max-image-preview:large, max-video-preview:-1\" \/>\n<link rel=\"canonical\" href=\"https:\/\/bbqassad.ee\/fi\/toode\/napoleon-birchwood-ajopuu-koivukepit-jokikivilla-sahkotakkaan\/\" \/>\n<meta property=\"og:locale\" content=\"fi_FI\" \/>\n<meta property=\"og:type\" content=\"article\" \/>\n<meta property=\"og:title\" content=\"Napoleon Birchwood koivupuupuikot s\u00e4hk\u00f6takkaan - BBQ \u00c4ssad%\" \/>\n<meta property=\"og:description\" content=\"Napoleon Birchwood ajopuu koivukepit ja jokikivet luovat s\u00e4hk\u00f6takkaan luonnollisen ilmeen. Sopii kaikkiin Napoleon-s\u00e4hk\u00f6takoihin.\" \/>\n<meta property=\"og:url\" content=\"https:\/\/bbqassad.ee\/fi\/toode\/napoleon-birchwood-ajopuu-koivukepit-jokikivilla-sahkotakkaan\/\" \/>\n<meta property=\"og:site_name\" content=\"BBQ \u00c4ssad\" \/>\n<meta property=\"article:publisher\" content=\"https:\/\/www.facebook.com\/bbqassad\" \/>\n<meta property=\"article:modified_time\" content=\"2026-04-14T06:32:05+00:00\" \/>\n<meta property=\"og:image\" content=\"https:\/\/bbqassad.ee\/wp-content\/uploads\/2026\/02\/Napoleon-kasepulgad-elektrikamin.png\" \/>\n<meta name=\"twitter:card\" content=\"summary_large_image\" \/>\n<meta name=\"twitter:title\" content=\"Napoleon Birchwood koivupuupuikot s\u00e4hk\u00f6takkaan - BBQ \u00c4ssad%\" \/>\n<meta name=\"twitter:description\" content=\"Napoleon Birchwood ajopuu koivukepit ja jokikivet luovat s\u00e4hk\u00f6takkaan luonnollisen ilmeen. Sopii kaikkiin Napoleon-s\u00e4hk\u00f6takoihin.\" \/>\n<meta name=\"twitter:image\" content=\"https:\/\/bbqassad.ee\/wp-content\/uploads\/2026\/02\/Napoleon-kasepulgad-elektrikamin.png\" \/>\n<script type=\"application\/ld+json\" class=\"yoast-schema-graph\">{\"@context\":\"https:\\\/\\\/schema.org\",\"@graph\":[{\"@type\":\"WebPage\",\"@id\":\"https:\\\/\\\/bbqassad.ee\\\/fi\\\/toode\\\/napoleon-birchwood-ajopuu-koivukepit-jokikivilla-sahkotakkaan\\\/\",\"url\":\"https:\\\/\\\/bbqassad.ee\\\/fi\\\/toode\\\/napoleon-birchwood-ajopuu-koivukepit-jokikivilla-sahkotakkaan\\\/\",\"name\":\"Napoleon Birchwood koivupuupuikot s\u00e4hk\u00f6takkaan -% BBQ \u00c4ssad%\",\"isPartOf\":{\"@id\":\"https:\\\/\\\/bbqassad.ee\\\/fi\\\/#website\"},\"primaryImageOfPage\":{\"@id\":\"https:\\\/\\\/bbqassad.ee\\\/fi\\\/toode\\\/napoleon-birchwood-ajopuu-koivukepit-jokikivilla-sahkotakkaan\\\/#primaryimage\"},\"image\":{\"@id\":\"https:\\\/\\\/bbqassad.ee\\\/fi\\\/toode\\\/napoleon-birchwood-ajopuu-koivukepit-jokikivilla-sahkotakkaan\\\/#primaryimage\"},\"thumbnailUrl\":\"https:\\\/\\\/bbqassad.ee\\\/wp-content\\\/uploads\\\/2026\\\/02\\\/Napoleon-kasepulgad-elektrikamin.png\",\"datePublished\":\"2026-02-23T15:05:54+00:00\",\"dateModified\":\"2026-04-14T06:32:05+00:00\",\"description\":\"Napoleon Birchwood ajopuu koivukepit ja jokikivet luovat s\u00e4hk\u00f6takkaan luonnollisen ilmeen. Sopii kaikkiin Napoleon-s\u00e4hk\u00f6takoihin.\",\"breadcrumb\":{\"@id\":\"https:\\\/\\\/bbqassad.ee\\\/fi\\\/toode\\\/napoleon-birchwood-ajopuu-koivukepit-jokikivilla-sahkotakkaan\\\/#breadcrumb\"},\"inLanguage\":\"fi\",\"potentialAction\":[{\"@type\":\"ReadAction\",\"target\":[\"https:\\\/\\\/bbqassad.ee\\\/fi\\\/toode\\\/napoleon-birchwood-ajopuu-koivukepit-jokikivilla-sahkotakkaan\\\/\"]}]},{\"@type\":\"ImageObject\",\"inLanguage\":\"fi\",\"@id\":\"https:\\\/\\\/bbqassad.ee\\\/fi\\\/toode\\\/napoleon-birchwood-ajopuu-koivukepit-jokikivilla-sahkotakkaan\\\/#primaryimage\",\"url\":\"https:\\\/\\\/bbqassad.ee\\\/wp-content\\\/uploads\\\/2026\\\/02\\\/Napoleon-kasepulgad-elektrikamin.png\",\"contentUrl\":\"https:\\\/\\\/bbqassad.ee\\\/wp-content\\\/uploads\\\/2026\\\/02\\\/Napoleon-kasepulgad-elektrikamin.png\",\"width\":300,\"height\":300},{\"@type\":\"BreadcrumbList\",\"@id\":\"https:\\\/\\\/bbqassad.ee\\\/fi\\\/toode\\\/napoleon-birchwood-ajopuu-koivukepit-jokikivilla-sahkotakkaan\\\/#breadcrumb\",\"itemListElement\":[{\"@type\":\"ListItem\",\"position\":1,\"name\":\"Home\",\"item\":\"https:\\\/\\\/bbqassad.ee\\\/fi\\\/bbq-assat\\\/\"},{\"@type\":\"ListItem\",\"position\":2,\"name\":\"Verkkokauppa\",\"item\":\"https:\\\/\\\/bbqassad.ee\\\/fi\\\/verkkokauppa\\\/\"},{\"@type\":\"ListItem\",\"position\":3,\"name\":\"Napoleon Birchwood ajopuu koivukepit jokikivill\u00e4 s\u00e4hk\u00f6takkaan\"}]},{\"@type\":\"WebSite\",\"@id\":\"https:\\\/\\\/bbqassad.ee\\\/fi\\\/#website\",\"url\":\"https:\\\/\\\/bbqassad.ee\\\/fi\\\/\",\"name\":\"BBQ \u00c4ssad\",\"description\":\"BBQ maitseained, kastmed, ahjud\",\"publisher\":{\"@id\":\"https:\\\/\\\/bbqassad.ee\\\/fi\\\/#organization\"},\"potentialAction\":[{\"@type\":\"SearchAction\",\"target\":{\"@type\":\"EntryPoint\",\"urlTemplate\":\"https:\\\/\\\/bbqassad.ee\\\/fi\\\/?s={search_term_string}\"},\"query-input\":{\"@type\":\"PropertyValueSpecification\",\"valueRequired\":true,\"valueName\":\"search_term_string\"}}],\"inLanguage\":\"fi\"},{\"@type\":\"Organization\",\"@id\":\"https:\\\/\\\/bbqassad.ee\\\/fi\\\/#organization\",\"name\":\"BBQ \u00c4ssad\",\"url\":\"https:\\\/\\\/bbqassad.ee\\\/fi\\\/\",\"logo\":{\"@type\":\"ImageObject\",\"inLanguage\":\"fi\",\"@id\":\"https:\\\/\\\/bbqassad.ee\\\/fi\\\/#\\\/schema\\\/logo\\\/image\\\/\",\"url\":\"https:\\\/\\\/bbqassad.ee\\\/wp-content\\\/uploads\\\/2022\\\/10\\\/BBQ-2ssadlogo.png\",\"contentUrl\":\"https:\\\/\\\/bbqassad.ee\\\/wp-content\\\/uploads\\\/2022\\\/10\\\/BBQ-2ssadlogo.png\",\"width\":1080,\"height\":1080,\"caption\":\"BBQ \u00c4ssad\"},\"image\":{\"@id\":\"https:\\\/\\\/bbqassad.ee\\\/fi\\\/#\\\/schema\\\/logo\\\/image\\\/\"},\"sameAs\":[\"https:\\\/\\\/www.facebook.com\\\/bbqassad\",\"https:\\\/\\\/www.youtube.com\\\/channel\\\/UCsoufn49J6TVi9Ah9meE93w\"]}]}<\/script>\n<!-- \/ Yoast SEO plugin. -->","yoast_head_json":{"title":"Napoleon Birchwood koivupuupuikot s\u00e4hk\u00f6takkaan -% BBQ \u00c4ssad%","description":"Napoleon Birchwood ajopuu koivukepit ja jokikivet luovat s\u00e4hk\u00f6takkaan luonnollisen ilmeen. Sopii kaikkiin Napoleon-s\u00e4hk\u00f6takoihin.","robots":{"index":"index","follow":"follow","max-snippet":"max-snippet:-1","max-image-preview":"max-image-preview:large","max-video-preview":"max-video-preview:-1"},"canonical":"https:\/\/bbqassad.ee\/fi\/toode\/napoleon-birchwood-ajopuu-koivukepit-jokikivilla-sahkotakkaan\/","og_locale":"fi_FI","og_type":"article","og_title":"Napoleon Birchwood koivupuupuikot s\u00e4hk\u00f6takkaan - BBQ \u00c4ssad%","og_description":"Napoleon Birchwood ajopuu koivukepit ja jokikivet luovat s\u00e4hk\u00f6takkaan luonnollisen ilmeen. Sopii kaikkiin Napoleon-s\u00e4hk\u00f6takoihin.","og_url":"https:\/\/bbqassad.ee\/fi\/toode\/napoleon-birchwood-ajopuu-koivukepit-jokikivilla-sahkotakkaan\/","og_site_name":"BBQ \u00c4ssad","article_publisher":"https:\/\/www.facebook.com\/bbqassad","article_modified_time":"2026-04-14T06:32:05+00:00","og_image":[{"url":"https:\/\/bbqassad.ee\/wp-content\/uploads\/2026\/02\/Napoleon-kasepulgad-elektrikamin.png","type":"","width":"","height":""}],"twitter_card":"summary_large_image","twitter_title":"Napoleon Birchwood koivupuupuikot s\u00e4hk\u00f6takkaan - BBQ \u00c4ssad%","twitter_description":"Napoleon Birchwood ajopuu koivukepit ja jokikivet luovat s\u00e4hk\u00f6takkaan luonnollisen ilmeen. Sopii kaikkiin Napoleon-s\u00e4hk\u00f6takoihin.","twitter_image":"https:\/\/bbqassad.ee\/wp-content\/uploads\/2026\/02\/Napoleon-kasepulgad-elektrikamin.png","schema":{"@context":"https:\/\/schema.org","@graph":[{"@type":"WebPage","@id":"https:\/\/bbqassad.ee\/fi\/toode\/napoleon-birchwood-ajopuu-koivukepit-jokikivilla-sahkotakkaan\/","url":"https:\/\/bbqassad.ee\/fi\/toode\/napoleon-birchwood-ajopuu-koivukepit-jokikivilla-sahkotakkaan\/","name":"Napoleon Birchwood koivupuupuikot s\u00e4hk\u00f6takkaan -% BBQ \u00c4ssad%","isPartOf":{"@id":"https:\/\/bbqassad.ee\/fi\/#website"},"primaryImageOfPage":{"@id":"https:\/\/bbqassad.ee\/fi\/toode\/napoleon-birchwood-ajopuu-koivukepit-jokikivilla-sahkotakkaan\/#primaryimage"},"image":{"@id":"https:\/\/bbqassad.ee\/fi\/toode\/napoleon-birchwood-ajopuu-koivukepit-jokikivilla-sahkotakkaan\/#primaryimage"},"thumbnailUrl":"https:\/\/bbqassad.ee\/wp-content\/uploads\/2026\/02\/Napoleon-kasepulgad-elektrikamin.png","datePublished":"2026-02-23T15:05:54+00:00","dateModified":"2026-04-14T06:32:05+00:00","description":"Napoleon Birchwood ajopuu koivukepit ja jokikivet luovat s\u00e4hk\u00f6takkaan luonnollisen ilmeen. Sopii kaikkiin Napoleon-s\u00e4hk\u00f6takoihin.","breadcrumb":{"@id":"https:\/\/bbqassad.ee\/fi\/toode\/napoleon-birchwood-ajopuu-koivukepit-jokikivilla-sahkotakkaan\/#breadcrumb"},"inLanguage":"fi","potentialAction":[{"@type":"ReadAction","target":["https:\/\/bbqassad.ee\/fi\/toode\/napoleon-birchwood-ajopuu-koivukepit-jokikivilla-sahkotakkaan\/"]}]},{"@type":"ImageObject","inLanguage":"fi","@id":"https:\/\/bbqassad.ee\/fi\/toode\/napoleon-birchwood-ajopuu-koivukepit-jokikivilla-sahkotakkaan\/#primaryimage","url":"https:\/\/bbqassad.ee\/wp-content\/uploads\/2026\/02\/Napoleon-kasepulgad-elektrikamin.png","contentUrl":"https:\/\/bbqassad.ee\/wp-content\/uploads\/2026\/02\/Napoleon-kasepulgad-elektrikamin.png","width":300,"height":300},{"@type":"BreadcrumbList","@id":"https:\/\/bbqassad.ee\/fi\/toode\/napoleon-birchwood-ajopuu-koivukepit-jokikivilla-sahkotakkaan\/#breadcrumb","itemListElement":[{"@type":"ListItem","position":1,"name":"Home","item":"https:\/\/bbqassad.ee\/fi\/bbq-assat\/"},{"@type":"ListItem","position":2,"name":"Verkkokauppa","item":"https:\/\/bbqassad.ee\/fi\/verkkokauppa\/"},{"@type":"ListItem","position":3,"name":"Napoleon Birchwood ajopuu koivukepit jokikivill\u00e4 s\u00e4hk\u00f6takkaan"}]},{"@type":"WebSite","@id":"https:\/\/bbqassad.ee\/fi\/#website","url":"https:\/\/bbqassad.ee\/fi\/","name":"BBQ \u00c4ssad","description":"BBQ maitseained, kastmed, ahjud","publisher":{"@id":"https:\/\/bbqassad.ee\/fi\/#organization"},"potentialAction":[{"@type":"SearchAction","target":{"@type":"EntryPoint","urlTemplate":"https:\/\/bbqassad.ee\/fi\/?s={search_term_string}"},"query-input":{"@type":"PropertyValueSpecification","valueRequired":true,"valueName":"search_term_string"}}],"inLanguage":"fi"},{"@type":"Organization","@id":"https:\/\/bbqassad.ee\/fi\/#organization","name":"BBQ \u00c4ssad","url":"https:\/\/bbqassad.ee\/fi\/","logo":{"@type":"ImageObject","inLanguage":"fi","@id":"https:\/\/bbqassad.ee\/fi\/#\/schema\/logo\/image\/","url":"https:\/\/bbqassad.ee\/wp-content\/uploads\/2022\/10\/BBQ-2ssadlogo.png","contentUrl":"https:\/\/bbqassad.ee\/wp-content\/uploads\/2022\/10\/BBQ-2ssadlogo.png","width":1080,"height":1080,"caption":"BBQ \u00c4ssad"},"image":{"@id":"https:\/\/bbqassad.ee\/fi\/#\/schema\/logo\/image\/"},"sameAs":["https:\/\/www.facebook.com\/bbqassad","https:\/\/www.youtube.com\/channel\/UCsoufn49J6TVi9Ah9meE93w"]}]}},"_links":{"self":[{"href":"https:\/\/bbqassad.ee\/fi\/wp-json\/wp\/v2\/product\/21608","targetHints":{"allow":["GET"]}}],"collection":[{"href":"https:\/\/bbqassad.ee\/fi\/wp-json\/wp\/v2\/product"}],"about":[{"href":"https:\/\/bbqassad.ee\/fi\/wp-json\/wp\/v2\/types\/product"}],"replies":[{"embeddable":true,"href":"https:\/\/bbqassad.ee\/fi\/wp-json\/wp\/v2\/comments?post=21608"}],"wp:featuredmedia":[{"embeddable":true,"href":"https:\/\/bbqassad.ee\/fi\/wp-json\/wp\/v2\/media\/14624"}],"wp:attachment":[{"href":"https:\/\/bbqassad.ee\/fi\/wp-json\/wp\/v2\/media?parent=21608"}],"wp:term":[{"taxonomy":"product_brand","embeddable":true,"href":"https:\/\/bbqassad.ee\/fi\/wp-json\/wp\/v2\/product_brand?post=21608"},{"taxonomy":"product_cat","embeddable":true,"href":"https:\/\/bbqassad.ee\/fi\/wp-json\/wp\/v2\/product_cat?post=21608"},{"taxonomy":"product_tag","embeddable":true,"href":"https:\/\/bbqassad.ee\/fi\/wp-json\/wp\/v2\/product_tag?post=21608"}],"curies":[{"name":"wp","href":"https:\/\/api.w.org\/{rel}","templated":true}]}}