{"id":21600,"date":"2026-02-23T15:05:54","date_gmt":"2026-02-23T15:05:54","guid":{"rendered":"https:\/\/bbqassad.ee\/toode\/napoleon-allure-32-vaakasuora-sahkotakkalammitin-lammitystoiminnolla\/"},"modified":"2026-04-14T06:32:05","modified_gmt":"2026-04-14T06:32:05","slug":"napoleon-allure-32-vaakasuora-sahkotakkalammitin-lammitystoiminnolla","status":"publish","type":"product","link":"https:\/\/bbqassad.ee\/fi\/toode\/napoleon-allure-32-vaakasuora-sahkotakkalammitin-lammitystoiminnolla\/","title":{"rendered":"Napoleon ALLURE\u2122 32 vaakasuora s\u00e4hk\u00f6takkal\u00e4mmitin l\u00e4mmitystoiminnolla"},"content":{"rendered":"","protected":false},"excerpt":{"rendered":"<h3><strong>Napoleon ALLURE\u2122 32 vaakasuora s\u00e4hk\u00f6takkapatteri, jossa on l\u00e4mmitystoiminto.<\/strong><\/h3>\n<p style=\"font-weight: 400\">Napoleon Allure -takka luo realistisen LED-valaistustehosteen ja antaa miellytt\u00e4v\u00e4\u00e4 l\u00e4mp\u00f6\u00e4, joka sopii hyvin olohuoneeseen tai toimistoon, jossa halutaan visuaalista viihtyisyytt\u00e4 ilman savua ja huoltoa.<\/p>\n<p style=\"font-weight: 400\"><strong>Ominaisuudet<\/strong><\/p>\n<ul>\n<li data-start=\"411\" data-end=\"573\">Muotoilu &#8211; musta metallirunko ja karkaistu turvalasi. Sopii sein\u00e4- tai uppoasennukseen. <\/li>\n<li data-start=\"684\" data-end=\"773\">K\u00e4ytt\u00f6 &#8211; Kaukos\u00e4\u00e4timell\u00e4 voidaan s\u00e4\u00e4t\u00e4\u00e4 sek\u00e4 l\u00e4mp\u00f6\u00e4 ett\u00e4 LED-valon v\u00e4ri\u00e4 &#8211; l\u00e4mmint\u00e4 oranssia, viile\u00e4mp\u00e4\u00e4 sinist\u00e4 tai useiden v\u00e4rien yhdistelm\u00e4\u00e4. LED-valaisimet ovat energiatehokkaita ja niiden k\u00e4ytt\u00f6ik\u00e4 on pitk\u00e4. <\/li>\n<li data-start=\"776\" data-end=\"863\">L\u00e4mp\u00f6 &#8211; l\u00e4mm\u00f6ntuotto on samanlainen kuin s\u00e4hk\u00f6patterilla, ja sit\u00e4 voidaan k\u00e4ytt\u00e4\u00e4 lis\u00e4l\u00e4mm\u00f6n l\u00e4hteen\u00e4. Kaksivaiheisella l\u00e4mm\u00f6ntuotolla (950 W ja 2000 W) varustetut mallit voivat l\u00e4mmitt\u00e4\u00e4 jopa 30 m\u00b2:n alueen. <\/li>\n<li data-start=\"866\" data-end=\"954\">Ilmanvaihto &#8211; haluttaessa voidaan k\u00e4ytt\u00e4\u00e4 vain ilmanvaihtotilaa ilman l\u00e4mmityst\u00e4.<\/li>\n<li>Turvallisuus &#8211; ylikuumenemissuoja ja automaattinen sammutus takaavat turvallisen k\u00e4yt\u00f6n.<\/li>\n<li data-start=\"957\" data-end=\"1025\">Helppo asennus &#8211; kaikki sein\u00e4asennukseen tarvittava sis\u00e4ltyy toimitukseen.<\/li>\n<\/ul>\n<p style=\"font-weight: 400\"><strong data-start=\"1027\" data-end=\"1041\">Toimittaa<\/strong><\/p>\n<ul>\n<li data-start=\"1046\" data-end=\"1065\">s\u00e4hk\u00f6takka<\/li>\n<li data-start=\"1068\" data-end=\"1086\">kaukos\u00e4\u00e4din<\/li>\n<li data-start=\"1089\" data-end=\"1115\">koristeelliset kristallit<\/li>\n<li data-start=\"1118\" data-end=\"1163\">sein\u00e4kiinnitystarvikkeet ja kaapelikanava<\/li>\n<\/ul>\n<p style=\"font-weight: 400\">\n","protected":false},"featured_media":14582,"comment_status":"closed","ping_status":"closed","template":"","meta":[],"product_brand":[768],"product_cat":[784],"product_tag":[],"class_list":{"0":"post-21600","1":"product","2":"type-product","3":"status-publish","4":"has-post-thumbnail","6":"product_brand-napoleon","7":"product_cat-tarvikkeet","9":"first","10":"instock","11":"taxable","12":"shipping-taxable","13":"purchasable","14":"product-type-simple"},"yoast_head":"<!-- This site is optimized with the Yoast SEO plugin v27.4 - https:\/\/yoast.com\/product\/yoast-seo-wordpress\/ -->\n<title>Napoleon ALLURE\u2122 32 s\u00e4hk\u00f6takka l\u00e4mmitin - BBQ \u00c4ssad%<\/title>\n<meta name=\"description\" content=\"Napoleon ALLURE\u2122 32 -vaakasuuntainen s\u00e4hk\u00f6takkal\u00e4mmitin luo realistisen LED-valaistustehosteen ja antaa miellytt\u00e4v\u00e4\u00e4 l\u00e4mp\u00f6\u00e4 asuintiloihin tai toimistoihin.\" \/>\n<meta name=\"robots\" content=\"index, follow, max-snippet:-1, max-image-preview:large, max-video-preview:-1\" \/>\n<link rel=\"canonical\" href=\"https:\/\/bbqassad.ee\/fi\/toode\/napoleon-allure-32-vaakasuora-sahkotakkalammitin-lammitystoiminnolla\/\" \/>\n<meta property=\"og:locale\" content=\"fi_FI\" \/>\n<meta property=\"og:type\" content=\"article\" \/>\n<meta property=\"og:title\" content=\"Napoleon ALLURE\u2122 32 s\u00e4hk\u00f6takka l\u00e4mmitin - BBQ \u00c4ssad%\" \/>\n<meta property=\"og:description\" content=\"Napoleon ALLURE\u2122 32 -vaakasuuntainen s\u00e4hk\u00f6takkal\u00e4mmitin luo realistisen LED-valaistustehosteen ja antaa miellytt\u00e4v\u00e4\u00e4 l\u00e4mp\u00f6\u00e4 asuintiloihin tai toimistoihin.\" \/>\n<meta property=\"og:url\" content=\"https:\/\/bbqassad.ee\/fi\/toode\/napoleon-allure-32-vaakasuora-sahkotakkalammitin-lammitystoiminnolla\/\" \/>\n<meta property=\"og:site_name\" content=\"BBQ \u00c4ssad\" \/>\n<meta property=\"article:publisher\" content=\"https:\/\/www.facebook.com\/bbqassad\" \/>\n<meta property=\"article:modified_time\" content=\"2026-04-14T06:32:05+00:00\" \/>\n<meta property=\"og:image\" content=\"https:\/\/bbqassad.ee\/wp-content\/uploads\/2026\/02\/2100000015535_a9ecb6cf906fbabadec8b32b6c785535f0e1087b.png\" \/>\n<meta name=\"twitter:card\" content=\"summary_large_image\" \/>\n<meta name=\"twitter:title\" content=\"Napoleon ALLURE\u2122 32 s\u00e4hk\u00f6takka l\u00e4mmitin - BBQ \u00c4ssad%\" \/>\n<meta name=\"twitter:description\" content=\"Napoleon ALLURE\u2122 32 -vaakasuuntainen s\u00e4hk\u00f6takkal\u00e4mmitin luo realistisen LED-valaistustehosteen ja antaa miellytt\u00e4v\u00e4\u00e4 l\u00e4mp\u00f6\u00e4 asuintiloihin tai toimistoihin.\" \/>\n<meta name=\"twitter:image\" content=\"https:\/\/bbqassad.ee\/wp-content\/uploads\/2026\/02\/2100000015535_a9ecb6cf906fbabadec8b32b6c785535f0e1087b.png\" \/>\n<script type=\"application\/ld+json\" class=\"yoast-schema-graph\">{\"@context\":\"https:\\\/\\\/schema.org\",\"@graph\":[{\"@type\":\"WebPage\",\"@id\":\"https:\\\/\\\/bbqassad.ee\\\/fi\\\/toode\\\/napoleon-allure-32-vaakasuora-sahkotakkalammitin-lammitystoiminnolla\\\/\",\"url\":\"https:\\\/\\\/bbqassad.ee\\\/fi\\\/toode\\\/napoleon-allure-32-vaakasuora-sahkotakkalammitin-lammitystoiminnolla\\\/\",\"name\":\"Napoleon ALLURE\u2122 32 s\u00e4hk\u00f6takka l\u00e4mmitin - BBQ \u00c4ssad%\",\"isPartOf\":{\"@id\":\"https:\\\/\\\/bbqassad.ee\\\/fi\\\/#website\"},\"primaryImageOfPage\":{\"@id\":\"https:\\\/\\\/bbqassad.ee\\\/fi\\\/toode\\\/napoleon-allure-32-vaakasuora-sahkotakkalammitin-lammitystoiminnolla\\\/#primaryimage\"},\"image\":{\"@id\":\"https:\\\/\\\/bbqassad.ee\\\/fi\\\/toode\\\/napoleon-allure-32-vaakasuora-sahkotakkalammitin-lammitystoiminnolla\\\/#primaryimage\"},\"thumbnailUrl\":\"https:\\\/\\\/bbqassad.ee\\\/wp-content\\\/uploads\\\/2026\\\/02\\\/2100000015535_a9ecb6cf906fbabadec8b32b6c785535f0e1087b.png\",\"datePublished\":\"2026-02-23T15:05:54+00:00\",\"dateModified\":\"2026-04-14T06:32:05+00:00\",\"description\":\"Napoleon ALLURE\u2122 32 -vaakasuuntainen s\u00e4hk\u00f6takkal\u00e4mmitin luo realistisen LED-valaistustehosteen ja antaa miellytt\u00e4v\u00e4\u00e4 l\u00e4mp\u00f6\u00e4 asuintiloihin tai toimistoihin.\",\"breadcrumb\":{\"@id\":\"https:\\\/\\\/bbqassad.ee\\\/fi\\\/toode\\\/napoleon-allure-32-vaakasuora-sahkotakkalammitin-lammitystoiminnolla\\\/#breadcrumb\"},\"inLanguage\":\"fi\",\"potentialAction\":[{\"@type\":\"ReadAction\",\"target\":[\"https:\\\/\\\/bbqassad.ee\\\/fi\\\/toode\\\/napoleon-allure-32-vaakasuora-sahkotakkalammitin-lammitystoiminnolla\\\/\"]}]},{\"@type\":\"ImageObject\",\"inLanguage\":\"fi\",\"@id\":\"https:\\\/\\\/bbqassad.ee\\\/fi\\\/toode\\\/napoleon-allure-32-vaakasuora-sahkotakkalammitin-lammitystoiminnolla\\\/#primaryimage\",\"url\":\"https:\\\/\\\/bbqassad.ee\\\/wp-content\\\/uploads\\\/2026\\\/02\\\/2100000015535_a9ecb6cf906fbabadec8b32b6c785535f0e1087b.png\",\"contentUrl\":\"https:\\\/\\\/bbqassad.ee\\\/wp-content\\\/uploads\\\/2026\\\/02\\\/2100000015535_a9ecb6cf906fbabadec8b32b6c785535f0e1087b.png\",\"width\":700,\"height\":700},{\"@type\":\"BreadcrumbList\",\"@id\":\"https:\\\/\\\/bbqassad.ee\\\/fi\\\/toode\\\/napoleon-allure-32-vaakasuora-sahkotakkalammitin-lammitystoiminnolla\\\/#breadcrumb\",\"itemListElement\":[{\"@type\":\"ListItem\",\"position\":1,\"name\":\"Home\",\"item\":\"https:\\\/\\\/bbqassad.ee\\\/fi\\\/bbq-assat\\\/\"},{\"@type\":\"ListItem\",\"position\":2,\"name\":\"Verkkokauppa\",\"item\":\"https:\\\/\\\/bbqassad.ee\\\/fi\\\/verkkokauppa\\\/\"},{\"@type\":\"ListItem\",\"position\":3,\"name\":\"Napoleon ALLURE\u2122 32 vaakasuora s\u00e4hk\u00f6takkal\u00e4mmitin l\u00e4mmitystoiminnolla\"}]},{\"@type\":\"WebSite\",\"@id\":\"https:\\\/\\\/bbqassad.ee\\\/fi\\\/#website\",\"url\":\"https:\\\/\\\/bbqassad.ee\\\/fi\\\/\",\"name\":\"BBQ \u00c4ssad\",\"description\":\"BBQ maitseained, kastmed, ahjud\",\"publisher\":{\"@id\":\"https:\\\/\\\/bbqassad.ee\\\/fi\\\/#organization\"},\"potentialAction\":[{\"@type\":\"SearchAction\",\"target\":{\"@type\":\"EntryPoint\",\"urlTemplate\":\"https:\\\/\\\/bbqassad.ee\\\/fi\\\/?s={search_term_string}\"},\"query-input\":{\"@type\":\"PropertyValueSpecification\",\"valueRequired\":true,\"valueName\":\"search_term_string\"}}],\"inLanguage\":\"fi\"},{\"@type\":\"Organization\",\"@id\":\"https:\\\/\\\/bbqassad.ee\\\/fi\\\/#organization\",\"name\":\"BBQ \u00c4ssad\",\"url\":\"https:\\\/\\\/bbqassad.ee\\\/fi\\\/\",\"logo\":{\"@type\":\"ImageObject\",\"inLanguage\":\"fi\",\"@id\":\"https:\\\/\\\/bbqassad.ee\\\/fi\\\/#\\\/schema\\\/logo\\\/image\\\/\",\"url\":\"https:\\\/\\\/bbqassad.ee\\\/wp-content\\\/uploads\\\/2022\\\/10\\\/BBQ-2ssadlogo.png\",\"contentUrl\":\"https:\\\/\\\/bbqassad.ee\\\/wp-content\\\/uploads\\\/2022\\\/10\\\/BBQ-2ssadlogo.png\",\"width\":1080,\"height\":1080,\"caption\":\"BBQ \u00c4ssad\"},\"image\":{\"@id\":\"https:\\\/\\\/bbqassad.ee\\\/fi\\\/#\\\/schema\\\/logo\\\/image\\\/\"},\"sameAs\":[\"https:\\\/\\\/www.facebook.com\\\/bbqassad\",\"https:\\\/\\\/www.youtube.com\\\/channel\\\/UCsoufn49J6TVi9Ah9meE93w\"]}]}<\/script>\n<!-- \/ Yoast SEO plugin. -->","yoast_head_json":{"title":"Napoleon ALLURE\u2122 32 s\u00e4hk\u00f6takka l\u00e4mmitin - BBQ \u00c4ssad%","description":"Napoleon ALLURE\u2122 32 -vaakasuuntainen s\u00e4hk\u00f6takkal\u00e4mmitin luo realistisen LED-valaistustehosteen ja antaa miellytt\u00e4v\u00e4\u00e4 l\u00e4mp\u00f6\u00e4 asuintiloihin tai toimistoihin.","robots":{"index":"index","follow":"follow","max-snippet":"max-snippet:-1","max-image-preview":"max-image-preview:large","max-video-preview":"max-video-preview:-1"},"canonical":"https:\/\/bbqassad.ee\/fi\/toode\/napoleon-allure-32-vaakasuora-sahkotakkalammitin-lammitystoiminnolla\/","og_locale":"fi_FI","og_type":"article","og_title":"Napoleon ALLURE\u2122 32 s\u00e4hk\u00f6takka l\u00e4mmitin - BBQ \u00c4ssad%","og_description":"Napoleon ALLURE\u2122 32 -vaakasuuntainen s\u00e4hk\u00f6takkal\u00e4mmitin luo realistisen LED-valaistustehosteen ja antaa miellytt\u00e4v\u00e4\u00e4 l\u00e4mp\u00f6\u00e4 asuintiloihin tai toimistoihin.","og_url":"https:\/\/bbqassad.ee\/fi\/toode\/napoleon-allure-32-vaakasuora-sahkotakkalammitin-lammitystoiminnolla\/","og_site_name":"BBQ \u00c4ssad","article_publisher":"https:\/\/www.facebook.com\/bbqassad","article_modified_time":"2026-04-14T06:32:05+00:00","og_image":[{"url":"https:\/\/bbqassad.ee\/wp-content\/uploads\/2026\/02\/2100000015535_a9ecb6cf906fbabadec8b32b6c785535f0e1087b.png","type":"","width":"","height":""}],"twitter_card":"summary_large_image","twitter_title":"Napoleon ALLURE\u2122 32 s\u00e4hk\u00f6takka l\u00e4mmitin - BBQ \u00c4ssad%","twitter_description":"Napoleon ALLURE\u2122 32 -vaakasuuntainen s\u00e4hk\u00f6takkal\u00e4mmitin luo realistisen LED-valaistustehosteen ja antaa miellytt\u00e4v\u00e4\u00e4 l\u00e4mp\u00f6\u00e4 asuintiloihin tai toimistoihin.","twitter_image":"https:\/\/bbqassad.ee\/wp-content\/uploads\/2026\/02\/2100000015535_a9ecb6cf906fbabadec8b32b6c785535f0e1087b.png","schema":{"@context":"https:\/\/schema.org","@graph":[{"@type":"WebPage","@id":"https:\/\/bbqassad.ee\/fi\/toode\/napoleon-allure-32-vaakasuora-sahkotakkalammitin-lammitystoiminnolla\/","url":"https:\/\/bbqassad.ee\/fi\/toode\/napoleon-allure-32-vaakasuora-sahkotakkalammitin-lammitystoiminnolla\/","name":"Napoleon ALLURE\u2122 32 s\u00e4hk\u00f6takka l\u00e4mmitin - BBQ \u00c4ssad%","isPartOf":{"@id":"https:\/\/bbqassad.ee\/fi\/#website"},"primaryImageOfPage":{"@id":"https:\/\/bbqassad.ee\/fi\/toode\/napoleon-allure-32-vaakasuora-sahkotakkalammitin-lammitystoiminnolla\/#primaryimage"},"image":{"@id":"https:\/\/bbqassad.ee\/fi\/toode\/napoleon-allure-32-vaakasuora-sahkotakkalammitin-lammitystoiminnolla\/#primaryimage"},"thumbnailUrl":"https:\/\/bbqassad.ee\/wp-content\/uploads\/2026\/02\/2100000015535_a9ecb6cf906fbabadec8b32b6c785535f0e1087b.png","datePublished":"2026-02-23T15:05:54+00:00","dateModified":"2026-04-14T06:32:05+00:00","description":"Napoleon ALLURE\u2122 32 -vaakasuuntainen s\u00e4hk\u00f6takkal\u00e4mmitin luo realistisen LED-valaistustehosteen ja antaa miellytt\u00e4v\u00e4\u00e4 l\u00e4mp\u00f6\u00e4 asuintiloihin tai toimistoihin.","breadcrumb":{"@id":"https:\/\/bbqassad.ee\/fi\/toode\/napoleon-allure-32-vaakasuora-sahkotakkalammitin-lammitystoiminnolla\/#breadcrumb"},"inLanguage":"fi","potentialAction":[{"@type":"ReadAction","target":["https:\/\/bbqassad.ee\/fi\/toode\/napoleon-allure-32-vaakasuora-sahkotakkalammitin-lammitystoiminnolla\/"]}]},{"@type":"ImageObject","inLanguage":"fi","@id":"https:\/\/bbqassad.ee\/fi\/toode\/napoleon-allure-32-vaakasuora-sahkotakkalammitin-lammitystoiminnolla\/#primaryimage","url":"https:\/\/bbqassad.ee\/wp-content\/uploads\/2026\/02\/2100000015535_a9ecb6cf906fbabadec8b32b6c785535f0e1087b.png","contentUrl":"https:\/\/bbqassad.ee\/wp-content\/uploads\/2026\/02\/2100000015535_a9ecb6cf906fbabadec8b32b6c785535f0e1087b.png","width":700,"height":700},{"@type":"BreadcrumbList","@id":"https:\/\/bbqassad.ee\/fi\/toode\/napoleon-allure-32-vaakasuora-sahkotakkalammitin-lammitystoiminnolla\/#breadcrumb","itemListElement":[{"@type":"ListItem","position":1,"name":"Home","item":"https:\/\/bbqassad.ee\/fi\/bbq-assat\/"},{"@type":"ListItem","position":2,"name":"Verkkokauppa","item":"https:\/\/bbqassad.ee\/fi\/verkkokauppa\/"},{"@type":"ListItem","position":3,"name":"Napoleon ALLURE\u2122 32 vaakasuora s\u00e4hk\u00f6takkal\u00e4mmitin l\u00e4mmitystoiminnolla"}]},{"@type":"WebSite","@id":"https:\/\/bbqassad.ee\/fi\/#website","url":"https:\/\/bbqassad.ee\/fi\/","name":"BBQ \u00c4ssad","description":"BBQ maitseained, kastmed, ahjud","publisher":{"@id":"https:\/\/bbqassad.ee\/fi\/#organization"},"potentialAction":[{"@type":"SearchAction","target":{"@type":"EntryPoint","urlTemplate":"https:\/\/bbqassad.ee\/fi\/?s={search_term_string}"},"query-input":{"@type":"PropertyValueSpecification","valueRequired":true,"valueName":"search_term_string"}}],"inLanguage":"fi"},{"@type":"Organization","@id":"https:\/\/bbqassad.ee\/fi\/#organization","name":"BBQ \u00c4ssad","url":"https:\/\/bbqassad.ee\/fi\/","logo":{"@type":"ImageObject","inLanguage":"fi","@id":"https:\/\/bbqassad.ee\/fi\/#\/schema\/logo\/image\/","url":"https:\/\/bbqassad.ee\/wp-content\/uploads\/2022\/10\/BBQ-2ssadlogo.png","contentUrl":"https:\/\/bbqassad.ee\/wp-content\/uploads\/2022\/10\/BBQ-2ssadlogo.png","width":1080,"height":1080,"caption":"BBQ \u00c4ssad"},"image":{"@id":"https:\/\/bbqassad.ee\/fi\/#\/schema\/logo\/image\/"},"sameAs":["https:\/\/www.facebook.com\/bbqassad","https:\/\/www.youtube.com\/channel\/UCsoufn49J6TVi9Ah9meE93w"]}]}},"_links":{"self":[{"href":"https:\/\/bbqassad.ee\/fi\/wp-json\/wp\/v2\/product\/21600","targetHints":{"allow":["GET"]}}],"collection":[{"href":"https:\/\/bbqassad.ee\/fi\/wp-json\/wp\/v2\/product"}],"about":[{"href":"https:\/\/bbqassad.ee\/fi\/wp-json\/wp\/v2\/types\/product"}],"replies":[{"embeddable":true,"href":"https:\/\/bbqassad.ee\/fi\/wp-json\/wp\/v2\/comments?post=21600"}],"wp:featuredmedia":[{"embeddable":true,"href":"https:\/\/bbqassad.ee\/fi\/wp-json\/wp\/v2\/media\/14582"}],"wp:attachment":[{"href":"https:\/\/bbqassad.ee\/fi\/wp-json\/wp\/v2\/media?parent=21600"}],"wp:term":[{"taxonomy":"product_brand","embeddable":true,"href":"https:\/\/bbqassad.ee\/fi\/wp-json\/wp\/v2\/product_brand?post=21600"},{"taxonomy":"product_cat","embeddable":true,"href":"https:\/\/bbqassad.ee\/fi\/wp-json\/wp\/v2\/product_cat?post=21600"},{"taxonomy":"product_tag","embeddable":true,"href":"https:\/\/bbqassad.ee\/fi\/wp-json\/wp\/v2\/product_tag?post=21600"}],"curies":[{"name":"wp","href":"https:\/\/api.w.org\/{rel}","templated":true}]}}