{"id":21593,"date":"2026-02-23T15:05:54","date_gmt":"2026-02-23T15:05:54","guid":{"rendered":"https:\/\/bbqassad.ee\/toode\/napoleon-rogue-pro-s-425rsibpss-kaasugrilli-keraamisella-keittotasolla-ja-polttimella-ruostumaton-teras\/"},"modified":"2026-04-14T06:32:04","modified_gmt":"2026-04-14T06:32:04","slug":"napoleon-rogue-pro-s-425rsibpss-kaasugrilli-keraamisella-keittotasolla-ja-polttimella-ruostumaton-teras","status":"publish","type":"product","link":"https:\/\/bbqassad.ee\/fi\/toode\/napoleon-rogue-pro-s-425rsibpss-kaasugrilli-keraamisella-keittotasolla-ja-polttimella-ruostumaton-teras\/","title":{"rendered":"Napoleon Rogue PRO-S 425RSIBPSS kaasugrilli keraamisella keittotasolla ja polttimella (ruostumaton ter\u00e4s)"},"content":{"rendered":"<h3 style=\"font-weight: 400\"><strong>Napoleon Rogue -sarja &#8211; mik\u00e4 sopii sinulle?<\/strong><\/h3>\n<p style=\"font-weight: 400\">Napoleon Rogue PRO-S -sarja on suunniteltu vaativalle k\u00e4ytt\u00e4j\u00e4lle, joka haluaa ammattilaisgrillin, jossa on tehokkaat polttimet, infrapuna SIZZLE ZONE\u2122 -sivupoltin ja infrapunapoltin. Mallit eroavat toisistaan l\u00e4hinn\u00e4 koon, paistopinnan, polttimien lukum\u00e4\u00e4r\u00e4n ja materiaalien suhteen. <\/p>\n<p style=\"font-weight: 400\"><strong>Rogue PRO-S 425 (mattamusta \/ ruostumaton) &#8211; <\/strong>kompakti + kaikki olennaiset PRO-ominaisuudet.<\/p>\n<ul style=\"font-weight: 400\">\n<li>Polttimet: 3 p\u00e4\u00e4l\u00e4mmityspoltinta<\/li>\n<li>Grillauspinta: 60 \u00d7 45 cm<\/li>\n<li>Teho: noin 22 kW<\/li>\n<li>Sopii: keskikokoiset perheet, s\u00e4\u00e4nn\u00f6llinen k\u00e4ytt\u00f6<\/li>\n<\/ul>\n<p style=\"font-weight: 400\"><strong>Rogue PRO-S 525 (ruostumatonta ter\u00e4st\u00e4 \/ mattamusta) &#8211; <\/strong>enemm\u00e4n paistopintaa ja tarkempi l\u00e4mm\u00f6ns\u00e4\u00e4t\u00f6mahdollisuus<\/p>\n<ul style=\"font-weight: 400\">\n<li>Polttimet: 4 p\u00e4\u00e4polttimoa<\/li>\n<li>Grillauspinta: 73 \u00d7 45 cm<\/li>\n<li>Teho: 26,1 kW<\/li>\n<li>Sopii: isommille perheille, usein tapahtuvaan grillaukseen<\/li>\n<\/ul>\n<p style=\"font-weight: 400\"><strong>Rogue PRO-S 625 (mattamusta) &#8211; <\/strong>maksimaalinen ty\u00f6pinta, maksimaalinen suorituskyky<\/p>\n<ul style=\"font-weight: 400\">\n<li>Polttimet: 5 p\u00e4\u00e4polttimoa<\/li>\n<li>Grillauspinta: 88 \u00d7 46 cm<\/li>\n<li>Teho: 25,94 kW<\/li>\n<li>Sopii: suurille ryhmille, intensiiviseen k\u00e4ytt\u00f6\u00f6n ja suuriin ulkokeitti\u00f6ihin.<\/li>\n<\/ul>\n<p style=\"font-weight: 400\">\n","protected":false},"excerpt":{"rendered":"<h3 style=\"font-weight: 400\"><strong>Napoleon Rogue PRO-S 425RSIBPSS kaasugrilli keraamisella keittotasolla ja polttimella (ruostumaton ter\u00e4s)<\/strong><\/h3>\n<p style=\"font-weight: 400\">Napoleon Rogue PRO-S 425 -kaasugrilliss\u00e4, jossa on ruostumattomasta ter\u00e4ksest\u00e4 valmistettu viimeistely, yhdistyv\u00e4t ensiluokkainen ruoanlaittoteho ja helppok\u00e4ytt\u00f6isyys. T\u00e4m\u00e4 malli on suunniteltu niille, jotka haluavat maksimaalista hallintaa ja ammattimaisia tuloksia kaikissa grillaustilanteissa. T\u00e4ysin ruostumattomasta 304-ter\u00e4ksest\u00e4 valmistetuilla keittotason ritil\u00f6ill\u00e4, infrapunaisella SIZZLE ZONE\u2122 -sivupolttimella ja takapolttimella, valaistuilla s\u00e4\u00e4t\u00f6nupilla ja t\u00e4ysin toimivalla ty\u00f6skentelyalueella t\u00e4m\u00e4 on ihanteellinen grilli mihin tahansa ulkokeitti\u00f6\u00f6n.  <\/p>\n<p style=\"font-weight: 400\"><strong>T\u00e4rkeimm\u00e4t ominaisuudet<\/strong><\/p>\n<ul style=\"font-weight: 400\">\n<li>3 \u00d7 304 ruostumattomasta ter\u00e4ksest\u00e4 valmistetut kattilan p\u00e4\u00e4polttimet (yhteens\u00e4 14,25 kW).<\/li>\n<li>Infrapuna SIZZLE ZONE\u2122 -sivupoltin (4,5 kW) &#8211; saavuttaa jopa 800 \u00b0C:n l\u00e4mp\u00f6tilan sekunnissa.<\/li>\n<li>Infrapuna-poltin (5 kW) &#8211; ihanteellinen paistinpannulle (erillinen paketti).<\/li>\n<li>WAVE\u2122-grillitelineet (304 ruostumatonta ter\u00e4st\u00e4) &#8211; kest\u00e4v\u00e4t ja astianpesukoneen kest\u00e4v\u00e4t.<\/li>\n<li>Kaksivaiheiset Sear Plates\u2122 (304 ruostumatonta ter\u00e4st\u00e4) &#8211; tasainen l\u00e4mp\u00f6, haihduttaa pisarat.<\/li>\n<li>NIGHT LIGHT\u2122 -valaistut ohjauspainikkeet + SAFETY GLOW\u2122 (sininen = pois p\u00e4\u00e4lt\u00e4, punainen = p\u00e4\u00e4ll\u00e4).<\/li>\n<li>JETFIRE\u2122-sytytysj\u00e4rjestelm\u00e4 &#8211; sytytt\u00e4\u00e4 jokaisen polttimen erikseen ja luotettavasti.<\/li>\n<li>ACCU-PROBE\u2122 kannen l\u00e4mp\u00f6mittari &#8211; tarkka l\u00e4mp\u00f6tilan seuranta<\/li>\n<li>Kupolimainen kansi ja kest\u00e4v\u00e4 ter\u00e4srunko<\/li>\n<li>Kokoontaitettava sivup\u00f6yt\u00e4, jossa on tarvikekoukut, sis\u00e4\u00e4nrakennettu pullonavaaja.<\/li>\n<li>Suuri ruostumattomasta ter\u00e4ksest\u00e4 valmistettu l\u00e4mmitysritil\u00e4<\/li>\n<li>Tukeva peruskaappi ja 4 lukittavaa py\u00f6r\u00e4\u00e4<\/li>\n<li>Grillikaappi, jossa on lis\u00e4hyllyj\u00e4 ja lis\u00e4ty\u00f6tasoa<\/li>\n<li>Mukana: kaasuletku ja matalapaineens\u00e4\u00e4din<\/li>\n<\/ul>\n<p style=\"font-weight: 400\"><strong>Tekniset tiedot<\/strong><\/p>\n<ul style=\"font-weight: 400\">\n<li>Grillauspinta: 60 \u00d7 45 cm (2700 cm\u00b2)<\/li>\n<li>Polttimet: 3 + infrapunapoltin sivupoltin + infrapunapoltin takapoltin<\/li>\n<li>Kokonaisteho: 23,75 kW<\/li>\n<li>J\u00e4ljelle j\u00e4\u00e4v\u00e4 materiaali: ruostumaton ter\u00e4s (304).<\/li>\n<li>Kotelon materiaali: ruostumaton ter\u00e4s<\/li>\n<li>Polttoaine: propaani<\/li>\n<li>Ilmapallon pidike: saatavilla<\/li>\n<li>Sivuhyllyt: kokoontaitettavat, pullonavaajalla varustetut.<\/li>\n<li>Py\u00f6r\u00e4t: 4 py\u00f6r\u00e4\u00e4, lukittavat<\/li>\n<li>Rotisserie: saatavana (paketti ei sis\u00e4lly)<\/li>\n<\/ul>\n<p style=\"font-weight: 400\">\n","protected":false},"featured_media":21594,"comment_status":"closed","ping_status":"closed","template":"","meta":[],"product_brand":[768],"product_cat":[786,781],"product_tag":[],"class_list":{"0":"post-21593","1":"product","2":"type-product","3":"status-publish","4":"has-post-thumbnail","6":"product_brand-napoleon","7":"product_cat-napoleonin-kaasugrillit","8":"product_cat-uunit","9":"product_shipping_class-ilmainen-toimitus","11":"first","12":"instock","13":"taxable","14":"shipping-taxable","15":"purchasable","16":"product-type-simple"},"yoast_head":"<!-- This site is optimized with the Yoast SEO plugin v27.4 - https:\/\/yoast.com\/product\/yoast-seo-wordpress\/ -->\n<title>Napoleon Rogue PRO-S 425RSIBPSS kaasugrilli - BBQ \u00c4ssad%<\/title>\n<meta name=\"description\" content=\"Napoleon Rogue PRO-S 425RSIBPSS -kaasugrilli ruostumattomasta ter\u00e4ksest\u00e4 tarjoaa erinomaista kypsennystehoa ja helppok\u00e4ytt\u00f6isyytt\u00e4. Ihanteellinen grillaukseen kaikissa tilanteissa.\" \/>\n<meta name=\"robots\" content=\"index, follow, max-snippet:-1, max-image-preview:large, max-video-preview:-1\" \/>\n<link rel=\"canonical\" href=\"https:\/\/bbqassad.ee\/fi\/toode\/napoleon-rogue-pro-s-425rsibpss-kaasugrilli-keraamisella-keittotasolla-ja-polttimella-ruostumaton-teras\/\" \/>\n<meta property=\"og:locale\" content=\"fi_FI\" \/>\n<meta property=\"og:type\" content=\"article\" \/>\n<meta property=\"og:title\" content=\"Napoleon Rogue PRO-S 425RSIBPSS kaasugrilli - BBQ \u00c4ssad%\" \/>\n<meta property=\"og:description\" content=\"Napoleon Rogue PRO-S 425RSIBPSS -kaasugrilli ruostumattomasta ter\u00e4ksest\u00e4 tarjoaa erinomaista kypsennystehoa ja helppok\u00e4ytt\u00f6isyytt\u00e4. Ihanteellinen grillaukseen kaikissa tilanteissa.\" \/>\n<meta property=\"og:url\" content=\"https:\/\/bbqassad.ee\/fi\/toode\/napoleon-rogue-pro-s-425rsibpss-kaasugrilli-keraamisella-keittotasolla-ja-polttimella-ruostumaton-teras\/\" \/>\n<meta property=\"og:site_name\" content=\"BBQ \u00c4ssad\" \/>\n<meta property=\"article:publisher\" content=\"https:\/\/www.facebook.com\/bbqassad\" \/>\n<meta property=\"article:modified_time\" content=\"2026-04-14T06:32:04+00:00\" \/>\n<meta property=\"og:image\" content=\"https:\/\/bbqassad.ee\/wp-content\/uploads\/2026\/02\/napoleon-rogue-pro-425-sizzle-zone-3-bundbraendere-rustfri-gasgrill-rp425sibpss-2.jpg\" \/>\n<meta name=\"twitter:card\" content=\"summary_large_image\" \/>\n<meta name=\"twitter:title\" content=\"Napoleon Rogue PRO-S 425RSIBPSS kaasugrilli - BBQ \u00c4ssad%\" \/>\n<meta name=\"twitter:description\" content=\"Napoleon Rogue PRO-S 425RSIBPSS -kaasugrilli ruostumattomasta ter\u00e4ksest\u00e4 tarjoaa erinomaista kypsennystehoa ja helppok\u00e4ytt\u00f6isyytt\u00e4. Ihanteellinen grillaukseen kaikissa tilanteissa.\" \/>\n<meta name=\"twitter:image\" content=\"https:\/\/bbqassad.ee\/wp-content\/uploads\/2026\/02\/napoleon-rogue-pro-425-sizzle-zone-3-bundbraendere-rustfri-gasgrill-rp425sibpss-2.jpg\" \/>\n<meta name=\"twitter:label1\" content=\"Arvioitu lukuaika\" \/>\n\t<meta name=\"twitter:data1\" content=\"1 minuutti\" \/>\n<script type=\"application\/ld+json\" class=\"yoast-schema-graph\">{\"@context\":\"https:\\\/\\\/schema.org\",\"@graph\":[{\"@type\":\"WebPage\",\"@id\":\"https:\\\/\\\/bbqassad.ee\\\/fi\\\/toode\\\/napoleon-rogue-pro-s-425rsibpss-kaasugrilli-keraamisella-keittotasolla-ja-polttimella-ruostumaton-teras\\\/\",\"url\":\"https:\\\/\\\/bbqassad.ee\\\/fi\\\/toode\\\/napoleon-rogue-pro-s-425rsibpss-kaasugrilli-keraamisella-keittotasolla-ja-polttimella-ruostumaton-teras\\\/\",\"name\":\"Napoleon Rogue PRO-S 425RSIBPSS kaasugrilli - BBQ \u00c4ssad%\",\"isPartOf\":{\"@id\":\"https:\\\/\\\/bbqassad.ee\\\/fi\\\/#website\"},\"primaryImageOfPage\":{\"@id\":\"https:\\\/\\\/bbqassad.ee\\\/fi\\\/toode\\\/napoleon-rogue-pro-s-425rsibpss-kaasugrilli-keraamisella-keittotasolla-ja-polttimella-ruostumaton-teras\\\/#primaryimage\"},\"image\":{\"@id\":\"https:\\\/\\\/bbqassad.ee\\\/fi\\\/toode\\\/napoleon-rogue-pro-s-425rsibpss-kaasugrilli-keraamisella-keittotasolla-ja-polttimella-ruostumaton-teras\\\/#primaryimage\"},\"thumbnailUrl\":\"https:\\\/\\\/bbqassad.ee\\\/wp-content\\\/uploads\\\/2026\\\/02\\\/napoleon-rogue-pro-425-sizzle-zone-3-bundbraendere-rustfri-gasgrill-rp425sibpss-2.jpg\",\"datePublished\":\"2026-02-23T15:05:54+00:00\",\"dateModified\":\"2026-04-14T06:32:04+00:00\",\"description\":\"Napoleon Rogue PRO-S 425RSIBPSS -kaasugrilli ruostumattomasta ter\u00e4ksest\u00e4 tarjoaa erinomaista kypsennystehoa ja helppok\u00e4ytt\u00f6isyytt\u00e4. Ihanteellinen grillaukseen kaikissa tilanteissa.\",\"breadcrumb\":{\"@id\":\"https:\\\/\\\/bbqassad.ee\\\/fi\\\/toode\\\/napoleon-rogue-pro-s-425rsibpss-kaasugrilli-keraamisella-keittotasolla-ja-polttimella-ruostumaton-teras\\\/#breadcrumb\"},\"inLanguage\":\"fi\",\"potentialAction\":[{\"@type\":\"ReadAction\",\"target\":[\"https:\\\/\\\/bbqassad.ee\\\/fi\\\/toode\\\/napoleon-rogue-pro-s-425rsibpss-kaasugrilli-keraamisella-keittotasolla-ja-polttimella-ruostumaton-teras\\\/\"]}]},{\"@type\":\"ImageObject\",\"inLanguage\":\"fi\",\"@id\":\"https:\\\/\\\/bbqassad.ee\\\/fi\\\/toode\\\/napoleon-rogue-pro-s-425rsibpss-kaasugrilli-keraamisella-keittotasolla-ja-polttimella-ruostumaton-teras\\\/#primaryimage\",\"url\":\"https:\\\/\\\/bbqassad.ee\\\/wp-content\\\/uploads\\\/2026\\\/02\\\/napoleon-rogue-pro-425-sizzle-zone-3-bundbraendere-rustfri-gasgrill-rp425sibpss-2.jpg\",\"contentUrl\":\"https:\\\/\\\/bbqassad.ee\\\/wp-content\\\/uploads\\\/2026\\\/02\\\/napoleon-rogue-pro-425-sizzle-zone-3-bundbraendere-rustfri-gasgrill-rp425sibpss-2.jpg\",\"width\":800,\"height\":800},{\"@type\":\"BreadcrumbList\",\"@id\":\"https:\\\/\\\/bbqassad.ee\\\/fi\\\/toode\\\/napoleon-rogue-pro-s-425rsibpss-kaasugrilli-keraamisella-keittotasolla-ja-polttimella-ruostumaton-teras\\\/#breadcrumb\",\"itemListElement\":[{\"@type\":\"ListItem\",\"position\":1,\"name\":\"Home\",\"item\":\"https:\\\/\\\/bbqassad.ee\\\/fi\\\/bbq-assat\\\/\"},{\"@type\":\"ListItem\",\"position\":2,\"name\":\"Verkkokauppa\",\"item\":\"https:\\\/\\\/bbqassad.ee\\\/fi\\\/verkkokauppa\\\/\"},{\"@type\":\"ListItem\",\"position\":3,\"name\":\"Napoleon Rogue PRO-S 425RSIBPSS kaasugrilli keraamisella keittotasolla ja polttimella (ruostumaton ter\u00e4s)\"}]},{\"@type\":\"WebSite\",\"@id\":\"https:\\\/\\\/bbqassad.ee\\\/fi\\\/#website\",\"url\":\"https:\\\/\\\/bbqassad.ee\\\/fi\\\/\",\"name\":\"BBQ \u00c4ssad\",\"description\":\"BBQ maitseained, kastmed, ahjud\",\"publisher\":{\"@id\":\"https:\\\/\\\/bbqassad.ee\\\/fi\\\/#organization\"},\"potentialAction\":[{\"@type\":\"SearchAction\",\"target\":{\"@type\":\"EntryPoint\",\"urlTemplate\":\"https:\\\/\\\/bbqassad.ee\\\/fi\\\/?s={search_term_string}\"},\"query-input\":{\"@type\":\"PropertyValueSpecification\",\"valueRequired\":true,\"valueName\":\"search_term_string\"}}],\"inLanguage\":\"fi\"},{\"@type\":\"Organization\",\"@id\":\"https:\\\/\\\/bbqassad.ee\\\/fi\\\/#organization\",\"name\":\"BBQ \u00c4ssad\",\"url\":\"https:\\\/\\\/bbqassad.ee\\\/fi\\\/\",\"logo\":{\"@type\":\"ImageObject\",\"inLanguage\":\"fi\",\"@id\":\"https:\\\/\\\/bbqassad.ee\\\/fi\\\/#\\\/schema\\\/logo\\\/image\\\/\",\"url\":\"https:\\\/\\\/bbqassad.ee\\\/wp-content\\\/uploads\\\/2022\\\/10\\\/BBQ-2ssadlogo.png\",\"contentUrl\":\"https:\\\/\\\/bbqassad.ee\\\/wp-content\\\/uploads\\\/2022\\\/10\\\/BBQ-2ssadlogo.png\",\"width\":1080,\"height\":1080,\"caption\":\"BBQ \u00c4ssad\"},\"image\":{\"@id\":\"https:\\\/\\\/bbqassad.ee\\\/fi\\\/#\\\/schema\\\/logo\\\/image\\\/\"},\"sameAs\":[\"https:\\\/\\\/www.facebook.com\\\/bbqassad\",\"https:\\\/\\\/www.youtube.com\\\/channel\\\/UCsoufn49J6TVi9Ah9meE93w\"]}]}<\/script>\n<!-- \/ Yoast SEO plugin. -->","yoast_head_json":{"title":"Napoleon Rogue PRO-S 425RSIBPSS kaasugrilli - BBQ \u00c4ssad%","description":"Napoleon Rogue PRO-S 425RSIBPSS -kaasugrilli ruostumattomasta ter\u00e4ksest\u00e4 tarjoaa erinomaista kypsennystehoa ja helppok\u00e4ytt\u00f6isyytt\u00e4. Ihanteellinen grillaukseen kaikissa tilanteissa.","robots":{"index":"index","follow":"follow","max-snippet":"max-snippet:-1","max-image-preview":"max-image-preview:large","max-video-preview":"max-video-preview:-1"},"canonical":"https:\/\/bbqassad.ee\/fi\/toode\/napoleon-rogue-pro-s-425rsibpss-kaasugrilli-keraamisella-keittotasolla-ja-polttimella-ruostumaton-teras\/","og_locale":"fi_FI","og_type":"article","og_title":"Napoleon Rogue PRO-S 425RSIBPSS kaasugrilli - BBQ \u00c4ssad%","og_description":"Napoleon Rogue PRO-S 425RSIBPSS -kaasugrilli ruostumattomasta ter\u00e4ksest\u00e4 tarjoaa erinomaista kypsennystehoa ja helppok\u00e4ytt\u00f6isyytt\u00e4. Ihanteellinen grillaukseen kaikissa tilanteissa.","og_url":"https:\/\/bbqassad.ee\/fi\/toode\/napoleon-rogue-pro-s-425rsibpss-kaasugrilli-keraamisella-keittotasolla-ja-polttimella-ruostumaton-teras\/","og_site_name":"BBQ \u00c4ssad","article_publisher":"https:\/\/www.facebook.com\/bbqassad","article_modified_time":"2026-04-14T06:32:04+00:00","og_image":[{"url":"https:\/\/bbqassad.ee\/wp-content\/uploads\/2026\/02\/napoleon-rogue-pro-425-sizzle-zone-3-bundbraendere-rustfri-gasgrill-rp425sibpss-2.jpg","type":"","width":"","height":""}],"twitter_card":"summary_large_image","twitter_title":"Napoleon Rogue PRO-S 425RSIBPSS kaasugrilli - BBQ \u00c4ssad%","twitter_description":"Napoleon Rogue PRO-S 425RSIBPSS -kaasugrilli ruostumattomasta ter\u00e4ksest\u00e4 tarjoaa erinomaista kypsennystehoa ja helppok\u00e4ytt\u00f6isyytt\u00e4. Ihanteellinen grillaukseen kaikissa tilanteissa.","twitter_image":"https:\/\/bbqassad.ee\/wp-content\/uploads\/2026\/02\/napoleon-rogue-pro-425-sizzle-zone-3-bundbraendere-rustfri-gasgrill-rp425sibpss-2.jpg","twitter_misc":{"Arvioitu lukuaika":"1 minuutti"},"schema":{"@context":"https:\/\/schema.org","@graph":[{"@type":"WebPage","@id":"https:\/\/bbqassad.ee\/fi\/toode\/napoleon-rogue-pro-s-425rsibpss-kaasugrilli-keraamisella-keittotasolla-ja-polttimella-ruostumaton-teras\/","url":"https:\/\/bbqassad.ee\/fi\/toode\/napoleon-rogue-pro-s-425rsibpss-kaasugrilli-keraamisella-keittotasolla-ja-polttimella-ruostumaton-teras\/","name":"Napoleon Rogue PRO-S 425RSIBPSS kaasugrilli - BBQ \u00c4ssad%","isPartOf":{"@id":"https:\/\/bbqassad.ee\/fi\/#website"},"primaryImageOfPage":{"@id":"https:\/\/bbqassad.ee\/fi\/toode\/napoleon-rogue-pro-s-425rsibpss-kaasugrilli-keraamisella-keittotasolla-ja-polttimella-ruostumaton-teras\/#primaryimage"},"image":{"@id":"https:\/\/bbqassad.ee\/fi\/toode\/napoleon-rogue-pro-s-425rsibpss-kaasugrilli-keraamisella-keittotasolla-ja-polttimella-ruostumaton-teras\/#primaryimage"},"thumbnailUrl":"https:\/\/bbqassad.ee\/wp-content\/uploads\/2026\/02\/napoleon-rogue-pro-425-sizzle-zone-3-bundbraendere-rustfri-gasgrill-rp425sibpss-2.jpg","datePublished":"2026-02-23T15:05:54+00:00","dateModified":"2026-04-14T06:32:04+00:00","description":"Napoleon Rogue PRO-S 425RSIBPSS -kaasugrilli ruostumattomasta ter\u00e4ksest\u00e4 tarjoaa erinomaista kypsennystehoa ja helppok\u00e4ytt\u00f6isyytt\u00e4. Ihanteellinen grillaukseen kaikissa tilanteissa.","breadcrumb":{"@id":"https:\/\/bbqassad.ee\/fi\/toode\/napoleon-rogue-pro-s-425rsibpss-kaasugrilli-keraamisella-keittotasolla-ja-polttimella-ruostumaton-teras\/#breadcrumb"},"inLanguage":"fi","potentialAction":[{"@type":"ReadAction","target":["https:\/\/bbqassad.ee\/fi\/toode\/napoleon-rogue-pro-s-425rsibpss-kaasugrilli-keraamisella-keittotasolla-ja-polttimella-ruostumaton-teras\/"]}]},{"@type":"ImageObject","inLanguage":"fi","@id":"https:\/\/bbqassad.ee\/fi\/toode\/napoleon-rogue-pro-s-425rsibpss-kaasugrilli-keraamisella-keittotasolla-ja-polttimella-ruostumaton-teras\/#primaryimage","url":"https:\/\/bbqassad.ee\/wp-content\/uploads\/2026\/02\/napoleon-rogue-pro-425-sizzle-zone-3-bundbraendere-rustfri-gasgrill-rp425sibpss-2.jpg","contentUrl":"https:\/\/bbqassad.ee\/wp-content\/uploads\/2026\/02\/napoleon-rogue-pro-425-sizzle-zone-3-bundbraendere-rustfri-gasgrill-rp425sibpss-2.jpg","width":800,"height":800},{"@type":"BreadcrumbList","@id":"https:\/\/bbqassad.ee\/fi\/toode\/napoleon-rogue-pro-s-425rsibpss-kaasugrilli-keraamisella-keittotasolla-ja-polttimella-ruostumaton-teras\/#breadcrumb","itemListElement":[{"@type":"ListItem","position":1,"name":"Home","item":"https:\/\/bbqassad.ee\/fi\/bbq-assat\/"},{"@type":"ListItem","position":2,"name":"Verkkokauppa","item":"https:\/\/bbqassad.ee\/fi\/verkkokauppa\/"},{"@type":"ListItem","position":3,"name":"Napoleon Rogue PRO-S 425RSIBPSS kaasugrilli keraamisella keittotasolla ja polttimella (ruostumaton ter\u00e4s)"}]},{"@type":"WebSite","@id":"https:\/\/bbqassad.ee\/fi\/#website","url":"https:\/\/bbqassad.ee\/fi\/","name":"BBQ \u00c4ssad","description":"BBQ maitseained, kastmed, ahjud","publisher":{"@id":"https:\/\/bbqassad.ee\/fi\/#organization"},"potentialAction":[{"@type":"SearchAction","target":{"@type":"EntryPoint","urlTemplate":"https:\/\/bbqassad.ee\/fi\/?s={search_term_string}"},"query-input":{"@type":"PropertyValueSpecification","valueRequired":true,"valueName":"search_term_string"}}],"inLanguage":"fi"},{"@type":"Organization","@id":"https:\/\/bbqassad.ee\/fi\/#organization","name":"BBQ \u00c4ssad","url":"https:\/\/bbqassad.ee\/fi\/","logo":{"@type":"ImageObject","inLanguage":"fi","@id":"https:\/\/bbqassad.ee\/fi\/#\/schema\/logo\/image\/","url":"https:\/\/bbqassad.ee\/wp-content\/uploads\/2022\/10\/BBQ-2ssadlogo.png","contentUrl":"https:\/\/bbqassad.ee\/wp-content\/uploads\/2022\/10\/BBQ-2ssadlogo.png","width":1080,"height":1080,"caption":"BBQ \u00c4ssad"},"image":{"@id":"https:\/\/bbqassad.ee\/fi\/#\/schema\/logo\/image\/"},"sameAs":["https:\/\/www.facebook.com\/bbqassad","https:\/\/www.youtube.com\/channel\/UCsoufn49J6TVi9Ah9meE93w"]}]}},"_links":{"self":[{"href":"https:\/\/bbqassad.ee\/fi\/wp-json\/wp\/v2\/product\/21593","targetHints":{"allow":["GET"]}}],"collection":[{"href":"https:\/\/bbqassad.ee\/fi\/wp-json\/wp\/v2\/product"}],"about":[{"href":"https:\/\/bbqassad.ee\/fi\/wp-json\/wp\/v2\/types\/product"}],"replies":[{"embeddable":true,"href":"https:\/\/bbqassad.ee\/fi\/wp-json\/wp\/v2\/comments?post=21593"}],"wp:featuredmedia":[{"embeddable":true,"href":"https:\/\/bbqassad.ee\/fi\/wp-json\/wp\/v2\/media\/21594"}],"wp:attachment":[{"href":"https:\/\/bbqassad.ee\/fi\/wp-json\/wp\/v2\/media?parent=21593"}],"wp:term":[{"taxonomy":"product_brand","embeddable":true,"href":"https:\/\/bbqassad.ee\/fi\/wp-json\/wp\/v2\/product_brand?post=21593"},{"taxonomy":"product_cat","embeddable":true,"href":"https:\/\/bbqassad.ee\/fi\/wp-json\/wp\/v2\/product_cat?post=21593"},{"taxonomy":"product_tag","embeddable":true,"href":"https:\/\/bbqassad.ee\/fi\/wp-json\/wp\/v2\/product_tag?post=21593"}],"curies":[{"name":"wp","href":"https:\/\/api.w.org\/{rel}","templated":true}]}}