{"id":21591,"date":"2026-02-23T15:05:55","date_gmt":"2026-02-23T15:05:55","guid":{"rendered":"https:\/\/bbqassad.ee\/toode\/napoleon-saankestava-grillikansi-freestyle-24-plancha-griddle-kaasugrilleille\/"},"modified":"2026-04-14T06:32:04","modified_gmt":"2026-04-14T06:32:04","slug":"napoleon-saankestava-grillikansi-freestyle-24-plancha-griddle-kaasugrilleille","status":"publish","type":"product","link":"https:\/\/bbqassad.ee\/fi\/toode\/napoleon-saankestava-grillikansi-freestyle-24-plancha-griddle-kaasugrilleille\/","title":{"rendered":"Napoleon s\u00e4\u00e4nkest\u00e4v\u00e4 grillikansi Freestyle 24&#8243; Plancha\/Griddle kaasugrilleille"},"content":{"rendered":"","protected":false},"excerpt":{"rendered":"<h3><strong>Napoleon s\u00e4\u00e4nkest\u00e4v\u00e4 grillikansi Freestyle 24&#8243; Plancha\/Griddle kaasugrilleille<\/strong><\/h3>\n<p data-start=\"0\" data-end=\"345\">Napoleonin s\u00e4\u00e4nkest\u00e4v\u00e4 grillikansi suojaa grilli\u00e4si sateelta, lumelta, UV-s\u00e4teilt\u00e4 ja lialta ymp\u00e4ri vuoden. Kevyt mutta kest\u00e4v\u00e4 vedenpit\u00e4v\u00e4 kangas ei halkeile ajan my\u00f6t\u00e4, ja sis\u00e4\u00e4nrakennetut UV-suoja-aineet auttavat v\u00e4hent\u00e4m\u00e4\u00e4n haalistumista. <\/p>\n<p data-start=\"0\" data-end=\"345\">Suojus on suunniteltu erityisesti Freestyle 24&#8243; Plancha (Griddle Cart) -malleihin.<\/p>\n<p data-start=\"347\" data-end=\"750\">Sivuilla olevat s\u00e4\u00e4dett\u00e4v\u00e4t hihnat ja solki pit\u00e4v\u00e4t suojuksen tukevasti paikallaan my\u00f6s tuulisissa olosuhteissa. Integroidut tuuletusaukot mahdollistavat ilmankierron, joka auttaa v\u00e4hent\u00e4m\u00e4\u00e4n kosteuden kertymist\u00e4 ja homeen muodostumista. Haarukkasaranoilla varustettu avattava etupaneeli mahdollistaa nopean p\u00e4\u00e4syn grillikupuun ilman, ett\u00e4 koko suojusta tarvitsee irrottaa. Ripustettavat kielekkeet helpottavat kannen s\u00e4ilytt\u00e4mist\u00e4, kun grilli on k\u00e4yt\u00f6ss\u00e4.   <\/p>\n<p data-start=\"752\" data-end=\"764\">\n","protected":false},"featured_media":14760,"comment_status":"closed","ping_status":"closed","template":"","meta":[],"product_brand":[768],"product_cat":[785,784],"product_tag":[],"class_list":{"0":"post-21591","1":"product","2":"type-product","3":"status-publish","4":"has-post-thumbnail","6":"product_brand-napoleon","7":"product_cat-kaasugrillien-tarvikkeet","8":"product_cat-tarvikkeet","10":"first","11":"instock","12":"taxable","13":"shipping-taxable","14":"purchasable","15":"product-type-simple"},"yoast_head":"<!-- This site is optimized with the Yoast SEO plugin v27.4 - https:\/\/yoast.com\/product\/yoast-seo-wordpress\/ -->\n<title>Napoleon s\u00e4\u00e4nkest\u00e4v\u00e4 grillikansi Freestyle 24&quot; - BBQ \u00c4ssad%<\/title>\n<meta name=\"description\" content=\"Napoleonin s\u00e4\u00e4nkest\u00e4v\u00e4 grillisuojus suojaa grilli\u00e4si sateelta, lumelta ja lialta. Kevyt, kest\u00e4v\u00e4 kangas ja s\u00e4\u00e4dett\u00e4v\u00e4t hihnat takaavat turvallisen pidon.\" \/>\n<meta name=\"robots\" content=\"index, follow, max-snippet:-1, max-image-preview:large, max-video-preview:-1\" \/>\n<link rel=\"canonical\" href=\"https:\/\/bbqassad.ee\/fi\/toode\/napoleon-saankestava-grillikansi-freestyle-24-plancha-griddle-kaasugrilleille\/\" \/>\n<meta property=\"og:locale\" content=\"fi_FI\" \/>\n<meta property=\"og:type\" content=\"article\" \/>\n<meta property=\"og:title\" content=\"Napoleon s\u00e4\u00e4nkest\u00e4v\u00e4 grillikansi Freestyle 24&quot; - BBQ \u00c4ssad%\" \/>\n<meta property=\"og:description\" content=\"Napoleonin s\u00e4\u00e4nkest\u00e4v\u00e4 grillisuojus suojaa grilli\u00e4si sateelta, lumelta ja lialta. Kevyt, kest\u00e4v\u00e4 kangas ja s\u00e4\u00e4dett\u00e4v\u00e4t hihnat takaavat turvallisen pidon.\" \/>\n<meta property=\"og:url\" content=\"https:\/\/bbqassad.ee\/fi\/toode\/napoleon-saankestava-grillikansi-freestyle-24-plancha-griddle-kaasugrilleille\/\" \/>\n<meta property=\"og:site_name\" content=\"BBQ \u00c4ssad\" \/>\n<meta property=\"article:publisher\" content=\"https:\/\/www.facebook.com\/bbqassad\" \/>\n<meta property=\"article:modified_time\" content=\"2026-04-14T06:32:04+00:00\" \/>\n<meta property=\"og:image\" content=\"https:\/\/bbqassad.ee\/wp-content\/uploads\/2026\/02\/Napoleon_61024_001.jpg\" \/>\n<meta name=\"twitter:card\" content=\"summary_large_image\" \/>\n<meta name=\"twitter:title\" content=\"Napoleon s\u00e4\u00e4nkest\u00e4v\u00e4 grillikansi Freestyle 24&quot; - BBQ \u00c4ssad%\" \/>\n<meta name=\"twitter:description\" content=\"Napoleonin s\u00e4\u00e4nkest\u00e4v\u00e4 grillisuojus suojaa grilli\u00e4si sateelta, lumelta ja lialta. Kevyt, kest\u00e4v\u00e4 kangas ja s\u00e4\u00e4dett\u00e4v\u00e4t hihnat takaavat turvallisen pidon.\" \/>\n<meta name=\"twitter:image\" content=\"https:\/\/bbqassad.ee\/wp-content\/uploads\/2026\/02\/Napoleon_61024_001.jpg\" \/>\n<script type=\"application\/ld+json\" class=\"yoast-schema-graph\">{\"@context\":\"https:\\\/\\\/schema.org\",\"@graph\":[{\"@type\":\"WebPage\",\"@id\":\"https:\\\/\\\/bbqassad.ee\\\/fi\\\/toode\\\/napoleon-saankestava-grillikansi-freestyle-24-plancha-griddle-kaasugrilleille\\\/\",\"url\":\"https:\\\/\\\/bbqassad.ee\\\/fi\\\/toode\\\/napoleon-saankestava-grillikansi-freestyle-24-plancha-griddle-kaasugrilleille\\\/\",\"name\":\"Napoleon s\u00e4\u00e4nkest\u00e4v\u00e4 grillikansi Freestyle 24\\\" - BBQ \u00c4ssad%\",\"isPartOf\":{\"@id\":\"https:\\\/\\\/bbqassad.ee\\\/fi\\\/#website\"},\"primaryImageOfPage\":{\"@id\":\"https:\\\/\\\/bbqassad.ee\\\/fi\\\/toode\\\/napoleon-saankestava-grillikansi-freestyle-24-plancha-griddle-kaasugrilleille\\\/#primaryimage\"},\"image\":{\"@id\":\"https:\\\/\\\/bbqassad.ee\\\/fi\\\/toode\\\/napoleon-saankestava-grillikansi-freestyle-24-plancha-griddle-kaasugrilleille\\\/#primaryimage\"},\"thumbnailUrl\":\"https:\\\/\\\/bbqassad.ee\\\/wp-content\\\/uploads\\\/2026\\\/02\\\/Napoleon_61024_001.jpg\",\"datePublished\":\"2026-02-23T15:05:55+00:00\",\"dateModified\":\"2026-04-14T06:32:04+00:00\",\"description\":\"Napoleonin s\u00e4\u00e4nkest\u00e4v\u00e4 grillisuojus suojaa grilli\u00e4si sateelta, lumelta ja lialta. Kevyt, kest\u00e4v\u00e4 kangas ja s\u00e4\u00e4dett\u00e4v\u00e4t hihnat takaavat turvallisen pidon.\",\"breadcrumb\":{\"@id\":\"https:\\\/\\\/bbqassad.ee\\\/fi\\\/toode\\\/napoleon-saankestava-grillikansi-freestyle-24-plancha-griddle-kaasugrilleille\\\/#breadcrumb\"},\"inLanguage\":\"fi\",\"potentialAction\":[{\"@type\":\"ReadAction\",\"target\":[\"https:\\\/\\\/bbqassad.ee\\\/fi\\\/toode\\\/napoleon-saankestava-grillikansi-freestyle-24-plancha-griddle-kaasugrilleille\\\/\"]}]},{\"@type\":\"ImageObject\",\"inLanguage\":\"fi\",\"@id\":\"https:\\\/\\\/bbqassad.ee\\\/fi\\\/toode\\\/napoleon-saankestava-grillikansi-freestyle-24-plancha-griddle-kaasugrilleille\\\/#primaryimage\",\"url\":\"https:\\\/\\\/bbqassad.ee\\\/wp-content\\\/uploads\\\/2026\\\/02\\\/Napoleon_61024_001.jpg\",\"contentUrl\":\"https:\\\/\\\/bbqassad.ee\\\/wp-content\\\/uploads\\\/2026\\\/02\\\/Napoleon_61024_001.jpg\",\"width\":1920,\"height\":1920},{\"@type\":\"BreadcrumbList\",\"@id\":\"https:\\\/\\\/bbqassad.ee\\\/fi\\\/toode\\\/napoleon-saankestava-grillikansi-freestyle-24-plancha-griddle-kaasugrilleille\\\/#breadcrumb\",\"itemListElement\":[{\"@type\":\"ListItem\",\"position\":1,\"name\":\"Home\",\"item\":\"https:\\\/\\\/bbqassad.ee\\\/fi\\\/bbq-assat\\\/\"},{\"@type\":\"ListItem\",\"position\":2,\"name\":\"Verkkokauppa\",\"item\":\"https:\\\/\\\/bbqassad.ee\\\/fi\\\/verkkokauppa\\\/\"},{\"@type\":\"ListItem\",\"position\":3,\"name\":\"Napoleon s\u00e4\u00e4nkest\u00e4v\u00e4 grillikansi Freestyle 24&#8243; Plancha\\\/Griddle kaasugrilleille\"}]},{\"@type\":\"WebSite\",\"@id\":\"https:\\\/\\\/bbqassad.ee\\\/fi\\\/#website\",\"url\":\"https:\\\/\\\/bbqassad.ee\\\/fi\\\/\",\"name\":\"BBQ \u00c4ssad\",\"description\":\"BBQ maitseained, kastmed, ahjud\",\"publisher\":{\"@id\":\"https:\\\/\\\/bbqassad.ee\\\/fi\\\/#organization\"},\"potentialAction\":[{\"@type\":\"SearchAction\",\"target\":{\"@type\":\"EntryPoint\",\"urlTemplate\":\"https:\\\/\\\/bbqassad.ee\\\/fi\\\/?s={search_term_string}\"},\"query-input\":{\"@type\":\"PropertyValueSpecification\",\"valueRequired\":true,\"valueName\":\"search_term_string\"}}],\"inLanguage\":\"fi\"},{\"@type\":\"Organization\",\"@id\":\"https:\\\/\\\/bbqassad.ee\\\/fi\\\/#organization\",\"name\":\"BBQ \u00c4ssad\",\"url\":\"https:\\\/\\\/bbqassad.ee\\\/fi\\\/\",\"logo\":{\"@type\":\"ImageObject\",\"inLanguage\":\"fi\",\"@id\":\"https:\\\/\\\/bbqassad.ee\\\/fi\\\/#\\\/schema\\\/logo\\\/image\\\/\",\"url\":\"https:\\\/\\\/bbqassad.ee\\\/wp-content\\\/uploads\\\/2022\\\/10\\\/BBQ-2ssadlogo.png\",\"contentUrl\":\"https:\\\/\\\/bbqassad.ee\\\/wp-content\\\/uploads\\\/2022\\\/10\\\/BBQ-2ssadlogo.png\",\"width\":1080,\"height\":1080,\"caption\":\"BBQ \u00c4ssad\"},\"image\":{\"@id\":\"https:\\\/\\\/bbqassad.ee\\\/fi\\\/#\\\/schema\\\/logo\\\/image\\\/\"},\"sameAs\":[\"https:\\\/\\\/www.facebook.com\\\/bbqassad\",\"https:\\\/\\\/www.youtube.com\\\/channel\\\/UCsoufn49J6TVi9Ah9meE93w\"]}]}<\/script>\n<!-- \/ Yoast SEO plugin. -->","yoast_head_json":{"title":"Napoleon s\u00e4\u00e4nkest\u00e4v\u00e4 grillikansi Freestyle 24\" - BBQ \u00c4ssad%","description":"Napoleonin s\u00e4\u00e4nkest\u00e4v\u00e4 grillisuojus suojaa grilli\u00e4si sateelta, lumelta ja lialta. Kevyt, kest\u00e4v\u00e4 kangas ja s\u00e4\u00e4dett\u00e4v\u00e4t hihnat takaavat turvallisen pidon.","robots":{"index":"index","follow":"follow","max-snippet":"max-snippet:-1","max-image-preview":"max-image-preview:large","max-video-preview":"max-video-preview:-1"},"canonical":"https:\/\/bbqassad.ee\/fi\/toode\/napoleon-saankestava-grillikansi-freestyle-24-plancha-griddle-kaasugrilleille\/","og_locale":"fi_FI","og_type":"article","og_title":"Napoleon s\u00e4\u00e4nkest\u00e4v\u00e4 grillikansi Freestyle 24\" - BBQ \u00c4ssad%","og_description":"Napoleonin s\u00e4\u00e4nkest\u00e4v\u00e4 grillisuojus suojaa grilli\u00e4si sateelta, lumelta ja lialta. Kevyt, kest\u00e4v\u00e4 kangas ja s\u00e4\u00e4dett\u00e4v\u00e4t hihnat takaavat turvallisen pidon.","og_url":"https:\/\/bbqassad.ee\/fi\/toode\/napoleon-saankestava-grillikansi-freestyle-24-plancha-griddle-kaasugrilleille\/","og_site_name":"BBQ \u00c4ssad","article_publisher":"https:\/\/www.facebook.com\/bbqassad","article_modified_time":"2026-04-14T06:32:04+00:00","og_image":[{"url":"https:\/\/bbqassad.ee\/wp-content\/uploads\/2026\/02\/Napoleon_61024_001.jpg","type":"","width":"","height":""}],"twitter_card":"summary_large_image","twitter_title":"Napoleon s\u00e4\u00e4nkest\u00e4v\u00e4 grillikansi Freestyle 24\" - BBQ \u00c4ssad%","twitter_description":"Napoleonin s\u00e4\u00e4nkest\u00e4v\u00e4 grillisuojus suojaa grilli\u00e4si sateelta, lumelta ja lialta. Kevyt, kest\u00e4v\u00e4 kangas ja s\u00e4\u00e4dett\u00e4v\u00e4t hihnat takaavat turvallisen pidon.","twitter_image":"https:\/\/bbqassad.ee\/wp-content\/uploads\/2026\/02\/Napoleon_61024_001.jpg","schema":{"@context":"https:\/\/schema.org","@graph":[{"@type":"WebPage","@id":"https:\/\/bbqassad.ee\/fi\/toode\/napoleon-saankestava-grillikansi-freestyle-24-plancha-griddle-kaasugrilleille\/","url":"https:\/\/bbqassad.ee\/fi\/toode\/napoleon-saankestava-grillikansi-freestyle-24-plancha-griddle-kaasugrilleille\/","name":"Napoleon s\u00e4\u00e4nkest\u00e4v\u00e4 grillikansi Freestyle 24\" - BBQ \u00c4ssad%","isPartOf":{"@id":"https:\/\/bbqassad.ee\/fi\/#website"},"primaryImageOfPage":{"@id":"https:\/\/bbqassad.ee\/fi\/toode\/napoleon-saankestava-grillikansi-freestyle-24-plancha-griddle-kaasugrilleille\/#primaryimage"},"image":{"@id":"https:\/\/bbqassad.ee\/fi\/toode\/napoleon-saankestava-grillikansi-freestyle-24-plancha-griddle-kaasugrilleille\/#primaryimage"},"thumbnailUrl":"https:\/\/bbqassad.ee\/wp-content\/uploads\/2026\/02\/Napoleon_61024_001.jpg","datePublished":"2026-02-23T15:05:55+00:00","dateModified":"2026-04-14T06:32:04+00:00","description":"Napoleonin s\u00e4\u00e4nkest\u00e4v\u00e4 grillisuojus suojaa grilli\u00e4si sateelta, lumelta ja lialta. Kevyt, kest\u00e4v\u00e4 kangas ja s\u00e4\u00e4dett\u00e4v\u00e4t hihnat takaavat turvallisen pidon.","breadcrumb":{"@id":"https:\/\/bbqassad.ee\/fi\/toode\/napoleon-saankestava-grillikansi-freestyle-24-plancha-griddle-kaasugrilleille\/#breadcrumb"},"inLanguage":"fi","potentialAction":[{"@type":"ReadAction","target":["https:\/\/bbqassad.ee\/fi\/toode\/napoleon-saankestava-grillikansi-freestyle-24-plancha-griddle-kaasugrilleille\/"]}]},{"@type":"ImageObject","inLanguage":"fi","@id":"https:\/\/bbqassad.ee\/fi\/toode\/napoleon-saankestava-grillikansi-freestyle-24-plancha-griddle-kaasugrilleille\/#primaryimage","url":"https:\/\/bbqassad.ee\/wp-content\/uploads\/2026\/02\/Napoleon_61024_001.jpg","contentUrl":"https:\/\/bbqassad.ee\/wp-content\/uploads\/2026\/02\/Napoleon_61024_001.jpg","width":1920,"height":1920},{"@type":"BreadcrumbList","@id":"https:\/\/bbqassad.ee\/fi\/toode\/napoleon-saankestava-grillikansi-freestyle-24-plancha-griddle-kaasugrilleille\/#breadcrumb","itemListElement":[{"@type":"ListItem","position":1,"name":"Home","item":"https:\/\/bbqassad.ee\/fi\/bbq-assat\/"},{"@type":"ListItem","position":2,"name":"Verkkokauppa","item":"https:\/\/bbqassad.ee\/fi\/verkkokauppa\/"},{"@type":"ListItem","position":3,"name":"Napoleon s\u00e4\u00e4nkest\u00e4v\u00e4 grillikansi Freestyle 24&#8243; Plancha\/Griddle kaasugrilleille"}]},{"@type":"WebSite","@id":"https:\/\/bbqassad.ee\/fi\/#website","url":"https:\/\/bbqassad.ee\/fi\/","name":"BBQ \u00c4ssad","description":"BBQ maitseained, kastmed, ahjud","publisher":{"@id":"https:\/\/bbqassad.ee\/fi\/#organization"},"potentialAction":[{"@type":"SearchAction","target":{"@type":"EntryPoint","urlTemplate":"https:\/\/bbqassad.ee\/fi\/?s={search_term_string}"},"query-input":{"@type":"PropertyValueSpecification","valueRequired":true,"valueName":"search_term_string"}}],"inLanguage":"fi"},{"@type":"Organization","@id":"https:\/\/bbqassad.ee\/fi\/#organization","name":"BBQ \u00c4ssad","url":"https:\/\/bbqassad.ee\/fi\/","logo":{"@type":"ImageObject","inLanguage":"fi","@id":"https:\/\/bbqassad.ee\/fi\/#\/schema\/logo\/image\/","url":"https:\/\/bbqassad.ee\/wp-content\/uploads\/2022\/10\/BBQ-2ssadlogo.png","contentUrl":"https:\/\/bbqassad.ee\/wp-content\/uploads\/2022\/10\/BBQ-2ssadlogo.png","width":1080,"height":1080,"caption":"BBQ \u00c4ssad"},"image":{"@id":"https:\/\/bbqassad.ee\/fi\/#\/schema\/logo\/image\/"},"sameAs":["https:\/\/www.facebook.com\/bbqassad","https:\/\/www.youtube.com\/channel\/UCsoufn49J6TVi9Ah9meE93w"]}]}},"_links":{"self":[{"href":"https:\/\/bbqassad.ee\/fi\/wp-json\/wp\/v2\/product\/21591","targetHints":{"allow":["GET"]}}],"collection":[{"href":"https:\/\/bbqassad.ee\/fi\/wp-json\/wp\/v2\/product"}],"about":[{"href":"https:\/\/bbqassad.ee\/fi\/wp-json\/wp\/v2\/types\/product"}],"replies":[{"embeddable":true,"href":"https:\/\/bbqassad.ee\/fi\/wp-json\/wp\/v2\/comments?post=21591"}],"wp:featuredmedia":[{"embeddable":true,"href":"https:\/\/bbqassad.ee\/fi\/wp-json\/wp\/v2\/media\/14760"}],"wp:attachment":[{"href":"https:\/\/bbqassad.ee\/fi\/wp-json\/wp\/v2\/media?parent=21591"}],"wp:term":[{"taxonomy":"product_brand","embeddable":true,"href":"https:\/\/bbqassad.ee\/fi\/wp-json\/wp\/v2\/product_brand?post=21591"},{"taxonomy":"product_cat","embeddable":true,"href":"https:\/\/bbqassad.ee\/fi\/wp-json\/wp\/v2\/product_cat?post=21591"},{"taxonomy":"product_tag","embeddable":true,"href":"https:\/\/bbqassad.ee\/fi\/wp-json\/wp\/v2\/product_tag?post=21591"}],"curies":[{"name":"wp","href":"https:\/\/api.w.org\/{rel}","templated":true}]}}