{"id":21589,"date":"2026-02-23T15:05:55","date_gmt":"2026-02-23T15:05:55","guid":{"rendered":"https:\/\/bbqassad.ee\/toode\/napoleonin-ruostumattomasta-teraksesta-valmistettu-plancha-grillilevy-freestyle-ja-rogue-425-grilleihin\/"},"modified":"2026-04-14T06:32:04","modified_gmt":"2026-04-14T06:32:04","slug":"napoleonin-ruostumattomasta-teraksesta-valmistettu-plancha-grillilevy-freestyle-ja-rogue-425-grilleihin","status":"publish","type":"product","link":"https:\/\/bbqassad.ee\/fi\/toode\/napoleonin-ruostumattomasta-teraksesta-valmistettu-plancha-grillilevy-freestyle-ja-rogue-425-grilleihin\/","title":{"rendered":"Napoleonin ruostumattomasta ter\u00e4ksest\u00e4 valmistettu plancha grillilevy Freestyle- ja Rogue 425 -grilleihin"},"content":{"rendered":"","protected":false},"excerpt":{"rendered":"<h3><strong>Napoleonin ruostumattomasta ter\u00e4ksest\u00e4 valmistettu plancha grillilevy Freestyle- ja Rogue 425 -grilleihin<\/strong><\/h3>\n<p data-start=\"0\" data-end=\"283\">Ruostumattomasta ter\u00e4ksest\u00e4 valmistetun plancha-grillilevyn avulla voit muuttaa kaasugrillin nopeasti tasaiseksi paistopinnaksi ritil\u00f6iden sijasta.<\/p>\n<p data-start=\"0\" data-end=\"283\">Suurella pinnalla (n. 50 \u00d7 40 cm) voit valmistaa pihvej\u00e4, hampurilaisia, aamiaisia, vihanneksia, wok-ruokia ja tapaksia ilman, ett\u00e4 ruoka putoaa telineen l\u00e4pi.<\/p>\n<p data-start=\"285\" data-end=\"617\">Paksu ruostumaton ter\u00e4s jakaa l\u00e4mm\u00f6n tasaisesti ja mahdollistaa useiden eri l\u00e4mp\u00f6vy\u00f6hykkeiden luomisen samaan levyyn. Yhdell\u00e4 alueella voit ruskistaa ruokaa korkealla l\u00e4mm\u00f6ll\u00e4, kun taas toisella alueella voit pit\u00e4\u00e4 ruoan l\u00e4mpim\u00e4n\u00e4 matalammalla l\u00e4mm\u00f6ll\u00e4. Integroidut rasvanerottimet ker\u00e4\u00e4v\u00e4t ylim\u00e4\u00e4r\u00e4isen rasvan ja nesteen, jolloin grillin sis\u00e4puoli pysyy puhtaampana ja puhdistus helpottuu.  <\/p>\n<p data-start=\"619\" data-end=\"706\" data-is-last-node=\"\" data-is-only-node=\"\">Plancha grillilevy sopii k\u00e4ytett\u00e4v\u00e4ksi Napoleon Freestyle ja Rogue\u00ae 425 -kaasugrilleiss\u00e4.<\/p>\n<p data-start=\"630\" data-end=\"752\">\n","protected":false},"featured_media":14754,"comment_status":"closed","ping_status":"closed","template":"","meta":[],"product_brand":[768],"product_cat":[785,784],"product_tag":[],"class_list":{"0":"post-21589","1":"product","2":"type-product","3":"status-publish","4":"has-post-thumbnail","6":"product_brand-napoleon","7":"product_cat-kaasugrillien-tarvikkeet","8":"product_cat-tarvikkeet","10":"first","11":"instock","12":"taxable","13":"shipping-taxable","14":"purchasable","15":"product-type-simple"},"yoast_head":"<!-- This site is optimized with the Yoast SEO plugin v27.4 - https:\/\/yoast.com\/product\/yoast-seo-wordpress\/ -->\n<title>Napoleon ruostumattomasta ter\u00e4ksest\u00e4 valmistettu plancha grillilevy - BBQ \u00c4ssad%<\/title>\n<meta name=\"description\" content=\"Ruostumattomasta ter\u00e4ksest\u00e4 valmistettu plancha grillilevy Napoleon Freestyle- ja Rogue 425 -grilleihin. Suuri paistopinta mahdollistaa monipuolisen ruoanvalmistuksen ja helpon puhdistuksen.\" \/>\n<meta name=\"robots\" content=\"index, follow, max-snippet:-1, max-image-preview:large, max-video-preview:-1\" \/>\n<link rel=\"canonical\" href=\"https:\/\/bbqassad.ee\/fi\/toode\/napoleonin-ruostumattomasta-teraksesta-valmistettu-plancha-grillilevy-freestyle-ja-rogue-425-grilleihin\/\" \/>\n<meta property=\"og:locale\" content=\"fi_FI\" \/>\n<meta property=\"og:type\" content=\"article\" \/>\n<meta property=\"og:title\" content=\"Napoleon ruostumattomasta ter\u00e4ksest\u00e4 valmistettu plancha grillilevy - BBQ \u00c4ssad%\" \/>\n<meta property=\"og:description\" content=\"Ruostumattomasta ter\u00e4ksest\u00e4 valmistettu plancha grillilevy Napoleon Freestyle- ja Rogue 425 -grilleihin. Suuri paistopinta mahdollistaa monipuolisen ruoanvalmistuksen ja helpon puhdistuksen.\" \/>\n<meta property=\"og:url\" content=\"https:\/\/bbqassad.ee\/fi\/toode\/napoleonin-ruostumattomasta-teraksesta-valmistettu-plancha-grillilevy-freestyle-ja-rogue-425-grilleihin\/\" \/>\n<meta property=\"og:site_name\" content=\"BBQ \u00c4ssad\" \/>\n<meta property=\"article:publisher\" content=\"https:\/\/www.facebook.com\/bbqassad\" \/>\n<meta property=\"article:modified_time\" content=\"2026-04-14T06:32:04+00:00\" \/>\n<meta property=\"og:image\" content=\"https:\/\/bbqassad.ee\/wp-content\/uploads\/2026\/02\/56093_Napoleon_Stainless_Steel_Griddle_Insert_Griddle_For_Rogue_Freestyle_Angled_784x784_918a3aa1-aa34-468f-af0f-97aa438b537a.jpg.webp\" \/>\n<meta name=\"twitter:card\" content=\"summary_large_image\" \/>\n<meta name=\"twitter:title\" content=\"Napoleon ruostumattomasta ter\u00e4ksest\u00e4 valmistettu plancha grillilevy - BBQ \u00c4ssad%\" \/>\n<meta name=\"twitter:description\" content=\"Ruostumattomasta ter\u00e4ksest\u00e4 valmistettu plancha grillilevy Napoleon Freestyle- ja Rogue 425 -grilleihin. Suuri paistopinta mahdollistaa monipuolisen ruoanvalmistuksen ja helpon puhdistuksen.\" \/>\n<meta name=\"twitter:image\" content=\"https:\/\/bbqassad.ee\/wp-content\/uploads\/2026\/02\/56093_Napoleon_Stainless_Steel_Griddle_Insert_Griddle_For_Rogue_Freestyle_Angled_784x784_918a3aa1-aa34-468f-af0f-97aa438b537a.jpg.webp\" \/>\n<script type=\"application\/ld+json\" class=\"yoast-schema-graph\">{\"@context\":\"https:\\\/\\\/schema.org\",\"@graph\":[{\"@type\":\"WebPage\",\"@id\":\"https:\\\/\\\/bbqassad.ee\\\/fi\\\/toode\\\/napoleonin-ruostumattomasta-teraksesta-valmistettu-plancha-grillilevy-freestyle-ja-rogue-425-grilleihin\\\/\",\"url\":\"https:\\\/\\\/bbqassad.ee\\\/fi\\\/toode\\\/napoleonin-ruostumattomasta-teraksesta-valmistettu-plancha-grillilevy-freestyle-ja-rogue-425-grilleihin\\\/\",\"name\":\"Napoleon ruostumattomasta ter\u00e4ksest\u00e4 valmistettu plancha grillilevy - BBQ \u00c4ssad%\",\"isPartOf\":{\"@id\":\"https:\\\/\\\/bbqassad.ee\\\/fi\\\/#website\"},\"primaryImageOfPage\":{\"@id\":\"https:\\\/\\\/bbqassad.ee\\\/fi\\\/toode\\\/napoleonin-ruostumattomasta-teraksesta-valmistettu-plancha-grillilevy-freestyle-ja-rogue-425-grilleihin\\\/#primaryimage\"},\"image\":{\"@id\":\"https:\\\/\\\/bbqassad.ee\\\/fi\\\/toode\\\/napoleonin-ruostumattomasta-teraksesta-valmistettu-plancha-grillilevy-freestyle-ja-rogue-425-grilleihin\\\/#primaryimage\"},\"thumbnailUrl\":\"https:\\\/\\\/bbqassad.ee\\\/wp-content\\\/uploads\\\/2026\\\/02\\\/56093_Napoleon_Stainless_Steel_Griddle_Insert_Griddle_For_Rogue_Freestyle_Angled_784x784_918a3aa1-aa34-468f-af0f-97aa438b537a.jpg.webp\",\"datePublished\":\"2026-02-23T15:05:55+00:00\",\"dateModified\":\"2026-04-14T06:32:04+00:00\",\"description\":\"Ruostumattomasta ter\u00e4ksest\u00e4 valmistettu plancha grillilevy Napoleon Freestyle- ja Rogue 425 -grilleihin. Suuri paistopinta mahdollistaa monipuolisen ruoanvalmistuksen ja helpon puhdistuksen.\",\"breadcrumb\":{\"@id\":\"https:\\\/\\\/bbqassad.ee\\\/fi\\\/toode\\\/napoleonin-ruostumattomasta-teraksesta-valmistettu-plancha-grillilevy-freestyle-ja-rogue-425-grilleihin\\\/#breadcrumb\"},\"inLanguage\":\"fi\",\"potentialAction\":[{\"@type\":\"ReadAction\",\"target\":[\"https:\\\/\\\/bbqassad.ee\\\/fi\\\/toode\\\/napoleonin-ruostumattomasta-teraksesta-valmistettu-plancha-grillilevy-freestyle-ja-rogue-425-grilleihin\\\/\"]}]},{\"@type\":\"ImageObject\",\"inLanguage\":\"fi\",\"@id\":\"https:\\\/\\\/bbqassad.ee\\\/fi\\\/toode\\\/napoleonin-ruostumattomasta-teraksesta-valmistettu-plancha-grillilevy-freestyle-ja-rogue-425-grilleihin\\\/#primaryimage\",\"url\":\"https:\\\/\\\/bbqassad.ee\\\/wp-content\\\/uploads\\\/2026\\\/02\\\/56093_Napoleon_Stainless_Steel_Griddle_Insert_Griddle_For_Rogue_Freestyle_Angled_784x784_918a3aa1-aa34-468f-af0f-97aa438b537a.jpg.webp\",\"contentUrl\":\"https:\\\/\\\/bbqassad.ee\\\/wp-content\\\/uploads\\\/2026\\\/02\\\/56093_Napoleon_Stainless_Steel_Griddle_Insert_Griddle_For_Rogue_Freestyle_Angled_784x784_918a3aa1-aa34-468f-af0f-97aa438b537a.jpg.webp\",\"width\":784,\"height\":784},{\"@type\":\"BreadcrumbList\",\"@id\":\"https:\\\/\\\/bbqassad.ee\\\/fi\\\/toode\\\/napoleonin-ruostumattomasta-teraksesta-valmistettu-plancha-grillilevy-freestyle-ja-rogue-425-grilleihin\\\/#breadcrumb\",\"itemListElement\":[{\"@type\":\"ListItem\",\"position\":1,\"name\":\"Home\",\"item\":\"https:\\\/\\\/bbqassad.ee\\\/fi\\\/bbq-assat\\\/\"},{\"@type\":\"ListItem\",\"position\":2,\"name\":\"Verkkokauppa\",\"item\":\"https:\\\/\\\/bbqassad.ee\\\/fi\\\/verkkokauppa\\\/\"},{\"@type\":\"ListItem\",\"position\":3,\"name\":\"Napoleonin ruostumattomasta ter\u00e4ksest\u00e4 valmistettu plancha grillilevy Freestyle- ja Rogue 425 -grilleihin\"}]},{\"@type\":\"WebSite\",\"@id\":\"https:\\\/\\\/bbqassad.ee\\\/fi\\\/#website\",\"url\":\"https:\\\/\\\/bbqassad.ee\\\/fi\\\/\",\"name\":\"BBQ \u00c4ssad\",\"description\":\"BBQ maitseained, kastmed, ahjud\",\"publisher\":{\"@id\":\"https:\\\/\\\/bbqassad.ee\\\/fi\\\/#organization\"},\"potentialAction\":[{\"@type\":\"SearchAction\",\"target\":{\"@type\":\"EntryPoint\",\"urlTemplate\":\"https:\\\/\\\/bbqassad.ee\\\/fi\\\/?s={search_term_string}\"},\"query-input\":{\"@type\":\"PropertyValueSpecification\",\"valueRequired\":true,\"valueName\":\"search_term_string\"}}],\"inLanguage\":\"fi\"},{\"@type\":\"Organization\",\"@id\":\"https:\\\/\\\/bbqassad.ee\\\/fi\\\/#organization\",\"name\":\"BBQ \u00c4ssad\",\"url\":\"https:\\\/\\\/bbqassad.ee\\\/fi\\\/\",\"logo\":{\"@type\":\"ImageObject\",\"inLanguage\":\"fi\",\"@id\":\"https:\\\/\\\/bbqassad.ee\\\/fi\\\/#\\\/schema\\\/logo\\\/image\\\/\",\"url\":\"https:\\\/\\\/bbqassad.ee\\\/wp-content\\\/uploads\\\/2022\\\/10\\\/BBQ-2ssadlogo.png\",\"contentUrl\":\"https:\\\/\\\/bbqassad.ee\\\/wp-content\\\/uploads\\\/2022\\\/10\\\/BBQ-2ssadlogo.png\",\"width\":1080,\"height\":1080,\"caption\":\"BBQ \u00c4ssad\"},\"image\":{\"@id\":\"https:\\\/\\\/bbqassad.ee\\\/fi\\\/#\\\/schema\\\/logo\\\/image\\\/\"},\"sameAs\":[\"https:\\\/\\\/www.facebook.com\\\/bbqassad\",\"https:\\\/\\\/www.youtube.com\\\/channel\\\/UCsoufn49J6TVi9Ah9meE93w\"]}]}<\/script>\n<!-- \/ Yoast SEO plugin. -->","yoast_head_json":{"title":"Napoleon ruostumattomasta ter\u00e4ksest\u00e4 valmistettu plancha grillilevy - BBQ \u00c4ssad%","description":"Ruostumattomasta ter\u00e4ksest\u00e4 valmistettu plancha grillilevy Napoleon Freestyle- ja Rogue 425 -grilleihin. Suuri paistopinta mahdollistaa monipuolisen ruoanvalmistuksen ja helpon puhdistuksen.","robots":{"index":"index","follow":"follow","max-snippet":"max-snippet:-1","max-image-preview":"max-image-preview:large","max-video-preview":"max-video-preview:-1"},"canonical":"https:\/\/bbqassad.ee\/fi\/toode\/napoleonin-ruostumattomasta-teraksesta-valmistettu-plancha-grillilevy-freestyle-ja-rogue-425-grilleihin\/","og_locale":"fi_FI","og_type":"article","og_title":"Napoleon ruostumattomasta ter\u00e4ksest\u00e4 valmistettu plancha grillilevy - BBQ \u00c4ssad%","og_description":"Ruostumattomasta ter\u00e4ksest\u00e4 valmistettu plancha grillilevy Napoleon Freestyle- ja Rogue 425 -grilleihin. Suuri paistopinta mahdollistaa monipuolisen ruoanvalmistuksen ja helpon puhdistuksen.","og_url":"https:\/\/bbqassad.ee\/fi\/toode\/napoleonin-ruostumattomasta-teraksesta-valmistettu-plancha-grillilevy-freestyle-ja-rogue-425-grilleihin\/","og_site_name":"BBQ \u00c4ssad","article_publisher":"https:\/\/www.facebook.com\/bbqassad","article_modified_time":"2026-04-14T06:32:04+00:00","og_image":[{"url":"https:\/\/bbqassad.ee\/wp-content\/uploads\/2026\/02\/56093_Napoleon_Stainless_Steel_Griddle_Insert_Griddle_For_Rogue_Freestyle_Angled_784x784_918a3aa1-aa34-468f-af0f-97aa438b537a.jpg.webp","type":"","width":"","height":""}],"twitter_card":"summary_large_image","twitter_title":"Napoleon ruostumattomasta ter\u00e4ksest\u00e4 valmistettu plancha grillilevy - BBQ \u00c4ssad%","twitter_description":"Ruostumattomasta ter\u00e4ksest\u00e4 valmistettu plancha grillilevy Napoleon Freestyle- ja Rogue 425 -grilleihin. Suuri paistopinta mahdollistaa monipuolisen ruoanvalmistuksen ja helpon puhdistuksen.","twitter_image":"https:\/\/bbqassad.ee\/wp-content\/uploads\/2026\/02\/56093_Napoleon_Stainless_Steel_Griddle_Insert_Griddle_For_Rogue_Freestyle_Angled_784x784_918a3aa1-aa34-468f-af0f-97aa438b537a.jpg.webp","schema":{"@context":"https:\/\/schema.org","@graph":[{"@type":"WebPage","@id":"https:\/\/bbqassad.ee\/fi\/toode\/napoleonin-ruostumattomasta-teraksesta-valmistettu-plancha-grillilevy-freestyle-ja-rogue-425-grilleihin\/","url":"https:\/\/bbqassad.ee\/fi\/toode\/napoleonin-ruostumattomasta-teraksesta-valmistettu-plancha-grillilevy-freestyle-ja-rogue-425-grilleihin\/","name":"Napoleon ruostumattomasta ter\u00e4ksest\u00e4 valmistettu plancha grillilevy - BBQ \u00c4ssad%","isPartOf":{"@id":"https:\/\/bbqassad.ee\/fi\/#website"},"primaryImageOfPage":{"@id":"https:\/\/bbqassad.ee\/fi\/toode\/napoleonin-ruostumattomasta-teraksesta-valmistettu-plancha-grillilevy-freestyle-ja-rogue-425-grilleihin\/#primaryimage"},"image":{"@id":"https:\/\/bbqassad.ee\/fi\/toode\/napoleonin-ruostumattomasta-teraksesta-valmistettu-plancha-grillilevy-freestyle-ja-rogue-425-grilleihin\/#primaryimage"},"thumbnailUrl":"https:\/\/bbqassad.ee\/wp-content\/uploads\/2026\/02\/56093_Napoleon_Stainless_Steel_Griddle_Insert_Griddle_For_Rogue_Freestyle_Angled_784x784_918a3aa1-aa34-468f-af0f-97aa438b537a.jpg.webp","datePublished":"2026-02-23T15:05:55+00:00","dateModified":"2026-04-14T06:32:04+00:00","description":"Ruostumattomasta ter\u00e4ksest\u00e4 valmistettu plancha grillilevy Napoleon Freestyle- ja Rogue 425 -grilleihin. Suuri paistopinta mahdollistaa monipuolisen ruoanvalmistuksen ja helpon puhdistuksen.","breadcrumb":{"@id":"https:\/\/bbqassad.ee\/fi\/toode\/napoleonin-ruostumattomasta-teraksesta-valmistettu-plancha-grillilevy-freestyle-ja-rogue-425-grilleihin\/#breadcrumb"},"inLanguage":"fi","potentialAction":[{"@type":"ReadAction","target":["https:\/\/bbqassad.ee\/fi\/toode\/napoleonin-ruostumattomasta-teraksesta-valmistettu-plancha-grillilevy-freestyle-ja-rogue-425-grilleihin\/"]}]},{"@type":"ImageObject","inLanguage":"fi","@id":"https:\/\/bbqassad.ee\/fi\/toode\/napoleonin-ruostumattomasta-teraksesta-valmistettu-plancha-grillilevy-freestyle-ja-rogue-425-grilleihin\/#primaryimage","url":"https:\/\/bbqassad.ee\/wp-content\/uploads\/2026\/02\/56093_Napoleon_Stainless_Steel_Griddle_Insert_Griddle_For_Rogue_Freestyle_Angled_784x784_918a3aa1-aa34-468f-af0f-97aa438b537a.jpg.webp","contentUrl":"https:\/\/bbqassad.ee\/wp-content\/uploads\/2026\/02\/56093_Napoleon_Stainless_Steel_Griddle_Insert_Griddle_For_Rogue_Freestyle_Angled_784x784_918a3aa1-aa34-468f-af0f-97aa438b537a.jpg.webp","width":784,"height":784},{"@type":"BreadcrumbList","@id":"https:\/\/bbqassad.ee\/fi\/toode\/napoleonin-ruostumattomasta-teraksesta-valmistettu-plancha-grillilevy-freestyle-ja-rogue-425-grilleihin\/#breadcrumb","itemListElement":[{"@type":"ListItem","position":1,"name":"Home","item":"https:\/\/bbqassad.ee\/fi\/bbq-assat\/"},{"@type":"ListItem","position":2,"name":"Verkkokauppa","item":"https:\/\/bbqassad.ee\/fi\/verkkokauppa\/"},{"@type":"ListItem","position":3,"name":"Napoleonin ruostumattomasta ter\u00e4ksest\u00e4 valmistettu plancha grillilevy Freestyle- ja Rogue 425 -grilleihin"}]},{"@type":"WebSite","@id":"https:\/\/bbqassad.ee\/fi\/#website","url":"https:\/\/bbqassad.ee\/fi\/","name":"BBQ \u00c4ssad","description":"BBQ maitseained, kastmed, ahjud","publisher":{"@id":"https:\/\/bbqassad.ee\/fi\/#organization"},"potentialAction":[{"@type":"SearchAction","target":{"@type":"EntryPoint","urlTemplate":"https:\/\/bbqassad.ee\/fi\/?s={search_term_string}"},"query-input":{"@type":"PropertyValueSpecification","valueRequired":true,"valueName":"search_term_string"}}],"inLanguage":"fi"},{"@type":"Organization","@id":"https:\/\/bbqassad.ee\/fi\/#organization","name":"BBQ \u00c4ssad","url":"https:\/\/bbqassad.ee\/fi\/","logo":{"@type":"ImageObject","inLanguage":"fi","@id":"https:\/\/bbqassad.ee\/fi\/#\/schema\/logo\/image\/","url":"https:\/\/bbqassad.ee\/wp-content\/uploads\/2022\/10\/BBQ-2ssadlogo.png","contentUrl":"https:\/\/bbqassad.ee\/wp-content\/uploads\/2022\/10\/BBQ-2ssadlogo.png","width":1080,"height":1080,"caption":"BBQ \u00c4ssad"},"image":{"@id":"https:\/\/bbqassad.ee\/fi\/#\/schema\/logo\/image\/"},"sameAs":["https:\/\/www.facebook.com\/bbqassad","https:\/\/www.youtube.com\/channel\/UCsoufn49J6TVi9Ah9meE93w"]}]}},"_links":{"self":[{"href":"https:\/\/bbqassad.ee\/fi\/wp-json\/wp\/v2\/product\/21589","targetHints":{"allow":["GET"]}}],"collection":[{"href":"https:\/\/bbqassad.ee\/fi\/wp-json\/wp\/v2\/product"}],"about":[{"href":"https:\/\/bbqassad.ee\/fi\/wp-json\/wp\/v2\/types\/product"}],"replies":[{"embeddable":true,"href":"https:\/\/bbqassad.ee\/fi\/wp-json\/wp\/v2\/comments?post=21589"}],"wp:featuredmedia":[{"embeddable":true,"href":"https:\/\/bbqassad.ee\/fi\/wp-json\/wp\/v2\/media\/14754"}],"wp:attachment":[{"href":"https:\/\/bbqassad.ee\/fi\/wp-json\/wp\/v2\/media?parent=21589"}],"wp:term":[{"taxonomy":"product_brand","embeddable":true,"href":"https:\/\/bbqassad.ee\/fi\/wp-json\/wp\/v2\/product_brand?post=21589"},{"taxonomy":"product_cat","embeddable":true,"href":"https:\/\/bbqassad.ee\/fi\/wp-json\/wp\/v2\/product_cat?post=21589"},{"taxonomy":"product_tag","embeddable":true,"href":"https:\/\/bbqassad.ee\/fi\/wp-json\/wp\/v2\/product_tag?post=21589"}],"curies":[{"name":"wp","href":"https:\/\/api.w.org\/{rel}","templated":true}]}}