{"id":21585,"date":"2026-02-23T15:05:55","date_gmt":"2026-02-23T15:05:55","guid":{"rendered":"https:\/\/bbqassad.ee\/toode\/napoleonin-jatkettava-savuputki-puulastuille-travelq-smoker-tube-savustusputki\/"},"modified":"2026-04-14T06:32:04","modified_gmt":"2026-04-14T06:32:04","slug":"napoleonin-jatkettava-savuputki-puulastuille-travelq-smoker-tube-savustusputki","status":"publish","type":"product","link":"https:\/\/bbqassad.ee\/fi\/toode\/napoleonin-jatkettava-savuputki-puulastuille-travelq-smoker-tube-savustusputki\/","title":{"rendered":"Napoleonin jatkettava savuputki puulastuille \/ TravelQ Smoker Tube &#8211; savustusputki"},"content":{"rendered":"","protected":false},"excerpt":{"rendered":"<h3><strong>Napoleonin jatkettava savuputki puulastuille \/ TravelQ Smoker Tube &#8211; savustusputki<\/strong><\/h3>\n<p data-start=\"0\" data-end=\"226\">Napoleon Smoke Box muuttaa kannettavan TravelQ-grillin yksinkertaiseksi savugrilliksi. Yhdistettyn\u00e4 oikeanlaisiin savukkeisiin se antaa voimakkaamman savun maun, kun ruoat valmistetaan suoraan grilliss\u00e4. <\/p>\n<p data-start=\"228\" data-end=\"407\">Ruostumattomasta ter\u00e4ksest\u00e4 valmistettu runko kest\u00e4\u00e4 kovaa kuumuutta ja kest\u00e4\u00e4 s\u00e4\u00e4nn\u00f6llist\u00e4 k\u00e4ytt\u00f6\u00e4. Savulaatikko sijoitetaan polttimien p\u00e4\u00e4lle tai grilliritil\u00e4lle, jotta savu p\u00e4\u00e4see liikkumaan vapaasti ruoan ymp\u00e4rill\u00e4. <\/p>\n","protected":false},"featured_media":14739,"comment_status":"closed","ping_status":"closed","template":"","meta":[],"product_brand":[768],"product_cat":[785,784],"product_tag":[],"class_list":{"0":"post-21585","1":"product","2":"type-product","3":"status-publish","4":"has-post-thumbnail","6":"product_brand-napoleon","7":"product_cat-kaasugrillien-tarvikkeet","8":"product_cat-tarvikkeet","10":"first","11":"instock","12":"taxable","13":"shipping-taxable","14":"purchasable","15":"product-type-simple"},"yoast_head":"<!-- This site is optimized with the Yoast SEO plugin v27.4 - https:\/\/yoast.com\/product\/yoast-seo-wordpress\/ -->\n<title>Napoleonin jatkettava savupiippu hakkeelle - BBQ \u00c4ssad%<\/title>\n<meta name=\"description\" content=\"Napoleonin savuputki muuttaa TravelQ-grillisi savugrilliksi. Ruostumattomasta ter\u00e4ksest\u00e4 valmistettu runko on l\u00e4mm\u00f6nkest\u00e4v\u00e4 ja kest\u00e4v\u00e4. Aseta savuputki grilliin niin, ett\u00e4 savu voi olla\" \/>\n<meta name=\"robots\" content=\"index, follow, max-snippet:-1, max-image-preview:large, max-video-preview:-1\" \/>\n<link rel=\"canonical\" href=\"https:\/\/bbqassad.ee\/fi\/toode\/napoleonin-jatkettava-savuputki-puulastuille-travelq-smoker-tube-savustusputki\/\" \/>\n<meta property=\"og:locale\" content=\"fi_FI\" \/>\n<meta property=\"og:type\" content=\"article\" \/>\n<meta property=\"og:title\" content=\"Napoleonin jatkettava savupiippu hakkeelle - BBQ \u00c4ssad%\" \/>\n<meta property=\"og:description\" content=\"Napoleonin savuputki muuttaa TravelQ-grillisi savugrilliksi. Ruostumattomasta ter\u00e4ksest\u00e4 valmistettu runko on l\u00e4mm\u00f6nkest\u00e4v\u00e4 ja kest\u00e4v\u00e4. Aseta savuputki grilliin niin, ett\u00e4 savu voi olla\" \/>\n<meta property=\"og:url\" content=\"https:\/\/bbqassad.ee\/fi\/toode\/napoleonin-jatkettava-savuputki-puulastuille-travelq-smoker-tube-savustusputki\/\" \/>\n<meta property=\"og:site_name\" content=\"BBQ \u00c4ssad\" \/>\n<meta property=\"article:publisher\" content=\"https:\/\/www.facebook.com\/bbqassad\" \/>\n<meta property=\"article:modified_time\" content=\"2026-04-14T06:32:04+00:00\" \/>\n<meta property=\"og:image\" content=\"https:\/\/bbqassad.ee\/wp-content\/uploads\/2026\/02\/kouti-kapnismatos-napoleon-67075-800x800-homing-img2.jpg\" \/>\n<meta name=\"twitter:card\" content=\"summary_large_image\" \/>\n<meta name=\"twitter:title\" content=\"Napoleonin jatkettava savupiippu hakkeelle - BBQ \u00c4ssad%\" \/>\n<meta name=\"twitter:description\" content=\"Napoleonin savuputki muuttaa TravelQ-grillisi savugrilliksi. Ruostumattomasta ter\u00e4ksest\u00e4 valmistettu runko on l\u00e4mm\u00f6nkest\u00e4v\u00e4 ja kest\u00e4v\u00e4. Aseta savuputki grilliin niin, ett\u00e4 savu voi olla\" \/>\n<meta name=\"twitter:image\" content=\"https:\/\/bbqassad.ee\/wp-content\/uploads\/2026\/02\/kouti-kapnismatos-napoleon-67075-800x800-homing-img2.jpg\" \/>\n<script type=\"application\/ld+json\" class=\"yoast-schema-graph\">{\"@context\":\"https:\\\/\\\/schema.org\",\"@graph\":[{\"@type\":\"WebPage\",\"@id\":\"https:\\\/\\\/bbqassad.ee\\\/fi\\\/toode\\\/napoleonin-jatkettava-savuputki-puulastuille-travelq-smoker-tube-savustusputki\\\/\",\"url\":\"https:\\\/\\\/bbqassad.ee\\\/fi\\\/toode\\\/napoleonin-jatkettava-savuputki-puulastuille-travelq-smoker-tube-savustusputki\\\/\",\"name\":\"Napoleonin jatkettava savupiippu hakkeelle - BBQ \u00c4ssad%\",\"isPartOf\":{\"@id\":\"https:\\\/\\\/bbqassad.ee\\\/fi\\\/#website\"},\"primaryImageOfPage\":{\"@id\":\"https:\\\/\\\/bbqassad.ee\\\/fi\\\/toode\\\/napoleonin-jatkettava-savuputki-puulastuille-travelq-smoker-tube-savustusputki\\\/#primaryimage\"},\"image\":{\"@id\":\"https:\\\/\\\/bbqassad.ee\\\/fi\\\/toode\\\/napoleonin-jatkettava-savuputki-puulastuille-travelq-smoker-tube-savustusputki\\\/#primaryimage\"},\"thumbnailUrl\":\"https:\\\/\\\/bbqassad.ee\\\/wp-content\\\/uploads\\\/2026\\\/02\\\/kouti-kapnismatos-napoleon-67075-800x800-homing-img2.jpg\",\"datePublished\":\"2026-02-23T15:05:55+00:00\",\"dateModified\":\"2026-04-14T06:32:04+00:00\",\"description\":\"Napoleonin savuputki muuttaa TravelQ-grillisi savugrilliksi. Ruostumattomasta ter\u00e4ksest\u00e4 valmistettu runko on l\u00e4mm\u00f6nkest\u00e4v\u00e4 ja kest\u00e4v\u00e4. Aseta savuputki grilliin niin, ett\u00e4 savu voi olla\",\"breadcrumb\":{\"@id\":\"https:\\\/\\\/bbqassad.ee\\\/fi\\\/toode\\\/napoleonin-jatkettava-savuputki-puulastuille-travelq-smoker-tube-savustusputki\\\/#breadcrumb\"},\"inLanguage\":\"fi\",\"potentialAction\":[{\"@type\":\"ReadAction\",\"target\":[\"https:\\\/\\\/bbqassad.ee\\\/fi\\\/toode\\\/napoleonin-jatkettava-savuputki-puulastuille-travelq-smoker-tube-savustusputki\\\/\"]}]},{\"@type\":\"ImageObject\",\"inLanguage\":\"fi\",\"@id\":\"https:\\\/\\\/bbqassad.ee\\\/fi\\\/toode\\\/napoleonin-jatkettava-savuputki-puulastuille-travelq-smoker-tube-savustusputki\\\/#primaryimage\",\"url\":\"https:\\\/\\\/bbqassad.ee\\\/wp-content\\\/uploads\\\/2026\\\/02\\\/kouti-kapnismatos-napoleon-67075-800x800-homing-img2.jpg\",\"contentUrl\":\"https:\\\/\\\/bbqassad.ee\\\/wp-content\\\/uploads\\\/2026\\\/02\\\/kouti-kapnismatos-napoleon-67075-800x800-homing-img2.jpg\",\"width\":800,\"height\":800},{\"@type\":\"BreadcrumbList\",\"@id\":\"https:\\\/\\\/bbqassad.ee\\\/fi\\\/toode\\\/napoleonin-jatkettava-savuputki-puulastuille-travelq-smoker-tube-savustusputki\\\/#breadcrumb\",\"itemListElement\":[{\"@type\":\"ListItem\",\"position\":1,\"name\":\"Home\",\"item\":\"https:\\\/\\\/bbqassad.ee\\\/fi\\\/bbq-assat\\\/\"},{\"@type\":\"ListItem\",\"position\":2,\"name\":\"Verkkokauppa\",\"item\":\"https:\\\/\\\/bbqassad.ee\\\/fi\\\/verkkokauppa\\\/\"},{\"@type\":\"ListItem\",\"position\":3,\"name\":\"Napoleonin jatkettava savuputki puulastuille \\\/ TravelQ Smoker Tube &#8211; savustusputki\"}]},{\"@type\":\"WebSite\",\"@id\":\"https:\\\/\\\/bbqassad.ee\\\/fi\\\/#website\",\"url\":\"https:\\\/\\\/bbqassad.ee\\\/fi\\\/\",\"name\":\"BBQ \u00c4ssad\",\"description\":\"BBQ maitseained, kastmed, ahjud\",\"publisher\":{\"@id\":\"https:\\\/\\\/bbqassad.ee\\\/fi\\\/#organization\"},\"potentialAction\":[{\"@type\":\"SearchAction\",\"target\":{\"@type\":\"EntryPoint\",\"urlTemplate\":\"https:\\\/\\\/bbqassad.ee\\\/fi\\\/?s={search_term_string}\"},\"query-input\":{\"@type\":\"PropertyValueSpecification\",\"valueRequired\":true,\"valueName\":\"search_term_string\"}}],\"inLanguage\":\"fi\"},{\"@type\":\"Organization\",\"@id\":\"https:\\\/\\\/bbqassad.ee\\\/fi\\\/#organization\",\"name\":\"BBQ \u00c4ssad\",\"url\":\"https:\\\/\\\/bbqassad.ee\\\/fi\\\/\",\"logo\":{\"@type\":\"ImageObject\",\"inLanguage\":\"fi\",\"@id\":\"https:\\\/\\\/bbqassad.ee\\\/fi\\\/#\\\/schema\\\/logo\\\/image\\\/\",\"url\":\"https:\\\/\\\/bbqassad.ee\\\/wp-content\\\/uploads\\\/2022\\\/10\\\/BBQ-2ssadlogo.png\",\"contentUrl\":\"https:\\\/\\\/bbqassad.ee\\\/wp-content\\\/uploads\\\/2022\\\/10\\\/BBQ-2ssadlogo.png\",\"width\":1080,\"height\":1080,\"caption\":\"BBQ \u00c4ssad\"},\"image\":{\"@id\":\"https:\\\/\\\/bbqassad.ee\\\/fi\\\/#\\\/schema\\\/logo\\\/image\\\/\"},\"sameAs\":[\"https:\\\/\\\/www.facebook.com\\\/bbqassad\",\"https:\\\/\\\/www.youtube.com\\\/channel\\\/UCsoufn49J6TVi9Ah9meE93w\"]}]}<\/script>\n<!-- \/ Yoast SEO plugin. -->","yoast_head_json":{"title":"Napoleonin jatkettava savupiippu hakkeelle - BBQ \u00c4ssad%","description":"Napoleonin savuputki muuttaa TravelQ-grillisi savugrilliksi. Ruostumattomasta ter\u00e4ksest\u00e4 valmistettu runko on l\u00e4mm\u00f6nkest\u00e4v\u00e4 ja kest\u00e4v\u00e4. Aseta savuputki grilliin niin, ett\u00e4 savu voi olla","robots":{"index":"index","follow":"follow","max-snippet":"max-snippet:-1","max-image-preview":"max-image-preview:large","max-video-preview":"max-video-preview:-1"},"canonical":"https:\/\/bbqassad.ee\/fi\/toode\/napoleonin-jatkettava-savuputki-puulastuille-travelq-smoker-tube-savustusputki\/","og_locale":"fi_FI","og_type":"article","og_title":"Napoleonin jatkettava savupiippu hakkeelle - BBQ \u00c4ssad%","og_description":"Napoleonin savuputki muuttaa TravelQ-grillisi savugrilliksi. Ruostumattomasta ter\u00e4ksest\u00e4 valmistettu runko on l\u00e4mm\u00f6nkest\u00e4v\u00e4 ja kest\u00e4v\u00e4. Aseta savuputki grilliin niin, ett\u00e4 savu voi olla","og_url":"https:\/\/bbqassad.ee\/fi\/toode\/napoleonin-jatkettava-savuputki-puulastuille-travelq-smoker-tube-savustusputki\/","og_site_name":"BBQ \u00c4ssad","article_publisher":"https:\/\/www.facebook.com\/bbqassad","article_modified_time":"2026-04-14T06:32:04+00:00","og_image":[{"url":"https:\/\/bbqassad.ee\/wp-content\/uploads\/2026\/02\/kouti-kapnismatos-napoleon-67075-800x800-homing-img2.jpg","type":"","width":"","height":""}],"twitter_card":"summary_large_image","twitter_title":"Napoleonin jatkettava savupiippu hakkeelle - BBQ \u00c4ssad%","twitter_description":"Napoleonin savuputki muuttaa TravelQ-grillisi savugrilliksi. Ruostumattomasta ter\u00e4ksest\u00e4 valmistettu runko on l\u00e4mm\u00f6nkest\u00e4v\u00e4 ja kest\u00e4v\u00e4. Aseta savuputki grilliin niin, ett\u00e4 savu voi olla","twitter_image":"https:\/\/bbqassad.ee\/wp-content\/uploads\/2026\/02\/kouti-kapnismatos-napoleon-67075-800x800-homing-img2.jpg","schema":{"@context":"https:\/\/schema.org","@graph":[{"@type":"WebPage","@id":"https:\/\/bbqassad.ee\/fi\/toode\/napoleonin-jatkettava-savuputki-puulastuille-travelq-smoker-tube-savustusputki\/","url":"https:\/\/bbqassad.ee\/fi\/toode\/napoleonin-jatkettava-savuputki-puulastuille-travelq-smoker-tube-savustusputki\/","name":"Napoleonin jatkettava savupiippu hakkeelle - BBQ \u00c4ssad%","isPartOf":{"@id":"https:\/\/bbqassad.ee\/fi\/#website"},"primaryImageOfPage":{"@id":"https:\/\/bbqassad.ee\/fi\/toode\/napoleonin-jatkettava-savuputki-puulastuille-travelq-smoker-tube-savustusputki\/#primaryimage"},"image":{"@id":"https:\/\/bbqassad.ee\/fi\/toode\/napoleonin-jatkettava-savuputki-puulastuille-travelq-smoker-tube-savustusputki\/#primaryimage"},"thumbnailUrl":"https:\/\/bbqassad.ee\/wp-content\/uploads\/2026\/02\/kouti-kapnismatos-napoleon-67075-800x800-homing-img2.jpg","datePublished":"2026-02-23T15:05:55+00:00","dateModified":"2026-04-14T06:32:04+00:00","description":"Napoleonin savuputki muuttaa TravelQ-grillisi savugrilliksi. Ruostumattomasta ter\u00e4ksest\u00e4 valmistettu runko on l\u00e4mm\u00f6nkest\u00e4v\u00e4 ja kest\u00e4v\u00e4. Aseta savuputki grilliin niin, ett\u00e4 savu voi olla","breadcrumb":{"@id":"https:\/\/bbqassad.ee\/fi\/toode\/napoleonin-jatkettava-savuputki-puulastuille-travelq-smoker-tube-savustusputki\/#breadcrumb"},"inLanguage":"fi","potentialAction":[{"@type":"ReadAction","target":["https:\/\/bbqassad.ee\/fi\/toode\/napoleonin-jatkettava-savuputki-puulastuille-travelq-smoker-tube-savustusputki\/"]}]},{"@type":"ImageObject","inLanguage":"fi","@id":"https:\/\/bbqassad.ee\/fi\/toode\/napoleonin-jatkettava-savuputki-puulastuille-travelq-smoker-tube-savustusputki\/#primaryimage","url":"https:\/\/bbqassad.ee\/wp-content\/uploads\/2026\/02\/kouti-kapnismatos-napoleon-67075-800x800-homing-img2.jpg","contentUrl":"https:\/\/bbqassad.ee\/wp-content\/uploads\/2026\/02\/kouti-kapnismatos-napoleon-67075-800x800-homing-img2.jpg","width":800,"height":800},{"@type":"BreadcrumbList","@id":"https:\/\/bbqassad.ee\/fi\/toode\/napoleonin-jatkettava-savuputki-puulastuille-travelq-smoker-tube-savustusputki\/#breadcrumb","itemListElement":[{"@type":"ListItem","position":1,"name":"Home","item":"https:\/\/bbqassad.ee\/fi\/bbq-assat\/"},{"@type":"ListItem","position":2,"name":"Verkkokauppa","item":"https:\/\/bbqassad.ee\/fi\/verkkokauppa\/"},{"@type":"ListItem","position":3,"name":"Napoleonin jatkettava savuputki puulastuille \/ TravelQ Smoker Tube &#8211; savustusputki"}]},{"@type":"WebSite","@id":"https:\/\/bbqassad.ee\/fi\/#website","url":"https:\/\/bbqassad.ee\/fi\/","name":"BBQ \u00c4ssad","description":"BBQ maitseained, kastmed, ahjud","publisher":{"@id":"https:\/\/bbqassad.ee\/fi\/#organization"},"potentialAction":[{"@type":"SearchAction","target":{"@type":"EntryPoint","urlTemplate":"https:\/\/bbqassad.ee\/fi\/?s={search_term_string}"},"query-input":{"@type":"PropertyValueSpecification","valueRequired":true,"valueName":"search_term_string"}}],"inLanguage":"fi"},{"@type":"Organization","@id":"https:\/\/bbqassad.ee\/fi\/#organization","name":"BBQ \u00c4ssad","url":"https:\/\/bbqassad.ee\/fi\/","logo":{"@type":"ImageObject","inLanguage":"fi","@id":"https:\/\/bbqassad.ee\/fi\/#\/schema\/logo\/image\/","url":"https:\/\/bbqassad.ee\/wp-content\/uploads\/2022\/10\/BBQ-2ssadlogo.png","contentUrl":"https:\/\/bbqassad.ee\/wp-content\/uploads\/2022\/10\/BBQ-2ssadlogo.png","width":1080,"height":1080,"caption":"BBQ \u00c4ssad"},"image":{"@id":"https:\/\/bbqassad.ee\/fi\/#\/schema\/logo\/image\/"},"sameAs":["https:\/\/www.facebook.com\/bbqassad","https:\/\/www.youtube.com\/channel\/UCsoufn49J6TVi9Ah9meE93w"]}]}},"_links":{"self":[{"href":"https:\/\/bbqassad.ee\/fi\/wp-json\/wp\/v2\/product\/21585","targetHints":{"allow":["GET"]}}],"collection":[{"href":"https:\/\/bbqassad.ee\/fi\/wp-json\/wp\/v2\/product"}],"about":[{"href":"https:\/\/bbqassad.ee\/fi\/wp-json\/wp\/v2\/types\/product"}],"replies":[{"embeddable":true,"href":"https:\/\/bbqassad.ee\/fi\/wp-json\/wp\/v2\/comments?post=21585"}],"wp:featuredmedia":[{"embeddable":true,"href":"https:\/\/bbqassad.ee\/fi\/wp-json\/wp\/v2\/media\/14739"}],"wp:attachment":[{"href":"https:\/\/bbqassad.ee\/fi\/wp-json\/wp\/v2\/media?parent=21585"}],"wp:term":[{"taxonomy":"product_brand","embeddable":true,"href":"https:\/\/bbqassad.ee\/fi\/wp-json\/wp\/v2\/product_brand?post=21585"},{"taxonomy":"product_cat","embeddable":true,"href":"https:\/\/bbqassad.ee\/fi\/wp-json\/wp\/v2\/product_cat?post=21585"},{"taxonomy":"product_tag","embeddable":true,"href":"https:\/\/bbqassad.ee\/fi\/wp-json\/wp\/v2\/product_tag?post=21585"}],"curies":[{"name":"wp","href":"https:\/\/api.w.org\/{rel}","templated":true}]}}