{"id":21579,"date":"2026-02-23T15:05:55","date_gmt":"2026-02-23T15:05:55","guid":{"rendered":"https:\/\/bbqassad.ee\/toode\/napoleon-premium-pro-keraaminen-pizzakivi\/"},"modified":"2026-04-14T06:32:03","modified_gmt":"2026-04-14T06:32:03","slug":"napoleon-premium-pro-keraaminen-pizzakivi","status":"publish","type":"product","link":"https:\/\/bbqassad.ee\/fi\/toode\/napoleon-premium-pro-keraaminen-pizzakivi\/","title":{"rendered":"Napoleon Premium PRO -pizzakivi"},"content":{"rendered":"","protected":false},"excerpt":{"rendered":"<h3><strong>Napoleon premium PRO keraaminen pizzakivi<\/strong><\/h3>\n<p data-start=\"0\" data-end=\"319\">Napoleon Premium -pizzakivi soveltuu k\u00e4ytett\u00e4v\u00e4ksi kaasu- ja hiiligrilliss\u00e4 sek\u00e4 perinteisiss\u00e4 uuneissa. Huokoisen pinnan avulla kivi imee kosteutta taikinasta, jotta pizzapohja, leivonnaiset ja piirakat pysyv\u00e4t kerralla kevyin\u00e4 ja rapeina. Kivi jakaa l\u00e4mm\u00f6n tasaisesti, jolloin v\u00e4ltyt\u00e4\u00e4n liian nopeasti kypsyvilt\u00e4 tai raaoiksi j\u00e4\u00e4vilt\u00e4 alueilta.  <\/p>\n<p data-start=\"321\" data-end=\"574\">Luonnonkivipinta ei s\u00e4ilyt\u00e4 makuja tai aromeja, joten viime viikon valkosipulitahnan maku ei siirry seuraavaan leivontaan.<\/p>\n<p data-start=\"857\" data-end=\"882\"><strong data-start=\"857\" data-end=\"882\">K\u00e4ytt\u00f6 ja huolto<\/strong><\/p>\n<p data-start=\"884\" data-end=\"1118\">Kuumenna pizzakivi grilliss\u00e4 tai uunissa ennen paistamista. Aseta pizza tai muu leivonnainen kuumalle kivelle ja paista reseptin mukaan. Anna j\u00e4\u00e4hty\u00e4 kokonaan ennen kiven poistamista, jotta v\u00e4lt\u00e4t l\u00e4mp\u00f6shokin.  <\/p>\n<p data-start=\"1120\" data-end=\"1440\" data-is-last-node=\"\" data-is-only-node=\"\">Pese pihakivi k\u00e4yt\u00f6n j\u00e4lkeen k\u00e4sin l\u00e4mpim\u00e4ll\u00e4 vedell\u00e4 ilman pesuaineita ja pyyhi se tarvittaessa varovasti pehme\u00e4ll\u00e4 harjalla tai sienell\u00e4. V\u00e4lt\u00e4 hankausta ja saippuavett\u00e4, jotta kiven luonnollinen pinta ei vahingoitu. Kiveen ei suositella \u00f6ljy\u00e4. Ajan my\u00f6t\u00e4 kiveen syntyy k\u00e4ytt\u00f6j\u00e4lki\u00e4, mik\u00e4 on normaalia ja parantaa paistotulosta. Ajan my\u00f6t\u00e4 kivi my\u00f6s tummuu ja muuttuu v\u00e4hemm\u00e4n tahmeaksi k\u00e4yt\u00f6n my\u00f6t\u00e4, kuten valurautapannu.    <\/p>\n","protected":false},"featured_media":21580,"comment_status":"closed","ping_status":"closed","template":"","meta":[],"product_brand":[768],"product_cat":[785],"product_tag":[],"class_list":{"0":"post-21579","1":"product","2":"type-product","3":"status-publish","4":"has-post-thumbnail","6":"product_brand-napoleon","7":"product_cat-kaasugrillien-tarvikkeet","9":"first","10":"instock","11":"taxable","12":"shipping-taxable","13":"purchasable","14":"product-type-simple"},"yoast_head":"<!-- This site is optimized with the Yoast SEO plugin v27.4 - https:\/\/yoast.com\/product\/yoast-seo-wordpress\/ -->\n<title>Napoleon PRO keraaminen pizzakivi - BBQ \u00c4ssad%<\/title>\n<meta name=\"description\" content=\"Napoleon Premium -pizzakivi sopii kaasu- ja hiiligrilleihin ja -uuneihin. Huokoinen pinta imee itseens\u00e4 kosteutta, mik\u00e4 takaa rapeat pizzat ja leivonnaiset.\" \/>\n<meta name=\"robots\" content=\"index, follow, max-snippet:-1, max-image-preview:large, max-video-preview:-1\" \/>\n<link rel=\"canonical\" href=\"https:\/\/bbqassad.ee\/fi\/toode\/napoleon-premium-pro-keraaminen-pizzakivi\/\" \/>\n<meta property=\"og:locale\" content=\"fi_FI\" \/>\n<meta property=\"og:type\" content=\"article\" \/>\n<meta property=\"og:title\" content=\"Napoleon PRO keraaminen pizzakivi - BBQ \u00c4ssad%\" \/>\n<meta property=\"og:description\" content=\"Napoleon Premium -pizzakivi sopii kaasu- ja hiiligrilleihin ja -uuneihin. Huokoinen pinta imee itseens\u00e4 kosteutta, mik\u00e4 takaa rapeat pizzat ja leivonnaiset.\" \/>\n<meta property=\"og:url\" content=\"https:\/\/bbqassad.ee\/fi\/toode\/napoleon-premium-pro-keraaminen-pizzakivi\/\" \/>\n<meta property=\"og:site_name\" content=\"BBQ \u00c4ssad\" \/>\n<meta property=\"article:publisher\" content=\"https:\/\/www.facebook.com\/bbqassad\" \/>\n<meta property=\"article:modified_time\" content=\"2026-04-14T06:32:03+00:00\" \/>\n<meta property=\"og:image\" content=\"https:\/\/bbqassad.ee\/wp-content\/uploads\/2026\/02\/70084.jpg\" \/>\n<meta name=\"twitter:card\" content=\"summary_large_image\" \/>\n<meta name=\"twitter:title\" content=\"Napoleon PRO keraaminen pizzakivi - BBQ \u00c4ssad%\" \/>\n<meta name=\"twitter:description\" content=\"Napoleon Premium -pizzakivi sopii kaasu- ja hiiligrilleihin ja -uuneihin. Huokoinen pinta imee itseens\u00e4 kosteutta, mik\u00e4 takaa rapeat pizzat ja leivonnaiset.\" \/>\n<meta name=\"twitter:image\" content=\"https:\/\/bbqassad.ee\/wp-content\/uploads\/2026\/02\/70084.jpg\" \/>\n<script type=\"application\/ld+json\" class=\"yoast-schema-graph\">{\"@context\":\"https:\\\/\\\/schema.org\",\"@graph\":[{\"@type\":\"WebPage\",\"@id\":\"https:\\\/\\\/bbqassad.ee\\\/fi\\\/toode\\\/napoleon-premium-pro-keraaminen-pizzakivi\\\/\",\"url\":\"https:\\\/\\\/bbqassad.ee\\\/fi\\\/toode\\\/napoleon-premium-pro-keraaminen-pizzakivi\\\/\",\"name\":\"Napoleon PRO keraaminen pizzakivi - BBQ \u00c4ssad%\",\"isPartOf\":{\"@id\":\"https:\\\/\\\/bbqassad.ee\\\/fi\\\/#website\"},\"primaryImageOfPage\":{\"@id\":\"https:\\\/\\\/bbqassad.ee\\\/fi\\\/toode\\\/napoleon-premium-pro-keraaminen-pizzakivi\\\/#primaryimage\"},\"image\":{\"@id\":\"https:\\\/\\\/bbqassad.ee\\\/fi\\\/toode\\\/napoleon-premium-pro-keraaminen-pizzakivi\\\/#primaryimage\"},\"thumbnailUrl\":\"https:\\\/\\\/bbqassad.ee\\\/wp-content\\\/uploads\\\/2026\\\/02\\\/70084.jpg\",\"datePublished\":\"2026-02-23T15:05:55+00:00\",\"dateModified\":\"2026-04-14T06:32:03+00:00\",\"description\":\"Napoleon Premium -pizzakivi sopii kaasu- ja hiiligrilleihin ja -uuneihin. Huokoinen pinta imee itseens\u00e4 kosteutta, mik\u00e4 takaa rapeat pizzat ja leivonnaiset.\",\"breadcrumb\":{\"@id\":\"https:\\\/\\\/bbqassad.ee\\\/fi\\\/toode\\\/napoleon-premium-pro-keraaminen-pizzakivi\\\/#breadcrumb\"},\"inLanguage\":\"fi\",\"potentialAction\":[{\"@type\":\"ReadAction\",\"target\":[\"https:\\\/\\\/bbqassad.ee\\\/fi\\\/toode\\\/napoleon-premium-pro-keraaminen-pizzakivi\\\/\"]}]},{\"@type\":\"ImageObject\",\"inLanguage\":\"fi\",\"@id\":\"https:\\\/\\\/bbqassad.ee\\\/fi\\\/toode\\\/napoleon-premium-pro-keraaminen-pizzakivi\\\/#primaryimage\",\"url\":\"https:\\\/\\\/bbqassad.ee\\\/wp-content\\\/uploads\\\/2026\\\/02\\\/70084.jpg\",\"contentUrl\":\"https:\\\/\\\/bbqassad.ee\\\/wp-content\\\/uploads\\\/2026\\\/02\\\/70084.jpg\",\"width\":1600,\"height\":1600},{\"@type\":\"BreadcrumbList\",\"@id\":\"https:\\\/\\\/bbqassad.ee\\\/fi\\\/toode\\\/napoleon-premium-pro-keraaminen-pizzakivi\\\/#breadcrumb\",\"itemListElement\":[{\"@type\":\"ListItem\",\"position\":1,\"name\":\"Home\",\"item\":\"https:\\\/\\\/bbqassad.ee\\\/fi\\\/bbq-assat\\\/\"},{\"@type\":\"ListItem\",\"position\":2,\"name\":\"Verkkokauppa\",\"item\":\"https:\\\/\\\/bbqassad.ee\\\/fi\\\/verkkokauppa\\\/\"},{\"@type\":\"ListItem\",\"position\":3,\"name\":\"Napoleon Premium PRO -pizzakivi\"}]},{\"@type\":\"WebSite\",\"@id\":\"https:\\\/\\\/bbqassad.ee\\\/fi\\\/#website\",\"url\":\"https:\\\/\\\/bbqassad.ee\\\/fi\\\/\",\"name\":\"BBQ \u00c4ssad\",\"description\":\"BBQ maitseained, kastmed, ahjud\",\"publisher\":{\"@id\":\"https:\\\/\\\/bbqassad.ee\\\/fi\\\/#organization\"},\"potentialAction\":[{\"@type\":\"SearchAction\",\"target\":{\"@type\":\"EntryPoint\",\"urlTemplate\":\"https:\\\/\\\/bbqassad.ee\\\/fi\\\/?s={search_term_string}\"},\"query-input\":{\"@type\":\"PropertyValueSpecification\",\"valueRequired\":true,\"valueName\":\"search_term_string\"}}],\"inLanguage\":\"fi\"},{\"@type\":\"Organization\",\"@id\":\"https:\\\/\\\/bbqassad.ee\\\/fi\\\/#organization\",\"name\":\"BBQ \u00c4ssad\",\"url\":\"https:\\\/\\\/bbqassad.ee\\\/fi\\\/\",\"logo\":{\"@type\":\"ImageObject\",\"inLanguage\":\"fi\",\"@id\":\"https:\\\/\\\/bbqassad.ee\\\/fi\\\/#\\\/schema\\\/logo\\\/image\\\/\",\"url\":\"https:\\\/\\\/bbqassad.ee\\\/wp-content\\\/uploads\\\/2022\\\/10\\\/BBQ-2ssadlogo.png\",\"contentUrl\":\"https:\\\/\\\/bbqassad.ee\\\/wp-content\\\/uploads\\\/2022\\\/10\\\/BBQ-2ssadlogo.png\",\"width\":1080,\"height\":1080,\"caption\":\"BBQ \u00c4ssad\"},\"image\":{\"@id\":\"https:\\\/\\\/bbqassad.ee\\\/fi\\\/#\\\/schema\\\/logo\\\/image\\\/\"},\"sameAs\":[\"https:\\\/\\\/www.facebook.com\\\/bbqassad\",\"https:\\\/\\\/www.youtube.com\\\/channel\\\/UCsoufn49J6TVi9Ah9meE93w\"]}]}<\/script>\n<!-- \/ Yoast SEO plugin. -->","yoast_head_json":{"title":"Napoleon PRO keraaminen pizzakivi - BBQ \u00c4ssad%","description":"Napoleon Premium -pizzakivi sopii kaasu- ja hiiligrilleihin ja -uuneihin. Huokoinen pinta imee itseens\u00e4 kosteutta, mik\u00e4 takaa rapeat pizzat ja leivonnaiset.","robots":{"index":"index","follow":"follow","max-snippet":"max-snippet:-1","max-image-preview":"max-image-preview:large","max-video-preview":"max-video-preview:-1"},"canonical":"https:\/\/bbqassad.ee\/fi\/toode\/napoleon-premium-pro-keraaminen-pizzakivi\/","og_locale":"fi_FI","og_type":"article","og_title":"Napoleon PRO keraaminen pizzakivi - BBQ \u00c4ssad%","og_description":"Napoleon Premium -pizzakivi sopii kaasu- ja hiiligrilleihin ja -uuneihin. Huokoinen pinta imee itseens\u00e4 kosteutta, mik\u00e4 takaa rapeat pizzat ja leivonnaiset.","og_url":"https:\/\/bbqassad.ee\/fi\/toode\/napoleon-premium-pro-keraaminen-pizzakivi\/","og_site_name":"BBQ \u00c4ssad","article_publisher":"https:\/\/www.facebook.com\/bbqassad","article_modified_time":"2026-04-14T06:32:03+00:00","og_image":[{"url":"https:\/\/bbqassad.ee\/wp-content\/uploads\/2026\/02\/70084.jpg","type":"","width":"","height":""}],"twitter_card":"summary_large_image","twitter_title":"Napoleon PRO keraaminen pizzakivi - BBQ \u00c4ssad%","twitter_description":"Napoleon Premium -pizzakivi sopii kaasu- ja hiiligrilleihin ja -uuneihin. Huokoinen pinta imee itseens\u00e4 kosteutta, mik\u00e4 takaa rapeat pizzat ja leivonnaiset.","twitter_image":"https:\/\/bbqassad.ee\/wp-content\/uploads\/2026\/02\/70084.jpg","schema":{"@context":"https:\/\/schema.org","@graph":[{"@type":"WebPage","@id":"https:\/\/bbqassad.ee\/fi\/toode\/napoleon-premium-pro-keraaminen-pizzakivi\/","url":"https:\/\/bbqassad.ee\/fi\/toode\/napoleon-premium-pro-keraaminen-pizzakivi\/","name":"Napoleon PRO keraaminen pizzakivi - BBQ \u00c4ssad%","isPartOf":{"@id":"https:\/\/bbqassad.ee\/fi\/#website"},"primaryImageOfPage":{"@id":"https:\/\/bbqassad.ee\/fi\/toode\/napoleon-premium-pro-keraaminen-pizzakivi\/#primaryimage"},"image":{"@id":"https:\/\/bbqassad.ee\/fi\/toode\/napoleon-premium-pro-keraaminen-pizzakivi\/#primaryimage"},"thumbnailUrl":"https:\/\/bbqassad.ee\/wp-content\/uploads\/2026\/02\/70084.jpg","datePublished":"2026-02-23T15:05:55+00:00","dateModified":"2026-04-14T06:32:03+00:00","description":"Napoleon Premium -pizzakivi sopii kaasu- ja hiiligrilleihin ja -uuneihin. Huokoinen pinta imee itseens\u00e4 kosteutta, mik\u00e4 takaa rapeat pizzat ja leivonnaiset.","breadcrumb":{"@id":"https:\/\/bbqassad.ee\/fi\/toode\/napoleon-premium-pro-keraaminen-pizzakivi\/#breadcrumb"},"inLanguage":"fi","potentialAction":[{"@type":"ReadAction","target":["https:\/\/bbqassad.ee\/fi\/toode\/napoleon-premium-pro-keraaminen-pizzakivi\/"]}]},{"@type":"ImageObject","inLanguage":"fi","@id":"https:\/\/bbqassad.ee\/fi\/toode\/napoleon-premium-pro-keraaminen-pizzakivi\/#primaryimage","url":"https:\/\/bbqassad.ee\/wp-content\/uploads\/2026\/02\/70084.jpg","contentUrl":"https:\/\/bbqassad.ee\/wp-content\/uploads\/2026\/02\/70084.jpg","width":1600,"height":1600},{"@type":"BreadcrumbList","@id":"https:\/\/bbqassad.ee\/fi\/toode\/napoleon-premium-pro-keraaminen-pizzakivi\/#breadcrumb","itemListElement":[{"@type":"ListItem","position":1,"name":"Home","item":"https:\/\/bbqassad.ee\/fi\/bbq-assat\/"},{"@type":"ListItem","position":2,"name":"Verkkokauppa","item":"https:\/\/bbqassad.ee\/fi\/verkkokauppa\/"},{"@type":"ListItem","position":3,"name":"Napoleon Premium PRO -pizzakivi"}]},{"@type":"WebSite","@id":"https:\/\/bbqassad.ee\/fi\/#website","url":"https:\/\/bbqassad.ee\/fi\/","name":"BBQ \u00c4ssad","description":"BBQ maitseained, kastmed, ahjud","publisher":{"@id":"https:\/\/bbqassad.ee\/fi\/#organization"},"potentialAction":[{"@type":"SearchAction","target":{"@type":"EntryPoint","urlTemplate":"https:\/\/bbqassad.ee\/fi\/?s={search_term_string}"},"query-input":{"@type":"PropertyValueSpecification","valueRequired":true,"valueName":"search_term_string"}}],"inLanguage":"fi"},{"@type":"Organization","@id":"https:\/\/bbqassad.ee\/fi\/#organization","name":"BBQ \u00c4ssad","url":"https:\/\/bbqassad.ee\/fi\/","logo":{"@type":"ImageObject","inLanguage":"fi","@id":"https:\/\/bbqassad.ee\/fi\/#\/schema\/logo\/image\/","url":"https:\/\/bbqassad.ee\/wp-content\/uploads\/2022\/10\/BBQ-2ssadlogo.png","contentUrl":"https:\/\/bbqassad.ee\/wp-content\/uploads\/2022\/10\/BBQ-2ssadlogo.png","width":1080,"height":1080,"caption":"BBQ \u00c4ssad"},"image":{"@id":"https:\/\/bbqassad.ee\/fi\/#\/schema\/logo\/image\/"},"sameAs":["https:\/\/www.facebook.com\/bbqassad","https:\/\/www.youtube.com\/channel\/UCsoufn49J6TVi9Ah9meE93w"]}]}},"_links":{"self":[{"href":"https:\/\/bbqassad.ee\/fi\/wp-json\/wp\/v2\/product\/21579","targetHints":{"allow":["GET"]}}],"collection":[{"href":"https:\/\/bbqassad.ee\/fi\/wp-json\/wp\/v2\/product"}],"about":[{"href":"https:\/\/bbqassad.ee\/fi\/wp-json\/wp\/v2\/types\/product"}],"replies":[{"embeddable":true,"href":"https:\/\/bbqassad.ee\/fi\/wp-json\/wp\/v2\/comments?post=21579"}],"wp:featuredmedia":[{"embeddable":true,"href":"https:\/\/bbqassad.ee\/fi\/wp-json\/wp\/v2\/media\/21580"}],"wp:attachment":[{"href":"https:\/\/bbqassad.ee\/fi\/wp-json\/wp\/v2\/media?parent=21579"}],"wp:term":[{"taxonomy":"product_brand","embeddable":true,"href":"https:\/\/bbqassad.ee\/fi\/wp-json\/wp\/v2\/product_brand?post=21579"},{"taxonomy":"product_cat","embeddable":true,"href":"https:\/\/bbqassad.ee\/fi\/wp-json\/wp\/v2\/product_cat?post=21579"},{"taxonomy":"product_tag","embeddable":true,"href":"https:\/\/bbqassad.ee\/fi\/wp-json\/wp\/v2\/product_tag?post=21579"}],"curies":[{"name":"wp","href":"https:\/\/api.w.org\/{rel}","templated":true}]}}