{"id":21577,"date":"2026-02-23T15:05:55","date_gmt":"2026-02-23T15:05:55","guid":{"rendered":"https:\/\/bbqassad.ee\/toode\/napoleon-3-osainen-plancha-lapio-sarja\/"},"modified":"2026-04-14T06:32:03","modified_gmt":"2026-04-14T06:32:03","slug":"napoleon-3-osainen-plancha-lapio-sarja","status":"publish","type":"product","link":"https:\/\/bbqassad.ee\/fi\/toode\/napoleon-3-osainen-plancha-lapio-sarja\/","title":{"rendered":"Napoleon 3-osainen Plancha-lapio-sarja"},"content":{"rendered":"","protected":false},"excerpt":{"rendered":"<h3><strong>Napoleon 3-osainen Plancha-lapio-sarja<\/strong><\/h3>\n<p data-start=\"0\" data-end=\"301\">Napoleonin 3-osainen lastasarja on suunniteltu paistamiseen plancha-tasaisella levyll\u00e4 ja grillilevyll\u00e4. Settiin sis\u00e4ltyvien suurten lastojen ja kaapimen avulla levyn k\u00e4\u00e4nt\u00e4minen, pilkkominen ja puhdistaminen on helppoa ja k\u00e4tev\u00e4\u00e4. <\/p>\n<p data-start=\"702\" data-end=\"849\">Ergonomiset kahvat tekev\u00e4t ty\u00f6kalujen k\u00e4yt\u00f6st\u00e4 miellytt\u00e4v\u00e4\u00e4 my\u00f6s pitk\u00e4kestoisen paistamisen aikana, ja ruostumaton ter\u00e4s takaa pitk\u00e4n k\u00e4ytt\u00f6i\u00e4n.<\/p>\n<p data-start=\"851\" data-end=\"863\"><strong data-start=\"851\" data-end=\"863\">Pakkaus sis\u00e4lt\u00e4\u00e4<\/strong><\/p>\n<ul data-start=\"865\" data-end=\"1220\" data-is-last-node=\"\" data-is-only-node=\"\">\n<li data-start=\"957\" data-end=\"1032\">\n<p data-start=\"959\" data-end=\"1032\">Joustava reuna t\u00e4ysi lastalla sopii riisille, vihanneksille ja merenel\u00e4ville.<\/p>\n<\/li>\n<li data-start=\"1033\" data-end=\"1097\">\n<p data-start=\"1035\" data-end=\"1097\">Rei&#8217;itetty lastalla k\u00e4tev\u00e4 k\u00e4\u00e4nt\u00e4\u00e4 hampurilaisia ja kalaa<\/p>\n<\/li>\n<li data-start=\"1098\" data-end=\"1169\">\n<p data-start=\"1100\" data-end=\"1169\">Kaavin\/leikkuri nopeaan ruoan pilkkomiseen ja lautasen puhdistamiseen.<\/p>\n<\/li>\n<\/ul>\n","protected":false},"featured_media":14715,"comment_status":"closed","ping_status":"closed","template":"","meta":[],"product_brand":[768],"product_cat":[784],"product_tag":[],"class_list":{"0":"post-21577","1":"product","2":"type-product","3":"status-publish","4":"has-post-thumbnail","6":"product_brand-napoleon","7":"product_cat-tarvikkeet","9":"first","10":"instock","11":"taxable","12":"shipping-taxable","13":"purchasable","14":"product-type-simple"},"yoast_head":"<!-- This site is optimized with the Yoast SEO plugin v27.4 - https:\/\/yoast.com\/product\/yoast-seo-wordpress\/ -->\n<title>Napoleon 3-osainen Plancha-lapio setti - BBQ \u00c4ssad%<\/title>\n<meta name=\"description\" content=\"Napoleonin 3-osainen lastasarja on ihanteellinen plancha-tasaiselle paistamiselle. Ergonomiset kahvat ja ruostumaton ter\u00e4s takaavat mukavuuden ja kest\u00e4vyyden.\" \/>\n<meta name=\"robots\" content=\"index, follow, max-snippet:-1, max-image-preview:large, max-video-preview:-1\" \/>\n<link rel=\"canonical\" href=\"https:\/\/bbqassad.ee\/fi\/toode\/napoleon-3-osainen-plancha-lapio-sarja\/\" \/>\n<meta property=\"og:locale\" content=\"fi_FI\" \/>\n<meta property=\"og:type\" content=\"article\" \/>\n<meta property=\"og:title\" content=\"Napoleon 3-osainen Plancha-lapio setti - BBQ \u00c4ssad%\" \/>\n<meta property=\"og:description\" content=\"Napoleonin 3-osainen lastasarja on ihanteellinen plancha-tasaiselle paistamiselle. Ergonomiset kahvat ja ruostumaton ter\u00e4s takaavat mukavuuden ja kest\u00e4vyyden.\" \/>\n<meta property=\"og:url\" content=\"https:\/\/bbqassad.ee\/fi\/toode\/napoleon-3-osainen-plancha-lapio-sarja\/\" \/>\n<meta property=\"og:site_name\" content=\"BBQ \u00c4ssad\" \/>\n<meta property=\"article:publisher\" content=\"https:\/\/www.facebook.com\/bbqassad\" \/>\n<meta property=\"article:modified_time\" content=\"2026-04-14T06:32:03+00:00\" \/>\n<meta property=\"og:image\" content=\"https:\/\/bbqassad.ee\/wp-content\/uploads\/2026\/02\/set-ergaleion-plancha-napoleon-70081-img-1_1-1.jpg.webp\" \/>\n<meta name=\"twitter:card\" content=\"summary_large_image\" \/>\n<meta name=\"twitter:title\" content=\"Napoleon 3-osainen Plancha-lapio setti - BBQ \u00c4ssad%\" \/>\n<meta name=\"twitter:description\" content=\"Napoleonin 3-osainen lastasarja on ihanteellinen plancha-tasaiselle paistamiselle. Ergonomiset kahvat ja ruostumaton ter\u00e4s takaavat mukavuuden ja kest\u00e4vyyden.\" \/>\n<meta name=\"twitter:image\" content=\"https:\/\/bbqassad.ee\/wp-content\/uploads\/2026\/02\/set-ergaleion-plancha-napoleon-70081-img-1_1-1.jpg.webp\" \/>\n<script type=\"application\/ld+json\" class=\"yoast-schema-graph\">{\"@context\":\"https:\\\/\\\/schema.org\",\"@graph\":[{\"@type\":\"WebPage\",\"@id\":\"https:\\\/\\\/bbqassad.ee\\\/fi\\\/toode\\\/napoleon-3-osainen-plancha-lapio-sarja\\\/\",\"url\":\"https:\\\/\\\/bbqassad.ee\\\/fi\\\/toode\\\/napoleon-3-osainen-plancha-lapio-sarja\\\/\",\"name\":\"Napoleon 3-osainen Plancha-lapio setti - BBQ \u00c4ssad%\",\"isPartOf\":{\"@id\":\"https:\\\/\\\/bbqassad.ee\\\/fi\\\/#website\"},\"primaryImageOfPage\":{\"@id\":\"https:\\\/\\\/bbqassad.ee\\\/fi\\\/toode\\\/napoleon-3-osainen-plancha-lapio-sarja\\\/#primaryimage\"},\"image\":{\"@id\":\"https:\\\/\\\/bbqassad.ee\\\/fi\\\/toode\\\/napoleon-3-osainen-plancha-lapio-sarja\\\/#primaryimage\"},\"thumbnailUrl\":\"https:\\\/\\\/bbqassad.ee\\\/wp-content\\\/uploads\\\/2026\\\/02\\\/set-ergaleion-plancha-napoleon-70081-img-1_1-1.jpg.webp\",\"datePublished\":\"2026-02-23T15:05:55+00:00\",\"dateModified\":\"2026-04-14T06:32:03+00:00\",\"description\":\"Napoleonin 3-osainen lastasarja on ihanteellinen plancha-tasaiselle paistamiselle. Ergonomiset kahvat ja ruostumaton ter\u00e4s takaavat mukavuuden ja kest\u00e4vyyden.\",\"breadcrumb\":{\"@id\":\"https:\\\/\\\/bbqassad.ee\\\/fi\\\/toode\\\/napoleon-3-osainen-plancha-lapio-sarja\\\/#breadcrumb\"},\"inLanguage\":\"fi\",\"potentialAction\":[{\"@type\":\"ReadAction\",\"target\":[\"https:\\\/\\\/bbqassad.ee\\\/fi\\\/toode\\\/napoleon-3-osainen-plancha-lapio-sarja\\\/\"]}]},{\"@type\":\"ImageObject\",\"inLanguage\":\"fi\",\"@id\":\"https:\\\/\\\/bbqassad.ee\\\/fi\\\/toode\\\/napoleon-3-osainen-plancha-lapio-sarja\\\/#primaryimage\",\"url\":\"https:\\\/\\\/bbqassad.ee\\\/wp-content\\\/uploads\\\/2026\\\/02\\\/set-ergaleion-plancha-napoleon-70081-img-1_1-1.jpg.webp\",\"contentUrl\":\"https:\\\/\\\/bbqassad.ee\\\/wp-content\\\/uploads\\\/2026\\\/02\\\/set-ergaleion-plancha-napoleon-70081-img-1_1-1.jpg.webp\",\"width\":600,\"height\":900},{\"@type\":\"BreadcrumbList\",\"@id\":\"https:\\\/\\\/bbqassad.ee\\\/fi\\\/toode\\\/napoleon-3-osainen-plancha-lapio-sarja\\\/#breadcrumb\",\"itemListElement\":[{\"@type\":\"ListItem\",\"position\":1,\"name\":\"Home\",\"item\":\"https:\\\/\\\/bbqassad.ee\\\/fi\\\/bbq-assat\\\/\"},{\"@type\":\"ListItem\",\"position\":2,\"name\":\"Verkkokauppa\",\"item\":\"https:\\\/\\\/bbqassad.ee\\\/fi\\\/verkkokauppa\\\/\"},{\"@type\":\"ListItem\",\"position\":3,\"name\":\"Napoleon 3-osainen Plancha-lapio-sarja\"}]},{\"@type\":\"WebSite\",\"@id\":\"https:\\\/\\\/bbqassad.ee\\\/fi\\\/#website\",\"url\":\"https:\\\/\\\/bbqassad.ee\\\/fi\\\/\",\"name\":\"BBQ \u00c4ssad\",\"description\":\"BBQ maitseained, kastmed, ahjud\",\"publisher\":{\"@id\":\"https:\\\/\\\/bbqassad.ee\\\/fi\\\/#organization\"},\"potentialAction\":[{\"@type\":\"SearchAction\",\"target\":{\"@type\":\"EntryPoint\",\"urlTemplate\":\"https:\\\/\\\/bbqassad.ee\\\/fi\\\/?s={search_term_string}\"},\"query-input\":{\"@type\":\"PropertyValueSpecification\",\"valueRequired\":true,\"valueName\":\"search_term_string\"}}],\"inLanguage\":\"fi\"},{\"@type\":\"Organization\",\"@id\":\"https:\\\/\\\/bbqassad.ee\\\/fi\\\/#organization\",\"name\":\"BBQ \u00c4ssad\",\"url\":\"https:\\\/\\\/bbqassad.ee\\\/fi\\\/\",\"logo\":{\"@type\":\"ImageObject\",\"inLanguage\":\"fi\",\"@id\":\"https:\\\/\\\/bbqassad.ee\\\/fi\\\/#\\\/schema\\\/logo\\\/image\\\/\",\"url\":\"https:\\\/\\\/bbqassad.ee\\\/wp-content\\\/uploads\\\/2022\\\/10\\\/BBQ-2ssadlogo.png\",\"contentUrl\":\"https:\\\/\\\/bbqassad.ee\\\/wp-content\\\/uploads\\\/2022\\\/10\\\/BBQ-2ssadlogo.png\",\"width\":1080,\"height\":1080,\"caption\":\"BBQ \u00c4ssad\"},\"image\":{\"@id\":\"https:\\\/\\\/bbqassad.ee\\\/fi\\\/#\\\/schema\\\/logo\\\/image\\\/\"},\"sameAs\":[\"https:\\\/\\\/www.facebook.com\\\/bbqassad\",\"https:\\\/\\\/www.youtube.com\\\/channel\\\/UCsoufn49J6TVi9Ah9meE93w\"]}]}<\/script>\n<!-- \/ Yoast SEO plugin. -->","yoast_head_json":{"title":"Napoleon 3-osainen Plancha-lapio setti - BBQ \u00c4ssad%","description":"Napoleonin 3-osainen lastasarja on ihanteellinen plancha-tasaiselle paistamiselle. Ergonomiset kahvat ja ruostumaton ter\u00e4s takaavat mukavuuden ja kest\u00e4vyyden.","robots":{"index":"index","follow":"follow","max-snippet":"max-snippet:-1","max-image-preview":"max-image-preview:large","max-video-preview":"max-video-preview:-1"},"canonical":"https:\/\/bbqassad.ee\/fi\/toode\/napoleon-3-osainen-plancha-lapio-sarja\/","og_locale":"fi_FI","og_type":"article","og_title":"Napoleon 3-osainen Plancha-lapio setti - BBQ \u00c4ssad%","og_description":"Napoleonin 3-osainen lastasarja on ihanteellinen plancha-tasaiselle paistamiselle. Ergonomiset kahvat ja ruostumaton ter\u00e4s takaavat mukavuuden ja kest\u00e4vyyden.","og_url":"https:\/\/bbqassad.ee\/fi\/toode\/napoleon-3-osainen-plancha-lapio-sarja\/","og_site_name":"BBQ \u00c4ssad","article_publisher":"https:\/\/www.facebook.com\/bbqassad","article_modified_time":"2026-04-14T06:32:03+00:00","og_image":[{"url":"https:\/\/bbqassad.ee\/wp-content\/uploads\/2026\/02\/set-ergaleion-plancha-napoleon-70081-img-1_1-1.jpg.webp","type":"","width":"","height":""}],"twitter_card":"summary_large_image","twitter_title":"Napoleon 3-osainen Plancha-lapio setti - BBQ \u00c4ssad%","twitter_description":"Napoleonin 3-osainen lastasarja on ihanteellinen plancha-tasaiselle paistamiselle. Ergonomiset kahvat ja ruostumaton ter\u00e4s takaavat mukavuuden ja kest\u00e4vyyden.","twitter_image":"https:\/\/bbqassad.ee\/wp-content\/uploads\/2026\/02\/set-ergaleion-plancha-napoleon-70081-img-1_1-1.jpg.webp","schema":{"@context":"https:\/\/schema.org","@graph":[{"@type":"WebPage","@id":"https:\/\/bbqassad.ee\/fi\/toode\/napoleon-3-osainen-plancha-lapio-sarja\/","url":"https:\/\/bbqassad.ee\/fi\/toode\/napoleon-3-osainen-plancha-lapio-sarja\/","name":"Napoleon 3-osainen Plancha-lapio setti - BBQ \u00c4ssad%","isPartOf":{"@id":"https:\/\/bbqassad.ee\/fi\/#website"},"primaryImageOfPage":{"@id":"https:\/\/bbqassad.ee\/fi\/toode\/napoleon-3-osainen-plancha-lapio-sarja\/#primaryimage"},"image":{"@id":"https:\/\/bbqassad.ee\/fi\/toode\/napoleon-3-osainen-plancha-lapio-sarja\/#primaryimage"},"thumbnailUrl":"https:\/\/bbqassad.ee\/wp-content\/uploads\/2026\/02\/set-ergaleion-plancha-napoleon-70081-img-1_1-1.jpg.webp","datePublished":"2026-02-23T15:05:55+00:00","dateModified":"2026-04-14T06:32:03+00:00","description":"Napoleonin 3-osainen lastasarja on ihanteellinen plancha-tasaiselle paistamiselle. Ergonomiset kahvat ja ruostumaton ter\u00e4s takaavat mukavuuden ja kest\u00e4vyyden.","breadcrumb":{"@id":"https:\/\/bbqassad.ee\/fi\/toode\/napoleon-3-osainen-plancha-lapio-sarja\/#breadcrumb"},"inLanguage":"fi","potentialAction":[{"@type":"ReadAction","target":["https:\/\/bbqassad.ee\/fi\/toode\/napoleon-3-osainen-plancha-lapio-sarja\/"]}]},{"@type":"ImageObject","inLanguage":"fi","@id":"https:\/\/bbqassad.ee\/fi\/toode\/napoleon-3-osainen-plancha-lapio-sarja\/#primaryimage","url":"https:\/\/bbqassad.ee\/wp-content\/uploads\/2026\/02\/set-ergaleion-plancha-napoleon-70081-img-1_1-1.jpg.webp","contentUrl":"https:\/\/bbqassad.ee\/wp-content\/uploads\/2026\/02\/set-ergaleion-plancha-napoleon-70081-img-1_1-1.jpg.webp","width":600,"height":900},{"@type":"BreadcrumbList","@id":"https:\/\/bbqassad.ee\/fi\/toode\/napoleon-3-osainen-plancha-lapio-sarja\/#breadcrumb","itemListElement":[{"@type":"ListItem","position":1,"name":"Home","item":"https:\/\/bbqassad.ee\/fi\/bbq-assat\/"},{"@type":"ListItem","position":2,"name":"Verkkokauppa","item":"https:\/\/bbqassad.ee\/fi\/verkkokauppa\/"},{"@type":"ListItem","position":3,"name":"Napoleon 3-osainen Plancha-lapio-sarja"}]},{"@type":"WebSite","@id":"https:\/\/bbqassad.ee\/fi\/#website","url":"https:\/\/bbqassad.ee\/fi\/","name":"BBQ \u00c4ssad","description":"BBQ maitseained, kastmed, ahjud","publisher":{"@id":"https:\/\/bbqassad.ee\/fi\/#organization"},"potentialAction":[{"@type":"SearchAction","target":{"@type":"EntryPoint","urlTemplate":"https:\/\/bbqassad.ee\/fi\/?s={search_term_string}"},"query-input":{"@type":"PropertyValueSpecification","valueRequired":true,"valueName":"search_term_string"}}],"inLanguage":"fi"},{"@type":"Organization","@id":"https:\/\/bbqassad.ee\/fi\/#organization","name":"BBQ \u00c4ssad","url":"https:\/\/bbqassad.ee\/fi\/","logo":{"@type":"ImageObject","inLanguage":"fi","@id":"https:\/\/bbqassad.ee\/fi\/#\/schema\/logo\/image\/","url":"https:\/\/bbqassad.ee\/wp-content\/uploads\/2022\/10\/BBQ-2ssadlogo.png","contentUrl":"https:\/\/bbqassad.ee\/wp-content\/uploads\/2022\/10\/BBQ-2ssadlogo.png","width":1080,"height":1080,"caption":"BBQ \u00c4ssad"},"image":{"@id":"https:\/\/bbqassad.ee\/fi\/#\/schema\/logo\/image\/"},"sameAs":["https:\/\/www.facebook.com\/bbqassad","https:\/\/www.youtube.com\/channel\/UCsoufn49J6TVi9Ah9meE93w"]}]}},"_links":{"self":[{"href":"https:\/\/bbqassad.ee\/fi\/wp-json\/wp\/v2\/product\/21577","targetHints":{"allow":["GET"]}}],"collection":[{"href":"https:\/\/bbqassad.ee\/fi\/wp-json\/wp\/v2\/product"}],"about":[{"href":"https:\/\/bbqassad.ee\/fi\/wp-json\/wp\/v2\/types\/product"}],"replies":[{"embeddable":true,"href":"https:\/\/bbqassad.ee\/fi\/wp-json\/wp\/v2\/comments?post=21577"}],"wp:featuredmedia":[{"embeddable":true,"href":"https:\/\/bbqassad.ee\/fi\/wp-json\/wp\/v2\/media\/14715"}],"wp:attachment":[{"href":"https:\/\/bbqassad.ee\/fi\/wp-json\/wp\/v2\/media?parent=21577"}],"wp:term":[{"taxonomy":"product_brand","embeddable":true,"href":"https:\/\/bbqassad.ee\/fi\/wp-json\/wp\/v2\/product_brand?post=21577"},{"taxonomy":"product_cat","embeddable":true,"href":"https:\/\/bbqassad.ee\/fi\/wp-json\/wp\/v2\/product_cat?post=21577"},{"taxonomy":"product_tag","embeddable":true,"href":"https:\/\/bbqassad.ee\/fi\/wp-json\/wp\/v2\/product_tag?post=21577"}],"curies":[{"name":"wp","href":"https:\/\/api.w.org\/{rel}","templated":true}]}}