{"id":21575,"date":"2026-02-23T15:05:55","date_gmt":"2026-02-23T15:05:55","guid":{"rendered":"https:\/\/bbqassad.ee\/toode\/napoleon-executive-president-edition-4-osainen-grillaustarvikesarja\/"},"modified":"2026-04-14T06:32:03","modified_gmt":"2026-04-14T06:32:03","slug":"napoleon-executive-president-edition-4-osainen-grillaustarvikesarja","status":"publish","type":"product","link":"https:\/\/bbqassad.ee\/fi\/toode\/napoleon-executive-president-edition-4-osainen-grillaustarvikesarja\/","title":{"rendered":"Napoleon Executive President Edition 4-osainen grillaustarvikesarja"},"content":{"rendered":"","protected":false},"excerpt":{"rendered":"<h3><strong>Napoleon Executive President Edition 4-osainen grillaustarvikesarja (grillipihdit, grillauslapio, silikoniharja ja kokkiveitsi).<\/strong><\/h3>\n<p data-start=\"857\" data-end=\"952\">Napoleon Executive 4-osainen grilliv\u00e4linesarja on suunniteltu k\u00e4ytt\u00e4j\u00e4lle, joka suosii laadukkaita ja kest\u00e4vi\u00e4 ty\u00f6kaluja sek\u00e4 grilliin ett\u00e4 keitti\u00f6\u00f6n. Setti on valmistettu valetusta ruostumattomasta ter\u00e4ksest\u00e4 ja siin\u00e4 on mukavat ergonomiset kahvat. <\/p>\n<p data-start=\"812\" data-end=\"833\"><strong data-start=\"812\" data-end=\"833\">Pakkaus sis\u00e4lt\u00e4\u00e4<\/strong><\/p>\n<ul data-start=\"835\" data-end=\"998\">\n<li data-start=\"835\" data-end=\"862\">\n<p data-start=\"837\" data-end=\"862\">Kokanuga on valmistettu saksalaisesta ter\u00e4ksest\u00e4, ja se soveltuu lihan, vihannesten ja muiden raaka-aineiden leikkaamiseen.<\/p>\n<\/li>\n<li data-start=\"863\" data-end=\"911\">\n<p data-start=\"865\" data-end=\"911\">Iso lastalla voit k\u00e4\u00e4nt\u00e4\u00e4 pihvej\u00e4 ja muita isompia grillattuja ruokia; ter\u00e4v\u00e4 k\u00e4rki auttaa sinua p\u00e4\u00e4sem\u00e4\u00e4n ruoan alle ja hammastettu reuna mahdollistaa leikkaamisen heti tarvittaessa.<\/p>\n<\/li>\n<li data-start=\"912\" data-end=\"963\">\n<p data-start=\"914\" data-end=\"963\">Lukittavat ruostumattomasta ter\u00e4ksest\u00e4 valmistetut grilliritil\u00e4t.<\/p>\n<\/li>\n<li data-start=\"964\" data-end=\"998\">\n<p data-start=\"966\" data-end=\"998\">Silikoninen kuorrutussivellin sopii erinomaisesti marinadien ja kastikkeiden levitt\u00e4miseen.<\/p>\n<\/li>\n<\/ul>\n","protected":false},"featured_media":14709,"comment_status":"closed","ping_status":"closed","template":"","meta":[],"product_brand":[768],"product_cat":[784],"product_tag":[],"class_list":{"0":"post-21575","1":"product","2":"type-product","3":"status-publish","4":"has-post-thumbnail","6":"product_brand-napoleon","7":"product_cat-tarvikkeet","9":"first","10":"instock","11":"taxable","12":"shipping-taxable","13":"purchasable","14":"product-type-simple"},"yoast_head":"<!-- This site is optimized with the Yoast SEO plugin v27.4 - https:\/\/yoast.com\/product\/yoast-seo-wordpress\/ -->\n<title>Napoleon Executive President 4-osainen grillaussetti - BBQ \u00c4ssad%<\/title>\n<meta name=\"description\" content=\"Napoleon Executive President Edition 4-osainen grillaustarvikesarja sis\u00e4lt\u00e4\u00e4 laadukkaita ty\u00f6kaluja, kuten kokkiveitsen, lastan, grillivartaan ja silikonilastan.\" \/>\n<meta name=\"robots\" content=\"index, follow, max-snippet:-1, max-image-preview:large, max-video-preview:-1\" \/>\n<link rel=\"canonical\" href=\"https:\/\/bbqassad.ee\/fi\/toode\/napoleon-executive-president-edition-4-osainen-grillaustarvikesarja\/\" \/>\n<meta property=\"og:locale\" content=\"fi_FI\" \/>\n<meta property=\"og:type\" content=\"article\" \/>\n<meta property=\"og:title\" content=\"Napoleon Executive President 4-osainen grillaussetti - BBQ \u00c4ssad%\" \/>\n<meta property=\"og:description\" content=\"Napoleon Executive President Edition 4-osainen grillaustarvikesarja sis\u00e4lt\u00e4\u00e4 laadukkaita ty\u00f6kaluja, kuten kokkiveitsen, lastan, grillivartaan ja silikonilastan.\" \/>\n<meta property=\"og:url\" content=\"https:\/\/bbqassad.ee\/fi\/toode\/napoleon-executive-president-edition-4-osainen-grillaustarvikesarja\/\" \/>\n<meta property=\"og:site_name\" content=\"BBQ \u00c4ssad\" \/>\n<meta property=\"article:publisher\" content=\"https:\/\/www.facebook.com\/bbqassad\" \/>\n<meta property=\"article:modified_time\" content=\"2026-04-14T06:32:03+00:00\" \/>\n<meta property=\"og:image\" content=\"https:\/\/bbqassad.ee\/wp-content\/uploads\/2026\/02\/s-l400-2.jpg\" \/>\n<meta name=\"twitter:card\" content=\"summary_large_image\" \/>\n<meta name=\"twitter:title\" content=\"Napoleon Executive President 4-osainen grillaussetti - BBQ \u00c4ssad%\" \/>\n<meta name=\"twitter:description\" content=\"Napoleon Executive President Edition 4-osainen grillaustarvikesarja sis\u00e4lt\u00e4\u00e4 laadukkaita ty\u00f6kaluja, kuten kokkiveitsen, lastan, grillivartaan ja silikonilastan.\" \/>\n<meta name=\"twitter:image\" content=\"https:\/\/bbqassad.ee\/wp-content\/uploads\/2026\/02\/s-l400-2.jpg\" \/>\n<script type=\"application\/ld+json\" class=\"yoast-schema-graph\">{\"@context\":\"https:\\\/\\\/schema.org\",\"@graph\":[{\"@type\":\"WebPage\",\"@id\":\"https:\\\/\\\/bbqassad.ee\\\/fi\\\/toode\\\/napoleon-executive-president-edition-4-osainen-grillaustarvikesarja\\\/\",\"url\":\"https:\\\/\\\/bbqassad.ee\\\/fi\\\/toode\\\/napoleon-executive-president-edition-4-osainen-grillaustarvikesarja\\\/\",\"name\":\"Napoleon Executive President 4-osainen grillaussetti - BBQ \u00c4ssad%\",\"isPartOf\":{\"@id\":\"https:\\\/\\\/bbqassad.ee\\\/fi\\\/#website\"},\"primaryImageOfPage\":{\"@id\":\"https:\\\/\\\/bbqassad.ee\\\/fi\\\/toode\\\/napoleon-executive-president-edition-4-osainen-grillaustarvikesarja\\\/#primaryimage\"},\"image\":{\"@id\":\"https:\\\/\\\/bbqassad.ee\\\/fi\\\/toode\\\/napoleon-executive-president-edition-4-osainen-grillaustarvikesarja\\\/#primaryimage\"},\"thumbnailUrl\":\"https:\\\/\\\/bbqassad.ee\\\/wp-content\\\/uploads\\\/2026\\\/02\\\/s-l400-2.jpg\",\"datePublished\":\"2026-02-23T15:05:55+00:00\",\"dateModified\":\"2026-04-14T06:32:03+00:00\",\"description\":\"Napoleon Executive President Edition 4-osainen grillaustarvikesarja sis\u00e4lt\u00e4\u00e4 laadukkaita ty\u00f6kaluja, kuten kokkiveitsen, lastan, grillivartaan ja silikonilastan.\",\"breadcrumb\":{\"@id\":\"https:\\\/\\\/bbqassad.ee\\\/fi\\\/toode\\\/napoleon-executive-president-edition-4-osainen-grillaustarvikesarja\\\/#breadcrumb\"},\"inLanguage\":\"fi\",\"potentialAction\":[{\"@type\":\"ReadAction\",\"target\":[\"https:\\\/\\\/bbqassad.ee\\\/fi\\\/toode\\\/napoleon-executive-president-edition-4-osainen-grillaustarvikesarja\\\/\"]}]},{\"@type\":\"ImageObject\",\"inLanguage\":\"fi\",\"@id\":\"https:\\\/\\\/bbqassad.ee\\\/fi\\\/toode\\\/napoleon-executive-president-edition-4-osainen-grillaustarvikesarja\\\/#primaryimage\",\"url\":\"https:\\\/\\\/bbqassad.ee\\\/wp-content\\\/uploads\\\/2026\\\/02\\\/s-l400-2.jpg\",\"contentUrl\":\"https:\\\/\\\/bbqassad.ee\\\/wp-content\\\/uploads\\\/2026\\\/02\\\/s-l400-2.jpg\",\"width\":400,\"height\":400},{\"@type\":\"BreadcrumbList\",\"@id\":\"https:\\\/\\\/bbqassad.ee\\\/fi\\\/toode\\\/napoleon-executive-president-edition-4-osainen-grillaustarvikesarja\\\/#breadcrumb\",\"itemListElement\":[{\"@type\":\"ListItem\",\"position\":1,\"name\":\"Home\",\"item\":\"https:\\\/\\\/bbqassad.ee\\\/fi\\\/bbq-assat\\\/\"},{\"@type\":\"ListItem\",\"position\":2,\"name\":\"Verkkokauppa\",\"item\":\"https:\\\/\\\/bbqassad.ee\\\/fi\\\/verkkokauppa\\\/\"},{\"@type\":\"ListItem\",\"position\":3,\"name\":\"Napoleon Executive President Edition 4-osainen grillaustarvikesarja\"}]},{\"@type\":\"WebSite\",\"@id\":\"https:\\\/\\\/bbqassad.ee\\\/fi\\\/#website\",\"url\":\"https:\\\/\\\/bbqassad.ee\\\/fi\\\/\",\"name\":\"BBQ \u00c4ssad\",\"description\":\"BBQ maitseained, kastmed, ahjud\",\"publisher\":{\"@id\":\"https:\\\/\\\/bbqassad.ee\\\/fi\\\/#organization\"},\"potentialAction\":[{\"@type\":\"SearchAction\",\"target\":{\"@type\":\"EntryPoint\",\"urlTemplate\":\"https:\\\/\\\/bbqassad.ee\\\/fi\\\/?s={search_term_string}\"},\"query-input\":{\"@type\":\"PropertyValueSpecification\",\"valueRequired\":true,\"valueName\":\"search_term_string\"}}],\"inLanguage\":\"fi\"},{\"@type\":\"Organization\",\"@id\":\"https:\\\/\\\/bbqassad.ee\\\/fi\\\/#organization\",\"name\":\"BBQ \u00c4ssad\",\"url\":\"https:\\\/\\\/bbqassad.ee\\\/fi\\\/\",\"logo\":{\"@type\":\"ImageObject\",\"inLanguage\":\"fi\",\"@id\":\"https:\\\/\\\/bbqassad.ee\\\/fi\\\/#\\\/schema\\\/logo\\\/image\\\/\",\"url\":\"https:\\\/\\\/bbqassad.ee\\\/wp-content\\\/uploads\\\/2022\\\/10\\\/BBQ-2ssadlogo.png\",\"contentUrl\":\"https:\\\/\\\/bbqassad.ee\\\/wp-content\\\/uploads\\\/2022\\\/10\\\/BBQ-2ssadlogo.png\",\"width\":1080,\"height\":1080,\"caption\":\"BBQ \u00c4ssad\"},\"image\":{\"@id\":\"https:\\\/\\\/bbqassad.ee\\\/fi\\\/#\\\/schema\\\/logo\\\/image\\\/\"},\"sameAs\":[\"https:\\\/\\\/www.facebook.com\\\/bbqassad\",\"https:\\\/\\\/www.youtube.com\\\/channel\\\/UCsoufn49J6TVi9Ah9meE93w\"]}]}<\/script>\n<!-- \/ Yoast SEO plugin. -->","yoast_head_json":{"title":"Napoleon Executive President 4-osainen grillaussetti - BBQ \u00c4ssad%","description":"Napoleon Executive President Edition 4-osainen grillaustarvikesarja sis\u00e4lt\u00e4\u00e4 laadukkaita ty\u00f6kaluja, kuten kokkiveitsen, lastan, grillivartaan ja silikonilastan.","robots":{"index":"index","follow":"follow","max-snippet":"max-snippet:-1","max-image-preview":"max-image-preview:large","max-video-preview":"max-video-preview:-1"},"canonical":"https:\/\/bbqassad.ee\/fi\/toode\/napoleon-executive-president-edition-4-osainen-grillaustarvikesarja\/","og_locale":"fi_FI","og_type":"article","og_title":"Napoleon Executive President 4-osainen grillaussetti - BBQ \u00c4ssad%","og_description":"Napoleon Executive President Edition 4-osainen grillaustarvikesarja sis\u00e4lt\u00e4\u00e4 laadukkaita ty\u00f6kaluja, kuten kokkiveitsen, lastan, grillivartaan ja silikonilastan.","og_url":"https:\/\/bbqassad.ee\/fi\/toode\/napoleon-executive-president-edition-4-osainen-grillaustarvikesarja\/","og_site_name":"BBQ \u00c4ssad","article_publisher":"https:\/\/www.facebook.com\/bbqassad","article_modified_time":"2026-04-14T06:32:03+00:00","og_image":[{"url":"https:\/\/bbqassad.ee\/wp-content\/uploads\/2026\/02\/s-l400-2.jpg","type":"","width":"","height":""}],"twitter_card":"summary_large_image","twitter_title":"Napoleon Executive President 4-osainen grillaussetti - BBQ \u00c4ssad%","twitter_description":"Napoleon Executive President Edition 4-osainen grillaustarvikesarja sis\u00e4lt\u00e4\u00e4 laadukkaita ty\u00f6kaluja, kuten kokkiveitsen, lastan, grillivartaan ja silikonilastan.","twitter_image":"https:\/\/bbqassad.ee\/wp-content\/uploads\/2026\/02\/s-l400-2.jpg","schema":{"@context":"https:\/\/schema.org","@graph":[{"@type":"WebPage","@id":"https:\/\/bbqassad.ee\/fi\/toode\/napoleon-executive-president-edition-4-osainen-grillaustarvikesarja\/","url":"https:\/\/bbqassad.ee\/fi\/toode\/napoleon-executive-president-edition-4-osainen-grillaustarvikesarja\/","name":"Napoleon Executive President 4-osainen grillaussetti - BBQ \u00c4ssad%","isPartOf":{"@id":"https:\/\/bbqassad.ee\/fi\/#website"},"primaryImageOfPage":{"@id":"https:\/\/bbqassad.ee\/fi\/toode\/napoleon-executive-president-edition-4-osainen-grillaustarvikesarja\/#primaryimage"},"image":{"@id":"https:\/\/bbqassad.ee\/fi\/toode\/napoleon-executive-president-edition-4-osainen-grillaustarvikesarja\/#primaryimage"},"thumbnailUrl":"https:\/\/bbqassad.ee\/wp-content\/uploads\/2026\/02\/s-l400-2.jpg","datePublished":"2026-02-23T15:05:55+00:00","dateModified":"2026-04-14T06:32:03+00:00","description":"Napoleon Executive President Edition 4-osainen grillaustarvikesarja sis\u00e4lt\u00e4\u00e4 laadukkaita ty\u00f6kaluja, kuten kokkiveitsen, lastan, grillivartaan ja silikonilastan.","breadcrumb":{"@id":"https:\/\/bbqassad.ee\/fi\/toode\/napoleon-executive-president-edition-4-osainen-grillaustarvikesarja\/#breadcrumb"},"inLanguage":"fi","potentialAction":[{"@type":"ReadAction","target":["https:\/\/bbqassad.ee\/fi\/toode\/napoleon-executive-president-edition-4-osainen-grillaustarvikesarja\/"]}]},{"@type":"ImageObject","inLanguage":"fi","@id":"https:\/\/bbqassad.ee\/fi\/toode\/napoleon-executive-president-edition-4-osainen-grillaustarvikesarja\/#primaryimage","url":"https:\/\/bbqassad.ee\/wp-content\/uploads\/2026\/02\/s-l400-2.jpg","contentUrl":"https:\/\/bbqassad.ee\/wp-content\/uploads\/2026\/02\/s-l400-2.jpg","width":400,"height":400},{"@type":"BreadcrumbList","@id":"https:\/\/bbqassad.ee\/fi\/toode\/napoleon-executive-president-edition-4-osainen-grillaustarvikesarja\/#breadcrumb","itemListElement":[{"@type":"ListItem","position":1,"name":"Home","item":"https:\/\/bbqassad.ee\/fi\/bbq-assat\/"},{"@type":"ListItem","position":2,"name":"Verkkokauppa","item":"https:\/\/bbqassad.ee\/fi\/verkkokauppa\/"},{"@type":"ListItem","position":3,"name":"Napoleon Executive President Edition 4-osainen grillaustarvikesarja"}]},{"@type":"WebSite","@id":"https:\/\/bbqassad.ee\/fi\/#website","url":"https:\/\/bbqassad.ee\/fi\/","name":"BBQ \u00c4ssad","description":"BBQ maitseained, kastmed, ahjud","publisher":{"@id":"https:\/\/bbqassad.ee\/fi\/#organization"},"potentialAction":[{"@type":"SearchAction","target":{"@type":"EntryPoint","urlTemplate":"https:\/\/bbqassad.ee\/fi\/?s={search_term_string}"},"query-input":{"@type":"PropertyValueSpecification","valueRequired":true,"valueName":"search_term_string"}}],"inLanguage":"fi"},{"@type":"Organization","@id":"https:\/\/bbqassad.ee\/fi\/#organization","name":"BBQ \u00c4ssad","url":"https:\/\/bbqassad.ee\/fi\/","logo":{"@type":"ImageObject","inLanguage":"fi","@id":"https:\/\/bbqassad.ee\/fi\/#\/schema\/logo\/image\/","url":"https:\/\/bbqassad.ee\/wp-content\/uploads\/2022\/10\/BBQ-2ssadlogo.png","contentUrl":"https:\/\/bbqassad.ee\/wp-content\/uploads\/2022\/10\/BBQ-2ssadlogo.png","width":1080,"height":1080,"caption":"BBQ \u00c4ssad"},"image":{"@id":"https:\/\/bbqassad.ee\/fi\/#\/schema\/logo\/image\/"},"sameAs":["https:\/\/www.facebook.com\/bbqassad","https:\/\/www.youtube.com\/channel\/UCsoufn49J6TVi9Ah9meE93w"]}]}},"_links":{"self":[{"href":"https:\/\/bbqassad.ee\/fi\/wp-json\/wp\/v2\/product\/21575","targetHints":{"allow":["GET"]}}],"collection":[{"href":"https:\/\/bbqassad.ee\/fi\/wp-json\/wp\/v2\/product"}],"about":[{"href":"https:\/\/bbqassad.ee\/fi\/wp-json\/wp\/v2\/types\/product"}],"replies":[{"embeddable":true,"href":"https:\/\/bbqassad.ee\/fi\/wp-json\/wp\/v2\/comments?post=21575"}],"wp:featuredmedia":[{"embeddable":true,"href":"https:\/\/bbqassad.ee\/fi\/wp-json\/wp\/v2\/media\/14709"}],"wp:attachment":[{"href":"https:\/\/bbqassad.ee\/fi\/wp-json\/wp\/v2\/media?parent=21575"}],"wp:term":[{"taxonomy":"product_brand","embeddable":true,"href":"https:\/\/bbqassad.ee\/fi\/wp-json\/wp\/v2\/product_brand?post=21575"},{"taxonomy":"product_cat","embeddable":true,"href":"https:\/\/bbqassad.ee\/fi\/wp-json\/wp\/v2\/product_cat?post=21575"},{"taxonomy":"product_tag","embeddable":true,"href":"https:\/\/bbqassad.ee\/fi\/wp-json\/wp\/v2\/product_tag?post=21575"}],"curies":[{"name":"wp","href":"https:\/\/api.w.org\/{rel}","templated":true}]}}