{"id":21573,"date":"2026-02-23T15:05:55","date_gmt":"2026-02-23T15:05:55","guid":{"rendered":"https:\/\/bbqassad.ee\/toode\/napoleon-pro-sarjan-kanan-infuusio-paistoalusta-kolme-yhdessa\/"},"modified":"2026-04-14T06:32:03","modified_gmt":"2026-04-14T06:32:03","slug":"napoleon-pro-sarjan-kanan-infuusio-paistoalusta-kolme-yhdessa","status":"publish","type":"product","link":"https:\/\/bbqassad.ee\/fi\/toode\/napoleon-pro-sarjan-kanan-infuusio-paistoalusta-kolme-yhdessa\/","title":{"rendered":"Napoleon Pro-sarjan kanan infuusio paistoalusta (kolme yhdess\u00e4)"},"content":{"rendered":"","protected":false},"excerpt":{"rendered":"<h3><strong>Napoleon Pro-sarjan kanan infuusio paistoalusta (kolme yhdess\u00e4)<\/strong><\/h3>\n<p data-start=\"0\" data-end=\"310\">Premium Chicken Infusion Roaster -paahtimella kokonaisen kanan paistaminen on helppoa ja harkittua. Kolme yhdess\u00e4 -ratkaisu koostuu litte\u00e4pohjaisesta wokista, paistoalustasta ja infuusiokartiosta. Setti on valmistettu korkealaatuisesta ruostumattomasta ter\u00e4ksest\u00e4, joka on kest\u00e4v\u00e4\u00e4 ja helppo puhdistaa, ja se on my\u00f6s astianpesukoneen kest\u00e4v\u00e4.  <\/p>\n<p data-start=\"312\" data-end=\"855\">Wokki voidaan t\u00e4ytt\u00e4\u00e4 liemell\u00e4, oluella, viinill\u00e4 tai muilla maukkailla nesteill\u00e4. Paistovuoka asetetaan kulhon p\u00e4\u00e4lle ja infuusiokartio keskelle. Kartiossa olevat aukot ohjaavat h\u00f6yryn kanaan, jotta liha pysyy mehukkaana ja tasaisen maustettuna. Kartiomainen muoto est\u00e4\u00e4 tyhji\u00f6n syntymisen, joten kana on helppo irrottaa kartiosta kypsennyksen j\u00e4lkeen.   <\/p>\n<p data-start=\"312\" data-end=\"855\">Voit paahtaa pellill\u00e4 samanaikaisesti vihanneksia tai perunoita, jolloin koko ruokalaji on valmis kerralla. Wokkipannua voi k\u00e4ytt\u00e4\u00e4 my\u00f6s erikseen vihannesten ja muiden ruokien grillaamiseen tai nopeisiin wokkiruokiin. <\/p>\n<p data-start=\"857\" data-end=\"952\">Integroidut kahvat tekev\u00e4t sarjan siirt\u00e4misest\u00e4 keitti\u00f6st\u00e4 grilliin k\u00e4tev\u00e4\u00e4 ja turvallista.<\/p>\n","protected":false},"featured_media":14697,"comment_status":"closed","ping_status":"closed","template":"","meta":[],"product_brand":[768],"product_cat":[784],"product_tag":[],"class_list":{"0":"post-21573","1":"product","2":"type-product","3":"status-publish","4":"has-post-thumbnail","6":"product_brand-napoleon","7":"product_cat-tarvikkeet","9":"first","10":"instock","11":"taxable","12":"shipping-taxable","13":"purchasable","14":"product-type-simple"},"yoast_head":"<!-- This site is optimized with the Yoast SEO plugin v27.4 - https:\/\/yoast.com\/product\/yoast-seo-wordpress\/ -->\n<title>Napoleon Pro-sarjan kanan infuusio paistoalusta -% BBQ \u00c4ssad%<\/title>\n<meta name=\"description\" content=\"Napoleon Pro-Series Chicken Infusion Roasting Tray on ihanteellinen ratkaisu kokonaisten kanojen paistamiseen. Setti sis\u00e4lt\u00e4\u00e4 wokin, paistotarjottimen ja infuusiokartiokartiokupin.\" \/>\n<meta name=\"robots\" content=\"index, follow, max-snippet:-1, max-image-preview:large, max-video-preview:-1\" \/>\n<link rel=\"canonical\" href=\"https:\/\/bbqassad.ee\/fi\/toode\/napoleon-pro-sarjan-kanan-infuusio-paistoalusta-kolme-yhdessa\/\" \/>\n<meta property=\"og:locale\" content=\"fi_FI\" \/>\n<meta property=\"og:type\" content=\"article\" \/>\n<meta property=\"og:title\" content=\"Napoleon Pro-sarjan kanan infuusio paistoalusta -% BBQ \u00c4ssad%\" \/>\n<meta property=\"og:description\" content=\"Napoleon Pro-Series Chicken Infusion Roasting Tray on ihanteellinen ratkaisu kokonaisten kanojen paistamiseen. Setti sis\u00e4lt\u00e4\u00e4 wokin, paistotarjottimen ja infuusiokartiokartiokupin.\" \/>\n<meta property=\"og:url\" content=\"https:\/\/bbqassad.ee\/fi\/toode\/napoleon-pro-sarjan-kanan-infuusio-paistoalusta-kolme-yhdessa\/\" \/>\n<meta property=\"og:site_name\" content=\"BBQ \u00c4ssad\" \/>\n<meta property=\"article:publisher\" content=\"https:\/\/www.facebook.com\/bbqassad\" \/>\n<meta property=\"article:modified_time\" content=\"2026-04-14T06:32:03+00:00\" \/>\n<meta property=\"og:image\" content=\"https:\/\/bbqassad.ee\/wp-content\/uploads\/2026\/02\/napoleon-56067-6418726.webp\" \/>\n<meta name=\"twitter:card\" content=\"summary_large_image\" \/>\n<meta name=\"twitter:title\" content=\"Napoleon Pro-sarjan kanan infuusio paistoalusta -% BBQ \u00c4ssad%\" \/>\n<meta name=\"twitter:description\" content=\"Napoleon Pro-Series Chicken Infusion Roasting Tray on ihanteellinen ratkaisu kokonaisten kanojen paistamiseen. Setti sis\u00e4lt\u00e4\u00e4 wokin, paistotarjottimen ja infuusiokartiokartiokupin.\" \/>\n<meta name=\"twitter:image\" content=\"https:\/\/bbqassad.ee\/wp-content\/uploads\/2026\/02\/napoleon-56067-6418726.webp\" \/>\n<script type=\"application\/ld+json\" class=\"yoast-schema-graph\">{\"@context\":\"https:\\\/\\\/schema.org\",\"@graph\":[{\"@type\":\"WebPage\",\"@id\":\"https:\\\/\\\/bbqassad.ee\\\/fi\\\/toode\\\/napoleon-pro-sarjan-kanan-infuusio-paistoalusta-kolme-yhdessa\\\/\",\"url\":\"https:\\\/\\\/bbqassad.ee\\\/fi\\\/toode\\\/napoleon-pro-sarjan-kanan-infuusio-paistoalusta-kolme-yhdessa\\\/\",\"name\":\"Napoleon Pro-sarjan kanan infuusio paistoalusta -% BBQ \u00c4ssad%\",\"isPartOf\":{\"@id\":\"https:\\\/\\\/bbqassad.ee\\\/fi\\\/#website\"},\"primaryImageOfPage\":{\"@id\":\"https:\\\/\\\/bbqassad.ee\\\/fi\\\/toode\\\/napoleon-pro-sarjan-kanan-infuusio-paistoalusta-kolme-yhdessa\\\/#primaryimage\"},\"image\":{\"@id\":\"https:\\\/\\\/bbqassad.ee\\\/fi\\\/toode\\\/napoleon-pro-sarjan-kanan-infuusio-paistoalusta-kolme-yhdessa\\\/#primaryimage\"},\"thumbnailUrl\":\"https:\\\/\\\/bbqassad.ee\\\/wp-content\\\/uploads\\\/2026\\\/02\\\/napoleon-56067-6418726.webp\",\"datePublished\":\"2026-02-23T15:05:55+00:00\",\"dateModified\":\"2026-04-14T06:32:03+00:00\",\"description\":\"Napoleon Pro-Series Chicken Infusion Roasting Tray on ihanteellinen ratkaisu kokonaisten kanojen paistamiseen. Setti sis\u00e4lt\u00e4\u00e4 wokin, paistotarjottimen ja infuusiokartiokartiokupin.\",\"breadcrumb\":{\"@id\":\"https:\\\/\\\/bbqassad.ee\\\/fi\\\/toode\\\/napoleon-pro-sarjan-kanan-infuusio-paistoalusta-kolme-yhdessa\\\/#breadcrumb\"},\"inLanguage\":\"fi\",\"potentialAction\":[{\"@type\":\"ReadAction\",\"target\":[\"https:\\\/\\\/bbqassad.ee\\\/fi\\\/toode\\\/napoleon-pro-sarjan-kanan-infuusio-paistoalusta-kolme-yhdessa\\\/\"]}]},{\"@type\":\"ImageObject\",\"inLanguage\":\"fi\",\"@id\":\"https:\\\/\\\/bbqassad.ee\\\/fi\\\/toode\\\/napoleon-pro-sarjan-kanan-infuusio-paistoalusta-kolme-yhdessa\\\/#primaryimage\",\"url\":\"https:\\\/\\\/bbqassad.ee\\\/wp-content\\\/uploads\\\/2026\\\/02\\\/napoleon-56067-6418726.webp\",\"contentUrl\":\"https:\\\/\\\/bbqassad.ee\\\/wp-content\\\/uploads\\\/2026\\\/02\\\/napoleon-56067-6418726.webp\",\"width\":1200,\"height\":1200},{\"@type\":\"BreadcrumbList\",\"@id\":\"https:\\\/\\\/bbqassad.ee\\\/fi\\\/toode\\\/napoleon-pro-sarjan-kanan-infuusio-paistoalusta-kolme-yhdessa\\\/#breadcrumb\",\"itemListElement\":[{\"@type\":\"ListItem\",\"position\":1,\"name\":\"Home\",\"item\":\"https:\\\/\\\/bbqassad.ee\\\/fi\\\/bbq-assat\\\/\"},{\"@type\":\"ListItem\",\"position\":2,\"name\":\"Verkkokauppa\",\"item\":\"https:\\\/\\\/bbqassad.ee\\\/fi\\\/verkkokauppa\\\/\"},{\"@type\":\"ListItem\",\"position\":3,\"name\":\"Napoleon Pro-sarjan kanan infuusio paistoalusta (kolme yhdess\u00e4)\"}]},{\"@type\":\"WebSite\",\"@id\":\"https:\\\/\\\/bbqassad.ee\\\/fi\\\/#website\",\"url\":\"https:\\\/\\\/bbqassad.ee\\\/fi\\\/\",\"name\":\"BBQ \u00c4ssad\",\"description\":\"BBQ maitseained, kastmed, ahjud\",\"publisher\":{\"@id\":\"https:\\\/\\\/bbqassad.ee\\\/fi\\\/#organization\"},\"potentialAction\":[{\"@type\":\"SearchAction\",\"target\":{\"@type\":\"EntryPoint\",\"urlTemplate\":\"https:\\\/\\\/bbqassad.ee\\\/fi\\\/?s={search_term_string}\"},\"query-input\":{\"@type\":\"PropertyValueSpecification\",\"valueRequired\":true,\"valueName\":\"search_term_string\"}}],\"inLanguage\":\"fi\"},{\"@type\":\"Organization\",\"@id\":\"https:\\\/\\\/bbqassad.ee\\\/fi\\\/#organization\",\"name\":\"BBQ \u00c4ssad\",\"url\":\"https:\\\/\\\/bbqassad.ee\\\/fi\\\/\",\"logo\":{\"@type\":\"ImageObject\",\"inLanguage\":\"fi\",\"@id\":\"https:\\\/\\\/bbqassad.ee\\\/fi\\\/#\\\/schema\\\/logo\\\/image\\\/\",\"url\":\"https:\\\/\\\/bbqassad.ee\\\/wp-content\\\/uploads\\\/2022\\\/10\\\/BBQ-2ssadlogo.png\",\"contentUrl\":\"https:\\\/\\\/bbqassad.ee\\\/wp-content\\\/uploads\\\/2022\\\/10\\\/BBQ-2ssadlogo.png\",\"width\":1080,\"height\":1080,\"caption\":\"BBQ \u00c4ssad\"},\"image\":{\"@id\":\"https:\\\/\\\/bbqassad.ee\\\/fi\\\/#\\\/schema\\\/logo\\\/image\\\/\"},\"sameAs\":[\"https:\\\/\\\/www.facebook.com\\\/bbqassad\",\"https:\\\/\\\/www.youtube.com\\\/channel\\\/UCsoufn49J6TVi9Ah9meE93w\"]}]}<\/script>\n<!-- \/ Yoast SEO plugin. -->","yoast_head_json":{"title":"Napoleon Pro-sarjan kanan infuusio paistoalusta -% BBQ \u00c4ssad%","description":"Napoleon Pro-Series Chicken Infusion Roasting Tray on ihanteellinen ratkaisu kokonaisten kanojen paistamiseen. Setti sis\u00e4lt\u00e4\u00e4 wokin, paistotarjottimen ja infuusiokartiokartiokupin.","robots":{"index":"index","follow":"follow","max-snippet":"max-snippet:-1","max-image-preview":"max-image-preview:large","max-video-preview":"max-video-preview:-1"},"canonical":"https:\/\/bbqassad.ee\/fi\/toode\/napoleon-pro-sarjan-kanan-infuusio-paistoalusta-kolme-yhdessa\/","og_locale":"fi_FI","og_type":"article","og_title":"Napoleon Pro-sarjan kanan infuusio paistoalusta -% BBQ \u00c4ssad%","og_description":"Napoleon Pro-Series Chicken Infusion Roasting Tray on ihanteellinen ratkaisu kokonaisten kanojen paistamiseen. Setti sis\u00e4lt\u00e4\u00e4 wokin, paistotarjottimen ja infuusiokartiokartiokupin.","og_url":"https:\/\/bbqassad.ee\/fi\/toode\/napoleon-pro-sarjan-kanan-infuusio-paistoalusta-kolme-yhdessa\/","og_site_name":"BBQ \u00c4ssad","article_publisher":"https:\/\/www.facebook.com\/bbqassad","article_modified_time":"2026-04-14T06:32:03+00:00","og_image":[{"url":"https:\/\/bbqassad.ee\/wp-content\/uploads\/2026\/02\/napoleon-56067-6418726.webp","type":"","width":"","height":""}],"twitter_card":"summary_large_image","twitter_title":"Napoleon Pro-sarjan kanan infuusio paistoalusta -% BBQ \u00c4ssad%","twitter_description":"Napoleon Pro-Series Chicken Infusion Roasting Tray on ihanteellinen ratkaisu kokonaisten kanojen paistamiseen. Setti sis\u00e4lt\u00e4\u00e4 wokin, paistotarjottimen ja infuusiokartiokartiokupin.","twitter_image":"https:\/\/bbqassad.ee\/wp-content\/uploads\/2026\/02\/napoleon-56067-6418726.webp","schema":{"@context":"https:\/\/schema.org","@graph":[{"@type":"WebPage","@id":"https:\/\/bbqassad.ee\/fi\/toode\/napoleon-pro-sarjan-kanan-infuusio-paistoalusta-kolme-yhdessa\/","url":"https:\/\/bbqassad.ee\/fi\/toode\/napoleon-pro-sarjan-kanan-infuusio-paistoalusta-kolme-yhdessa\/","name":"Napoleon Pro-sarjan kanan infuusio paistoalusta -% BBQ \u00c4ssad%","isPartOf":{"@id":"https:\/\/bbqassad.ee\/fi\/#website"},"primaryImageOfPage":{"@id":"https:\/\/bbqassad.ee\/fi\/toode\/napoleon-pro-sarjan-kanan-infuusio-paistoalusta-kolme-yhdessa\/#primaryimage"},"image":{"@id":"https:\/\/bbqassad.ee\/fi\/toode\/napoleon-pro-sarjan-kanan-infuusio-paistoalusta-kolme-yhdessa\/#primaryimage"},"thumbnailUrl":"https:\/\/bbqassad.ee\/wp-content\/uploads\/2026\/02\/napoleon-56067-6418726.webp","datePublished":"2026-02-23T15:05:55+00:00","dateModified":"2026-04-14T06:32:03+00:00","description":"Napoleon Pro-Series Chicken Infusion Roasting Tray on ihanteellinen ratkaisu kokonaisten kanojen paistamiseen. Setti sis\u00e4lt\u00e4\u00e4 wokin, paistotarjottimen ja infuusiokartiokartiokupin.","breadcrumb":{"@id":"https:\/\/bbqassad.ee\/fi\/toode\/napoleon-pro-sarjan-kanan-infuusio-paistoalusta-kolme-yhdessa\/#breadcrumb"},"inLanguage":"fi","potentialAction":[{"@type":"ReadAction","target":["https:\/\/bbqassad.ee\/fi\/toode\/napoleon-pro-sarjan-kanan-infuusio-paistoalusta-kolme-yhdessa\/"]}]},{"@type":"ImageObject","inLanguage":"fi","@id":"https:\/\/bbqassad.ee\/fi\/toode\/napoleon-pro-sarjan-kanan-infuusio-paistoalusta-kolme-yhdessa\/#primaryimage","url":"https:\/\/bbqassad.ee\/wp-content\/uploads\/2026\/02\/napoleon-56067-6418726.webp","contentUrl":"https:\/\/bbqassad.ee\/wp-content\/uploads\/2026\/02\/napoleon-56067-6418726.webp","width":1200,"height":1200},{"@type":"BreadcrumbList","@id":"https:\/\/bbqassad.ee\/fi\/toode\/napoleon-pro-sarjan-kanan-infuusio-paistoalusta-kolme-yhdessa\/#breadcrumb","itemListElement":[{"@type":"ListItem","position":1,"name":"Home","item":"https:\/\/bbqassad.ee\/fi\/bbq-assat\/"},{"@type":"ListItem","position":2,"name":"Verkkokauppa","item":"https:\/\/bbqassad.ee\/fi\/verkkokauppa\/"},{"@type":"ListItem","position":3,"name":"Napoleon Pro-sarjan kanan infuusio paistoalusta (kolme yhdess\u00e4)"}]},{"@type":"WebSite","@id":"https:\/\/bbqassad.ee\/fi\/#website","url":"https:\/\/bbqassad.ee\/fi\/","name":"BBQ \u00c4ssad","description":"BBQ maitseained, kastmed, ahjud","publisher":{"@id":"https:\/\/bbqassad.ee\/fi\/#organization"},"potentialAction":[{"@type":"SearchAction","target":{"@type":"EntryPoint","urlTemplate":"https:\/\/bbqassad.ee\/fi\/?s={search_term_string}"},"query-input":{"@type":"PropertyValueSpecification","valueRequired":true,"valueName":"search_term_string"}}],"inLanguage":"fi"},{"@type":"Organization","@id":"https:\/\/bbqassad.ee\/fi\/#organization","name":"BBQ \u00c4ssad","url":"https:\/\/bbqassad.ee\/fi\/","logo":{"@type":"ImageObject","inLanguage":"fi","@id":"https:\/\/bbqassad.ee\/fi\/#\/schema\/logo\/image\/","url":"https:\/\/bbqassad.ee\/wp-content\/uploads\/2022\/10\/BBQ-2ssadlogo.png","contentUrl":"https:\/\/bbqassad.ee\/wp-content\/uploads\/2022\/10\/BBQ-2ssadlogo.png","width":1080,"height":1080,"caption":"BBQ \u00c4ssad"},"image":{"@id":"https:\/\/bbqassad.ee\/fi\/#\/schema\/logo\/image\/"},"sameAs":["https:\/\/www.facebook.com\/bbqassad","https:\/\/www.youtube.com\/channel\/UCsoufn49J6TVi9Ah9meE93w"]}]}},"_links":{"self":[{"href":"https:\/\/bbqassad.ee\/fi\/wp-json\/wp\/v2\/product\/21573","targetHints":{"allow":["GET"]}}],"collection":[{"href":"https:\/\/bbqassad.ee\/fi\/wp-json\/wp\/v2\/product"}],"about":[{"href":"https:\/\/bbqassad.ee\/fi\/wp-json\/wp\/v2\/types\/product"}],"replies":[{"embeddable":true,"href":"https:\/\/bbqassad.ee\/fi\/wp-json\/wp\/v2\/comments?post=21573"}],"wp:featuredmedia":[{"embeddable":true,"href":"https:\/\/bbqassad.ee\/fi\/wp-json\/wp\/v2\/media\/14697"}],"wp:attachment":[{"href":"https:\/\/bbqassad.ee\/fi\/wp-json\/wp\/v2\/media?parent=21573"}],"wp:term":[{"taxonomy":"product_brand","embeddable":true,"href":"https:\/\/bbqassad.ee\/fi\/wp-json\/wp\/v2\/product_brand?post=21573"},{"taxonomy":"product_cat","embeddable":true,"href":"https:\/\/bbqassad.ee\/fi\/wp-json\/wp\/v2\/product_cat?post=21573"},{"taxonomy":"product_tag","embeddable":true,"href":"https:\/\/bbqassad.ee\/fi\/wp-json\/wp\/v2\/product_tag?post=21573"}],"curies":[{"name":"wp","href":"https:\/\/api.w.org\/{rel}","templated":true}]}}