{"id":21571,"date":"2026-02-23T15:05:55","date_gmt":"2026-02-23T15:05:55","guid":{"rendered":"https:\/\/bbqassad.ee\/toode\/napoleonin-kolmipuolinen-grilliharja-pullonavaajalla-varustettuna\/"},"modified":"2026-04-14T06:32:03","modified_gmt":"2026-04-14T06:32:03","slug":"napoleonin-kolmipuolinen-grilliharja-pullonavaajalla-varustettuna","status":"publish","type":"product","link":"https:\/\/bbqassad.ee\/fi\/toode\/napoleonin-kolmipuolinen-grilliharja-pullonavaajalla-varustettuna\/","title":{"rendered":"Napoleonin kolmipuolinen grilliharja pullonavaajalla"},"content":{"rendered":"","protected":false},"excerpt":{"rendered":"<h3><strong>Napoleonin kolmionmuotoinen grilliharja pullonavaajalla varustettuna<\/strong><\/h3>\n<p data-start=\"0\" data-end=\"254\">Kolmipuolinen grilliharja, jossa on messinkiharjakset, on suunniteltu grillien p\u00e4ivitt\u00e4iseen puhdistukseen, erityisesti valurautagrilleiss\u00e4, joissa on posliiniemalilla. Messinkiharjakset puhdistavat tehokkaasti, mutta ovat levypinnaltaan ohuempia kuin ruostumaton ter\u00e4s, mik\u00e4 v\u00e4hent\u00e4\u00e4 naarmuuntumisriski\u00e4. <\/p>\n<p data-start=\"256\" data-end=\"518\">Kompakti harjanp\u00e4\u00e4 on helppo saada harjanvarsien v\u00e4liin ja vaikeasti saavutettaviin nurkkiin. Kun sit\u00e4 k\u00e4ytet\u00e4\u00e4n l\u00e4mpim\u00e4ll\u00e4 (kuumalla) ritil\u00e4ll\u00e4, pinttyneet ruokaj\u00e4\u00e4m\u00e4t voidaan poistaa helpommin. Kahva on kuumuutta kest\u00e4v\u00e4 ja mukava pit\u00e4\u00e4 k\u00e4dess\u00e4, joten harjan k\u00e4ytt\u00f6 on turvallista ja ennustettavaa.  <\/p>\n<p data-start=\"520\" data-end=\"635\">Kahvaan integroitu pullonavaaja toimii my\u00f6s ripustuskoukkuna, joten harja on aina k\u00e4den ulottuvilla grilliss\u00e4.<\/p>\n<p data-start=\"353\" data-end=\"574\" data-is-last-node=\"\" data-is-only-node=\"\">\n","protected":false},"featured_media":21572,"comment_status":"closed","ping_status":"closed","template":"","meta":[],"product_brand":[768],"product_cat":[784],"product_tag":[],"class_list":{"0":"post-21571","1":"product","2":"type-product","3":"status-publish","4":"has-post-thumbnail","6":"product_brand-napoleon","7":"product_cat-tarvikkeet","9":"first","10":"instock","11":"taxable","12":"shipping-taxable","13":"purchasable","14":"product-type-simple"},"yoast_head":"<!-- This site is optimized with the Yoast SEO plugin v27.4 - https:\/\/yoast.com\/product\/yoast-seo-wordpress\/ -->\n<title>Napoleonin kolmionmuotoinen grilliharja - BBQ \u00c4ssad%<\/title>\n<meta name=\"description\" content=\"Kolmipuolinen grilliharja, jossa on messinkiharjakset, on ihanteellinen p\u00e4ivitt\u00e4iseen grillien puhdistukseen. Kompakti harjanp\u00e4\u00e4 ja l\u00e4mm\u00f6nkest\u00e4v\u00e4 kahva takaavat mukavuuden ja tehokkuuden.\" \/>\n<meta name=\"robots\" content=\"index, follow, max-snippet:-1, max-image-preview:large, max-video-preview:-1\" \/>\n<link rel=\"canonical\" href=\"https:\/\/bbqassad.ee\/fi\/toode\/napoleonin-kolmipuolinen-grilliharja-pullonavaajalla-varustettuna\/\" \/>\n<meta property=\"og:locale\" content=\"fi_FI\" \/>\n<meta property=\"og:type\" content=\"article\" \/>\n<meta property=\"og:title\" content=\"Napoleonin kolmionmuotoinen grilliharja - BBQ \u00c4ssad%\" \/>\n<meta property=\"og:description\" content=\"Kolmipuolinen grilliharja, jossa on messinkiharjakset, on ihanteellinen p\u00e4ivitt\u00e4iseen grillien puhdistukseen. Kompakti harjanp\u00e4\u00e4 ja l\u00e4mm\u00f6nkest\u00e4v\u00e4 kahva takaavat mukavuuden ja tehokkuuden.\" \/>\n<meta property=\"og:url\" content=\"https:\/\/bbqassad.ee\/fi\/toode\/napoleonin-kolmipuolinen-grilliharja-pullonavaajalla-varustettuna\/\" \/>\n<meta property=\"og:site_name\" content=\"BBQ \u00c4ssad\" \/>\n<meta property=\"article:publisher\" content=\"https:\/\/www.facebook.com\/bbqassad\" \/>\n<meta property=\"article:modified_time\" content=\"2026-04-14T06:32:03+00:00\" \/>\n<meta property=\"og:image\" content=\"https:\/\/bbqassad.ee\/wp-content\/uploads\/2026\/02\/Napoleon-62012-Three-Sided-Grill-Brush-with-Bottle-Opener.jpg.webp\" \/>\n<meta name=\"twitter:card\" content=\"summary_large_image\" \/>\n<meta name=\"twitter:title\" content=\"Napoleonin kolmionmuotoinen grilliharja - BBQ \u00c4ssad%\" \/>\n<meta name=\"twitter:description\" content=\"Kolmipuolinen grilliharja, jossa on messinkiharjakset, on ihanteellinen p\u00e4ivitt\u00e4iseen grillien puhdistukseen. Kompakti harjanp\u00e4\u00e4 ja l\u00e4mm\u00f6nkest\u00e4v\u00e4 kahva takaavat mukavuuden ja tehokkuuden.\" \/>\n<meta name=\"twitter:image\" content=\"https:\/\/bbqassad.ee\/wp-content\/uploads\/2026\/02\/Napoleon-62012-Three-Sided-Grill-Brush-with-Bottle-Opener.jpg.webp\" \/>\n<script type=\"application\/ld+json\" class=\"yoast-schema-graph\">{\"@context\":\"https:\\\/\\\/schema.org\",\"@graph\":[{\"@type\":\"WebPage\",\"@id\":\"https:\\\/\\\/bbqassad.ee\\\/fi\\\/toode\\\/napoleonin-kolmipuolinen-grilliharja-pullonavaajalla-varustettuna\\\/\",\"url\":\"https:\\\/\\\/bbqassad.ee\\\/fi\\\/toode\\\/napoleonin-kolmipuolinen-grilliharja-pullonavaajalla-varustettuna\\\/\",\"name\":\"Napoleonin kolmionmuotoinen grilliharja - BBQ \u00c4ssad%\",\"isPartOf\":{\"@id\":\"https:\\\/\\\/bbqassad.ee\\\/fi\\\/#website\"},\"primaryImageOfPage\":{\"@id\":\"https:\\\/\\\/bbqassad.ee\\\/fi\\\/toode\\\/napoleonin-kolmipuolinen-grilliharja-pullonavaajalla-varustettuna\\\/#primaryimage\"},\"image\":{\"@id\":\"https:\\\/\\\/bbqassad.ee\\\/fi\\\/toode\\\/napoleonin-kolmipuolinen-grilliharja-pullonavaajalla-varustettuna\\\/#primaryimage\"},\"thumbnailUrl\":\"https:\\\/\\\/bbqassad.ee\\\/wp-content\\\/uploads\\\/2026\\\/02\\\/Napoleon-62012-Three-Sided-Grill-Brush-with-Bottle-Opener.jpg.webp\",\"datePublished\":\"2026-02-23T15:05:55+00:00\",\"dateModified\":\"2026-04-14T06:32:03+00:00\",\"description\":\"Kolmipuolinen grilliharja, jossa on messinkiharjakset, on ihanteellinen p\u00e4ivitt\u00e4iseen grillien puhdistukseen. Kompakti harjanp\u00e4\u00e4 ja l\u00e4mm\u00f6nkest\u00e4v\u00e4 kahva takaavat mukavuuden ja tehokkuuden.\",\"breadcrumb\":{\"@id\":\"https:\\\/\\\/bbqassad.ee\\\/fi\\\/toode\\\/napoleonin-kolmipuolinen-grilliharja-pullonavaajalla-varustettuna\\\/#breadcrumb\"},\"inLanguage\":\"fi\",\"potentialAction\":[{\"@type\":\"ReadAction\",\"target\":[\"https:\\\/\\\/bbqassad.ee\\\/fi\\\/toode\\\/napoleonin-kolmipuolinen-grilliharja-pullonavaajalla-varustettuna\\\/\"]}]},{\"@type\":\"ImageObject\",\"inLanguage\":\"fi\",\"@id\":\"https:\\\/\\\/bbqassad.ee\\\/fi\\\/toode\\\/napoleonin-kolmipuolinen-grilliharja-pullonavaajalla-varustettuna\\\/#primaryimage\",\"url\":\"https:\\\/\\\/bbqassad.ee\\\/wp-content\\\/uploads\\\/2026\\\/02\\\/Napoleon-62012-Three-Sided-Grill-Brush-with-Bottle-Opener.jpg.webp\",\"contentUrl\":\"https:\\\/\\\/bbqassad.ee\\\/wp-content\\\/uploads\\\/2026\\\/02\\\/Napoleon-62012-Three-Sided-Grill-Brush-with-Bottle-Opener.jpg.webp\",\"width\":1920,\"height\":1920},{\"@type\":\"BreadcrumbList\",\"@id\":\"https:\\\/\\\/bbqassad.ee\\\/fi\\\/toode\\\/napoleonin-kolmipuolinen-grilliharja-pullonavaajalla-varustettuna\\\/#breadcrumb\",\"itemListElement\":[{\"@type\":\"ListItem\",\"position\":1,\"name\":\"Home\",\"item\":\"https:\\\/\\\/bbqassad.ee\\\/fi\\\/bbq-assat\\\/\"},{\"@type\":\"ListItem\",\"position\":2,\"name\":\"Verkkokauppa\",\"item\":\"https:\\\/\\\/bbqassad.ee\\\/fi\\\/verkkokauppa\\\/\"},{\"@type\":\"ListItem\",\"position\":3,\"name\":\"Napoleonin kolmipuolinen grilliharja pullonavaajalla\"}]},{\"@type\":\"WebSite\",\"@id\":\"https:\\\/\\\/bbqassad.ee\\\/fi\\\/#website\",\"url\":\"https:\\\/\\\/bbqassad.ee\\\/fi\\\/\",\"name\":\"BBQ \u00c4ssad\",\"description\":\"BBQ maitseained, kastmed, ahjud\",\"publisher\":{\"@id\":\"https:\\\/\\\/bbqassad.ee\\\/fi\\\/#organization\"},\"potentialAction\":[{\"@type\":\"SearchAction\",\"target\":{\"@type\":\"EntryPoint\",\"urlTemplate\":\"https:\\\/\\\/bbqassad.ee\\\/fi\\\/?s={search_term_string}\"},\"query-input\":{\"@type\":\"PropertyValueSpecification\",\"valueRequired\":true,\"valueName\":\"search_term_string\"}}],\"inLanguage\":\"fi\"},{\"@type\":\"Organization\",\"@id\":\"https:\\\/\\\/bbqassad.ee\\\/fi\\\/#organization\",\"name\":\"BBQ \u00c4ssad\",\"url\":\"https:\\\/\\\/bbqassad.ee\\\/fi\\\/\",\"logo\":{\"@type\":\"ImageObject\",\"inLanguage\":\"fi\",\"@id\":\"https:\\\/\\\/bbqassad.ee\\\/fi\\\/#\\\/schema\\\/logo\\\/image\\\/\",\"url\":\"https:\\\/\\\/bbqassad.ee\\\/wp-content\\\/uploads\\\/2022\\\/10\\\/BBQ-2ssadlogo.png\",\"contentUrl\":\"https:\\\/\\\/bbqassad.ee\\\/wp-content\\\/uploads\\\/2022\\\/10\\\/BBQ-2ssadlogo.png\",\"width\":1080,\"height\":1080,\"caption\":\"BBQ \u00c4ssad\"},\"image\":{\"@id\":\"https:\\\/\\\/bbqassad.ee\\\/fi\\\/#\\\/schema\\\/logo\\\/image\\\/\"},\"sameAs\":[\"https:\\\/\\\/www.facebook.com\\\/bbqassad\",\"https:\\\/\\\/www.youtube.com\\\/channel\\\/UCsoufn49J6TVi9Ah9meE93w\"]}]}<\/script>\n<!-- \/ Yoast SEO plugin. -->","yoast_head_json":{"title":"Napoleonin kolmionmuotoinen grilliharja - BBQ \u00c4ssad%","description":"Kolmipuolinen grilliharja, jossa on messinkiharjakset, on ihanteellinen p\u00e4ivitt\u00e4iseen grillien puhdistukseen. Kompakti harjanp\u00e4\u00e4 ja l\u00e4mm\u00f6nkest\u00e4v\u00e4 kahva takaavat mukavuuden ja tehokkuuden.","robots":{"index":"index","follow":"follow","max-snippet":"max-snippet:-1","max-image-preview":"max-image-preview:large","max-video-preview":"max-video-preview:-1"},"canonical":"https:\/\/bbqassad.ee\/fi\/toode\/napoleonin-kolmipuolinen-grilliharja-pullonavaajalla-varustettuna\/","og_locale":"fi_FI","og_type":"article","og_title":"Napoleonin kolmionmuotoinen grilliharja - BBQ \u00c4ssad%","og_description":"Kolmipuolinen grilliharja, jossa on messinkiharjakset, on ihanteellinen p\u00e4ivitt\u00e4iseen grillien puhdistukseen. Kompakti harjanp\u00e4\u00e4 ja l\u00e4mm\u00f6nkest\u00e4v\u00e4 kahva takaavat mukavuuden ja tehokkuuden.","og_url":"https:\/\/bbqassad.ee\/fi\/toode\/napoleonin-kolmipuolinen-grilliharja-pullonavaajalla-varustettuna\/","og_site_name":"BBQ \u00c4ssad","article_publisher":"https:\/\/www.facebook.com\/bbqassad","article_modified_time":"2026-04-14T06:32:03+00:00","og_image":[{"url":"https:\/\/bbqassad.ee\/wp-content\/uploads\/2026\/02\/Napoleon-62012-Three-Sided-Grill-Brush-with-Bottle-Opener.jpg.webp","type":"","width":"","height":""}],"twitter_card":"summary_large_image","twitter_title":"Napoleonin kolmionmuotoinen grilliharja - BBQ \u00c4ssad%","twitter_description":"Kolmipuolinen grilliharja, jossa on messinkiharjakset, on ihanteellinen p\u00e4ivitt\u00e4iseen grillien puhdistukseen. Kompakti harjanp\u00e4\u00e4 ja l\u00e4mm\u00f6nkest\u00e4v\u00e4 kahva takaavat mukavuuden ja tehokkuuden.","twitter_image":"https:\/\/bbqassad.ee\/wp-content\/uploads\/2026\/02\/Napoleon-62012-Three-Sided-Grill-Brush-with-Bottle-Opener.jpg.webp","schema":{"@context":"https:\/\/schema.org","@graph":[{"@type":"WebPage","@id":"https:\/\/bbqassad.ee\/fi\/toode\/napoleonin-kolmipuolinen-grilliharja-pullonavaajalla-varustettuna\/","url":"https:\/\/bbqassad.ee\/fi\/toode\/napoleonin-kolmipuolinen-grilliharja-pullonavaajalla-varustettuna\/","name":"Napoleonin kolmionmuotoinen grilliharja - BBQ \u00c4ssad%","isPartOf":{"@id":"https:\/\/bbqassad.ee\/fi\/#website"},"primaryImageOfPage":{"@id":"https:\/\/bbqassad.ee\/fi\/toode\/napoleonin-kolmipuolinen-grilliharja-pullonavaajalla-varustettuna\/#primaryimage"},"image":{"@id":"https:\/\/bbqassad.ee\/fi\/toode\/napoleonin-kolmipuolinen-grilliharja-pullonavaajalla-varustettuna\/#primaryimage"},"thumbnailUrl":"https:\/\/bbqassad.ee\/wp-content\/uploads\/2026\/02\/Napoleon-62012-Three-Sided-Grill-Brush-with-Bottle-Opener.jpg.webp","datePublished":"2026-02-23T15:05:55+00:00","dateModified":"2026-04-14T06:32:03+00:00","description":"Kolmipuolinen grilliharja, jossa on messinkiharjakset, on ihanteellinen p\u00e4ivitt\u00e4iseen grillien puhdistukseen. Kompakti harjanp\u00e4\u00e4 ja l\u00e4mm\u00f6nkest\u00e4v\u00e4 kahva takaavat mukavuuden ja tehokkuuden.","breadcrumb":{"@id":"https:\/\/bbqassad.ee\/fi\/toode\/napoleonin-kolmipuolinen-grilliharja-pullonavaajalla-varustettuna\/#breadcrumb"},"inLanguage":"fi","potentialAction":[{"@type":"ReadAction","target":["https:\/\/bbqassad.ee\/fi\/toode\/napoleonin-kolmipuolinen-grilliharja-pullonavaajalla-varustettuna\/"]}]},{"@type":"ImageObject","inLanguage":"fi","@id":"https:\/\/bbqassad.ee\/fi\/toode\/napoleonin-kolmipuolinen-grilliharja-pullonavaajalla-varustettuna\/#primaryimage","url":"https:\/\/bbqassad.ee\/wp-content\/uploads\/2026\/02\/Napoleon-62012-Three-Sided-Grill-Brush-with-Bottle-Opener.jpg.webp","contentUrl":"https:\/\/bbqassad.ee\/wp-content\/uploads\/2026\/02\/Napoleon-62012-Three-Sided-Grill-Brush-with-Bottle-Opener.jpg.webp","width":1920,"height":1920},{"@type":"BreadcrumbList","@id":"https:\/\/bbqassad.ee\/fi\/toode\/napoleonin-kolmipuolinen-grilliharja-pullonavaajalla-varustettuna\/#breadcrumb","itemListElement":[{"@type":"ListItem","position":1,"name":"Home","item":"https:\/\/bbqassad.ee\/fi\/bbq-assat\/"},{"@type":"ListItem","position":2,"name":"Verkkokauppa","item":"https:\/\/bbqassad.ee\/fi\/verkkokauppa\/"},{"@type":"ListItem","position":3,"name":"Napoleonin kolmipuolinen grilliharja pullonavaajalla"}]},{"@type":"WebSite","@id":"https:\/\/bbqassad.ee\/fi\/#website","url":"https:\/\/bbqassad.ee\/fi\/","name":"BBQ \u00c4ssad","description":"BBQ maitseained, kastmed, ahjud","publisher":{"@id":"https:\/\/bbqassad.ee\/fi\/#organization"},"potentialAction":[{"@type":"SearchAction","target":{"@type":"EntryPoint","urlTemplate":"https:\/\/bbqassad.ee\/fi\/?s={search_term_string}"},"query-input":{"@type":"PropertyValueSpecification","valueRequired":true,"valueName":"search_term_string"}}],"inLanguage":"fi"},{"@type":"Organization","@id":"https:\/\/bbqassad.ee\/fi\/#organization","name":"BBQ \u00c4ssad","url":"https:\/\/bbqassad.ee\/fi\/","logo":{"@type":"ImageObject","inLanguage":"fi","@id":"https:\/\/bbqassad.ee\/fi\/#\/schema\/logo\/image\/","url":"https:\/\/bbqassad.ee\/wp-content\/uploads\/2022\/10\/BBQ-2ssadlogo.png","contentUrl":"https:\/\/bbqassad.ee\/wp-content\/uploads\/2022\/10\/BBQ-2ssadlogo.png","width":1080,"height":1080,"caption":"BBQ \u00c4ssad"},"image":{"@id":"https:\/\/bbqassad.ee\/fi\/#\/schema\/logo\/image\/"},"sameAs":["https:\/\/www.facebook.com\/bbqassad","https:\/\/www.youtube.com\/channel\/UCsoufn49J6TVi9Ah9meE93w"]}]}},"_links":{"self":[{"href":"https:\/\/bbqassad.ee\/fi\/wp-json\/wp\/v2\/product\/21571","targetHints":{"allow":["GET"]}}],"collection":[{"href":"https:\/\/bbqassad.ee\/fi\/wp-json\/wp\/v2\/product"}],"about":[{"href":"https:\/\/bbqassad.ee\/fi\/wp-json\/wp\/v2\/types\/product"}],"replies":[{"embeddable":true,"href":"https:\/\/bbqassad.ee\/fi\/wp-json\/wp\/v2\/comments?post=21571"}],"wp:featuredmedia":[{"embeddable":true,"href":"https:\/\/bbqassad.ee\/fi\/wp-json\/wp\/v2\/media\/21572"}],"wp:attachment":[{"href":"https:\/\/bbqassad.ee\/fi\/wp-json\/wp\/v2\/media?parent=21571"}],"wp:term":[{"taxonomy":"product_brand","embeddable":true,"href":"https:\/\/bbqassad.ee\/fi\/wp-json\/wp\/v2\/product_brand?post=21571"},{"taxonomy":"product_cat","embeddable":true,"href":"https:\/\/bbqassad.ee\/fi\/wp-json\/wp\/v2\/product_cat?post=21571"},{"taxonomy":"product_tag","embeddable":true,"href":"https:\/\/bbqassad.ee\/fi\/wp-json\/wp\/v2\/product_tag?post=21571"}],"curies":[{"name":"wp","href":"https:\/\/api.w.org\/{rel}","templated":true}]}}