{"id":21559,"date":"2026-02-23T15:05:55","date_gmt":"2026-02-23T15:05:55","guid":{"rendered":"https:\/\/bbqassad.ee\/toode\/napoleon-apollo-bbq-smoker-22-3-in-1-savustin-bbq-grilli-musta\/"},"modified":"2026-04-14T06:32:03","modified_gmt":"2026-04-14T06:32:03","slug":"napoleon-apollo-bbq-smoker-22-3-in-1-savustin-bbq-grilli-musta","status":"publish","type":"product","link":"https:\/\/bbqassad.ee\/fi\/toode\/napoleon-apollo-bbq-smoker-22-3-in-1-savustin-bbq-grilli-musta\/","title":{"rendered":"Napoleon APOLLO BBQ-SMOKER 22&#8221; (3-in-1 savustin &amp; bbq &amp; grilli) (musta)"},"content":{"rendered":"<article class=\"text-token-text-primary w-full focus:outline-none [--shadow-height:45px] has-data-writing-block:pointer-events-none has-data-writing-block:-mt-(--shadow-height) has-data-writing-block:pt-(--shadow-height) [&amp;:has([data-writing-block])&gt;*]:pointer-events-auto scroll-mt-[calc(var(--header-height)+min(200px,max(70px,20svh)))]\" dir=\"auto\" tabindex=\"-1\" data-turn-id=\"request-WEB:055c1019-7ea2-44e2-be52-1e14ea1cd0d6-3\" data-testid=\"conversation-turn-8\" data-scroll-anchor=\"false\" data-turn=\"assistant\">\n<div class=\"text-base my-auto mx-auto [--thread-content-margin:--spacing(4)] @w-sm\/main:[--thread-content-margin:--spacing(6)] @w-lg\/main:[--thread-content-margin:--spacing(16)] px-(--thread-content-margin)\">\n<div class=\"[--thread-content-max-width:40rem] @w-lg\/main:[--thread-content-max-width:48rem] mx-auto max-w-(--thread-content-max-width) flex-1 group\/turn-messages focus-visible:outline-hidden relative flex w-full min-w-0 flex-col agent-turn\" tabindex=\"-1\">\n<div class=\"flex max-w-full flex-col grow\">\n<div class=\"min-h-8 text-message relative flex w-full flex-col items-end gap-2 text-start break-words whitespace-normal [.text-message+&amp;]:mt-1\" dir=\"auto\" data-message-author-role=\"assistant\" data-message-id=\"c68e518a-f6d9-406f-9cf0-f6ac33efdb9a\" data-message-model-slug=\"gpt-5-1\">\n<div class=\"flex w-full flex-col gap-1 empty:hidden first:pt-[1px]\">\n<div class=\"markdown prose dark:prose-invert w-full break-words light markdown-new-styling\">\n<p data-start=\"496\" data-end=\"766\"><img decoding=\"async\" class=\"size-medium wp-image-12605 alignleft\" src=\"https:\/\/grilliguru.ee\/wp-content\/uploads\/2025\/12\/Napoleon-Apollo18K-4-300x300.png\" alt=\"\" width=\"300\" height=\"300\">Napoleon Apollo AS22K on 22-tuumainen (55 cm) hiilih\u00f6yryuuni, joka on suunniteltu aitoon grillaukseen &#8221;low &amp; slow&#8221; -keittoon. Tuloksena on syv\u00e4savustettua mehukasta rintafileet\u00e4, mureita kylkiluita, pulled porkia, siipikarjaa, kalaa ja vihanneksia &#8211; aivan kuten hyv\u00e4lt\u00e4 savustimelta voi odottaa. <\/p>\n<p data-start=\"768\" data-end=\"1090\"><strong data-start=\"768\" data-end=\"813\">Miksi vesisavustin?<\/strong><br data-start=\"813\" data-end=\"816\">Apollon suurin vahvuus on veden k\u00e4ytt\u00f6 h\u00f6yryn tuottamiseen savustusprosessin aikana: alemmassa osastossa oleva vesiastia auttaa pit\u00e4m\u00e4\u00e4n l\u00e4mp\u00f6tilan tasaisempana, toimii l\u00e4mp\u00f6suojana suoralta hiilelt\u00e4 ja luo kostean kypsennysymp\u00e4rist\u00f6n. T\u00e4m\u00e4 edist\u00e4\u00e4 erityisen mehev\u00e4\u00e4 lopputulosta ja vakaata savunmuodostusta. <\/p>\n<p data-start=\"1092\" data-end=\"1150\"><strong data-start=\"1092\" data-end=\"1148\">5-in-1-tila &#8211; valitse oikea asetus joka tilanteeseen sopivaksi.<\/strong><\/p>\n<ul data-start=\"1151\" data-end=\"1628\">\n<li data-start=\"1151\" data-end=\"1255\">\n<p data-start=\"1153\" data-end=\"1255\">K\u00e4\u00e4ntyv\u00e4 kaulus (k\u00e4\u00e4nt\u00f6sarja myyd\u00e4\u00e4n erikseen) &#8211; lis\u00e4\u00e4 k\u00e4\u00e4ntyv\u00e4 vaihtoehto ja luo uusia makuja.<\/p>\n<\/li>\n<li data-start=\"1256\" data-end=\"1350\">\n<p data-start=\"1258\" data-end=\"1350\">Pystysuora kaksiosainen savustus &#8211; ihanteellinen suurille lihapaloille &#8221;low &amp; slow&#8221;.<\/p>\n<\/li>\n<li data-start=\"1351\" data-end=\"1447\">\n<p data-start=\"1353\" data-end=\"1447\">Pystysuuntainen yksiosainen savustus &#8211; kanansiiville, kananrumpupaloille ja pienemmille lihapaloille.<\/p>\n<\/li>\n<li data-start=\"1448\" data-end=\"1542\">\n<p data-start=\"1450\" data-end=\"1542\">Suora grillaus\/broilaus &#8211; korkea l\u00e4mp\u00f6 pihveille, hampurilaisille ja makkaroille.<\/p>\n<\/li>\n<li data-start=\"1543\" data-end=\"1628\">\n<p data-start=\"1545\" data-end=\"1628\">Avotulitila &#8211; tee grillist\u00e4si viihtyis\u00e4 nuotiopaikka ja nauti illan tunnelmasta.<\/p>\n<\/li>\n<\/ul>\n<p data-start=\"1630\" data-end=\"1929\"><strong data-start=\"1630\" data-end=\"1675\">Suuri kapasiteetti ja laadukkaat materiaalit<\/strong><br data-start=\"1675\" data-end=\"1678\">Yhteens\u00e4 2451 cm\u00b2 keittoalaa on jaettu kolmelle tasolle, mik\u00e4 tarjoaa joustavuutta perheillallisille tai suuremmille ryhmille. Ensiluokkaiset 304 ruostumattomasta ter\u00e4ksest\u00e4 valmistetut ritil\u00e4t ovat kest\u00e4vi\u00e4, helppohoitoisia ja auttavat yll\u00e4pit\u00e4m\u00e4\u00e4n l\u00e4mm\u00f6n tasaisen jakautumisen. <\/p>\n<p data-start=\"1931\" data-end=\"2197\"><strong data-start=\"1931\" data-end=\"1972\">Tarkka l\u00e4mp\u00f6tilan ja savun valvonta<\/strong><br data-start=\"1972\" data-end=\"1975\">Sis\u00e4\u00e4nrakennettu ACCU-PROBE\u2122-l\u00e4mp\u00f6tila-anturi (Smoke &amp; Sear -alue) tekee valvonnasta helppoa. S\u00e4\u00e4dett\u00e4v\u00e4 ilman\/savun s\u00e4\u00e4t\u00f6 ja silikonik\u00e4rkiset anturit mahdollistavat kypsennyksen hienos\u00e4\u00e4d\u00f6n jopa ulkoisilla l\u00e4mp\u00f6mittareilla. <\/p>\n<p data-start=\"2199\" data-end=\"2232\"><strong data-start=\"2199\" data-end=\"2230\">K\u00e4tev\u00e4 ja turvallinen k\u00e4ytt\u00e4\u00e4<\/strong><\/p>\n<ul data-start=\"2233\" data-end=\"2572\">\n<li data-start=\"2233\" data-end=\"2300\">\n<p data-start=\"2235\" data-end=\"2300\">Lukittavat py\u00f6r\u00e4t &#8211; helppo siirt\u00e4\u00e4 ja pit\u00e4\u00e4 turvallisesti paikallaan.<\/p>\n<\/li>\n<li data-start=\"2301\" data-end=\"2351\">\n<p data-start=\"2303\" data-end=\"2351\">Moduulien lukituskiinnikkeet &#8211; vakaus kypsennyksen aikana<\/p>\n<\/li>\n<li data-start=\"2352\" data-end=\"2412\">\n<p data-start=\"2354\" data-end=\"2412\">Eristetty kannen kahva &#8211; mukavampaa ja turvallisempaa k\u00e4sittely\u00e4 varten.<\/p>\n<\/li>\n<li data-start=\"2413\" data-end=\"2503\">\n<p data-start=\"2415\" data-end=\"2503\">Kansi, jossa on vaakasuora tanko ja S-koukku &#8211; k\u00e4yt\u00e4nn\u00f6lliset ripustusratkaisut\/j\u00e4rjestelyt.<\/p>\n<\/li>\n<li data-start=\"2504\" data-end=\"2572\">\n<p data-start=\"2506\" data-end=\"2572\">Ruostumattomasta ter\u00e4ksest\u00e4 valmistettu k\u00e4\u00e4ntyv\u00e4 tankorengas &#8211; laajentaa k\u00e4ytt\u00f6mahdollisuuksia.<\/p>\n<\/li>\n<\/ul>\n<p data-start=\"2574\" data-end=\"2679\">Takuu: <br data-start=\"2613\" data-end=\"2616\"> Huomautus: K\u00e4\u00e4ntyv\u00e4 varsi ei sis\u00e4lly (myyd\u00e4\u00e4n erikseen).<\/p>\n<hr data-start=\"2681\" data-end=\"2684\">\n<h3 data-start=\"2686\" data-end=\"2734\">Tekniset tiedot<\/h3>\n<ul data-start=\"2735\" data-end=\"3301\">\n<li data-start=\"2735\" data-end=\"2758\">\n<p data-start=\"2737\" data-end=\"2758\">Malli: Apollo AS22K<\/p>\n<\/li>\n<li data-start=\"2759\" data-end=\"2817\">\n<p data-start=\"2761\" data-end=\"2817\">Tyyppi: Puuhiilivesisavustin, 5-in-1<\/p>\n<\/li>\n<li data-start=\"2818\" data-end=\"2849\">\n<p data-start=\"2820\" data-end=\"2849\">Kokonaiskeittopinta-ala: 2451 cm\u00b2<\/p>\n<\/li>\n<li data-start=\"2850\" data-end=\"2867\">\n<p data-start=\"2852\" data-end=\"2867\">Tasaiset pinnat: 3<\/p>\n<\/li>\n<li data-start=\"2868\" data-end=\"2893\">\n<p data-start=\"2870\" data-end=\"2893\">Halkaisija: 22&#8243; \/ 55 cm<\/p>\n<\/li>\n<li data-start=\"2894\" data-end=\"2926\">\n<p data-start=\"2896\" data-end=\"2926\">Jalustat: 304 ruostumatonta ter\u00e4st\u00e4<\/p>\n<\/li>\n<li data-start=\"2927\" data-end=\"2978\">\n<p data-start=\"2929\" data-end=\"2978\">L\u00e4mp\u00f6mittari: ACCU-PROBE\u2122 (savu- ja paistoalue)<\/p>\n<\/li>\n<li data-start=\"2979\" data-end=\"3017\">\n<p data-start=\"2981\" data-end=\"3017\">Savun\/ilman hallinta: s\u00e4\u00e4dett\u00e4viss\u00e4<\/p>\n<\/li>\n<li data-start=\"3018\" data-end=\"3051\">\n<p data-start=\"3020\" data-end=\"3051\">Anturit: silikonip\u00e4\u00e4llysteiset<\/p>\n<\/li>\n<li data-start=\"3052\" data-end=\"3085\">\n<p data-start=\"3054\" data-end=\"3085\">Liikkuvuus: lukittavat py\u00f6r\u00e4t<\/p>\n<\/li>\n<li data-start=\"3086\" data-end=\"3122\">\n<p data-start=\"3088\" data-end=\"3122\">Mitat (KxSxKxS): 140 \u00d7 55 \u00d7 55cm.<\/p>\n<\/li>\n<li data-start=\"3210\" data-end=\"3269\">\n<p data-start=\"3212\" data-end=\"3269\">K\u00e4\u00e4nt\u00f6tankosarja: ei sis\u00e4lly (myyd\u00e4\u00e4n erikseen).<\/p>\n<\/li>\n<li data-start=\"3270\" data-end=\"3301\">\n<p data-start=\"3272\" data-end=\"3301\">Takuu: 10 vuoden rajoitettu<\/p>\n<\/li>\n<\/ul>\n<p data-start=\"3598\" data-end=\"3626\" data-is-last-node=\"\">\n<\/div>\n<\/div>\n<\/div>\n<\/div>\n<div class=\"z-0 flex min-h-[46px] justify-start\"><\/div>\n<\/div>\n<\/div>\n<\/article>\n<article class=\"text-token-text-primary w-full focus:outline-none [--shadow-height:45px] has-data-writing-block:pointer-events-none has-data-writing-block:-mt-(--shadow-height) has-data-writing-block:pt-(--shadow-height) [&amp;:has([data-writing-block])&gt;*]:pointer-events-auto scroll-mt-(--header-height)\" dir=\"auto\" tabindex=\"-1\" data-turn-id=\"cf2ee1f5-5479-438c-acca-a409d469b03f\" data-testid=\"conversation-turn-9\" data-scroll-anchor=\"false\" data-turn=\"user\">\n<h5 class=\"sr-only\"><\/h5>\n<\/article>\n","protected":false},"excerpt":{"rendered":"<h3 data-start=\"54\" data-end=\"438\"><strong>Napoleon APOLLO BBQ-SMOKER 22&#8221; (3-in-1 savustin &amp; bbq &amp; grilli) (musta)<\/strong><\/h3>\n<p data-start=\"54\" data-end=\"438\">Napoleon Apollo AS22K on 22 tuuman (55 cm) hiilih\u00f6yrysavustin (vesisavustin), joka tarjoaa viisi erilaista kypsennystapaa: pystysavustus (yksi-\/kaksilokeroinen), suora hiiligrillaus, avotulitila ja py\u00f6riv\u00e4 sauvagrillaus (sauvasarja myyd\u00e4\u00e4n erikseen). 304 ruostumattomasta ter\u00e4ksest\u00e4 valmistetut ritil\u00e4t, 3 kypsennystasoa ja ACCU-PROBE\u2122-l\u00e4mp\u00f6mittari takaavat tarkan s\u00e4\u00e4d\u00f6n. <\/p>\n","protected":false},"featured_media":21560,"comment_status":"closed","ping_status":"closed","template":"","meta":[],"product_brand":[768],"product_cat":[811,781],"product_tag":[],"class_list":{"0":"post-21559","1":"product","2":"type-product","3":"status-publish","4":"has-post-thumbnail","6":"product_brand-napoleon","7":"product_cat-hiiligrillit","8":"product_cat-uunit","9":"product_shipping_class-ilmainen-toimitus","11":"first","12":"instock","13":"taxable","14":"shipping-taxable","15":"purchasable","16":"product-type-simple"},"yoast_head":"<!-- This site is optimized with the Yoast SEO plugin v27.4 - https:\/\/yoast.com\/product\/yoast-seo-wordpress\/ -->\n<title>Napoleon APOLLO BBQ-T\u00dcNN-SMOKER 22&#039;&#039; -% BBQ \u00c4ssad%<\/title>\n<meta name=\"description\" content=\"Napoleon Apollo AS22K on 22&#039;&#039; hiiligrilli savustamiseen, grillaamiseen ja paistamiseen. Ruostumattomasta ter\u00e4ksest\u00e4 valmistetut ritil\u00e4t ja ACCU-PROBE\u2122-l\u00e4mp\u00f6mittari takaavat tarkat kypsennys- ja paistotulokset.\" \/>\n<meta name=\"robots\" content=\"index, follow, max-snippet:-1, max-image-preview:large, max-video-preview:-1\" \/>\n<link rel=\"canonical\" href=\"https:\/\/bbqassad.ee\/fi\/toode\/napoleon-apollo-bbq-smoker-22-3-in-1-savustin-bbq-grilli-musta\/\" \/>\n<meta property=\"og:locale\" content=\"fi_FI\" \/>\n<meta property=\"og:type\" content=\"article\" \/>\n<meta property=\"og:title\" content=\"Napoleon APOLLO BBQ-T\u00dcNN-SMOKER 22&#039;&#039; -% BBQ \u00c4ssad%\" \/>\n<meta property=\"og:description\" content=\"Napoleon Apollo AS22K on 22&#039;&#039; hiiligrilli savustamiseen, grillaamiseen ja paistamiseen. Ruostumattomasta ter\u00e4ksest\u00e4 valmistetut ritil\u00e4t ja ACCU-PROBE\u2122-l\u00e4mp\u00f6mittari takaavat tarkat kypsennys- ja paistotulokset.\" \/>\n<meta property=\"og:url\" content=\"https:\/\/bbqassad.ee\/fi\/toode\/napoleon-apollo-bbq-smoker-22-3-in-1-savustin-bbq-grilli-musta\/\" \/>\n<meta property=\"og:site_name\" content=\"BBQ \u00c4ssad\" \/>\n<meta property=\"article:publisher\" content=\"https:\/\/www.facebook.com\/bbqassad\" \/>\n<meta property=\"article:modified_time\" content=\"2026-04-14T06:32:03+00:00\" \/>\n<meta property=\"og:image\" content=\"https:\/\/bbqassad.ee\/wp-content\/uploads\/2026\/02\/Napoleon-Apollo22K-soegrill.jpg\" \/>\n<meta name=\"twitter:card\" content=\"summary_large_image\" \/>\n<meta name=\"twitter:title\" content=\"Napoleon APOLLO BBQ-T\u00dcNN-SMOKER 22&#039;&#039; -% BBQ \u00c4ssad%\" \/>\n<meta name=\"twitter:description\" content=\"Napoleon Apollo AS22K on 22 tuuman grilli, joka tarjoaa savustusta, grillausta ja paistamista. Ruostumattomasta ter\u00e4ksest\u00e4 valmistetut ritil\u00e4t ja ACCU-PROBE\u2122-l\u00e4mp\u00f6mittari takaavat tarkat kypsennys- ja paistotulokset.\" \/>\n<meta name=\"twitter:image\" content=\"https:\/\/bbqassad.ee\/wp-content\/uploads\/2026\/02\/Napoleon-Apollo22K-soegrill.jpg\" \/>\n<meta name=\"twitter:label1\" content=\"Arvioitu lukuaika\" \/>\n\t<meta name=\"twitter:data1\" content=\"2 minuuttia\" \/>\n<script type=\"application\/ld+json\" class=\"yoast-schema-graph\">{\"@context\":\"https:\\\/\\\/schema.org\",\"@graph\":[{\"@type\":\"WebPage\",\"@id\":\"https:\\\/\\\/bbqassad.ee\\\/fi\\\/toode\\\/napoleon-apollo-bbq-smoker-22-3-in-1-savustin-bbq-grilli-musta\\\/\",\"url\":\"https:\\\/\\\/bbqassad.ee\\\/fi\\\/toode\\\/napoleon-apollo-bbq-smoker-22-3-in-1-savustin-bbq-grilli-musta\\\/\",\"name\":\"Napoleon APOLLO BBQ-T\u00dcNN-SMOKER 22'' -% BBQ \u00c4ssad%\",\"isPartOf\":{\"@id\":\"https:\\\/\\\/bbqassad.ee\\\/fi\\\/#website\"},\"primaryImageOfPage\":{\"@id\":\"https:\\\/\\\/bbqassad.ee\\\/fi\\\/toode\\\/napoleon-apollo-bbq-smoker-22-3-in-1-savustin-bbq-grilli-musta\\\/#primaryimage\"},\"image\":{\"@id\":\"https:\\\/\\\/bbqassad.ee\\\/fi\\\/toode\\\/napoleon-apollo-bbq-smoker-22-3-in-1-savustin-bbq-grilli-musta\\\/#primaryimage\"},\"thumbnailUrl\":\"https:\\\/\\\/bbqassad.ee\\\/wp-content\\\/uploads\\\/2026\\\/02\\\/Napoleon-Apollo22K-soegrill.jpg\",\"datePublished\":\"2026-02-23T15:05:55+00:00\",\"dateModified\":\"2026-04-14T06:32:03+00:00\",\"description\":\"Napoleon Apollo AS22K on 22'' hiiligrilli savustamiseen, grillaamiseen ja paistamiseen. Ruostumattomasta ter\u00e4ksest\u00e4 valmistetut ritil\u00e4t ja ACCU-PROBE\u2122-l\u00e4mp\u00f6mittari takaavat tarkat kypsennys- ja paistotulokset.\",\"breadcrumb\":{\"@id\":\"https:\\\/\\\/bbqassad.ee\\\/fi\\\/toode\\\/napoleon-apollo-bbq-smoker-22-3-in-1-savustin-bbq-grilli-musta\\\/#breadcrumb\"},\"inLanguage\":\"fi\",\"potentialAction\":[{\"@type\":\"ReadAction\",\"target\":[\"https:\\\/\\\/bbqassad.ee\\\/fi\\\/toode\\\/napoleon-apollo-bbq-smoker-22-3-in-1-savustin-bbq-grilli-musta\\\/\"]}]},{\"@type\":\"ImageObject\",\"inLanguage\":\"fi\",\"@id\":\"https:\\\/\\\/bbqassad.ee\\\/fi\\\/toode\\\/napoleon-apollo-bbq-smoker-22-3-in-1-savustin-bbq-grilli-musta\\\/#primaryimage\",\"url\":\"https:\\\/\\\/bbqassad.ee\\\/wp-content\\\/uploads\\\/2026\\\/02\\\/Napoleon-Apollo22K-soegrill.jpg\",\"contentUrl\":\"https:\\\/\\\/bbqassad.ee\\\/wp-content\\\/uploads\\\/2026\\\/02\\\/Napoleon-Apollo22K-soegrill.jpg\",\"width\":1200,\"height\":1200},{\"@type\":\"BreadcrumbList\",\"@id\":\"https:\\\/\\\/bbqassad.ee\\\/fi\\\/toode\\\/napoleon-apollo-bbq-smoker-22-3-in-1-savustin-bbq-grilli-musta\\\/#breadcrumb\",\"itemListElement\":[{\"@type\":\"ListItem\",\"position\":1,\"name\":\"Home\",\"item\":\"https:\\\/\\\/bbqassad.ee\\\/fi\\\/bbq-assat\\\/\"},{\"@type\":\"ListItem\",\"position\":2,\"name\":\"Verkkokauppa\",\"item\":\"https:\\\/\\\/bbqassad.ee\\\/fi\\\/verkkokauppa\\\/\"},{\"@type\":\"ListItem\",\"position\":3,\"name\":\"Napoleon APOLLO BBQ-SMOKER 22&#8221; (3-in-1 savustin &amp; bbq &amp; grilli) (musta)\"}]},{\"@type\":\"WebSite\",\"@id\":\"https:\\\/\\\/bbqassad.ee\\\/fi\\\/#website\",\"url\":\"https:\\\/\\\/bbqassad.ee\\\/fi\\\/\",\"name\":\"BBQ \u00c4ssad\",\"description\":\"BBQ maitseained, kastmed, ahjud\",\"publisher\":{\"@id\":\"https:\\\/\\\/bbqassad.ee\\\/fi\\\/#organization\"},\"potentialAction\":[{\"@type\":\"SearchAction\",\"target\":{\"@type\":\"EntryPoint\",\"urlTemplate\":\"https:\\\/\\\/bbqassad.ee\\\/fi\\\/?s={search_term_string}\"},\"query-input\":{\"@type\":\"PropertyValueSpecification\",\"valueRequired\":true,\"valueName\":\"search_term_string\"}}],\"inLanguage\":\"fi\"},{\"@type\":\"Organization\",\"@id\":\"https:\\\/\\\/bbqassad.ee\\\/fi\\\/#organization\",\"name\":\"BBQ \u00c4ssad\",\"url\":\"https:\\\/\\\/bbqassad.ee\\\/fi\\\/\",\"logo\":{\"@type\":\"ImageObject\",\"inLanguage\":\"fi\",\"@id\":\"https:\\\/\\\/bbqassad.ee\\\/fi\\\/#\\\/schema\\\/logo\\\/image\\\/\",\"url\":\"https:\\\/\\\/bbqassad.ee\\\/wp-content\\\/uploads\\\/2022\\\/10\\\/BBQ-2ssadlogo.png\",\"contentUrl\":\"https:\\\/\\\/bbqassad.ee\\\/wp-content\\\/uploads\\\/2022\\\/10\\\/BBQ-2ssadlogo.png\",\"width\":1080,\"height\":1080,\"caption\":\"BBQ \u00c4ssad\"},\"image\":{\"@id\":\"https:\\\/\\\/bbqassad.ee\\\/fi\\\/#\\\/schema\\\/logo\\\/image\\\/\"},\"sameAs\":[\"https:\\\/\\\/www.facebook.com\\\/bbqassad\",\"https:\\\/\\\/www.youtube.com\\\/channel\\\/UCsoufn49J6TVi9Ah9meE93w\"]}]}<\/script>\n<!-- \/ Yoast SEO plugin. -->","yoast_head_json":{"title":"Napoleon APOLLO BBQ-T\u00dcNN-SMOKER 22'' -% BBQ \u00c4ssad%","description":"Napoleon Apollo AS22K on 22'' hiiligrilli savustamiseen, grillaamiseen ja paistamiseen. Ruostumattomasta ter\u00e4ksest\u00e4 valmistetut ritil\u00e4t ja ACCU-PROBE\u2122-l\u00e4mp\u00f6mittari takaavat tarkat kypsennys- ja paistotulokset.","robots":{"index":"index","follow":"follow","max-snippet":"max-snippet:-1","max-image-preview":"max-image-preview:large","max-video-preview":"max-video-preview:-1"},"canonical":"https:\/\/bbqassad.ee\/fi\/toode\/napoleon-apollo-bbq-smoker-22-3-in-1-savustin-bbq-grilli-musta\/","og_locale":"fi_FI","og_type":"article","og_title":"Napoleon APOLLO BBQ-T\u00dcNN-SMOKER 22'' -% BBQ \u00c4ssad%","og_description":"Napoleon Apollo AS22K on 22'' hiiligrilli savustamiseen, grillaamiseen ja paistamiseen. Ruostumattomasta ter\u00e4ksest\u00e4 valmistetut ritil\u00e4t ja ACCU-PROBE\u2122-l\u00e4mp\u00f6mittari takaavat tarkat kypsennys- ja paistotulokset.","og_url":"https:\/\/bbqassad.ee\/fi\/toode\/napoleon-apollo-bbq-smoker-22-3-in-1-savustin-bbq-grilli-musta\/","og_site_name":"BBQ \u00c4ssad","article_publisher":"https:\/\/www.facebook.com\/bbqassad","article_modified_time":"2026-04-14T06:32:03+00:00","og_image":[{"url":"https:\/\/bbqassad.ee\/wp-content\/uploads\/2026\/02\/Napoleon-Apollo22K-soegrill.jpg","type":"","width":"","height":""}],"twitter_card":"summary_large_image","twitter_title":"Napoleon APOLLO BBQ-T\u00dcNN-SMOKER 22'' -% BBQ \u00c4ssad%","twitter_description":"Napoleon Apollo AS22K on 22 tuuman grilli, joka tarjoaa savustusta, grillausta ja paistamista. Ruostumattomasta ter\u00e4ksest\u00e4 valmistetut ritil\u00e4t ja ACCU-PROBE\u2122-l\u00e4mp\u00f6mittari takaavat tarkat kypsennys- ja paistotulokset.","twitter_image":"https:\/\/bbqassad.ee\/wp-content\/uploads\/2026\/02\/Napoleon-Apollo22K-soegrill.jpg","twitter_misc":{"Arvioitu lukuaika":"2 minuuttia"},"schema":{"@context":"https:\/\/schema.org","@graph":[{"@type":"WebPage","@id":"https:\/\/bbqassad.ee\/fi\/toode\/napoleon-apollo-bbq-smoker-22-3-in-1-savustin-bbq-grilli-musta\/","url":"https:\/\/bbqassad.ee\/fi\/toode\/napoleon-apollo-bbq-smoker-22-3-in-1-savustin-bbq-grilli-musta\/","name":"Napoleon APOLLO BBQ-T\u00dcNN-SMOKER 22'' -% BBQ \u00c4ssad%","isPartOf":{"@id":"https:\/\/bbqassad.ee\/fi\/#website"},"primaryImageOfPage":{"@id":"https:\/\/bbqassad.ee\/fi\/toode\/napoleon-apollo-bbq-smoker-22-3-in-1-savustin-bbq-grilli-musta\/#primaryimage"},"image":{"@id":"https:\/\/bbqassad.ee\/fi\/toode\/napoleon-apollo-bbq-smoker-22-3-in-1-savustin-bbq-grilli-musta\/#primaryimage"},"thumbnailUrl":"https:\/\/bbqassad.ee\/wp-content\/uploads\/2026\/02\/Napoleon-Apollo22K-soegrill.jpg","datePublished":"2026-02-23T15:05:55+00:00","dateModified":"2026-04-14T06:32:03+00:00","description":"Napoleon Apollo AS22K on 22'' hiiligrilli savustamiseen, grillaamiseen ja paistamiseen. Ruostumattomasta ter\u00e4ksest\u00e4 valmistetut ritil\u00e4t ja ACCU-PROBE\u2122-l\u00e4mp\u00f6mittari takaavat tarkat kypsennys- ja paistotulokset.","breadcrumb":{"@id":"https:\/\/bbqassad.ee\/fi\/toode\/napoleon-apollo-bbq-smoker-22-3-in-1-savustin-bbq-grilli-musta\/#breadcrumb"},"inLanguage":"fi","potentialAction":[{"@type":"ReadAction","target":["https:\/\/bbqassad.ee\/fi\/toode\/napoleon-apollo-bbq-smoker-22-3-in-1-savustin-bbq-grilli-musta\/"]}]},{"@type":"ImageObject","inLanguage":"fi","@id":"https:\/\/bbqassad.ee\/fi\/toode\/napoleon-apollo-bbq-smoker-22-3-in-1-savustin-bbq-grilli-musta\/#primaryimage","url":"https:\/\/bbqassad.ee\/wp-content\/uploads\/2026\/02\/Napoleon-Apollo22K-soegrill.jpg","contentUrl":"https:\/\/bbqassad.ee\/wp-content\/uploads\/2026\/02\/Napoleon-Apollo22K-soegrill.jpg","width":1200,"height":1200},{"@type":"BreadcrumbList","@id":"https:\/\/bbqassad.ee\/fi\/toode\/napoleon-apollo-bbq-smoker-22-3-in-1-savustin-bbq-grilli-musta\/#breadcrumb","itemListElement":[{"@type":"ListItem","position":1,"name":"Home","item":"https:\/\/bbqassad.ee\/fi\/bbq-assat\/"},{"@type":"ListItem","position":2,"name":"Verkkokauppa","item":"https:\/\/bbqassad.ee\/fi\/verkkokauppa\/"},{"@type":"ListItem","position":3,"name":"Napoleon APOLLO BBQ-SMOKER 22&#8221; (3-in-1 savustin &amp; bbq &amp; grilli) (musta)"}]},{"@type":"WebSite","@id":"https:\/\/bbqassad.ee\/fi\/#website","url":"https:\/\/bbqassad.ee\/fi\/","name":"BBQ \u00c4ssad","description":"BBQ maitseained, kastmed, ahjud","publisher":{"@id":"https:\/\/bbqassad.ee\/fi\/#organization"},"potentialAction":[{"@type":"SearchAction","target":{"@type":"EntryPoint","urlTemplate":"https:\/\/bbqassad.ee\/fi\/?s={search_term_string}"},"query-input":{"@type":"PropertyValueSpecification","valueRequired":true,"valueName":"search_term_string"}}],"inLanguage":"fi"},{"@type":"Organization","@id":"https:\/\/bbqassad.ee\/fi\/#organization","name":"BBQ \u00c4ssad","url":"https:\/\/bbqassad.ee\/fi\/","logo":{"@type":"ImageObject","inLanguage":"fi","@id":"https:\/\/bbqassad.ee\/fi\/#\/schema\/logo\/image\/","url":"https:\/\/bbqassad.ee\/wp-content\/uploads\/2022\/10\/BBQ-2ssadlogo.png","contentUrl":"https:\/\/bbqassad.ee\/wp-content\/uploads\/2022\/10\/BBQ-2ssadlogo.png","width":1080,"height":1080,"caption":"BBQ \u00c4ssad"},"image":{"@id":"https:\/\/bbqassad.ee\/fi\/#\/schema\/logo\/image\/"},"sameAs":["https:\/\/www.facebook.com\/bbqassad","https:\/\/www.youtube.com\/channel\/UCsoufn49J6TVi9Ah9meE93w"]}]}},"_links":{"self":[{"href":"https:\/\/bbqassad.ee\/fi\/wp-json\/wp\/v2\/product\/21559","targetHints":{"allow":["GET"]}}],"collection":[{"href":"https:\/\/bbqassad.ee\/fi\/wp-json\/wp\/v2\/product"}],"about":[{"href":"https:\/\/bbqassad.ee\/fi\/wp-json\/wp\/v2\/types\/product"}],"replies":[{"embeddable":true,"href":"https:\/\/bbqassad.ee\/fi\/wp-json\/wp\/v2\/comments?post=21559"}],"wp:featuredmedia":[{"embeddable":true,"href":"https:\/\/bbqassad.ee\/fi\/wp-json\/wp\/v2\/media\/21560"}],"wp:attachment":[{"href":"https:\/\/bbqassad.ee\/fi\/wp-json\/wp\/v2\/media?parent=21559"}],"wp:term":[{"taxonomy":"product_brand","embeddable":true,"href":"https:\/\/bbqassad.ee\/fi\/wp-json\/wp\/v2\/product_brand?post=21559"},{"taxonomy":"product_cat","embeddable":true,"href":"https:\/\/bbqassad.ee\/fi\/wp-json\/wp\/v2\/product_cat?post=21559"},{"taxonomy":"product_tag","embeddable":true,"href":"https:\/\/bbqassad.ee\/fi\/wp-json\/wp\/v2\/product_tag?post=21559"}],"curies":[{"name":"wp","href":"https:\/\/api.w.org\/{rel}","templated":true}]}}