{"id":21545,"date":"2026-02-23T15:05:55","date_gmt":"2026-02-23T15:05:55","guid":{"rendered":"https:\/\/bbqassad.ee\/toode\/napoleon-allure-38-pystysuuntainen-sahkotakkalammitin-jossa-on-lammitystoiminto\/"},"modified":"2026-04-14T06:32:02","modified_gmt":"2026-04-14T06:32:02","slug":"napoleon-allure-38-pystysuuntainen-sahkotakkalammitin-jossa-on-lammitystoiminto","status":"publish","type":"product","link":"https:\/\/bbqassad.ee\/fi\/toode\/napoleon-allure-38-pystysuuntainen-sahkotakkalammitin-jossa-on-lammitystoiminto\/","title":{"rendered":"Napoleon ALLURE\u2122 38 pystysuuntainen s\u00e4hk\u00f6takkal\u00e4mmitin, jossa on l\u00e4mmitystoiminto."},"content":{"rendered":"","protected":false},"excerpt":{"rendered":"<h3><strong>Napoleon ALLURE\u2122 38 pystysuuntainen s\u00e4hk\u00f6takkal\u00e4mmitin, jossa on l\u00e4mmitystoiminto.<\/strong><\/h3>\n<p style=\"font-weight: 400\">Napoleon ALLURE\u2122 38 Vertical on pystysuoraan asennettava s\u00e4hk\u00f6takkal\u00e4mmitin<strong>,<\/strong> jossa yhdistyv\u00e4t tehokas lis\u00e4l\u00e4mmitys, energiatehokas LED-valaistus ja rauhallinen visuaalinen tunnelma. Takka on ihanteellinen pienemm\u00e4n tilan l\u00e4mmitt\u00e4miseen tai yksinkertaisesti kodikkaan tunnelman luomiseen, ja se tarjoaa mahdollisuuden k\u00e4ytt\u00e4\u00e4 liekki-, l\u00e4mmitys- ja puhallintoimintoja erikseen tai yhdess\u00e4. <\/p>\n<p style=\"font-weight: 400\" data-start=\"453\" data-end=\"767\">Liekin v\u00e4ri\u00e4 voi vaihtaa mielialan mukaan &#8211; oranssi, keltainen, sininen tai moniv\u00e4rinen liekki, jota t\u00e4ydent\u00e4v\u00e4t.<strong> <\/strong>Sivuttaiset korostusvalot<strong> <\/strong><strong>(<\/strong>valkoinen, sininen, vihre\u00e4, punainen, keltainen, violetti tai automaattisesti vaihtuva v\u00e4risykli). Kristallit\u00e4ytteen heijastukset tuovat syvyytt\u00e4 tuleen ja l\u00e4mp\u00f6\u00e4 huoneeseen. <\/p>\n<p style=\"font-weight: 400\" data-start=\"769\" data-end=\"783\"><strong data-start=\"769\" data-end=\"781\">Ominaisuudet<\/strong><\/p>\n<ul>\n<li data-start=\"786\" data-end=\"835\">L\u00e4mmitysteho &#8211; s\u00e4\u00e4dett\u00e4v\u00e4 950 W tai 2000 W<\/li>\n<li data-start=\"838\" data-end=\"870\">L\u00e4mmitt\u00e4\u00e4 jopa 25 m\u00b2:n tilan<\/li>\n<li data-start=\"873\" data-end=\"940\">Saatavana liekin v\u00e4rit &#8211; oranssi, keltainen, sininen, moniv\u00e4rinen.<\/li>\n<li data-start=\"943\" data-end=\"1044\">Valittavissa olevat korostusvalot &#8211; valkoinen, keltainen, punainen, vihre\u00e4, violetti tai automaattinen v\u00e4rinvaihto.<\/li>\n<li data-start=\"1047\" data-end=\"1107\">Liekin korkeuden ja voimakkuuden s\u00e4\u00e4t\u00f6 (5 tasoa)<\/li>\n<li data-start=\"1110\" data-end=\"1147\">Termostaatin s\u00e4\u00e4t\u00f6 18-27 \u00b0C<\/li>\n<li data-start=\"1150\" data-end=\"1190\">Ajastin &#8211; 9 tasoa (30 min &#8211; 8 tuntia)<\/li>\n<li data-start=\"1193\" data-end=\"1260\">Kolme toimintatilaa &#8211; pelkk\u00e4 liekki, pelkk\u00e4 l\u00e4mmitys, pelkk\u00e4 puhallin.<\/li>\n<li data-start=\"1263\" data-end=\"1301\">Ylikuumenemissuoja ja lapsilukko<\/li>\n<li data-start=\"1304\" data-end=\"1360\">LED-valaistus &#8211; pitk\u00e4ik\u00e4inen ja v\u00e4h\u00e4inen energiankulutus<\/li>\n<li data-start=\"1363\" data-end=\"1416\">Virtajohto &#8211; 1,8 m, mukana tulee virtajohdon peitt\u00e4v\u00e4 kaapeliverkko.<\/li>\n<li data-start=\"1419\" data-end=\"1484\">Asennus &#8211; sein\u00e4\u00e4n tai sein\u00e4\u00e4n asennettava asennus<\/li>\n<li data-start=\"1487\" data-end=\"1536\">Ohjaus &#8211; kaukos\u00e4\u00e4din tai kosketusn\u00e4ytt\u00f6<\/li>\n<\/ul>\n<p style=\"font-weight: 400\"><strong data-start=\"1570\" data-end=\"1591\">K\u00e4ytt\u00f6suositukset<\/strong><br data-start=\"1591\" data-end=\"1594\">Parhaan katselukulman saavuttamiseksi aseta takka silmien korkeudelle ja j\u00e4t\u00e4 sen yl\u00e4puolelle v\u00e4hint\u00e4\u00e4n 20 cm vapaata tilaa ja muutama senttimetri sivulle. Ihanteellinen olohuoneeseen, makuuhuoneeseen tai toimistoon, jossa haluat yhdist\u00e4\u00e4 valon, l\u00e4mm\u00f6n ja hiljaisuuden kompaktissa muodossa. <\/p>\n<p style=\"font-weight: 400\">\n","protected":false},"featured_media":21546,"comment_status":"closed","ping_status":"closed","template":"","meta":[],"product_brand":[768],"product_cat":[784],"product_tag":[],"class_list":{"0":"post-21545","1":"product","2":"type-product","3":"status-publish","4":"has-post-thumbnail","6":"product_brand-napoleon","7":"product_cat-tarvikkeet","9":"first","10":"instock","11":"taxable","12":"shipping-taxable","13":"purchasable","14":"product-type-simple"},"yoast_head":"<!-- This site is optimized with the Yoast SEO plugin v27.4 - https:\/\/yoast.com\/product\/yoast-seo-wordpress\/ -->\n<title>Napoleon ALLURE\u2122 38 s\u00e4hk\u00f6takka l\u00e4mmitin - BBQ \u00c4ssad%<\/title>\n<meta name=\"description\" content=\"Napoleon ALLURE 38 on pystysuora s\u00e4hk\u00f6takkal\u00e4mmitin, joka tarjoaa tehokkaan lis\u00e4l\u00e4mmityksen ja energiaa s\u00e4\u00e4st\u00e4v\u00e4n LED-valaistuksen. Ihanteellinen tunnelman luomiseen\" \/>\n<meta name=\"robots\" content=\"index, follow, max-snippet:-1, max-image-preview:large, max-video-preview:-1\" \/>\n<link rel=\"canonical\" href=\"https:\/\/bbqassad.ee\/fi\/toode\/napoleon-allure-38-pystysuuntainen-sahkotakkalammitin-jossa-on-lammitystoiminto\/\" \/>\n<meta property=\"og:locale\" content=\"fi_FI\" \/>\n<meta property=\"og:type\" content=\"article\" \/>\n<meta property=\"og:title\" content=\"Napoleon ALLURE\u2122 38 s\u00e4hk\u00f6takka l\u00e4mmitin - BBQ \u00c4ssad%\" \/>\n<meta property=\"og:description\" content=\"Napoleon ALLURE\u2122 38 on pystysuora s\u00e4hk\u00f6takkal\u00e4mmitin, joka tarjoaa tehokkaan lis\u00e4l\u00e4mmityksen ja energiaa s\u00e4\u00e4st\u00e4v\u00e4n LED-valaistuksen. Ihanteellinen kodikkaan tunnelman luomiseen el\u00e4imille.\" \/>\n<meta property=\"og:url\" content=\"https:\/\/bbqassad.ee\/fi\/toode\/napoleon-allure-38-pystysuuntainen-sahkotakkalammitin-jossa-on-lammitystoiminto\/\" \/>\n<meta property=\"og:site_name\" content=\"BBQ \u00c4ssad\" \/>\n<meta property=\"article:publisher\" content=\"https:\/\/www.facebook.com\/bbqassad\" \/>\n<meta property=\"article:modified_time\" content=\"2026-04-14T06:32:02+00:00\" \/>\n<meta property=\"og:image\" content=\"https:\/\/bbqassad.ee\/wp-content\/uploads\/2026\/02\/napoleon-allure-vertical-32-electric-fireplace-nefvc32h.jpg\" \/>\n<meta name=\"twitter:card\" content=\"summary_large_image\" \/>\n<meta name=\"twitter:title\" content=\"Napoleon ALLURE\u2122 38 s\u00e4hk\u00f6takka l\u00e4mmitin - BBQ \u00c4ssad%\" \/>\n<meta name=\"twitter:description\" content=\"Napoleon ALLURE\u2122 38 on pystysuora s\u00e4hk\u00f6takkal\u00e4mmitin, joka tarjoaa tehokkaan lis\u00e4l\u00e4mmityksen ja energiaa s\u00e4\u00e4st\u00e4v\u00e4n LED-valaistuksen. Ihanteellinen kodikkaan tunnelman luomiseen el\u00e4imille.\" \/>\n<meta name=\"twitter:image\" content=\"https:\/\/bbqassad.ee\/wp-content\/uploads\/2026\/02\/napoleon-allure-vertical-32-electric-fireplace-nefvc32h.jpg\" \/>\n<script type=\"application\/ld+json\" class=\"yoast-schema-graph\">{\"@context\":\"https:\\\/\\\/schema.org\",\"@graph\":[{\"@type\":\"WebPage\",\"@id\":\"https:\\\/\\\/bbqassad.ee\\\/fi\\\/toode\\\/napoleon-allure-38-pystysuuntainen-sahkotakkalammitin-jossa-on-lammitystoiminto\\\/\",\"url\":\"https:\\\/\\\/bbqassad.ee\\\/fi\\\/toode\\\/napoleon-allure-38-pystysuuntainen-sahkotakkalammitin-jossa-on-lammitystoiminto\\\/\",\"name\":\"Napoleon ALLURE\u2122 38 s\u00e4hk\u00f6takka l\u00e4mmitin - BBQ \u00c4ssad%\",\"isPartOf\":{\"@id\":\"https:\\\/\\\/bbqassad.ee\\\/fi\\\/#website\"},\"primaryImageOfPage\":{\"@id\":\"https:\\\/\\\/bbqassad.ee\\\/fi\\\/toode\\\/napoleon-allure-38-pystysuuntainen-sahkotakkalammitin-jossa-on-lammitystoiminto\\\/#primaryimage\"},\"image\":{\"@id\":\"https:\\\/\\\/bbqassad.ee\\\/fi\\\/toode\\\/napoleon-allure-38-pystysuuntainen-sahkotakkalammitin-jossa-on-lammitystoiminto\\\/#primaryimage\"},\"thumbnailUrl\":\"https:\\\/\\\/bbqassad.ee\\\/wp-content\\\/uploads\\\/2026\\\/02\\\/napoleon-allure-vertical-32-electric-fireplace-nefvc32h.jpg\",\"datePublished\":\"2026-02-23T15:05:55+00:00\",\"dateModified\":\"2026-04-14T06:32:02+00:00\",\"description\":\"Napoleon ALLURE 38 on pystysuora s\u00e4hk\u00f6takkal\u00e4mmitin, joka tarjoaa tehokkaan lis\u00e4l\u00e4mmityksen ja energiaa s\u00e4\u00e4st\u00e4v\u00e4n LED-valaistuksen. Ihanteellinen tunnelman luomiseen\",\"breadcrumb\":{\"@id\":\"https:\\\/\\\/bbqassad.ee\\\/fi\\\/toode\\\/napoleon-allure-38-pystysuuntainen-sahkotakkalammitin-jossa-on-lammitystoiminto\\\/#breadcrumb\"},\"inLanguage\":\"fi\",\"potentialAction\":[{\"@type\":\"ReadAction\",\"target\":[\"https:\\\/\\\/bbqassad.ee\\\/fi\\\/toode\\\/napoleon-allure-38-pystysuuntainen-sahkotakkalammitin-jossa-on-lammitystoiminto\\\/\"]}]},{\"@type\":\"ImageObject\",\"inLanguage\":\"fi\",\"@id\":\"https:\\\/\\\/bbqassad.ee\\\/fi\\\/toode\\\/napoleon-allure-38-pystysuuntainen-sahkotakkalammitin-jossa-on-lammitystoiminto\\\/#primaryimage\",\"url\":\"https:\\\/\\\/bbqassad.ee\\\/wp-content\\\/uploads\\\/2026\\\/02\\\/napoleon-allure-vertical-32-electric-fireplace-nefvc32h.jpg\",\"contentUrl\":\"https:\\\/\\\/bbqassad.ee\\\/wp-content\\\/uploads\\\/2026\\\/02\\\/napoleon-allure-vertical-32-electric-fireplace-nefvc32h.jpg\",\"width\":1000,\"height\":1000},{\"@type\":\"BreadcrumbList\",\"@id\":\"https:\\\/\\\/bbqassad.ee\\\/fi\\\/toode\\\/napoleon-allure-38-pystysuuntainen-sahkotakkalammitin-jossa-on-lammitystoiminto\\\/#breadcrumb\",\"itemListElement\":[{\"@type\":\"ListItem\",\"position\":1,\"name\":\"Home\",\"item\":\"https:\\\/\\\/bbqassad.ee\\\/fi\\\/bbq-assat\\\/\"},{\"@type\":\"ListItem\",\"position\":2,\"name\":\"Verkkokauppa\",\"item\":\"https:\\\/\\\/bbqassad.ee\\\/fi\\\/verkkokauppa\\\/\"},{\"@type\":\"ListItem\",\"position\":3,\"name\":\"Napoleon ALLURE\u2122 38 pystysuuntainen s\u00e4hk\u00f6takkal\u00e4mmitin, jossa on l\u00e4mmitystoiminto.\"}]},{\"@type\":\"WebSite\",\"@id\":\"https:\\\/\\\/bbqassad.ee\\\/fi\\\/#website\",\"url\":\"https:\\\/\\\/bbqassad.ee\\\/fi\\\/\",\"name\":\"BBQ \u00c4ssad\",\"description\":\"BBQ maitseained, kastmed, ahjud\",\"publisher\":{\"@id\":\"https:\\\/\\\/bbqassad.ee\\\/fi\\\/#organization\"},\"potentialAction\":[{\"@type\":\"SearchAction\",\"target\":{\"@type\":\"EntryPoint\",\"urlTemplate\":\"https:\\\/\\\/bbqassad.ee\\\/fi\\\/?s={search_term_string}\"},\"query-input\":{\"@type\":\"PropertyValueSpecification\",\"valueRequired\":true,\"valueName\":\"search_term_string\"}}],\"inLanguage\":\"fi\"},{\"@type\":\"Organization\",\"@id\":\"https:\\\/\\\/bbqassad.ee\\\/fi\\\/#organization\",\"name\":\"BBQ \u00c4ssad\",\"url\":\"https:\\\/\\\/bbqassad.ee\\\/fi\\\/\",\"logo\":{\"@type\":\"ImageObject\",\"inLanguage\":\"fi\",\"@id\":\"https:\\\/\\\/bbqassad.ee\\\/fi\\\/#\\\/schema\\\/logo\\\/image\\\/\",\"url\":\"https:\\\/\\\/bbqassad.ee\\\/wp-content\\\/uploads\\\/2022\\\/10\\\/BBQ-2ssadlogo.png\",\"contentUrl\":\"https:\\\/\\\/bbqassad.ee\\\/wp-content\\\/uploads\\\/2022\\\/10\\\/BBQ-2ssadlogo.png\",\"width\":1080,\"height\":1080,\"caption\":\"BBQ \u00c4ssad\"},\"image\":{\"@id\":\"https:\\\/\\\/bbqassad.ee\\\/fi\\\/#\\\/schema\\\/logo\\\/image\\\/\"},\"sameAs\":[\"https:\\\/\\\/www.facebook.com\\\/bbqassad\",\"https:\\\/\\\/www.youtube.com\\\/channel\\\/UCsoufn49J6TVi9Ah9meE93w\"]}]}<\/script>\n<!-- \/ Yoast SEO plugin. -->","yoast_head_json":{"title":"Napoleon ALLURE\u2122 38 s\u00e4hk\u00f6takka l\u00e4mmitin - BBQ \u00c4ssad%","description":"Napoleon ALLURE 38 on pystysuora s\u00e4hk\u00f6takkal\u00e4mmitin, joka tarjoaa tehokkaan lis\u00e4l\u00e4mmityksen ja energiaa s\u00e4\u00e4st\u00e4v\u00e4n LED-valaistuksen. Ihanteellinen tunnelman luomiseen","robots":{"index":"index","follow":"follow","max-snippet":"max-snippet:-1","max-image-preview":"max-image-preview:large","max-video-preview":"max-video-preview:-1"},"canonical":"https:\/\/bbqassad.ee\/fi\/toode\/napoleon-allure-38-pystysuuntainen-sahkotakkalammitin-jossa-on-lammitystoiminto\/","og_locale":"fi_FI","og_type":"article","og_title":"Napoleon ALLURE\u2122 38 s\u00e4hk\u00f6takka l\u00e4mmitin - BBQ \u00c4ssad%","og_description":"Napoleon ALLURE\u2122 38 on pystysuora s\u00e4hk\u00f6takkal\u00e4mmitin, joka tarjoaa tehokkaan lis\u00e4l\u00e4mmityksen ja energiaa s\u00e4\u00e4st\u00e4v\u00e4n LED-valaistuksen. Ihanteellinen kodikkaan tunnelman luomiseen el\u00e4imille.","og_url":"https:\/\/bbqassad.ee\/fi\/toode\/napoleon-allure-38-pystysuuntainen-sahkotakkalammitin-jossa-on-lammitystoiminto\/","og_site_name":"BBQ \u00c4ssad","article_publisher":"https:\/\/www.facebook.com\/bbqassad","article_modified_time":"2026-04-14T06:32:02+00:00","og_image":[{"url":"https:\/\/bbqassad.ee\/wp-content\/uploads\/2026\/02\/napoleon-allure-vertical-32-electric-fireplace-nefvc32h.jpg","type":"","width":"","height":""}],"twitter_card":"summary_large_image","twitter_title":"Napoleon ALLURE\u2122 38 s\u00e4hk\u00f6takka l\u00e4mmitin - BBQ \u00c4ssad%","twitter_description":"Napoleon ALLURE\u2122 38 on pystysuora s\u00e4hk\u00f6takkal\u00e4mmitin, joka tarjoaa tehokkaan lis\u00e4l\u00e4mmityksen ja energiaa s\u00e4\u00e4st\u00e4v\u00e4n LED-valaistuksen. Ihanteellinen kodikkaan tunnelman luomiseen el\u00e4imille.","twitter_image":"https:\/\/bbqassad.ee\/wp-content\/uploads\/2026\/02\/napoleon-allure-vertical-32-electric-fireplace-nefvc32h.jpg","schema":{"@context":"https:\/\/schema.org","@graph":[{"@type":"WebPage","@id":"https:\/\/bbqassad.ee\/fi\/toode\/napoleon-allure-38-pystysuuntainen-sahkotakkalammitin-jossa-on-lammitystoiminto\/","url":"https:\/\/bbqassad.ee\/fi\/toode\/napoleon-allure-38-pystysuuntainen-sahkotakkalammitin-jossa-on-lammitystoiminto\/","name":"Napoleon ALLURE\u2122 38 s\u00e4hk\u00f6takka l\u00e4mmitin - BBQ \u00c4ssad%","isPartOf":{"@id":"https:\/\/bbqassad.ee\/fi\/#website"},"primaryImageOfPage":{"@id":"https:\/\/bbqassad.ee\/fi\/toode\/napoleon-allure-38-pystysuuntainen-sahkotakkalammitin-jossa-on-lammitystoiminto\/#primaryimage"},"image":{"@id":"https:\/\/bbqassad.ee\/fi\/toode\/napoleon-allure-38-pystysuuntainen-sahkotakkalammitin-jossa-on-lammitystoiminto\/#primaryimage"},"thumbnailUrl":"https:\/\/bbqassad.ee\/wp-content\/uploads\/2026\/02\/napoleon-allure-vertical-32-electric-fireplace-nefvc32h.jpg","datePublished":"2026-02-23T15:05:55+00:00","dateModified":"2026-04-14T06:32:02+00:00","description":"Napoleon ALLURE 38 on pystysuora s\u00e4hk\u00f6takkal\u00e4mmitin, joka tarjoaa tehokkaan lis\u00e4l\u00e4mmityksen ja energiaa s\u00e4\u00e4st\u00e4v\u00e4n LED-valaistuksen. Ihanteellinen tunnelman luomiseen","breadcrumb":{"@id":"https:\/\/bbqassad.ee\/fi\/toode\/napoleon-allure-38-pystysuuntainen-sahkotakkalammitin-jossa-on-lammitystoiminto\/#breadcrumb"},"inLanguage":"fi","potentialAction":[{"@type":"ReadAction","target":["https:\/\/bbqassad.ee\/fi\/toode\/napoleon-allure-38-pystysuuntainen-sahkotakkalammitin-jossa-on-lammitystoiminto\/"]}]},{"@type":"ImageObject","inLanguage":"fi","@id":"https:\/\/bbqassad.ee\/fi\/toode\/napoleon-allure-38-pystysuuntainen-sahkotakkalammitin-jossa-on-lammitystoiminto\/#primaryimage","url":"https:\/\/bbqassad.ee\/wp-content\/uploads\/2026\/02\/napoleon-allure-vertical-32-electric-fireplace-nefvc32h.jpg","contentUrl":"https:\/\/bbqassad.ee\/wp-content\/uploads\/2026\/02\/napoleon-allure-vertical-32-electric-fireplace-nefvc32h.jpg","width":1000,"height":1000},{"@type":"BreadcrumbList","@id":"https:\/\/bbqassad.ee\/fi\/toode\/napoleon-allure-38-pystysuuntainen-sahkotakkalammitin-jossa-on-lammitystoiminto\/#breadcrumb","itemListElement":[{"@type":"ListItem","position":1,"name":"Home","item":"https:\/\/bbqassad.ee\/fi\/bbq-assat\/"},{"@type":"ListItem","position":2,"name":"Verkkokauppa","item":"https:\/\/bbqassad.ee\/fi\/verkkokauppa\/"},{"@type":"ListItem","position":3,"name":"Napoleon ALLURE\u2122 38 pystysuuntainen s\u00e4hk\u00f6takkal\u00e4mmitin, jossa on l\u00e4mmitystoiminto."}]},{"@type":"WebSite","@id":"https:\/\/bbqassad.ee\/fi\/#website","url":"https:\/\/bbqassad.ee\/fi\/","name":"BBQ \u00c4ssad","description":"BBQ maitseained, kastmed, ahjud","publisher":{"@id":"https:\/\/bbqassad.ee\/fi\/#organization"},"potentialAction":[{"@type":"SearchAction","target":{"@type":"EntryPoint","urlTemplate":"https:\/\/bbqassad.ee\/fi\/?s={search_term_string}"},"query-input":{"@type":"PropertyValueSpecification","valueRequired":true,"valueName":"search_term_string"}}],"inLanguage":"fi"},{"@type":"Organization","@id":"https:\/\/bbqassad.ee\/fi\/#organization","name":"BBQ \u00c4ssad","url":"https:\/\/bbqassad.ee\/fi\/","logo":{"@type":"ImageObject","inLanguage":"fi","@id":"https:\/\/bbqassad.ee\/fi\/#\/schema\/logo\/image\/","url":"https:\/\/bbqassad.ee\/wp-content\/uploads\/2022\/10\/BBQ-2ssadlogo.png","contentUrl":"https:\/\/bbqassad.ee\/wp-content\/uploads\/2022\/10\/BBQ-2ssadlogo.png","width":1080,"height":1080,"caption":"BBQ \u00c4ssad"},"image":{"@id":"https:\/\/bbqassad.ee\/fi\/#\/schema\/logo\/image\/"},"sameAs":["https:\/\/www.facebook.com\/bbqassad","https:\/\/www.youtube.com\/channel\/UCsoufn49J6TVi9Ah9meE93w"]}]}},"_links":{"self":[{"href":"https:\/\/bbqassad.ee\/fi\/wp-json\/wp\/v2\/product\/21545","targetHints":{"allow":["GET"]}}],"collection":[{"href":"https:\/\/bbqassad.ee\/fi\/wp-json\/wp\/v2\/product"}],"about":[{"href":"https:\/\/bbqassad.ee\/fi\/wp-json\/wp\/v2\/types\/product"}],"replies":[{"embeddable":true,"href":"https:\/\/bbqassad.ee\/fi\/wp-json\/wp\/v2\/comments?post=21545"}],"wp:featuredmedia":[{"embeddable":true,"href":"https:\/\/bbqassad.ee\/fi\/wp-json\/wp\/v2\/media\/21546"}],"wp:attachment":[{"href":"https:\/\/bbqassad.ee\/fi\/wp-json\/wp\/v2\/media?parent=21545"}],"wp:term":[{"taxonomy":"product_brand","embeddable":true,"href":"https:\/\/bbqassad.ee\/fi\/wp-json\/wp\/v2\/product_brand?post=21545"},{"taxonomy":"product_cat","embeddable":true,"href":"https:\/\/bbqassad.ee\/fi\/wp-json\/wp\/v2\/product_cat?post=21545"},{"taxonomy":"product_tag","embeddable":true,"href":"https:\/\/bbqassad.ee\/fi\/wp-json\/wp\/v2\/product_tag?post=21545"}],"curies":[{"name":"wp","href":"https:\/\/api.w.org\/{rel}","templated":true}]}}