{"id":21530,"date":"2026-03-10T09:19:20","date_gmt":"2026-03-10T09:19:20","guid":{"rendered":"https:\/\/bbqassad.ee\/toode\/hoovi-musta-kamado-large\/"},"modified":"2026-04-14T06:32:02","modified_gmt":"2026-04-14T06:32:02","slug":"hoovi-musta-kamado-large","status":"publish","type":"product","link":"https:\/\/bbqassad.ee\/fi\/toode\/hoovi-musta-kamado-large\/","title":{"rendered":"HOOVI Musta Kamado LARGE"},"content":{"rendered":"<h2>HOOVI Musta Kamado LARGE<\/h2>\n<p><strong>Courtyard Black Kamado Large<\/strong> on yleisin kamadokoko, joka sopii keskikokoisille tai suurille ryhmille. Tyylik\u00e4s musta muotoilu yhdistettyn\u00e4 vaaleisiin puuosiin tekee Hoovi Kamadosta todella huomiota her\u00e4tt\u00e4v\u00e4n grillin. <\/p>\n<p class=\"p1\">Kamado-pihan paksu keramiikka takaa erinomaisen l\u00e4mm\u00f6n s\u00e4ilymisen ja jakautumisen, jolloin ruoka valmistuu t\u00e4ydellisesti joka kerta. Hoovi Kamadon rungon ja kannen v\u00e4linen ilmatiivis tiiviste takaa tarkan l\u00e4mp\u00f6tilan s\u00e4\u00e4d\u00f6n, jonka avulla saavutat helposti halutut kypsennystulokset. <\/p>\n<p>Irrotettavat puiset sivukiskot lis\u00e4\u00e4v\u00e4t grillin k\u00e4ytt\u00f6mukavuutta tarjoamalla runsaasti tilaa ruoan sijoittamiseen, ja integroidut koukut tarjoavat k\u00e4tev\u00e4n s\u00e4ilytysratkaisun grillitarvikkeille.<\/p>\n<p>Hoovi Kamado Large -grillin universaalin koon ansiosta voit parantaa grillauskokemustasi monenlaisilla yhteensopivilla lis\u00e4varusteilla, l\u00e4mp\u00f6mittareilla ja muilla.<\/p>\n","protected":false},"excerpt":{"rendered":"<div class=\"elementor-element elementor-element-09b4bb2 elementor-widget elementor-widget-text-editor\" data-id=\"09b4bb2\" data-element_type=\"widget\" data-e-type=\"widget\" data-widget_type=\"text-editor.default\">\n<div class=\"elementor-widget-container\">\n<p><strong>Tekniset tiedot:<\/strong><\/p>\n<p>V\u00e4ri: Musta<\/p>\n<p>Paistoalueen halkaisija: 47 cm (19\u2033)<\/p>\n<p>Grillin ulkohalkaisija: 56 cm (22\u2033).<\/p>\n<\/div>\n<\/div>\n<div class=\"elementor-element elementor-element-d6bc346 elementor-widget elementor-widget-text-editor\" data-id=\"d6bc346\" data-element_type=\"widget\" data-e-type=\"widget\" data-widget_type=\"text-editor.default\">\n<div class=\"elementor-widget-container\">\n<p><strong>Pakkaus sis\u00e4lt\u00e4\u00e4:<\/strong><\/p>\n<ul>\n<li>Keraaminen kotelo l\u00e4mp\u00f6mittarilla<\/li>\n<li>Keraaminen tuliase ja tulirengas<\/li>\n<li>Mallasolut<\/li>\n<li>Ruostumaton keittoj\u00e4rjestelm\u00e4<\/li>\n<li>Jalkarunko, jossa on lukituspy\u00f6r\u00e4t<\/li>\n<li>Ruostumaton metallinen suppilo<\/li>\n<li>Leivontaj\u00e4rjestelm\u00e4<\/li>\n<\/ul>\n<\/div>\n<\/div>\n","protected":false},"featured_media":21533,"comment_status":"open","ping_status":"closed","template":"","meta":[],"product_brand":[773],"product_cat":[782,781],"product_tag":[],"class_list":{"0":"post-21530","1":"product","2":"type-product","3":"status-publish","4":"has-post-thumbnail","6":"product_brand-hoovi","7":"product_cat-kamado-uunit","8":"product_cat-uunit","9":"product_shipping_class-ilmainen-toimitus","11":"first","12":"outofstock","13":"taxable","14":"shipping-taxable","15":"purchasable","16":"product-type-simple"},"yoast_head":"<!-- This site is optimized with the Yoast SEO plugin v27.4 - https:\/\/yoast.com\/product\/yoast-seo-wordpress\/ -->\n<title>HOOVI Kamado LARGE - BBQ \u00c4ssad%<\/title>\n<meta name=\"description\" content=\"HOOVI Kamado LARGE mustan uunin keittoalueen halkaisija on 47 cm. Paketissa on keraaminen runko, valurautahiilet ja ruostumattomasta ter\u00e4ksest\u00e4 valmistettu keittoj\u00e4rjestelm\u00e4.\" \/>\n<meta name=\"robots\" content=\"index, follow, max-snippet:-1, max-image-preview:large, max-video-preview:-1\" \/>\n<link rel=\"canonical\" href=\"https:\/\/bbqassad.ee\/fi\/toode\/hoovi-musta-kamado-large\/\" \/>\n<meta property=\"og:locale\" content=\"fi_FI\" \/>\n<meta property=\"og:type\" content=\"article\" \/>\n<meta property=\"og:title\" content=\"HOOVI Kamado LARGE - BBQ \u00c4ssad%\" \/>\n<meta property=\"og:description\" content=\"HOOVI Kamado LARGE mustan uunin keittoalueen halkaisija on 47 cm. Paketissa on keraaminen runko, valurautahiilet ja ruostumattomasta ter\u00e4ksest\u00e4 valmistettu keittoj\u00e4rjestelm\u00e4.\" \/>\n<meta property=\"og:url\" content=\"https:\/\/bbqassad.ee\/fi\/toode\/hoovi-musta-kamado-large\/\" \/>\n<meta property=\"og:site_name\" content=\"BBQ \u00c4ssad\" \/>\n<meta property=\"article:publisher\" content=\"https:\/\/www.facebook.com\/bbqassad\" \/>\n<meta property=\"article:modified_time\" content=\"2026-04-14T06:32:02+00:00\" \/>\n<meta property=\"og:image\" content=\"https:\/\/bbqassad.ee\/wp-content\/uploads\/2026\/03\/Hoovi-Kamado-Large-black-background-2.jpg\" \/>\n<meta name=\"twitter:card\" content=\"summary_large_image\" \/>\n<meta name=\"twitter:title\" content=\"HOOVI Kamado LARGE - BBQ \u00c4ssad%\" \/>\n<meta name=\"twitter:description\" content=\"HOOVI Kamado LARGE mustan uunin keittoalueen halkaisija on 47 cm. Paketissa on keraaminen runko, valurautahiilet ja ruostumattomasta ter\u00e4ksest\u00e4 valmistettu keittoj\u00e4rjestelm\u00e4.\" \/>\n<meta name=\"twitter:image\" content=\"https:\/\/bbqassad.ee\/wp-content\/uploads\/2026\/03\/Hoovi-Kamado-Large-black-background-2.jpg\" \/>\n<meta name=\"twitter:label1\" content=\"Arvioitu lukuaika\" \/>\n\t<meta name=\"twitter:data1\" content=\"1 minuutti\" \/>\n<script type=\"application\/ld+json\" class=\"yoast-schema-graph\">{\"@context\":\"https:\\\/\\\/schema.org\",\"@graph\":[{\"@type\":\"WebPage\",\"@id\":\"https:\\\/\\\/bbqassad.ee\\\/fi\\\/toode\\\/hoovi-musta-kamado-large\\\/\",\"url\":\"https:\\\/\\\/bbqassad.ee\\\/fi\\\/toode\\\/hoovi-musta-kamado-large\\\/\",\"name\":\"HOOVI Kamado LARGE - BBQ \u00c4ssad%\",\"isPartOf\":{\"@id\":\"https:\\\/\\\/bbqassad.ee\\\/fi\\\/#website\"},\"primaryImageOfPage\":{\"@id\":\"https:\\\/\\\/bbqassad.ee\\\/fi\\\/toode\\\/hoovi-musta-kamado-large\\\/#primaryimage\"},\"image\":{\"@id\":\"https:\\\/\\\/bbqassad.ee\\\/fi\\\/toode\\\/hoovi-musta-kamado-large\\\/#primaryimage\"},\"thumbnailUrl\":\"https:\\\/\\\/bbqassad.ee\\\/wp-content\\\/uploads\\\/2026\\\/03\\\/Hoovi-Large-1.png\",\"datePublished\":\"2026-03-10T09:19:20+00:00\",\"dateModified\":\"2026-04-14T06:32:02+00:00\",\"description\":\"HOOVI Kamado LARGE mustan uunin keittoalueen halkaisija on 47 cm. Paketissa on keraaminen runko, valurautahiilet ja ruostumattomasta ter\u00e4ksest\u00e4 valmistettu keittoj\u00e4rjestelm\u00e4.\",\"breadcrumb\":{\"@id\":\"https:\\\/\\\/bbqassad.ee\\\/fi\\\/toode\\\/hoovi-musta-kamado-large\\\/#breadcrumb\"},\"inLanguage\":\"fi\",\"potentialAction\":[{\"@type\":\"ReadAction\",\"target\":[\"https:\\\/\\\/bbqassad.ee\\\/fi\\\/toode\\\/hoovi-musta-kamado-large\\\/\"]}]},{\"@type\":\"ImageObject\",\"inLanguage\":\"fi\",\"@id\":\"https:\\\/\\\/bbqassad.ee\\\/fi\\\/toode\\\/hoovi-musta-kamado-large\\\/#primaryimage\",\"url\":\"https:\\\/\\\/bbqassad.ee\\\/wp-content\\\/uploads\\\/2026\\\/03\\\/Hoovi-Large-1.png\",\"contentUrl\":\"https:\\\/\\\/bbqassad.ee\\\/wp-content\\\/uploads\\\/2026\\\/03\\\/Hoovi-Large-1.png\",\"width\":1920,\"height\":1280},{\"@type\":\"BreadcrumbList\",\"@id\":\"https:\\\/\\\/bbqassad.ee\\\/fi\\\/toode\\\/hoovi-musta-kamado-large\\\/#breadcrumb\",\"itemListElement\":[{\"@type\":\"ListItem\",\"position\":1,\"name\":\"Home\",\"item\":\"https:\\\/\\\/bbqassad.ee\\\/fi\\\/bbq-assat\\\/\"},{\"@type\":\"ListItem\",\"position\":2,\"name\":\"Verkkokauppa\",\"item\":\"https:\\\/\\\/bbqassad.ee\\\/fi\\\/verkkokauppa\\\/\"},{\"@type\":\"ListItem\",\"position\":3,\"name\":\"HOOVI Musta Kamado LARGE\"}]},{\"@type\":\"WebSite\",\"@id\":\"https:\\\/\\\/bbqassad.ee\\\/fi\\\/#website\",\"url\":\"https:\\\/\\\/bbqassad.ee\\\/fi\\\/\",\"name\":\"BBQ \u00c4ssad\",\"description\":\"BBQ maitseained, kastmed, ahjud\",\"publisher\":{\"@id\":\"https:\\\/\\\/bbqassad.ee\\\/fi\\\/#organization\"},\"potentialAction\":[{\"@type\":\"SearchAction\",\"target\":{\"@type\":\"EntryPoint\",\"urlTemplate\":\"https:\\\/\\\/bbqassad.ee\\\/fi\\\/?s={search_term_string}\"},\"query-input\":{\"@type\":\"PropertyValueSpecification\",\"valueRequired\":true,\"valueName\":\"search_term_string\"}}],\"inLanguage\":\"fi\"},{\"@type\":\"Organization\",\"@id\":\"https:\\\/\\\/bbqassad.ee\\\/fi\\\/#organization\",\"name\":\"BBQ \u00c4ssad\",\"url\":\"https:\\\/\\\/bbqassad.ee\\\/fi\\\/\",\"logo\":{\"@type\":\"ImageObject\",\"inLanguage\":\"fi\",\"@id\":\"https:\\\/\\\/bbqassad.ee\\\/fi\\\/#\\\/schema\\\/logo\\\/image\\\/\",\"url\":\"https:\\\/\\\/bbqassad.ee\\\/wp-content\\\/uploads\\\/2022\\\/10\\\/BBQ-2ssadlogo.png\",\"contentUrl\":\"https:\\\/\\\/bbqassad.ee\\\/wp-content\\\/uploads\\\/2022\\\/10\\\/BBQ-2ssadlogo.png\",\"width\":1080,\"height\":1080,\"caption\":\"BBQ \u00c4ssad\"},\"image\":{\"@id\":\"https:\\\/\\\/bbqassad.ee\\\/fi\\\/#\\\/schema\\\/logo\\\/image\\\/\"},\"sameAs\":[\"https:\\\/\\\/www.facebook.com\\\/bbqassad\",\"https:\\\/\\\/www.youtube.com\\\/channel\\\/UCsoufn49J6TVi9Ah9meE93w\"]}]}<\/script>\n<!-- \/ Yoast SEO plugin. -->","yoast_head_json":{"title":"HOOVI Kamado LARGE - BBQ \u00c4ssad%","description":"HOOVI Kamado LARGE mustan uunin keittoalueen halkaisija on 47 cm. Paketissa on keraaminen runko, valurautahiilet ja ruostumattomasta ter\u00e4ksest\u00e4 valmistettu keittoj\u00e4rjestelm\u00e4.","robots":{"index":"index","follow":"follow","max-snippet":"max-snippet:-1","max-image-preview":"max-image-preview:large","max-video-preview":"max-video-preview:-1"},"canonical":"https:\/\/bbqassad.ee\/fi\/toode\/hoovi-musta-kamado-large\/","og_locale":"fi_FI","og_type":"article","og_title":"HOOVI Kamado LARGE - BBQ \u00c4ssad%","og_description":"HOOVI Kamado LARGE mustan uunin keittoalueen halkaisija on 47 cm. Paketissa on keraaminen runko, valurautahiilet ja ruostumattomasta ter\u00e4ksest\u00e4 valmistettu keittoj\u00e4rjestelm\u00e4.","og_url":"https:\/\/bbqassad.ee\/fi\/toode\/hoovi-musta-kamado-large\/","og_site_name":"BBQ \u00c4ssad","article_publisher":"https:\/\/www.facebook.com\/bbqassad","article_modified_time":"2026-04-14T06:32:02+00:00","og_image":[{"url":"https:\/\/bbqassad.ee\/wp-content\/uploads\/2026\/03\/Hoovi-Kamado-Large-black-background-2.jpg","type":"","width":"","height":""}],"twitter_card":"summary_large_image","twitter_title":"HOOVI Kamado LARGE - BBQ \u00c4ssad%","twitter_description":"HOOVI Kamado LARGE mustan uunin keittoalueen halkaisija on 47 cm. Paketissa on keraaminen runko, valurautahiilet ja ruostumattomasta ter\u00e4ksest\u00e4 valmistettu keittoj\u00e4rjestelm\u00e4.","twitter_image":"https:\/\/bbqassad.ee\/wp-content\/uploads\/2026\/03\/Hoovi-Kamado-Large-black-background-2.jpg","twitter_misc":{"Arvioitu lukuaika":"1 minuutti"},"schema":{"@context":"https:\/\/schema.org","@graph":[{"@type":"WebPage","@id":"https:\/\/bbqassad.ee\/fi\/toode\/hoovi-musta-kamado-large\/","url":"https:\/\/bbqassad.ee\/fi\/toode\/hoovi-musta-kamado-large\/","name":"HOOVI Kamado LARGE - BBQ \u00c4ssad%","isPartOf":{"@id":"https:\/\/bbqassad.ee\/fi\/#website"},"primaryImageOfPage":{"@id":"https:\/\/bbqassad.ee\/fi\/toode\/hoovi-musta-kamado-large\/#primaryimage"},"image":{"@id":"https:\/\/bbqassad.ee\/fi\/toode\/hoovi-musta-kamado-large\/#primaryimage"},"thumbnailUrl":"https:\/\/bbqassad.ee\/wp-content\/uploads\/2026\/03\/Hoovi-Large-1.png","datePublished":"2026-03-10T09:19:20+00:00","dateModified":"2026-04-14T06:32:02+00:00","description":"HOOVI Kamado LARGE mustan uunin keittoalueen halkaisija on 47 cm. Paketissa on keraaminen runko, valurautahiilet ja ruostumattomasta ter\u00e4ksest\u00e4 valmistettu keittoj\u00e4rjestelm\u00e4.","breadcrumb":{"@id":"https:\/\/bbqassad.ee\/fi\/toode\/hoovi-musta-kamado-large\/#breadcrumb"},"inLanguage":"fi","potentialAction":[{"@type":"ReadAction","target":["https:\/\/bbqassad.ee\/fi\/toode\/hoovi-musta-kamado-large\/"]}]},{"@type":"ImageObject","inLanguage":"fi","@id":"https:\/\/bbqassad.ee\/fi\/toode\/hoovi-musta-kamado-large\/#primaryimage","url":"https:\/\/bbqassad.ee\/wp-content\/uploads\/2026\/03\/Hoovi-Large-1.png","contentUrl":"https:\/\/bbqassad.ee\/wp-content\/uploads\/2026\/03\/Hoovi-Large-1.png","width":1920,"height":1280},{"@type":"BreadcrumbList","@id":"https:\/\/bbqassad.ee\/fi\/toode\/hoovi-musta-kamado-large\/#breadcrumb","itemListElement":[{"@type":"ListItem","position":1,"name":"Home","item":"https:\/\/bbqassad.ee\/fi\/bbq-assat\/"},{"@type":"ListItem","position":2,"name":"Verkkokauppa","item":"https:\/\/bbqassad.ee\/fi\/verkkokauppa\/"},{"@type":"ListItem","position":3,"name":"HOOVI Musta Kamado LARGE"}]},{"@type":"WebSite","@id":"https:\/\/bbqassad.ee\/fi\/#website","url":"https:\/\/bbqassad.ee\/fi\/","name":"BBQ \u00c4ssad","description":"BBQ maitseained, kastmed, ahjud","publisher":{"@id":"https:\/\/bbqassad.ee\/fi\/#organization"},"potentialAction":[{"@type":"SearchAction","target":{"@type":"EntryPoint","urlTemplate":"https:\/\/bbqassad.ee\/fi\/?s={search_term_string}"},"query-input":{"@type":"PropertyValueSpecification","valueRequired":true,"valueName":"search_term_string"}}],"inLanguage":"fi"},{"@type":"Organization","@id":"https:\/\/bbqassad.ee\/fi\/#organization","name":"BBQ \u00c4ssad","url":"https:\/\/bbqassad.ee\/fi\/","logo":{"@type":"ImageObject","inLanguage":"fi","@id":"https:\/\/bbqassad.ee\/fi\/#\/schema\/logo\/image\/","url":"https:\/\/bbqassad.ee\/wp-content\/uploads\/2022\/10\/BBQ-2ssadlogo.png","contentUrl":"https:\/\/bbqassad.ee\/wp-content\/uploads\/2022\/10\/BBQ-2ssadlogo.png","width":1080,"height":1080,"caption":"BBQ \u00c4ssad"},"image":{"@id":"https:\/\/bbqassad.ee\/fi\/#\/schema\/logo\/image\/"},"sameAs":["https:\/\/www.facebook.com\/bbqassad","https:\/\/www.youtube.com\/channel\/UCsoufn49J6TVi9Ah9meE93w"]}]}},"_links":{"self":[{"href":"https:\/\/bbqassad.ee\/fi\/wp-json\/wp\/v2\/product\/21530","targetHints":{"allow":["GET"]}}],"collection":[{"href":"https:\/\/bbqassad.ee\/fi\/wp-json\/wp\/v2\/product"}],"about":[{"href":"https:\/\/bbqassad.ee\/fi\/wp-json\/wp\/v2\/types\/product"}],"replies":[{"embeddable":true,"href":"https:\/\/bbqassad.ee\/fi\/wp-json\/wp\/v2\/comments?post=21530"}],"wp:featuredmedia":[{"embeddable":true,"href":"https:\/\/bbqassad.ee\/fi\/wp-json\/wp\/v2\/media\/21533"}],"wp:attachment":[{"href":"https:\/\/bbqassad.ee\/fi\/wp-json\/wp\/v2\/media?parent=21530"}],"wp:term":[{"taxonomy":"product_brand","embeddable":true,"href":"https:\/\/bbqassad.ee\/fi\/wp-json\/wp\/v2\/product_brand?post=21530"},{"taxonomy":"product_cat","embeddable":true,"href":"https:\/\/bbqassad.ee\/fi\/wp-json\/wp\/v2\/product_cat?post=21530"},{"taxonomy":"product_tag","embeddable":true,"href":"https:\/\/bbqassad.ee\/fi\/wp-json\/wp\/v2\/product_tag?post=21530"}],"curies":[{"name":"wp","href":"https:\/\/api.w.org\/{rel}","templated":true}]}}