{"id":23691,"date":"2022-10-10T16:15:39","date_gmt":"2022-10-10T16:15:39","guid":{"rendered":"https:\/\/bbqassad.ee\/tietosuojaehdot\/"},"modified":"2026-03-31T19:15:17","modified_gmt":"2026-03-31T19:15:17","slug":"tietosuojaehdot","status":"publish","type":"page","link":"https:\/\/bbqassad.ee\/fi\/tietosuojaehdot\/","title":{"rendered":"Tietosuojaehdot"},"content":{"rendered":"\t<div id=\"gap-1668786475\" class=\"gap-element clearfix\" style=\"display:block; height:auto;\">\n\t\t\n<style>\n#gap-1668786475 {\n  padding-top: 150px;\n}\n<\/style>\n\t<\/div>\n\t\n<div class=\"row\"  id=\"row-948095413\">\n\n\t<div id=\"col-1061844407\" class=\"col small-12 large-12\"  >\n\t\t\t\t<div class=\"col-inner\"  >\n\t\t\t\n\t\t\t\n<h1>Tietosuojak\u00e4yt\u00e4nt\u00f6<\/h1>\n<p>1. bbqassad.ee on sitoutunut suojelemaan asiakkaidensa ja k\u00e4ytt\u00e4jiens\u00e4 yksityisyytt\u00e4. N\u00e4in ollen olemme laatineet t\u00e4m\u00e4n tietosuojak\u00e4yt\u00e4nn\u00f6n, joka kattaa asiakastietojen ker\u00e4\u00e4misen, k\u00e4yt\u00f6n, luovuttamisen, siirt\u00e4misen ja s\u00e4ilytt\u00e4misen. Toimintamme Internetiss\u00e4 on kaikkien asiaankuuluvien k\u00e4yt\u00e4nt\u00f6jen ja asiaankuuluvan Euroopan unionin lains\u00e4\u00e4d\u00e4nn\u00f6n sek\u00e4 Viron tasavallan lakien mukaista. Ole hyv\u00e4 ja k\u00e4yt\u00e4 hieman aikaa yksityisyyspolitiikkamme lukemiseen.   <\/p>\n<p>2. Henkil\u00f6tietojen ker\u00e4\u00e4minen ja k\u00e4ytt\u00f6<\/p>\n<p>Henkil\u00f6tiedot ovat tietoja, joita bbqassad.ee ker\u00e4\u00e4 tehdess\u00e4\u00e4n sopimusta tai ottaessaan yhteytt\u00e4 henkil\u00f6\u00f6n.<\/p>\n<p>Kanta-asiakkaan henkil\u00f6tietoja voidaan ker\u00e4t\u00e4 seuraavilla tavoilla:<\/p>\n<p>kun annat yhteystietojasi (mukaan lukien nimesi, henkil\u00f6tunnuksesi, postiosoitteesi, puhelinnumerosi, s\u00e4hk\u00f6postiosoitteesi, haluamasi yhteydenottotapa) verkkosivustollamme tai muualla (esim. myym\u00e4l\u00f6iss\u00e4) kun k\u00e4yt\u00e4t verkkosivustoa asiakkaan tilitiedoista tai ev\u00e4steist\u00e4 (<br \/>) kun teet ostoksen tai teet tilauksen myym\u00e4l\u00e4ss\u00e4mme tai verkkokaupassamme kun tallennat henkil\u00f6kohtaisia yhteystietoja tai tietoja ostosuosituksista (bbqassad.ee voi pyyt\u00e4\u00e4 sinua antamaan vapaaehtoisesti henkil\u00f6tietoja ja henkil\u00f6kohtaisia tietoja tietyiss\u00e4 verkkosivuston osissa). Pyydetyt henkil\u00f6tiedot voivat sis\u00e4lt\u00e4\u00e4 nimen, osoitteen, postinumeron, s\u00e4hk\u00f6postiosoitteen, puhelinnumeron ja muita tietoja).<\/p>\n<p>3. Muu tiedonkeruu<\/p>\n<p>Ker\u00e4\u00e4mme my\u00f6s muita kuin henkil\u00f6tietoja &#8211; tietoja, joita ei voida suoraan yhdist\u00e4\u00e4 tiettyyn henkil\u00f6\u00f6n (sukupuoli, ik\u00e4, kielimieltymykset, sijainti).<\/p>\n<p>Saatamme my\u00f6s ker\u00e4t\u00e4 tietoja asiakkaiden toiminnasta myym\u00e4l\u00f6iss\u00e4mme ja verkkosivustollamme. N\u00e4m\u00e4 tiedot kootaan yhteen ja niit\u00e4 k\u00e4ytet\u00e4\u00e4n, jotta voimme tarjota asiakkaillemme hy\u00f6dyllisemp\u00e4\u00e4 tietoa ja selvitt\u00e4\u00e4, mitk\u00e4 verkkosivustomme osat, tuotteet ja palvelut kiinnostavat heit\u00e4 eniten. T\u00e4ss\u00e4 tietosuojak\u00e4yt\u00e4nn\u00f6ss\u00e4 koottuja tietoja k\u00e4sitell\u00e4\u00e4n ei-henkil\u00f6kohtaisesti tunnistettavina tietoina.  <\/p>\n<p>4. Ker\u00e4ttyjen henkil\u00f6tietojen k\u00e4ytt\u00f6<\/p>\n<p>Jotta bbqassad.ee voisi palvella asiakasta paremmin, se voi luovuttaa yksitt\u00e4isi\u00e4 k\u00e4ytt\u00e4ji\u00e4 koskevia tietoja kolmannelle osapuolelle, joka tarjoaa bbqassad.ee:n palveluita ja joka on sopimuksen mukaan velvollinen pit\u00e4m\u00e4\u00e4n jaetut tiedot luottamuksellisina. Esimerkki kolmannesta osapuolesta on yhteisty\u00f6kumppanimme, joka vastaa verkkokaupassa myyt\u00e4vien tavaroiden kuljetuksesta. <\/p>\n<p>5. Ker\u00e4ttyjen henkil\u00f6tietojen muuttaminen<\/p>\n<p>Asiakkaan tunnistamista ja yhteydenottoa varten ker\u00e4ttyj\u00e4 henkil\u00f6tietoja voi tarkastella, muuttaa ja tarvittaessa t\u00e4ydent\u00e4\u00e4 s\u00e4hk\u00f6postitse osoitteessa inf0@bbqassad.ee.<\/p>\n<p>10. Henkil\u00f6tietojen suojaaminen<\/p>\n<p>bbqassad.ee toteuttaa kaikki varotoimet (mukaan lukien hallinnolliset, tekniset ja fyysiset toimenpiteet) asiakkaan henkil\u00f6tietojen suojaamiseksi. P\u00e4\u00e4sy tietojen muuttamiseen ja k\u00e4sittelyyn on rajoitettu valtuutetuille henkil\u00f6ille. <\/p>\n<p>11. Turvallisuus<\/p>\n<p>Kaikkia asiakkaan henkil\u00f6tietoja, jotka h\u00e4n luovuttaa bbqassad.ee-verkkokaupassa k\u00e4ydess\u00e4\u00e4n ja ostoksia tehdess\u00e4\u00e4n, k\u00e4sitell\u00e4\u00e4n luottamuksellisina tietoina. Salattu tiedonsiirtokanava pankkien kanssa takaa ostajan henkil\u00f6tietojen ja pankkitietojen turvallisuuden. <\/p>\n<p>12. Ehdot, edellytykset ja muutokset tietosuojak\u00e4yt\u00e4nt\u00f6\u00f6n<\/p>\n<p>K\u00e4ytt\u00e4m\u00e4ll\u00e4 bbqassad.ee-sivustoa tai t\u00e4ytt\u00e4m\u00e4ll\u00e4 kanta-asiakashakemuksen olet lukenut ja hyv\u00e4ksynyt n\u00e4m\u00e4 ehdot. Pid\u00e4t\u00e4mme oikeuden tarvittaessa muuttaa tietosuojaselosteen yleisi\u00e4 ehtoja ilmoittamalla siit\u00e4 kaikille kanta-asiakkaille. <\/p>\n<p>Jos sinulla on kysytt\u00e4v\u00e4\u00e4 tai huolenaiheita t\u00e4st\u00e4 tietosuojak\u00e4yt\u00e4nn\u00f6st\u00e4 tai tietojenk\u00e4sittelyst\u00e4, ota meihin yhteytt\u00e4 osoitteeseen info@bbqassad.ee.<\/p>\n\t\t<\/div>\n\t\t\t\t\t<\/div>\n\n\t\n<\/div>\n","protected":false},"excerpt":{"rendered":"","protected":false},"author":1,"featured_media":0,"parent":0,"menu_order":0,"comment_status":"closed","ping_status":"open","template":"","meta":{"footnotes":""},"class_list":["post-23691","page","type-page","status-publish","hentry"],"yoast_head":"<!-- This site is optimized with the Yoast SEO plugin v27.4 - https:\/\/yoast.com\/product\/yoast-seo-wordpress\/ -->\n<title>Tietosuojaehdot - BBQ \u00c4ssad<\/title>\n<meta name=\"robots\" content=\"index, follow, max-snippet:-1, max-image-preview:large, max-video-preview:-1\" \/>\n<link rel=\"canonical\" href=\"https:\/\/bbqassad.ee\/fi\/tietosuojaehdot\/\" \/>\n<meta property=\"og:locale\" content=\"fi_FI\" \/>\n<meta property=\"og:type\" content=\"article\" \/>\n<meta property=\"og:title\" content=\"Tietosuojaehdot - BBQ \u00c4ssad\" \/>\n<meta property=\"og:url\" content=\"https:\/\/bbqassad.ee\/fi\/tietosuojaehdot\/\" \/>\n<meta property=\"og:site_name\" content=\"BBQ \u00c4ssad\" \/>\n<meta property=\"article:publisher\" content=\"https:\/\/www.facebook.com\/bbqassad\" \/>\n<meta property=\"article:modified_time\" content=\"2026-03-31T19:15:17+00:00\" \/>\n<meta name=\"twitter:card\" content=\"summary_large_image\" \/>\n<meta name=\"twitter:label1\" content=\"Arvioitu lukuaika\" \/>\n\t<meta name=\"twitter:data1\" content=\"2 minuuttia\" \/>\n<script type=\"application\/ld+json\" class=\"yoast-schema-graph\">{\"@context\":\"https:\\\/\\\/schema.org\",\"@graph\":[{\"@type\":\"WebPage\",\"@id\":\"https:\\\/\\\/bbqassad.ee\\\/fi\\\/tietosuojaehdot\\\/\",\"url\":\"https:\\\/\\\/bbqassad.ee\\\/fi\\\/tietosuojaehdot\\\/\",\"name\":\"Tietosuojaehdot - BBQ \u00c4ssad\",\"isPartOf\":{\"@id\":\"https:\\\/\\\/bbqassad.ee\\\/fi\\\/#website\"},\"datePublished\":\"2022-10-10T16:15:39+00:00\",\"dateModified\":\"2026-03-31T19:15:17+00:00\",\"breadcrumb\":{\"@id\":\"https:\\\/\\\/bbqassad.ee\\\/fi\\\/tietosuojaehdot\\\/#breadcrumb\"},\"inLanguage\":\"fi\",\"potentialAction\":[{\"@type\":\"ReadAction\",\"target\":[\"https:\\\/\\\/bbqassad.ee\\\/fi\\\/tietosuojaehdot\\\/\"]}]},{\"@type\":\"BreadcrumbList\",\"@id\":\"https:\\\/\\\/bbqassad.ee\\\/fi\\\/tietosuojaehdot\\\/#breadcrumb\",\"itemListElement\":[{\"@type\":\"ListItem\",\"position\":1,\"name\":\"Home\",\"item\":\"https:\\\/\\\/bbqassad.ee\\\/fi\\\/bbq-assat\\\/\"},{\"@type\":\"ListItem\",\"position\":2,\"name\":\"Tietosuojaehdot\"}]},{\"@type\":\"WebSite\",\"@id\":\"https:\\\/\\\/bbqassad.ee\\\/fi\\\/#website\",\"url\":\"https:\\\/\\\/bbqassad.ee\\\/fi\\\/\",\"name\":\"BBQ \u00c4ssad\",\"description\":\"BBQ maitseained, kastmed, ahjud\",\"publisher\":{\"@id\":\"https:\\\/\\\/bbqassad.ee\\\/fi\\\/#organization\"},\"potentialAction\":[{\"@type\":\"SearchAction\",\"target\":{\"@type\":\"EntryPoint\",\"urlTemplate\":\"https:\\\/\\\/bbqassad.ee\\\/fi\\\/?s={search_term_string}\"},\"query-input\":{\"@type\":\"PropertyValueSpecification\",\"valueRequired\":true,\"valueName\":\"search_term_string\"}}],\"inLanguage\":\"fi\"},{\"@type\":\"Organization\",\"@id\":\"https:\\\/\\\/bbqassad.ee\\\/fi\\\/#organization\",\"name\":\"BBQ \u00c4ssad\",\"url\":\"https:\\\/\\\/bbqassad.ee\\\/fi\\\/\",\"logo\":{\"@type\":\"ImageObject\",\"inLanguage\":\"fi\",\"@id\":\"https:\\\/\\\/bbqassad.ee\\\/fi\\\/#\\\/schema\\\/logo\\\/image\\\/\",\"url\":\"https:\\\/\\\/bbqassad.ee\\\/wp-content\\\/uploads\\\/2022\\\/10\\\/BBQ-2ssadlogo.png\",\"contentUrl\":\"https:\\\/\\\/bbqassad.ee\\\/wp-content\\\/uploads\\\/2022\\\/10\\\/BBQ-2ssadlogo.png\",\"width\":1080,\"height\":1080,\"caption\":\"BBQ \u00c4ssad\"},\"image\":{\"@id\":\"https:\\\/\\\/bbqassad.ee\\\/fi\\\/#\\\/schema\\\/logo\\\/image\\\/\"},\"sameAs\":[\"https:\\\/\\\/www.facebook.com\\\/bbqassad\",\"https:\\\/\\\/www.youtube.com\\\/channel\\\/UCsoufn49J6TVi9Ah9meE93w\"]}]}<\/script>\n<!-- \/ Yoast SEO plugin. -->","yoast_head_json":{"title":"Tietosuojaehdot - BBQ \u00c4ssad","robots":{"index":"index","follow":"follow","max-snippet":"max-snippet:-1","max-image-preview":"max-image-preview:large","max-video-preview":"max-video-preview:-1"},"canonical":"https:\/\/bbqassad.ee\/fi\/tietosuojaehdot\/","og_locale":"fi_FI","og_type":"article","og_title":"Tietosuojaehdot - BBQ \u00c4ssad","og_url":"https:\/\/bbqassad.ee\/fi\/tietosuojaehdot\/","og_site_name":"BBQ \u00c4ssad","article_publisher":"https:\/\/www.facebook.com\/bbqassad","article_modified_time":"2026-03-31T19:15:17+00:00","twitter_card":"summary_large_image","twitter_misc":{"Arvioitu lukuaika":"2 minuuttia"},"schema":{"@context":"https:\/\/schema.org","@graph":[{"@type":"WebPage","@id":"https:\/\/bbqassad.ee\/fi\/tietosuojaehdot\/","url":"https:\/\/bbqassad.ee\/fi\/tietosuojaehdot\/","name":"Tietosuojaehdot - BBQ \u00c4ssad","isPartOf":{"@id":"https:\/\/bbqassad.ee\/fi\/#website"},"datePublished":"2022-10-10T16:15:39+00:00","dateModified":"2026-03-31T19:15:17+00:00","breadcrumb":{"@id":"https:\/\/bbqassad.ee\/fi\/tietosuojaehdot\/#breadcrumb"},"inLanguage":"fi","potentialAction":[{"@type":"ReadAction","target":["https:\/\/bbqassad.ee\/fi\/tietosuojaehdot\/"]}]},{"@type":"BreadcrumbList","@id":"https:\/\/bbqassad.ee\/fi\/tietosuojaehdot\/#breadcrumb","itemListElement":[{"@type":"ListItem","position":1,"name":"Home","item":"https:\/\/bbqassad.ee\/fi\/bbq-assat\/"},{"@type":"ListItem","position":2,"name":"Tietosuojaehdot"}]},{"@type":"WebSite","@id":"https:\/\/bbqassad.ee\/fi\/#website","url":"https:\/\/bbqassad.ee\/fi\/","name":"BBQ \u00c4ssad","description":"BBQ maitseained, kastmed, ahjud","publisher":{"@id":"https:\/\/bbqassad.ee\/fi\/#organization"},"potentialAction":[{"@type":"SearchAction","target":{"@type":"EntryPoint","urlTemplate":"https:\/\/bbqassad.ee\/fi\/?s={search_term_string}"},"query-input":{"@type":"PropertyValueSpecification","valueRequired":true,"valueName":"search_term_string"}}],"inLanguage":"fi"},{"@type":"Organization","@id":"https:\/\/bbqassad.ee\/fi\/#organization","name":"BBQ \u00c4ssad","url":"https:\/\/bbqassad.ee\/fi\/","logo":{"@type":"ImageObject","inLanguage":"fi","@id":"https:\/\/bbqassad.ee\/fi\/#\/schema\/logo\/image\/","url":"https:\/\/bbqassad.ee\/wp-content\/uploads\/2022\/10\/BBQ-2ssadlogo.png","contentUrl":"https:\/\/bbqassad.ee\/wp-content\/uploads\/2022\/10\/BBQ-2ssadlogo.png","width":1080,"height":1080,"caption":"BBQ \u00c4ssad"},"image":{"@id":"https:\/\/bbqassad.ee\/fi\/#\/schema\/logo\/image\/"},"sameAs":["https:\/\/www.facebook.com\/bbqassad","https:\/\/www.youtube.com\/channel\/UCsoufn49J6TVi9Ah9meE93w"]}]}},"_links":{"self":[{"href":"https:\/\/bbqassad.ee\/fi\/wp-json\/wp\/v2\/pages\/23691","targetHints":{"allow":["GET"]}}],"collection":[{"href":"https:\/\/bbqassad.ee\/fi\/wp-json\/wp\/v2\/pages"}],"about":[{"href":"https:\/\/bbqassad.ee\/fi\/wp-json\/wp\/v2\/types\/page"}],"author":[{"embeddable":true,"href":"https:\/\/bbqassad.ee\/fi\/wp-json\/wp\/v2\/users\/1"}],"replies":[{"embeddable":true,"href":"https:\/\/bbqassad.ee\/fi\/wp-json\/wp\/v2\/comments?post=23691"}],"version-history":[{"count":2,"href":"https:\/\/bbqassad.ee\/fi\/wp-json\/wp\/v2\/pages\/23691\/revisions"}],"predecessor-version":[{"id":23693,"href":"https:\/\/bbqassad.ee\/fi\/wp-json\/wp\/v2\/pages\/23691\/revisions\/23693"}],"wp:attachment":[{"href":"https:\/\/bbqassad.ee\/fi\/wp-json\/wp\/v2\/media?parent=23691"}],"curies":[{"name":"wp","href":"https:\/\/api.w.org\/{rel}","templated":true}]}}