{"id":8622,"date":"2022-12-07T13:02:12","date_gmt":"2022-12-07T13:02:12","guid":{"rendered":"https:\/\/bbqassad.ee\/?post_type=product&#038;p=8622"},"modified":"2025-07-01T18:40:59","modified_gmt":"2025-07-01T18:40:59","slug":"seasoning-blend-kosmos-q-texas-beef","status":"publish","type":"product","link":"https:\/\/bbqassad.ee\/en\/toode\/seasoning-blend-kosmos-q-texas-beef\/","title":{"rendered":"Seasoning Blend Kosmo\u2019s Q Texas Beef"},"content":{"rendered":"<h2>Texas Beef Seasoning Blend<\/h2>\n<p><b>Kosmo\u2019s Q Texas Beef<\/b> seasoning blend is a simple Texas rub where onion and garlic combine forces to bring you true Southern flavors for beef.<\/p>\n<h3>BBQ \u00c4ssad comments<\/h3>\n<p>This is a very interesting beef rub because the presence of sugar is clearly noticeable, but there&#8217;s no point arguing with Kosmo, because the guy knows what he&#8217;s doing and his products always give a good result. Feel free to put it on your steak or brisket.<\/p>\n<h3>Pro tip<\/h3>\n<p>You can also confidently try this on vegetables&#8230; if the steak&#8217;s already on the grill, why not?<\/p>\n","protected":false},"excerpt":{"rendered":"<p>Texas Beef Seasoning Blend Kosmo\u2019s Q Texas Beef seasoning blend is a simple Texas rub where onion and garlic combine forces to bring you true Southern flavors for beef. BBQ \u00c4ssad comments This is a very interesting beef rub because the presence of sugar is clearly noticeable, but there&#8217;s no point arguing with Kosmo, because [&#8230;]\n","protected":false},"featured_media":525,"comment_status":"open","ping_status":"closed","template":"","meta":[],"product_brand":[],"product_cat":[15],"product_tag":[915],"class_list":{"0":"post-8622","1":"product","2":"type-product","3":"status-publish","4":"has-post-thumbnail","6":"product_cat-spices","7":"product_tag-cattle","9":"first","10":"instock","11":"taxable","12":"shipping-taxable","13":"purchasable","14":"product-type-simple"},"yoast_head":"<!-- This site is optimized with the Yoast SEO plugin v27.4 - https:\/\/yoast.com\/product\/yoast-seo-wordpress\/ -->\n<title>Seasoning Blend Kosmo\u2019s Q Texas Beef - BBQ \u00c4ssad<\/title>\n<meta name=\"description\" content=\"Maitseainesegu Kosmo\u2019s Q Texas Beef - Lihtne Teksase rub, kus sibul ja k\u00fc\u00fcslauk \u00fchendavad j\u00f5ud, et tuua sinuni t\u00f5elised l\u00f5unaosariikide maitsed veisel.\" \/>\n<meta name=\"robots\" content=\"index, follow, max-snippet:-1, max-image-preview:large, max-video-preview:-1\" \/>\n<link rel=\"canonical\" href=\"https:\/\/bbqassad.ee\/en\/toode\/seasoning-blend-kosmos-q-texas-beef\/\" \/>\n<meta property=\"og:locale\" content=\"en_US\" \/>\n<meta property=\"og:type\" content=\"article\" \/>\n<meta property=\"og:title\" content=\"Seasoning Blend Kosmo\u2019s Q Texas Beef - BBQ \u00c4ssad\" \/>\n<meta property=\"og:description\" content=\"Maitseainesegu Kosmo\u2019s Q Texas Beef - Lihtne Teksase rub, kus sibul ja k\u00fc\u00fcslauk \u00fchendavad j\u00f5ud, et tuua sinuni t\u00f5elised l\u00f5unaosariikide maitsed veisel.\" \/>\n<meta property=\"og:url\" content=\"https:\/\/bbqassad.ee\/en\/toode\/seasoning-blend-kosmos-q-texas-beef\/\" \/>\n<meta property=\"og:site_name\" content=\"BBQ \u00c4ssad\" \/>\n<meta property=\"article:publisher\" content=\"https:\/\/www.facebook.com\/bbqassad\" \/>\n<meta property=\"article:modified_time\" content=\"2025-07-01T18:40:59+00:00\" \/>\n<meta property=\"og:image\" content=\"https:\/\/bbqassad.ee\/wp-content\/uploads\/2022\/12\/cosmosQ-texas-beef.webp\" \/>\n\t<meta property=\"og:image:width\" content=\"800\" \/>\n\t<meta property=\"og:image:height\" content=\"800\" \/>\n\t<meta property=\"og:image:type\" content=\"image\/webp\" \/>\n<meta name=\"twitter:card\" content=\"summary_large_image\" \/>\n<meta name=\"twitter:label1\" content=\"Est. reading time\" \/>\n\t<meta name=\"twitter:data1\" content=\"1 minute\" \/>\n<script type=\"application\/ld+json\" class=\"yoast-schema-graph\">{\"@context\":\"https:\\\/\\\/schema.org\",\"@graph\":[{\"@type\":\"WebPage\",\"@id\":\"https:\\\/\\\/bbqassad.ee\\\/en\\\/toode\\\/seasoning-blend-kosmos-q-texas-beef\\\/\",\"url\":\"https:\\\/\\\/bbqassad.ee\\\/en\\\/toode\\\/seasoning-blend-kosmos-q-texas-beef\\\/\",\"name\":\"Seasoning Blend Kosmo\u2019s Q Texas Beef - BBQ \u00c4ssad\",\"isPartOf\":{\"@id\":\"https:\\\/\\\/bbqassad.ee\\\/en\\\/#website\"},\"primaryImageOfPage\":{\"@id\":\"https:\\\/\\\/bbqassad.ee\\\/en\\\/toode\\\/seasoning-blend-kosmos-q-texas-beef\\\/#primaryimage\"},\"image\":{\"@id\":\"https:\\\/\\\/bbqassad.ee\\\/en\\\/toode\\\/seasoning-blend-kosmos-q-texas-beef\\\/#primaryimage\"},\"thumbnailUrl\":\"https:\\\/\\\/bbqassad.ee\\\/wp-content\\\/uploads\\\/2022\\\/12\\\/cosmosQ-texas-beef.webp\",\"datePublished\":\"2022-12-07T13:02:12+00:00\",\"dateModified\":\"2025-07-01T18:40:59+00:00\",\"description\":\"Maitseainesegu Kosmo\u2019s Q Texas Beef - Lihtne Teksase rub, kus sibul ja k\u00fc\u00fcslauk \u00fchendavad j\u00f5ud, et tuua sinuni t\u00f5elised l\u00f5unaosariikide maitsed veisel.\",\"breadcrumb\":{\"@id\":\"https:\\\/\\\/bbqassad.ee\\\/en\\\/toode\\\/seasoning-blend-kosmos-q-texas-beef\\\/#breadcrumb\"},\"inLanguage\":\"en-US\",\"potentialAction\":[{\"@type\":\"ReadAction\",\"target\":[\"https:\\\/\\\/bbqassad.ee\\\/en\\\/toode\\\/seasoning-blend-kosmos-q-texas-beef\\\/\"]}]},{\"@type\":\"ImageObject\",\"inLanguage\":\"en-US\",\"@id\":\"https:\\\/\\\/bbqassad.ee\\\/en\\\/toode\\\/seasoning-blend-kosmos-q-texas-beef\\\/#primaryimage\",\"url\":\"https:\\\/\\\/bbqassad.ee\\\/wp-content\\\/uploads\\\/2022\\\/12\\\/cosmosQ-texas-beef.webp\",\"contentUrl\":\"https:\\\/\\\/bbqassad.ee\\\/wp-content\\\/uploads\\\/2022\\\/12\\\/cosmosQ-texas-beef.webp\",\"width\":800,\"height\":800,\"caption\":\"Maitseainesegu Kosmo\u2019s Q Texas Beef\"},{\"@type\":\"BreadcrumbList\",\"@id\":\"https:\\\/\\\/bbqassad.ee\\\/en\\\/toode\\\/seasoning-blend-kosmos-q-texas-beef\\\/#breadcrumb\",\"itemListElement\":[{\"@type\":\"ListItem\",\"position\":1,\"name\":\"Home\",\"item\":\"https:\\\/\\\/bbqassad.ee\\\/en\\\/\"},{\"@type\":\"ListItem\",\"position\":2,\"name\":\"Shop\",\"item\":\"https:\\\/\\\/bbqassad.ee\\\/en\\\/shop\\\/\"},{\"@type\":\"ListItem\",\"position\":3,\"name\":\"Seasoning Blend Kosmo\u2019s Q Texas Beef\"}]},{\"@type\":\"WebSite\",\"@id\":\"https:\\\/\\\/bbqassad.ee\\\/en\\\/#website\",\"url\":\"https:\\\/\\\/bbqassad.ee\\\/en\\\/\",\"name\":\"BBQ \u00c4ssad\",\"description\":\"BBQ maitseained, kastmed, ahjud\",\"publisher\":{\"@id\":\"https:\\\/\\\/bbqassad.ee\\\/en\\\/#organization\"},\"potentialAction\":[{\"@type\":\"SearchAction\",\"target\":{\"@type\":\"EntryPoint\",\"urlTemplate\":\"https:\\\/\\\/bbqassad.ee\\\/en\\\/?s={search_term_string}\"},\"query-input\":{\"@type\":\"PropertyValueSpecification\",\"valueRequired\":true,\"valueName\":\"search_term_string\"}}],\"inLanguage\":\"en-US\"},{\"@type\":\"Organization\",\"@id\":\"https:\\\/\\\/bbqassad.ee\\\/en\\\/#organization\",\"name\":\"BBQ \u00c4ssad\",\"url\":\"https:\\\/\\\/bbqassad.ee\\\/en\\\/\",\"logo\":{\"@type\":\"ImageObject\",\"inLanguage\":\"en-US\",\"@id\":\"https:\\\/\\\/bbqassad.ee\\\/en\\\/#\\\/schema\\\/logo\\\/image\\\/\",\"url\":\"https:\\\/\\\/bbqassad.ee\\\/wp-content\\\/uploads\\\/2022\\\/10\\\/BBQ-2ssadlogo.png\",\"contentUrl\":\"https:\\\/\\\/bbqassad.ee\\\/wp-content\\\/uploads\\\/2022\\\/10\\\/BBQ-2ssadlogo.png\",\"width\":1080,\"height\":1080,\"caption\":\"BBQ \u00c4ssad\"},\"image\":{\"@id\":\"https:\\\/\\\/bbqassad.ee\\\/en\\\/#\\\/schema\\\/logo\\\/image\\\/\"},\"sameAs\":[\"https:\\\/\\\/www.facebook.com\\\/bbqassad\",\"https:\\\/\\\/www.youtube.com\\\/channel\\\/UCsoufn49J6TVi9Ah9meE93w\"]}]}<\/script>\n<!-- \/ Yoast SEO plugin. -->","yoast_head_json":{"title":"Seasoning Blend Kosmo\u2019s Q Texas Beef - BBQ \u00c4ssad","description":"Maitseainesegu Kosmo\u2019s Q Texas Beef - Lihtne Teksase rub, kus sibul ja k\u00fc\u00fcslauk \u00fchendavad j\u00f5ud, et tuua sinuni t\u00f5elised l\u00f5unaosariikide maitsed veisel.","robots":{"index":"index","follow":"follow","max-snippet":"max-snippet:-1","max-image-preview":"max-image-preview:large","max-video-preview":"max-video-preview:-1"},"canonical":"https:\/\/bbqassad.ee\/en\/toode\/seasoning-blend-kosmos-q-texas-beef\/","og_locale":"en_US","og_type":"article","og_title":"Seasoning Blend Kosmo\u2019s Q Texas Beef - BBQ \u00c4ssad","og_description":"Maitseainesegu Kosmo\u2019s Q Texas Beef - Lihtne Teksase rub, kus sibul ja k\u00fc\u00fcslauk \u00fchendavad j\u00f5ud, et tuua sinuni t\u00f5elised l\u00f5unaosariikide maitsed veisel.","og_url":"https:\/\/bbqassad.ee\/en\/toode\/seasoning-blend-kosmos-q-texas-beef\/","og_site_name":"BBQ \u00c4ssad","article_publisher":"https:\/\/www.facebook.com\/bbqassad","article_modified_time":"2025-07-01T18:40:59+00:00","og_image":[{"width":800,"height":800,"url":"https:\/\/bbqassad.ee\/wp-content\/uploads\/2022\/12\/cosmosQ-texas-beef.webp","type":"image\/webp"}],"twitter_card":"summary_large_image","twitter_misc":{"Est. reading time":"1 minute"},"schema":{"@context":"https:\/\/schema.org","@graph":[{"@type":"WebPage","@id":"https:\/\/bbqassad.ee\/en\/toode\/seasoning-blend-kosmos-q-texas-beef\/","url":"https:\/\/bbqassad.ee\/en\/toode\/seasoning-blend-kosmos-q-texas-beef\/","name":"Seasoning Blend Kosmo\u2019s Q Texas Beef - BBQ \u00c4ssad","isPartOf":{"@id":"https:\/\/bbqassad.ee\/en\/#website"},"primaryImageOfPage":{"@id":"https:\/\/bbqassad.ee\/en\/toode\/seasoning-blend-kosmos-q-texas-beef\/#primaryimage"},"image":{"@id":"https:\/\/bbqassad.ee\/en\/toode\/seasoning-blend-kosmos-q-texas-beef\/#primaryimage"},"thumbnailUrl":"https:\/\/bbqassad.ee\/wp-content\/uploads\/2022\/12\/cosmosQ-texas-beef.webp","datePublished":"2022-12-07T13:02:12+00:00","dateModified":"2025-07-01T18:40:59+00:00","description":"Maitseainesegu Kosmo\u2019s Q Texas Beef - Lihtne Teksase rub, kus sibul ja k\u00fc\u00fcslauk \u00fchendavad j\u00f5ud, et tuua sinuni t\u00f5elised l\u00f5unaosariikide maitsed veisel.","breadcrumb":{"@id":"https:\/\/bbqassad.ee\/en\/toode\/seasoning-blend-kosmos-q-texas-beef\/#breadcrumb"},"inLanguage":"en-US","potentialAction":[{"@type":"ReadAction","target":["https:\/\/bbqassad.ee\/en\/toode\/seasoning-blend-kosmos-q-texas-beef\/"]}]},{"@type":"ImageObject","inLanguage":"en-US","@id":"https:\/\/bbqassad.ee\/en\/toode\/seasoning-blend-kosmos-q-texas-beef\/#primaryimage","url":"https:\/\/bbqassad.ee\/wp-content\/uploads\/2022\/12\/cosmosQ-texas-beef.webp","contentUrl":"https:\/\/bbqassad.ee\/wp-content\/uploads\/2022\/12\/cosmosQ-texas-beef.webp","width":800,"height":800,"caption":"Maitseainesegu Kosmo\u2019s Q Texas Beef"},{"@type":"BreadcrumbList","@id":"https:\/\/bbqassad.ee\/en\/toode\/seasoning-blend-kosmos-q-texas-beef\/#breadcrumb","itemListElement":[{"@type":"ListItem","position":1,"name":"Home","item":"https:\/\/bbqassad.ee\/en\/"},{"@type":"ListItem","position":2,"name":"Shop","item":"https:\/\/bbqassad.ee\/en\/shop\/"},{"@type":"ListItem","position":3,"name":"Seasoning Blend Kosmo\u2019s Q Texas Beef"}]},{"@type":"WebSite","@id":"https:\/\/bbqassad.ee\/en\/#website","url":"https:\/\/bbqassad.ee\/en\/","name":"BBQ \u00c4ssad","description":"BBQ maitseained, kastmed, ahjud","publisher":{"@id":"https:\/\/bbqassad.ee\/en\/#organization"},"potentialAction":[{"@type":"SearchAction","target":{"@type":"EntryPoint","urlTemplate":"https:\/\/bbqassad.ee\/en\/?s={search_term_string}"},"query-input":{"@type":"PropertyValueSpecification","valueRequired":true,"valueName":"search_term_string"}}],"inLanguage":"en-US"},{"@type":"Organization","@id":"https:\/\/bbqassad.ee\/en\/#organization","name":"BBQ \u00c4ssad","url":"https:\/\/bbqassad.ee\/en\/","logo":{"@type":"ImageObject","inLanguage":"en-US","@id":"https:\/\/bbqassad.ee\/en\/#\/schema\/logo\/image\/","url":"https:\/\/bbqassad.ee\/wp-content\/uploads\/2022\/10\/BBQ-2ssadlogo.png","contentUrl":"https:\/\/bbqassad.ee\/wp-content\/uploads\/2022\/10\/BBQ-2ssadlogo.png","width":1080,"height":1080,"caption":"BBQ \u00c4ssad"},"image":{"@id":"https:\/\/bbqassad.ee\/en\/#\/schema\/logo\/image\/"},"sameAs":["https:\/\/www.facebook.com\/bbqassad","https:\/\/www.youtube.com\/channel\/UCsoufn49J6TVi9Ah9meE93w"]}]}},"_links":{"self":[{"href":"https:\/\/bbqassad.ee\/en\/wp-json\/wp\/v2\/product\/8622","targetHints":{"allow":["GET"]}}],"collection":[{"href":"https:\/\/bbqassad.ee\/en\/wp-json\/wp\/v2\/product"}],"about":[{"href":"https:\/\/bbqassad.ee\/en\/wp-json\/wp\/v2\/types\/product"}],"replies":[{"embeddable":true,"href":"https:\/\/bbqassad.ee\/en\/wp-json\/wp\/v2\/comments?post=8622"}],"wp:featuredmedia":[{"embeddable":true,"href":"https:\/\/bbqassad.ee\/en\/wp-json\/wp\/v2\/media\/525"}],"wp:attachment":[{"href":"https:\/\/bbqassad.ee\/en\/wp-json\/wp\/v2\/media?parent=8622"}],"wp:term":[{"taxonomy":"product_brand","embeddable":true,"href":"https:\/\/bbqassad.ee\/en\/wp-json\/wp\/v2\/product_brand?post=8622"},{"taxonomy":"product_cat","embeddable":true,"href":"https:\/\/bbqassad.ee\/en\/wp-json\/wp\/v2\/product_cat?post=8622"},{"taxonomy":"product_tag","embeddable":true,"href":"https:\/\/bbqassad.ee\/en\/wp-json\/wp\/v2\/product_tag?post=8622"}],"curies":[{"name":"wp","href":"https:\/\/api.w.org\/{rel}","templated":true}]}}