{"id":8617,"date":"2022-11-17T07:56:19","date_gmt":"2022-11-17T07:56:19","guid":{"rendered":"https:\/\/bbqassad.ee\/?post_type=product&#038;p=8617"},"modified":"2026-03-31T17:43:31","modified_gmt":"2026-03-31T17:43:31","slug":"blues-hog-smokey-mountain-sauce","status":"publish","type":"product","link":"https:\/\/bbqassad.ee\/en\/toode\/blues-hog-smokey-mountain-sauce\/","title":{"rendered":"Blues Hog Smokey Mountain Sauce"},"content":{"rendered":"<h2 data-start=\"0\" data-end=\"217\"><strong data-start=\"0\" data-end=\"35\">Blues Hog Smokey Mountain Sauce<\/strong><\/h2>\n<p data-start=\"0\" data-end=\"217\">Blues Hog took the Original with all its deep flavors and decided to add something extra. What they added was hickory smoke, making Smokey Mountain exactly what its name suggests.<\/p>\n<h3 data-start=\"219\" data-end=\"436\"><strong data-start=\"219\" data-end=\"240\">BBQ \u00c4ssad comment<\/strong><\/h3>\n<p data-start=\"219\" data-end=\"436\">This sauce is surprising\u2014if you don\u2019t go for purely sweet or extremely spicy, this sauce fits somewhere in between. It\u2019s noticeably richer than all the others we offer, thanks to its smokiness.<\/p>\n<h3 data-start=\"438\" data-end=\"483\"><strong data-start=\"438\" data-end=\"449\">Pro tip<\/strong><\/h3>\n<p data-start=\"438\" data-end=\"483\" data-is-last-node=\"\" data-is-only-node=\"\">A very suitable sauce for beef.<\/p>\n","protected":false},"excerpt":{"rendered":"<p>Blues Hog Smokey Mountain Sauce Blues Hog took the Original with all its deep flavors and decided to add something extra. What they added was hickory smoke, making Smokey Mountain exactly what its name suggests. BBQ \u00c4ssad comment This sauce is surprising\u2014if you don\u2019t go for purely sweet or extremely spicy, this sauce fits somewhere [&#8230;]\n","protected":false},"featured_media":8750,"comment_status":"open","ping_status":"closed","template":"","meta":[],"product_brand":[],"product_cat":[25],"product_tag":[915,912,916,913],"class_list":{"0":"post-8617","1":"product","2":"type-product","3":"status-publish","4":"has-post-thumbnail","6":"product_cat-sauces","7":"product_tag-cattle","8":"product_tag-chicken","9":"product_tag-fish","10":"product_tag-pig","12":"first","13":"instock","14":"taxable","15":"shipping-taxable","16":"purchasable","17":"product-type-simple"},"yoast_head":"<!-- This site is optimized with the Yoast SEO plugin v27.4 - https:\/\/yoast.com\/product\/yoast-seo-wordpress\/ -->\n<title>Blues Hog Smokey Mountain Sauce - BBQ \u00c4ssad<\/title>\n<meta name=\"description\" content=\"Kaste Blues Hog Smokey Mountain - See kaste on \u00fcllatav, kellele ei l\u00e4he peale puhtalt magus v\u00f5i jube v\u00fcrtsikas, siis see kaste istub kuskil seal vahepeal.\" \/>\n<meta name=\"robots\" content=\"index, follow, max-snippet:-1, max-image-preview:large, max-video-preview:-1\" \/>\n<link rel=\"canonical\" href=\"https:\/\/bbqassad.ee\/en\/toode\/blues-hog-smokey-mountain-sauce\/\" \/>\n<meta property=\"og:locale\" content=\"en_US\" \/>\n<meta property=\"og:type\" content=\"article\" \/>\n<meta property=\"og:title\" content=\"Blues Hog Smokey Mountain Sauce - BBQ \u00c4ssad\" \/>\n<meta property=\"og:description\" content=\"Kaste Blues Hog Smokey Mountain - See kaste on \u00fcllatav, kellele ei l\u00e4he peale puhtalt magus v\u00f5i jube v\u00fcrtsikas, siis see kaste istub kuskil seal vahepeal.\" \/>\n<meta property=\"og:url\" content=\"https:\/\/bbqassad.ee\/en\/toode\/blues-hog-smokey-mountain-sauce\/\" \/>\n<meta property=\"og:site_name\" content=\"BBQ \u00c4ssad\" \/>\n<meta property=\"article:publisher\" content=\"https:\/\/www.facebook.com\/bbqassad\" \/>\n<meta property=\"article:modified_time\" content=\"2026-03-31T17:43:31+00:00\" \/>\n<meta property=\"og:image\" content=\"https:\/\/bbqassad.ee\/wp-content\/uploads\/2022\/11\/ezgif.com-gif-maker-1.webp\" \/>\n\t<meta property=\"og:image:width\" content=\"800\" \/>\n\t<meta property=\"og:image:height\" content=\"800\" \/>\n\t<meta property=\"og:image:type\" content=\"image\/webp\" \/>\n<meta name=\"twitter:card\" content=\"summary_large_image\" \/>\n<meta name=\"twitter:label1\" content=\"Est. reading time\" \/>\n\t<meta name=\"twitter:data1\" content=\"1 minute\" \/>\n<script type=\"application\/ld+json\" class=\"yoast-schema-graph\">{\"@context\":\"https:\\\/\\\/schema.org\",\"@graph\":[{\"@type\":\"WebPage\",\"@id\":\"https:\\\/\\\/bbqassad.ee\\\/en\\\/toode\\\/blues-hog-smokey-mountain-sauce\\\/\",\"url\":\"https:\\\/\\\/bbqassad.ee\\\/en\\\/toode\\\/blues-hog-smokey-mountain-sauce\\\/\",\"name\":\"Blues Hog Smokey Mountain Sauce - BBQ \u00c4ssad\",\"isPartOf\":{\"@id\":\"https:\\\/\\\/bbqassad.ee\\\/en\\\/#website\"},\"primaryImageOfPage\":{\"@id\":\"https:\\\/\\\/bbqassad.ee\\\/en\\\/toode\\\/blues-hog-smokey-mountain-sauce\\\/#primaryimage\"},\"image\":{\"@id\":\"https:\\\/\\\/bbqassad.ee\\\/en\\\/toode\\\/blues-hog-smokey-mountain-sauce\\\/#primaryimage\"},\"thumbnailUrl\":\"https:\\\/\\\/bbqassad.ee\\\/wp-content\\\/uploads\\\/2022\\\/11\\\/ezgif.com-gif-maker-1.webp\",\"datePublished\":\"2022-11-17T07:56:19+00:00\",\"dateModified\":\"2026-03-31T17:43:31+00:00\",\"description\":\"Kaste Blues Hog Smokey Mountain - See kaste on \u00fcllatav, kellele ei l\u00e4he peale puhtalt magus v\u00f5i jube v\u00fcrtsikas, siis see kaste istub kuskil seal vahepeal.\",\"breadcrumb\":{\"@id\":\"https:\\\/\\\/bbqassad.ee\\\/en\\\/toode\\\/blues-hog-smokey-mountain-sauce\\\/#breadcrumb\"},\"inLanguage\":\"en-US\",\"potentialAction\":[{\"@type\":\"ReadAction\",\"target\":[\"https:\\\/\\\/bbqassad.ee\\\/en\\\/toode\\\/blues-hog-smokey-mountain-sauce\\\/\"]}]},{\"@type\":\"ImageObject\",\"inLanguage\":\"en-US\",\"@id\":\"https:\\\/\\\/bbqassad.ee\\\/en\\\/toode\\\/blues-hog-smokey-mountain-sauce\\\/#primaryimage\",\"url\":\"https:\\\/\\\/bbqassad.ee\\\/wp-content\\\/uploads\\\/2022\\\/11\\\/ezgif.com-gif-maker-1.webp\",\"contentUrl\":\"https:\\\/\\\/bbqassad.ee\\\/wp-content\\\/uploads\\\/2022\\\/11\\\/ezgif.com-gif-maker-1.webp\",\"width\":800,\"height\":800,\"caption\":\"Kaste Blues Hog Smokey Mountain\"},{\"@type\":\"BreadcrumbList\",\"@id\":\"https:\\\/\\\/bbqassad.ee\\\/en\\\/toode\\\/blues-hog-smokey-mountain-sauce\\\/#breadcrumb\",\"itemListElement\":[{\"@type\":\"ListItem\",\"position\":1,\"name\":\"Home\",\"item\":\"https:\\\/\\\/bbqassad.ee\\\/en\\\/\"},{\"@type\":\"ListItem\",\"position\":2,\"name\":\"Shop\",\"item\":\"https:\\\/\\\/bbqassad.ee\\\/en\\\/shop\\\/\"},{\"@type\":\"ListItem\",\"position\":3,\"name\":\"Blues Hog Smokey Mountain Sauce\"}]},{\"@type\":\"WebSite\",\"@id\":\"https:\\\/\\\/bbqassad.ee\\\/en\\\/#website\",\"url\":\"https:\\\/\\\/bbqassad.ee\\\/en\\\/\",\"name\":\"BBQ \u00c4ssad\",\"description\":\"BBQ maitseained, kastmed, ahjud\",\"publisher\":{\"@id\":\"https:\\\/\\\/bbqassad.ee\\\/en\\\/#organization\"},\"potentialAction\":[{\"@type\":\"SearchAction\",\"target\":{\"@type\":\"EntryPoint\",\"urlTemplate\":\"https:\\\/\\\/bbqassad.ee\\\/en\\\/?s={search_term_string}\"},\"query-input\":{\"@type\":\"PropertyValueSpecification\",\"valueRequired\":true,\"valueName\":\"search_term_string\"}}],\"inLanguage\":\"en-US\"},{\"@type\":\"Organization\",\"@id\":\"https:\\\/\\\/bbqassad.ee\\\/en\\\/#organization\",\"name\":\"BBQ \u00c4ssad\",\"url\":\"https:\\\/\\\/bbqassad.ee\\\/en\\\/\",\"logo\":{\"@type\":\"ImageObject\",\"inLanguage\":\"en-US\",\"@id\":\"https:\\\/\\\/bbqassad.ee\\\/en\\\/#\\\/schema\\\/logo\\\/image\\\/\",\"url\":\"https:\\\/\\\/bbqassad.ee\\\/wp-content\\\/uploads\\\/2022\\\/10\\\/BBQ-2ssadlogo.png\",\"contentUrl\":\"https:\\\/\\\/bbqassad.ee\\\/wp-content\\\/uploads\\\/2022\\\/10\\\/BBQ-2ssadlogo.png\",\"width\":1080,\"height\":1080,\"caption\":\"BBQ \u00c4ssad\"},\"image\":{\"@id\":\"https:\\\/\\\/bbqassad.ee\\\/en\\\/#\\\/schema\\\/logo\\\/image\\\/\"},\"sameAs\":[\"https:\\\/\\\/www.facebook.com\\\/bbqassad\",\"https:\\\/\\\/www.youtube.com\\\/channel\\\/UCsoufn49J6TVi9Ah9meE93w\"]}]}<\/script>\n<!-- \/ Yoast SEO plugin. -->","yoast_head_json":{"title":"Blues Hog Smokey Mountain Sauce - BBQ \u00c4ssad","description":"Kaste Blues Hog Smokey Mountain - See kaste on \u00fcllatav, kellele ei l\u00e4he peale puhtalt magus v\u00f5i jube v\u00fcrtsikas, siis see kaste istub kuskil seal vahepeal.","robots":{"index":"index","follow":"follow","max-snippet":"max-snippet:-1","max-image-preview":"max-image-preview:large","max-video-preview":"max-video-preview:-1"},"canonical":"https:\/\/bbqassad.ee\/en\/toode\/blues-hog-smokey-mountain-sauce\/","og_locale":"en_US","og_type":"article","og_title":"Blues Hog Smokey Mountain Sauce - BBQ \u00c4ssad","og_description":"Kaste Blues Hog Smokey Mountain - See kaste on \u00fcllatav, kellele ei l\u00e4he peale puhtalt magus v\u00f5i jube v\u00fcrtsikas, siis see kaste istub kuskil seal vahepeal.","og_url":"https:\/\/bbqassad.ee\/en\/toode\/blues-hog-smokey-mountain-sauce\/","og_site_name":"BBQ \u00c4ssad","article_publisher":"https:\/\/www.facebook.com\/bbqassad","article_modified_time":"2026-03-31T17:43:31+00:00","og_image":[{"width":800,"height":800,"url":"https:\/\/bbqassad.ee\/wp-content\/uploads\/2022\/11\/ezgif.com-gif-maker-1.webp","type":"image\/webp"}],"twitter_card":"summary_large_image","twitter_misc":{"Est. reading time":"1 minute"},"schema":{"@context":"https:\/\/schema.org","@graph":[{"@type":"WebPage","@id":"https:\/\/bbqassad.ee\/en\/toode\/blues-hog-smokey-mountain-sauce\/","url":"https:\/\/bbqassad.ee\/en\/toode\/blues-hog-smokey-mountain-sauce\/","name":"Blues Hog Smokey Mountain Sauce - BBQ \u00c4ssad","isPartOf":{"@id":"https:\/\/bbqassad.ee\/en\/#website"},"primaryImageOfPage":{"@id":"https:\/\/bbqassad.ee\/en\/toode\/blues-hog-smokey-mountain-sauce\/#primaryimage"},"image":{"@id":"https:\/\/bbqassad.ee\/en\/toode\/blues-hog-smokey-mountain-sauce\/#primaryimage"},"thumbnailUrl":"https:\/\/bbqassad.ee\/wp-content\/uploads\/2022\/11\/ezgif.com-gif-maker-1.webp","datePublished":"2022-11-17T07:56:19+00:00","dateModified":"2026-03-31T17:43:31+00:00","description":"Kaste Blues Hog Smokey Mountain - See kaste on \u00fcllatav, kellele ei l\u00e4he peale puhtalt magus v\u00f5i jube v\u00fcrtsikas, siis see kaste istub kuskil seal vahepeal.","breadcrumb":{"@id":"https:\/\/bbqassad.ee\/en\/toode\/blues-hog-smokey-mountain-sauce\/#breadcrumb"},"inLanguage":"en-US","potentialAction":[{"@type":"ReadAction","target":["https:\/\/bbqassad.ee\/en\/toode\/blues-hog-smokey-mountain-sauce\/"]}]},{"@type":"ImageObject","inLanguage":"en-US","@id":"https:\/\/bbqassad.ee\/en\/toode\/blues-hog-smokey-mountain-sauce\/#primaryimage","url":"https:\/\/bbqassad.ee\/wp-content\/uploads\/2022\/11\/ezgif.com-gif-maker-1.webp","contentUrl":"https:\/\/bbqassad.ee\/wp-content\/uploads\/2022\/11\/ezgif.com-gif-maker-1.webp","width":800,"height":800,"caption":"Kaste Blues Hog Smokey Mountain"},{"@type":"BreadcrumbList","@id":"https:\/\/bbqassad.ee\/en\/toode\/blues-hog-smokey-mountain-sauce\/#breadcrumb","itemListElement":[{"@type":"ListItem","position":1,"name":"Home","item":"https:\/\/bbqassad.ee\/en\/"},{"@type":"ListItem","position":2,"name":"Shop","item":"https:\/\/bbqassad.ee\/en\/shop\/"},{"@type":"ListItem","position":3,"name":"Blues Hog Smokey Mountain Sauce"}]},{"@type":"WebSite","@id":"https:\/\/bbqassad.ee\/en\/#website","url":"https:\/\/bbqassad.ee\/en\/","name":"BBQ \u00c4ssad","description":"BBQ maitseained, kastmed, ahjud","publisher":{"@id":"https:\/\/bbqassad.ee\/en\/#organization"},"potentialAction":[{"@type":"SearchAction","target":{"@type":"EntryPoint","urlTemplate":"https:\/\/bbqassad.ee\/en\/?s={search_term_string}"},"query-input":{"@type":"PropertyValueSpecification","valueRequired":true,"valueName":"search_term_string"}}],"inLanguage":"en-US"},{"@type":"Organization","@id":"https:\/\/bbqassad.ee\/en\/#organization","name":"BBQ \u00c4ssad","url":"https:\/\/bbqassad.ee\/en\/","logo":{"@type":"ImageObject","inLanguage":"en-US","@id":"https:\/\/bbqassad.ee\/en\/#\/schema\/logo\/image\/","url":"https:\/\/bbqassad.ee\/wp-content\/uploads\/2022\/10\/BBQ-2ssadlogo.png","contentUrl":"https:\/\/bbqassad.ee\/wp-content\/uploads\/2022\/10\/BBQ-2ssadlogo.png","width":1080,"height":1080,"caption":"BBQ \u00c4ssad"},"image":{"@id":"https:\/\/bbqassad.ee\/en\/#\/schema\/logo\/image\/"},"sameAs":["https:\/\/www.facebook.com\/bbqassad","https:\/\/www.youtube.com\/channel\/UCsoufn49J6TVi9Ah9meE93w"]}]}},"_links":{"self":[{"href":"https:\/\/bbqassad.ee\/en\/wp-json\/wp\/v2\/product\/8617","targetHints":{"allow":["GET"]}}],"collection":[{"href":"https:\/\/bbqassad.ee\/en\/wp-json\/wp\/v2\/product"}],"about":[{"href":"https:\/\/bbqassad.ee\/en\/wp-json\/wp\/v2\/types\/product"}],"replies":[{"embeddable":true,"href":"https:\/\/bbqassad.ee\/en\/wp-json\/wp\/v2\/comments?post=8617"}],"wp:featuredmedia":[{"embeddable":true,"href":"https:\/\/bbqassad.ee\/en\/wp-json\/wp\/v2\/media\/8750"}],"wp:attachment":[{"href":"https:\/\/bbqassad.ee\/en\/wp-json\/wp\/v2\/media?parent=8617"}],"wp:term":[{"taxonomy":"product_brand","embeddable":true,"href":"https:\/\/bbqassad.ee\/en\/wp-json\/wp\/v2\/product_brand?post=8617"},{"taxonomy":"product_cat","embeddable":true,"href":"https:\/\/bbqassad.ee\/en\/wp-json\/wp\/v2\/product_cat?post=8617"},{"taxonomy":"product_tag","embeddable":true,"href":"https:\/\/bbqassad.ee\/en\/wp-json\/wp\/v2\/product_tag?post=8617"}],"curies":[{"name":"wp","href":"https:\/\/api.w.org\/{rel}","templated":true}]}}