{"id":8616,"date":"2022-11-16T21:04:34","date_gmt":"2022-11-16T21:04:34","guid":{"rendered":"https:\/\/bbqassad.ee\/?post_type=product&#038;p=8616"},"modified":"2025-07-01T19:04:28","modified_gmt":"2025-07-01T19:04:28","slug":"seasoning-blend-southern-dutch-bbq-finishing-dust","status":"publish","type":"product","link":"https:\/\/bbqassad.ee\/en\/toode\/seasoning-blend-southern-dutch-bbq-finishing-dust\/","title":{"rendered":"Seasoning blend Southern Dutch BBQ Finishing Dust"},"content":{"rendered":"<h2 data-start=\"0\" data-end=\"396\"><strong data-start=\"0\" data-end=\"53\">Seasoning blend Southern Dutch BBQ Finishing Dust<\/strong><\/h2>\n<p data-start=\"0\" data-end=\"396\">Southern Dutch is the most successful BBQ team in Europe in recent years. They mainly use their own seasonings and have now started selling them to others. Finishing Dust, as the name suggests, is something you sprinkle on after the meat is done cooking, adding saltiness. The blend is finely ground enough to melt quickly on finished meat.<\/p>\n<h3 data-start=\"398\" data-end=\"601\"><strong data-start=\"398\" data-end=\"419\">BBQ \u00c4ssad comment<\/strong><\/h3>\n<p data-start=\"398\" data-end=\"601\">Southern Dutch BBQ Finishing Dust is the kind of blend that fixes everything you might have messed up before. It\u2019s nicely salty and takes your flavor profile to a whole new level.<\/p>\n<h3 data-start=\"603\" data-end=\"710\"><strong data-start=\"603\" data-end=\"614\">Pro tip<\/strong><\/h3>\n<p data-start=\"603\" data-end=\"710\" data-is-last-node=\"\" data-is-only-node=\"\">Don\u2019t just sprinkle it on a big chunk\u2014slice the meat and gently season each piece separately.<\/p>\n","protected":false},"excerpt":{"rendered":"<p>Seasoning blend Southern Dutch BBQ Finishing Dust Southern Dutch is the most successful BBQ team in Europe in recent years. They mainly use their own seasonings and have now started selling them to others. Finishing Dust, as the name suggests, is something you sprinkle on after the meat is done cooking, adding saltiness. The blend [&#8230;]\n","protected":false},"featured_media":341,"comment_status":"open","ping_status":"closed","template":"","meta":[],"product_brand":[],"product_cat":[15],"product_tag":[915,912,916,913],"class_list":{"0":"post-8616","1":"product","2":"type-product","3":"status-publish","4":"has-post-thumbnail","6":"product_cat-spices","7":"product_tag-cattle","8":"product_tag-chicken","9":"product_tag-fish","10":"product_tag-pig","12":"first","13":"outofstock","14":"taxable","15":"shipping-taxable","16":"purchasable","17":"product-type-simple"},"yoast_head":"<!-- This site is optimized with the Yoast SEO plugin v27.4 - https:\/\/yoast.com\/product\/yoast-seo-wordpress\/ -->\n<title>Seasoning blend Southern Dutch BBQ Finishing Dust - BBQ \u00c4ssad<\/title>\n<meta name=\"description\" content=\"Maitseainesegu Southern Dutch BBQ Finishing Dust - on m\u00f5nusalt soolane ja t\u00f5stab su maitseprofiilid hoopis teise kohta.\u00a0Sulab valmis lihal ruttu.\u00a0\" \/>\n<meta name=\"robots\" content=\"index, follow, max-snippet:-1, max-image-preview:large, max-video-preview:-1\" \/>\n<link rel=\"canonical\" href=\"https:\/\/bbqassad.ee\/en\/toode\/seasoning-blend-southern-dutch-bbq-finishing-dust\/\" \/>\n<meta property=\"og:locale\" content=\"en_US\" \/>\n<meta property=\"og:type\" content=\"article\" \/>\n<meta property=\"og:title\" content=\"Seasoning blend Southern Dutch BBQ Finishing Dust - BBQ \u00c4ssad\" \/>\n<meta property=\"og:description\" content=\"Maitseainesegu Southern Dutch BBQ Finishing Dust - on m\u00f5nusalt soolane ja t\u00f5stab su maitseprofiilid hoopis teise kohta.\u00a0Sulab valmis lihal ruttu.\u00a0\" \/>\n<meta property=\"og:url\" content=\"https:\/\/bbqassad.ee\/en\/toode\/seasoning-blend-southern-dutch-bbq-finishing-dust\/\" \/>\n<meta property=\"og:site_name\" content=\"BBQ \u00c4ssad\" \/>\n<meta property=\"article:publisher\" content=\"https:\/\/www.facebook.com\/bbqassad\" \/>\n<meta property=\"article:modified_time\" content=\"2025-07-01T19:04:28+00:00\" \/>\n<meta property=\"og:image\" content=\"https:\/\/bbqassad.ee\/wp-content\/uploads\/2022\/11\/BBQAssad-Finishing-dust-SD.webp\" \/>\n\t<meta property=\"og:image:width\" content=\"800\" \/>\n\t<meta property=\"og:image:height\" content=\"800\" \/>\n\t<meta property=\"og:image:type\" content=\"image\/webp\" \/>\n<meta name=\"twitter:card\" content=\"summary_large_image\" \/>\n<meta name=\"twitter:label1\" content=\"Est. reading time\" \/>\n\t<meta name=\"twitter:data1\" content=\"1 minute\" \/>\n<script type=\"application\/ld+json\" class=\"yoast-schema-graph\">{\"@context\":\"https:\\\/\\\/schema.org\",\"@graph\":[{\"@type\":\"WebPage\",\"@id\":\"https:\\\/\\\/bbqassad.ee\\\/en\\\/toode\\\/seasoning-blend-southern-dutch-bbq-finishing-dust\\\/\",\"url\":\"https:\\\/\\\/bbqassad.ee\\\/en\\\/toode\\\/seasoning-blend-southern-dutch-bbq-finishing-dust\\\/\",\"name\":\"Seasoning blend Southern Dutch BBQ Finishing Dust - BBQ \u00c4ssad\",\"isPartOf\":{\"@id\":\"https:\\\/\\\/bbqassad.ee\\\/en\\\/#website\"},\"primaryImageOfPage\":{\"@id\":\"https:\\\/\\\/bbqassad.ee\\\/en\\\/toode\\\/seasoning-blend-southern-dutch-bbq-finishing-dust\\\/#primaryimage\"},\"image\":{\"@id\":\"https:\\\/\\\/bbqassad.ee\\\/en\\\/toode\\\/seasoning-blend-southern-dutch-bbq-finishing-dust\\\/#primaryimage\"},\"thumbnailUrl\":\"https:\\\/\\\/bbqassad.ee\\\/wp-content\\\/uploads\\\/2022\\\/11\\\/BBQAssad-Finishing-dust-SD.webp\",\"datePublished\":\"2022-11-16T21:04:34+00:00\",\"dateModified\":\"2025-07-01T19:04:28+00:00\",\"description\":\"Maitseainesegu Southern Dutch BBQ Finishing Dust - on m\u00f5nusalt soolane ja t\u00f5stab su maitseprofiilid hoopis teise kohta.\u00a0Sulab valmis lihal ruttu.\u00a0\",\"breadcrumb\":{\"@id\":\"https:\\\/\\\/bbqassad.ee\\\/en\\\/toode\\\/seasoning-blend-southern-dutch-bbq-finishing-dust\\\/#breadcrumb\"},\"inLanguage\":\"en-US\",\"potentialAction\":[{\"@type\":\"ReadAction\",\"target\":[\"https:\\\/\\\/bbqassad.ee\\\/en\\\/toode\\\/seasoning-blend-southern-dutch-bbq-finishing-dust\\\/\"]}]},{\"@type\":\"ImageObject\",\"inLanguage\":\"en-US\",\"@id\":\"https:\\\/\\\/bbqassad.ee\\\/en\\\/toode\\\/seasoning-blend-southern-dutch-bbq-finishing-dust\\\/#primaryimage\",\"url\":\"https:\\\/\\\/bbqassad.ee\\\/wp-content\\\/uploads\\\/2022\\\/11\\\/BBQAssad-Finishing-dust-SD.webp\",\"contentUrl\":\"https:\\\/\\\/bbqassad.ee\\\/wp-content\\\/uploads\\\/2022\\\/11\\\/BBQAssad-Finishing-dust-SD.webp\",\"width\":800,\"height\":800,\"caption\":\"Maitseainesegu Southern Dutch BBQ Finishing Dust\"},{\"@type\":\"BreadcrumbList\",\"@id\":\"https:\\\/\\\/bbqassad.ee\\\/en\\\/toode\\\/seasoning-blend-southern-dutch-bbq-finishing-dust\\\/#breadcrumb\",\"itemListElement\":[{\"@type\":\"ListItem\",\"position\":1,\"name\":\"Home\",\"item\":\"https:\\\/\\\/bbqassad.ee\\\/en\\\/\"},{\"@type\":\"ListItem\",\"position\":2,\"name\":\"Shop\",\"item\":\"https:\\\/\\\/bbqassad.ee\\\/en\\\/shop\\\/\"},{\"@type\":\"ListItem\",\"position\":3,\"name\":\"Seasoning blend Southern Dutch BBQ Finishing Dust\"}]},{\"@type\":\"WebSite\",\"@id\":\"https:\\\/\\\/bbqassad.ee\\\/en\\\/#website\",\"url\":\"https:\\\/\\\/bbqassad.ee\\\/en\\\/\",\"name\":\"BBQ \u00c4ssad\",\"description\":\"BBQ maitseained, kastmed, ahjud\",\"publisher\":{\"@id\":\"https:\\\/\\\/bbqassad.ee\\\/en\\\/#organization\"},\"potentialAction\":[{\"@type\":\"SearchAction\",\"target\":{\"@type\":\"EntryPoint\",\"urlTemplate\":\"https:\\\/\\\/bbqassad.ee\\\/en\\\/?s={search_term_string}\"},\"query-input\":{\"@type\":\"PropertyValueSpecification\",\"valueRequired\":true,\"valueName\":\"search_term_string\"}}],\"inLanguage\":\"en-US\"},{\"@type\":\"Organization\",\"@id\":\"https:\\\/\\\/bbqassad.ee\\\/en\\\/#organization\",\"name\":\"BBQ \u00c4ssad\",\"url\":\"https:\\\/\\\/bbqassad.ee\\\/en\\\/\",\"logo\":{\"@type\":\"ImageObject\",\"inLanguage\":\"en-US\",\"@id\":\"https:\\\/\\\/bbqassad.ee\\\/en\\\/#\\\/schema\\\/logo\\\/image\\\/\",\"url\":\"https:\\\/\\\/bbqassad.ee\\\/wp-content\\\/uploads\\\/2022\\\/10\\\/BBQ-2ssadlogo.png\",\"contentUrl\":\"https:\\\/\\\/bbqassad.ee\\\/wp-content\\\/uploads\\\/2022\\\/10\\\/BBQ-2ssadlogo.png\",\"width\":1080,\"height\":1080,\"caption\":\"BBQ \u00c4ssad\"},\"image\":{\"@id\":\"https:\\\/\\\/bbqassad.ee\\\/en\\\/#\\\/schema\\\/logo\\\/image\\\/\"},\"sameAs\":[\"https:\\\/\\\/www.facebook.com\\\/bbqassad\",\"https:\\\/\\\/www.youtube.com\\\/channel\\\/UCsoufn49J6TVi9Ah9meE93w\"]}]}<\/script>\n<!-- \/ Yoast SEO plugin. -->","yoast_head_json":{"title":"Seasoning blend Southern Dutch BBQ Finishing Dust - BBQ \u00c4ssad","description":"Maitseainesegu Southern Dutch BBQ Finishing Dust - on m\u00f5nusalt soolane ja t\u00f5stab su maitseprofiilid hoopis teise kohta.\u00a0Sulab valmis lihal ruttu.\u00a0","robots":{"index":"index","follow":"follow","max-snippet":"max-snippet:-1","max-image-preview":"max-image-preview:large","max-video-preview":"max-video-preview:-1"},"canonical":"https:\/\/bbqassad.ee\/en\/toode\/seasoning-blend-southern-dutch-bbq-finishing-dust\/","og_locale":"en_US","og_type":"article","og_title":"Seasoning blend Southern Dutch BBQ Finishing Dust - BBQ \u00c4ssad","og_description":"Maitseainesegu Southern Dutch BBQ Finishing Dust - on m\u00f5nusalt soolane ja t\u00f5stab su maitseprofiilid hoopis teise kohta.\u00a0Sulab valmis lihal ruttu.\u00a0","og_url":"https:\/\/bbqassad.ee\/en\/toode\/seasoning-blend-southern-dutch-bbq-finishing-dust\/","og_site_name":"BBQ \u00c4ssad","article_publisher":"https:\/\/www.facebook.com\/bbqassad","article_modified_time":"2025-07-01T19:04:28+00:00","og_image":[{"width":800,"height":800,"url":"https:\/\/bbqassad.ee\/wp-content\/uploads\/2022\/11\/BBQAssad-Finishing-dust-SD.webp","type":"image\/webp"}],"twitter_card":"summary_large_image","twitter_misc":{"Est. reading time":"1 minute"},"schema":{"@context":"https:\/\/schema.org","@graph":[{"@type":"WebPage","@id":"https:\/\/bbqassad.ee\/en\/toode\/seasoning-blend-southern-dutch-bbq-finishing-dust\/","url":"https:\/\/bbqassad.ee\/en\/toode\/seasoning-blend-southern-dutch-bbq-finishing-dust\/","name":"Seasoning blend Southern Dutch BBQ Finishing Dust - BBQ \u00c4ssad","isPartOf":{"@id":"https:\/\/bbqassad.ee\/en\/#website"},"primaryImageOfPage":{"@id":"https:\/\/bbqassad.ee\/en\/toode\/seasoning-blend-southern-dutch-bbq-finishing-dust\/#primaryimage"},"image":{"@id":"https:\/\/bbqassad.ee\/en\/toode\/seasoning-blend-southern-dutch-bbq-finishing-dust\/#primaryimage"},"thumbnailUrl":"https:\/\/bbqassad.ee\/wp-content\/uploads\/2022\/11\/BBQAssad-Finishing-dust-SD.webp","datePublished":"2022-11-16T21:04:34+00:00","dateModified":"2025-07-01T19:04:28+00:00","description":"Maitseainesegu Southern Dutch BBQ Finishing Dust - on m\u00f5nusalt soolane ja t\u00f5stab su maitseprofiilid hoopis teise kohta.\u00a0Sulab valmis lihal ruttu.\u00a0","breadcrumb":{"@id":"https:\/\/bbqassad.ee\/en\/toode\/seasoning-blend-southern-dutch-bbq-finishing-dust\/#breadcrumb"},"inLanguage":"en-US","potentialAction":[{"@type":"ReadAction","target":["https:\/\/bbqassad.ee\/en\/toode\/seasoning-blend-southern-dutch-bbq-finishing-dust\/"]}]},{"@type":"ImageObject","inLanguage":"en-US","@id":"https:\/\/bbqassad.ee\/en\/toode\/seasoning-blend-southern-dutch-bbq-finishing-dust\/#primaryimage","url":"https:\/\/bbqassad.ee\/wp-content\/uploads\/2022\/11\/BBQAssad-Finishing-dust-SD.webp","contentUrl":"https:\/\/bbqassad.ee\/wp-content\/uploads\/2022\/11\/BBQAssad-Finishing-dust-SD.webp","width":800,"height":800,"caption":"Maitseainesegu Southern Dutch BBQ Finishing Dust"},{"@type":"BreadcrumbList","@id":"https:\/\/bbqassad.ee\/en\/toode\/seasoning-blend-southern-dutch-bbq-finishing-dust\/#breadcrumb","itemListElement":[{"@type":"ListItem","position":1,"name":"Home","item":"https:\/\/bbqassad.ee\/en\/"},{"@type":"ListItem","position":2,"name":"Shop","item":"https:\/\/bbqassad.ee\/en\/shop\/"},{"@type":"ListItem","position":3,"name":"Seasoning blend Southern Dutch BBQ Finishing Dust"}]},{"@type":"WebSite","@id":"https:\/\/bbqassad.ee\/en\/#website","url":"https:\/\/bbqassad.ee\/en\/","name":"BBQ \u00c4ssad","description":"BBQ maitseained, kastmed, ahjud","publisher":{"@id":"https:\/\/bbqassad.ee\/en\/#organization"},"potentialAction":[{"@type":"SearchAction","target":{"@type":"EntryPoint","urlTemplate":"https:\/\/bbqassad.ee\/en\/?s={search_term_string}"},"query-input":{"@type":"PropertyValueSpecification","valueRequired":true,"valueName":"search_term_string"}}],"inLanguage":"en-US"},{"@type":"Organization","@id":"https:\/\/bbqassad.ee\/en\/#organization","name":"BBQ \u00c4ssad","url":"https:\/\/bbqassad.ee\/en\/","logo":{"@type":"ImageObject","inLanguage":"en-US","@id":"https:\/\/bbqassad.ee\/en\/#\/schema\/logo\/image\/","url":"https:\/\/bbqassad.ee\/wp-content\/uploads\/2022\/10\/BBQ-2ssadlogo.png","contentUrl":"https:\/\/bbqassad.ee\/wp-content\/uploads\/2022\/10\/BBQ-2ssadlogo.png","width":1080,"height":1080,"caption":"BBQ \u00c4ssad"},"image":{"@id":"https:\/\/bbqassad.ee\/en\/#\/schema\/logo\/image\/"},"sameAs":["https:\/\/www.facebook.com\/bbqassad","https:\/\/www.youtube.com\/channel\/UCsoufn49J6TVi9Ah9meE93w"]}]}},"_links":{"self":[{"href":"https:\/\/bbqassad.ee\/en\/wp-json\/wp\/v2\/product\/8616","targetHints":{"allow":["GET"]}}],"collection":[{"href":"https:\/\/bbqassad.ee\/en\/wp-json\/wp\/v2\/product"}],"about":[{"href":"https:\/\/bbqassad.ee\/en\/wp-json\/wp\/v2\/types\/product"}],"replies":[{"embeddable":true,"href":"https:\/\/bbqassad.ee\/en\/wp-json\/wp\/v2\/comments?post=8616"}],"wp:featuredmedia":[{"embeddable":true,"href":"https:\/\/bbqassad.ee\/en\/wp-json\/wp\/v2\/media\/341"}],"wp:attachment":[{"href":"https:\/\/bbqassad.ee\/en\/wp-json\/wp\/v2\/media?parent=8616"}],"wp:term":[{"taxonomy":"product_brand","embeddable":true,"href":"https:\/\/bbqassad.ee\/en\/wp-json\/wp\/v2\/product_brand?post=8616"},{"taxonomy":"product_cat","embeddable":true,"href":"https:\/\/bbqassad.ee\/en\/wp-json\/wp\/v2\/product_cat?post=8616"},{"taxonomy":"product_tag","embeddable":true,"href":"https:\/\/bbqassad.ee\/en\/wp-json\/wp\/v2\/product_tag?post=8616"}],"curies":[{"name":"wp","href":"https:\/\/api.w.org\/{rel}","templated":true}]}}