{"id":8613,"date":"2022-12-07T16:37:40","date_gmt":"2022-12-07T16:37:40","guid":{"rendered":"https:\/\/bbqassad.ee\/?post_type=product&#038;p=8613"},"modified":"2026-03-31T17:32:39","modified_gmt":"2026-03-31T17:32:39","slug":"seasoning-blend-meat-church-the-gospel","status":"publish","type":"product","link":"https:\/\/bbqassad.ee\/en\/toode\/seasoning-blend-meat-church-the-gospel\/","title":{"rendered":"Seasoning Blend Meat Church The Gospel"},"content":{"rendered":"<h2 data-start=\"0\" data-end=\"30\"><strong data-start=\"0\" data-end=\"30\">Seasoning blend The Gospel<\/strong><\/h2>\n<p data-start=\"32\" data-end=\"163\">Seasoning blend Meat Church The Gospel \u2013 This is Meat Church\u2019s AP, or all-purpose blend, meaning it\u2019s good on everything. It works!<\/p>\n<h3 data-start=\"165\" data-end=\"186\"><strong data-start=\"165\" data-end=\"186\">BBQ \u00c4ssad comment<\/strong><\/h3>\n<p data-start=\"188\" data-end=\"302\">It\u2019s more of a salt-based rub that you can truly put on anything, just be careful \u2014 it has a noticeable saltiness.<\/p>\n<h3 data-start=\"304\" data-end=\"315\"><strong data-start=\"304\" data-end=\"315\">Pro tip<\/strong><\/h3>\n<p data-start=\"317\" data-end=\"363\" data-is-last-node=\"\" data-is-only-node=\"\">Don\u2019t be afraid to use this rub on vegetables.<\/p>\n","protected":false},"excerpt":{"rendered":"<p>Seasoning blend The Gospel Seasoning blend Meat Church The Gospel \u2013 This is Meat Church\u2019s AP, or all-purpose blend, meaning it\u2019s good on everything. It works! BBQ \u00c4ssad comment It\u2019s more of a salt-based rub that you can truly put on anything, just be careful \u2014 it has a noticeable saltiness. Pro tip Don\u2019t be [&#8230;]\n","protected":false},"featured_media":8782,"comment_status":"open","ping_status":"closed","template":"","meta":[],"product_brand":[],"product_cat":[15],"product_tag":[124],"class_list":{"0":"post-8613","1":"product","2":"type-product","3":"status-publish","4":"has-post-thumbnail","6":"product_cat-spices","7":"product_tag-veis-et","9":"first","10":"instock","11":"taxable","12":"shipping-taxable","13":"purchasable","14":"product-type-simple"},"yoast_head":"<!-- This site is optimized with the Yoast SEO plugin v27.1.1 - https:\/\/yoast.com\/product\/yoast-seo-wordpress\/ -->\n<title>Seasoning Blend Meat Church The Gospel - BBQ \u00c4ssad<\/title>\n<meta name=\"description\" content=\"Maitseainesegu Meat Church The Gospel - See on Meat Churchi AP ehk all purpose segu ehk asi mis k\u00f5lbab panna k\u00f5igele. V\u00e4lja tuli!\" \/>\n<meta name=\"robots\" content=\"index, follow, max-snippet:-1, max-image-preview:large, max-video-preview:-1\" \/>\n<link rel=\"canonical\" href=\"https:\/\/bbqassad.ee\/en\/toode\/seasoning-blend-meat-church-the-gospel\/\" \/>\n<meta property=\"og:locale\" content=\"en_US\" \/>\n<meta property=\"og:type\" content=\"article\" \/>\n<meta property=\"og:title\" content=\"Seasoning Blend Meat Church The Gospel - BBQ \u00c4ssad\" \/>\n<meta property=\"og:description\" content=\"Maitseainesegu Meat Church The Gospel - See on Meat Churchi AP ehk all purpose segu ehk asi mis k\u00f5lbab panna k\u00f5igele. V\u00e4lja tuli!\" \/>\n<meta property=\"og:url\" content=\"https:\/\/bbqassad.ee\/en\/toode\/seasoning-blend-meat-church-the-gospel\/\" \/>\n<meta property=\"og:site_name\" content=\"BBQ \u00c4ssad\" \/>\n<meta property=\"article:publisher\" content=\"https:\/\/www.facebook.com\/bbqassad\" \/>\n<meta property=\"article:modified_time\" content=\"2026-03-31T17:32:39+00:00\" \/>\n<meta property=\"og:image\" content=\"https:\/\/bbqassad.ee\/wp-content\/uploads\/2022\/12\/the-gospel.webp\" \/>\n\t<meta property=\"og:image:width\" content=\"800\" \/>\n\t<meta property=\"og:image:height\" content=\"800\" \/>\n\t<meta property=\"og:image:type\" content=\"image\/webp\" \/>\n<meta name=\"twitter:card\" content=\"summary_large_image\" \/>\n<meta name=\"twitter:label1\" content=\"Est. reading time\" \/>\n\t<meta name=\"twitter:data1\" content=\"1 minute\" \/>\n<script type=\"application\/ld+json\" class=\"yoast-schema-graph\">{\"@context\":\"https:\/\/schema.org\",\"@graph\":[{\"@type\":\"WebPage\",\"@id\":\"https:\/\/bbqassad.ee\/en\/toode\/seasoning-blend-meat-church-the-gospel\/\",\"url\":\"https:\/\/bbqassad.ee\/en\/toode\/seasoning-blend-meat-church-the-gospel\/\",\"name\":\"Seasoning Blend Meat Church The Gospel - BBQ \u00c4ssad\",\"isPartOf\":{\"@id\":\"https:\/\/bbqassad.ee\/en\/#website\"},\"primaryImageOfPage\":{\"@id\":\"https:\/\/bbqassad.ee\/en\/toode\/seasoning-blend-meat-church-the-gospel\/#primaryimage\"},\"image\":{\"@id\":\"https:\/\/bbqassad.ee\/en\/toode\/seasoning-blend-meat-church-the-gospel\/#primaryimage\"},\"thumbnailUrl\":\"https:\/\/bbqassad.ee\/wp-content\/uploads\/2022\/12\/the-gospel.webp\",\"datePublished\":\"2022-12-07T16:37:40+00:00\",\"dateModified\":\"2026-03-31T17:32:39+00:00\",\"description\":\"Maitseainesegu Meat Church The Gospel - See on Meat Churchi AP ehk all purpose segu ehk asi mis k\u00f5lbab panna k\u00f5igele. V\u00e4lja tuli!\",\"breadcrumb\":{\"@id\":\"https:\/\/bbqassad.ee\/en\/toode\/seasoning-blend-meat-church-the-gospel\/#breadcrumb\"},\"inLanguage\":\"en-US\",\"potentialAction\":[{\"@type\":\"ReadAction\",\"target\":[\"https:\/\/bbqassad.ee\/en\/toode\/seasoning-blend-meat-church-the-gospel\/\"]}]},{\"@type\":\"ImageObject\",\"inLanguage\":\"en-US\",\"@id\":\"https:\/\/bbqassad.ee\/en\/toode\/seasoning-blend-meat-church-the-gospel\/#primaryimage\",\"url\":\"https:\/\/bbqassad.ee\/wp-content\/uploads\/2022\/12\/the-gospel.webp\",\"contentUrl\":\"https:\/\/bbqassad.ee\/wp-content\/uploads\/2022\/12\/the-gospel.webp\",\"width\":800,\"height\":800,\"caption\":\"Maitseainesegu Meat Church The Gospel\"},{\"@type\":\"BreadcrumbList\",\"@id\":\"https:\/\/bbqassad.ee\/en\/toode\/seasoning-blend-meat-church-the-gospel\/#breadcrumb\",\"itemListElement\":[{\"@type\":\"ListItem\",\"position\":1,\"name\":\"Home\",\"item\":\"https:\/\/bbqassad.ee\/en\/\"},{\"@type\":\"ListItem\",\"position\":2,\"name\":\"Shop\",\"item\":\"https:\/\/bbqassad.ee\/en\/shop\/\"},{\"@type\":\"ListItem\",\"position\":3,\"name\":\"Seasoning Blend Meat Church The Gospel\"}]},{\"@type\":\"WebSite\",\"@id\":\"https:\/\/bbqassad.ee\/en\/#website\",\"url\":\"https:\/\/bbqassad.ee\/en\/\",\"name\":\"BBQ \u00c4ssad\",\"description\":\"\",\"publisher\":{\"@id\":\"https:\/\/bbqassad.ee\/en\/#organization\"},\"potentialAction\":[{\"@type\":\"SearchAction\",\"target\":{\"@type\":\"EntryPoint\",\"urlTemplate\":\"https:\/\/bbqassad.ee\/en\/?s={search_term_string}\"},\"query-input\":{\"@type\":\"PropertyValueSpecification\",\"valueRequired\":true,\"valueName\":\"search_term_string\"}}],\"inLanguage\":\"en-US\"},{\"@type\":\"Organization\",\"@id\":\"https:\/\/bbqassad.ee\/en\/#organization\",\"name\":\"BBQ \u00c4ssad\",\"url\":\"https:\/\/bbqassad.ee\/en\/\",\"logo\":{\"@type\":\"ImageObject\",\"inLanguage\":\"en-US\",\"@id\":\"https:\/\/bbqassad.ee\/en\/#\/schema\/logo\/image\/\",\"url\":\"https:\/\/bbqassad.ee\/wp-content\/uploads\/2022\/10\/BBQ-2ssadlogo.png\",\"contentUrl\":\"https:\/\/bbqassad.ee\/wp-content\/uploads\/2022\/10\/BBQ-2ssadlogo.png\",\"width\":1080,\"height\":1080,\"caption\":\"BBQ \u00c4ssad\"},\"image\":{\"@id\":\"https:\/\/bbqassad.ee\/en\/#\/schema\/logo\/image\/\"},\"sameAs\":[\"https:\/\/www.facebook.com\/bbqassad\",\"https:\/\/www.youtube.com\/channel\/UCsoufn49J6TVi9Ah9meE93w\"]}]}<\/script>\n<!-- \/ Yoast SEO plugin. -->","yoast_head_json":{"title":"Seasoning Blend Meat Church The Gospel - BBQ \u00c4ssad","description":"Maitseainesegu Meat Church The Gospel - See on Meat Churchi AP ehk all purpose segu ehk asi mis k\u00f5lbab panna k\u00f5igele. V\u00e4lja tuli!","robots":{"index":"index","follow":"follow","max-snippet":"max-snippet:-1","max-image-preview":"max-image-preview:large","max-video-preview":"max-video-preview:-1"},"canonical":"https:\/\/bbqassad.ee\/en\/toode\/seasoning-blend-meat-church-the-gospel\/","og_locale":"en_US","og_type":"article","og_title":"Seasoning Blend Meat Church The Gospel - BBQ \u00c4ssad","og_description":"Maitseainesegu Meat Church The Gospel - See on Meat Churchi AP ehk all purpose segu ehk asi mis k\u00f5lbab panna k\u00f5igele. V\u00e4lja tuli!","og_url":"https:\/\/bbqassad.ee\/en\/toode\/seasoning-blend-meat-church-the-gospel\/","og_site_name":"BBQ \u00c4ssad","article_publisher":"https:\/\/www.facebook.com\/bbqassad","article_modified_time":"2026-03-31T17:32:39+00:00","og_image":[{"width":800,"height":800,"url":"https:\/\/bbqassad.ee\/wp-content\/uploads\/2022\/12\/the-gospel.webp","type":"image\/webp"}],"twitter_card":"summary_large_image","twitter_misc":{"Est. reading time":"1 minute"},"schema":{"@context":"https:\/\/schema.org","@graph":[{"@type":"WebPage","@id":"https:\/\/bbqassad.ee\/en\/toode\/seasoning-blend-meat-church-the-gospel\/","url":"https:\/\/bbqassad.ee\/en\/toode\/seasoning-blend-meat-church-the-gospel\/","name":"Seasoning Blend Meat Church The Gospel - BBQ \u00c4ssad","isPartOf":{"@id":"https:\/\/bbqassad.ee\/en\/#website"},"primaryImageOfPage":{"@id":"https:\/\/bbqassad.ee\/en\/toode\/seasoning-blend-meat-church-the-gospel\/#primaryimage"},"image":{"@id":"https:\/\/bbqassad.ee\/en\/toode\/seasoning-blend-meat-church-the-gospel\/#primaryimage"},"thumbnailUrl":"https:\/\/bbqassad.ee\/wp-content\/uploads\/2022\/12\/the-gospel.webp","datePublished":"2022-12-07T16:37:40+00:00","dateModified":"2026-03-31T17:32:39+00:00","description":"Maitseainesegu Meat Church The Gospel - See on Meat Churchi AP ehk all purpose segu ehk asi mis k\u00f5lbab panna k\u00f5igele. V\u00e4lja tuli!","breadcrumb":{"@id":"https:\/\/bbqassad.ee\/en\/toode\/seasoning-blend-meat-church-the-gospel\/#breadcrumb"},"inLanguage":"en-US","potentialAction":[{"@type":"ReadAction","target":["https:\/\/bbqassad.ee\/en\/toode\/seasoning-blend-meat-church-the-gospel\/"]}]},{"@type":"ImageObject","inLanguage":"en-US","@id":"https:\/\/bbqassad.ee\/en\/toode\/seasoning-blend-meat-church-the-gospel\/#primaryimage","url":"https:\/\/bbqassad.ee\/wp-content\/uploads\/2022\/12\/the-gospel.webp","contentUrl":"https:\/\/bbqassad.ee\/wp-content\/uploads\/2022\/12\/the-gospel.webp","width":800,"height":800,"caption":"Maitseainesegu Meat Church The Gospel"},{"@type":"BreadcrumbList","@id":"https:\/\/bbqassad.ee\/en\/toode\/seasoning-blend-meat-church-the-gospel\/#breadcrumb","itemListElement":[{"@type":"ListItem","position":1,"name":"Home","item":"https:\/\/bbqassad.ee\/en\/"},{"@type":"ListItem","position":2,"name":"Shop","item":"https:\/\/bbqassad.ee\/en\/shop\/"},{"@type":"ListItem","position":3,"name":"Seasoning Blend Meat Church The Gospel"}]},{"@type":"WebSite","@id":"https:\/\/bbqassad.ee\/en\/#website","url":"https:\/\/bbqassad.ee\/en\/","name":"BBQ \u00c4ssad","description":"","publisher":{"@id":"https:\/\/bbqassad.ee\/en\/#organization"},"potentialAction":[{"@type":"SearchAction","target":{"@type":"EntryPoint","urlTemplate":"https:\/\/bbqassad.ee\/en\/?s={search_term_string}"},"query-input":{"@type":"PropertyValueSpecification","valueRequired":true,"valueName":"search_term_string"}}],"inLanguage":"en-US"},{"@type":"Organization","@id":"https:\/\/bbqassad.ee\/en\/#organization","name":"BBQ \u00c4ssad","url":"https:\/\/bbqassad.ee\/en\/","logo":{"@type":"ImageObject","inLanguage":"en-US","@id":"https:\/\/bbqassad.ee\/en\/#\/schema\/logo\/image\/","url":"https:\/\/bbqassad.ee\/wp-content\/uploads\/2022\/10\/BBQ-2ssadlogo.png","contentUrl":"https:\/\/bbqassad.ee\/wp-content\/uploads\/2022\/10\/BBQ-2ssadlogo.png","width":1080,"height":1080,"caption":"BBQ \u00c4ssad"},"image":{"@id":"https:\/\/bbqassad.ee\/en\/#\/schema\/logo\/image\/"},"sameAs":["https:\/\/www.facebook.com\/bbqassad","https:\/\/www.youtube.com\/channel\/UCsoufn49J6TVi9Ah9meE93w"]}]}},"_links":{"self":[{"href":"https:\/\/bbqassad.ee\/en\/wp-json\/wp\/v2\/product\/8613","targetHints":{"allow":["GET"]}}],"collection":[{"href":"https:\/\/bbqassad.ee\/en\/wp-json\/wp\/v2\/product"}],"about":[{"href":"https:\/\/bbqassad.ee\/en\/wp-json\/wp\/v2\/types\/product"}],"replies":[{"embeddable":true,"href":"https:\/\/bbqassad.ee\/en\/wp-json\/wp\/v2\/comments?post=8613"}],"wp:featuredmedia":[{"embeddable":true,"href":"https:\/\/bbqassad.ee\/en\/wp-json\/wp\/v2\/media\/8782"}],"wp:attachment":[{"href":"https:\/\/bbqassad.ee\/en\/wp-json\/wp\/v2\/media?parent=8613"}],"wp:term":[{"taxonomy":"product_brand","embeddable":true,"href":"https:\/\/bbqassad.ee\/en\/wp-json\/wp\/v2\/product_brand?post=8613"},{"taxonomy":"product_cat","embeddable":true,"href":"https:\/\/bbqassad.ee\/en\/wp-json\/wp\/v2\/product_cat?post=8613"},{"taxonomy":"product_tag","embeddable":true,"href":"https:\/\/bbqassad.ee\/en\/wp-json\/wp\/v2\/product_tag?post=8613"}],"curies":[{"name":"wp","href":"https:\/\/api.w.org\/{rel}","templated":true}]}}