{"id":8606,"date":"2022-11-02T14:09:05","date_gmt":"2022-11-02T14:09:05","guid":{"rendered":"https:\/\/bbqassad.ee\/?post_type=product&#038;p=8606"},"modified":"2026-03-31T17:53:26","modified_gmt":"2026-03-31T17:53:26","slug":"seasoning-blend-sweet-money-championship-rub","status":"publish","type":"product","link":"https:\/\/bbqassad.ee\/en\/toode\/seasoning-blend-sweet-money-championship-rub\/","title":{"rendered":"Seasoning Blend Sweet Money Championship rub"},"content":{"rendered":"<p data-start=\"0\" data-end=\"213\">This is Big Poppa Smokers\u2019 most legendary seasoning blend, always found in the back pocket of every pork cook. It leans more towards sweetness, as the name suggests. Still, it has a nice amount of spices and salt.<\/p>\n<h3 data-start=\"215\" data-end=\"236\"><strong data-start=\"215\" data-end=\"236\">BBQ \u00c4ssad comment<\/strong><\/h3>\n<p data-start=\"238\" data-end=\"606\">One of the seasonings that has won us various pork category awards everywhere we\u2019ve gone. Big Poppa Sweet Money always brings home the cash. Although the producer claims it suits everything, the sweetness doesn\u2019t quite work with beef, and the sugar chunks are too large for chicken. For pork, however, it\u2019s one of the best rubs ever made \u2014 try it, you won\u2019t regret it.<\/p>\n<h3 data-start=\"608\" data-end=\"619\"><strong data-start=\"608\" data-end=\"619\">Pro tip<\/strong><\/h3>\n<p data-start=\"621\" data-end=\"736\" data-is-last-node=\"\" data-is-only-node=\"\">When you apply it to meat, let it sit until the sugar has melted before putting it on the grill or in the BBQ oven.<\/p>\n","protected":false},"excerpt":{"rendered":"<p>This is Big Poppa Smokers\u2019 most legendary seasoning blend, always found in the back pocket of every pork cook. It leans more towards sweetness, as the name suggests. Still, it has a nice amount of spices and salt. BBQ \u00c4ssad comment One of the seasonings that has won us various pork category awards everywhere we\u2019ve [&#8230;]\n","protected":false},"featured_media":1259,"comment_status":"open","ping_status":"closed","template":"","meta":[],"product_brand":[],"product_cat":[15],"product_tag":[913,914],"class_list":{"0":"post-8606","1":"product","2":"type-product","3":"status-publish","4":"has-post-thumbnail","6":"product_cat-spices","7":"product_tag-pig","8":"product_tag-ribi","10":"first","11":"outofstock","12":"taxable","13":"shipping-taxable","14":"purchasable","15":"product-type-simple"},"yoast_head":"<!-- This site is optimized with the Yoast SEO plugin v27.4 - https:\/\/yoast.com\/product\/yoast-seo-wordpress\/ -->\n<title>Seasoning Blend Sweet Money Championship rub - BBQ \u00c4ssad<\/title>\n<meta name=\"description\" content=\"Maitseainesegu Sweet Money Championship rub - k\u00f5ige legendaarsem maitseainesegu, mis igal seak\u00fcpsetajal tagataskus alati olemas.\" \/>\n<meta name=\"robots\" content=\"index, follow, max-snippet:-1, max-image-preview:large, max-video-preview:-1\" \/>\n<link rel=\"canonical\" href=\"https:\/\/bbqassad.ee\/en\/toode\/seasoning-blend-sweet-money-championship-rub\/\" \/>\n<meta property=\"og:locale\" content=\"en_US\" \/>\n<meta property=\"og:type\" content=\"article\" \/>\n<meta property=\"og:title\" content=\"Seasoning Blend Sweet Money Championship rub - BBQ \u00c4ssad\" \/>\n<meta property=\"og:description\" content=\"Maitseainesegu Sweet Money Championship rub - k\u00f5ige legendaarsem maitseainesegu, mis igal seak\u00fcpsetajal tagataskus alati olemas.\" \/>\n<meta property=\"og:url\" content=\"https:\/\/bbqassad.ee\/en\/toode\/seasoning-blend-sweet-money-championship-rub\/\" \/>\n<meta property=\"og:site_name\" content=\"BBQ \u00c4ssad\" \/>\n<meta property=\"article:publisher\" content=\"https:\/\/www.facebook.com\/bbqassad\" \/>\n<meta property=\"article:modified_time\" content=\"2026-03-31T17:53:26+00:00\" \/>\n<meta property=\"og:image\" content=\"https:\/\/bbqassad.ee\/wp-content\/uploads\/2023\/03\/Big-Poppas-Sweet-Money-Rub.png\" \/>\n\t<meta property=\"og:image:width\" content=\"800\" \/>\n\t<meta property=\"og:image:height\" content=\"800\" \/>\n\t<meta property=\"og:image:type\" content=\"image\/png\" \/>\n<meta name=\"twitter:card\" content=\"summary_large_image\" \/>\n<meta name=\"twitter:label1\" content=\"Est. reading time\" \/>\n\t<meta name=\"twitter:data1\" content=\"1 minute\" \/>\n<script type=\"application\/ld+json\" class=\"yoast-schema-graph\">{\"@context\":\"https:\\\/\\\/schema.org\",\"@graph\":[{\"@type\":\"WebPage\",\"@id\":\"https:\\\/\\\/bbqassad.ee\\\/en\\\/toode\\\/seasoning-blend-sweet-money-championship-rub\\\/\",\"url\":\"https:\\\/\\\/bbqassad.ee\\\/en\\\/toode\\\/seasoning-blend-sweet-money-championship-rub\\\/\",\"name\":\"Seasoning Blend Sweet Money Championship rub - BBQ \u00c4ssad\",\"isPartOf\":{\"@id\":\"https:\\\/\\\/bbqassad.ee\\\/en\\\/#website\"},\"primaryImageOfPage\":{\"@id\":\"https:\\\/\\\/bbqassad.ee\\\/en\\\/toode\\\/seasoning-blend-sweet-money-championship-rub\\\/#primaryimage\"},\"image\":{\"@id\":\"https:\\\/\\\/bbqassad.ee\\\/en\\\/toode\\\/seasoning-blend-sweet-money-championship-rub\\\/#primaryimage\"},\"thumbnailUrl\":\"https:\\\/\\\/bbqassad.ee\\\/wp-content\\\/uploads\\\/2023\\\/03\\\/Big-Poppas-Sweet-Money-Rub.png\",\"datePublished\":\"2022-11-02T14:09:05+00:00\",\"dateModified\":\"2026-03-31T17:53:26+00:00\",\"description\":\"Maitseainesegu Sweet Money Championship rub - k\u00f5ige legendaarsem maitseainesegu, mis igal seak\u00fcpsetajal tagataskus alati olemas.\",\"breadcrumb\":{\"@id\":\"https:\\\/\\\/bbqassad.ee\\\/en\\\/toode\\\/seasoning-blend-sweet-money-championship-rub\\\/#breadcrumb\"},\"inLanguage\":\"en-US\",\"potentialAction\":[{\"@type\":\"ReadAction\",\"target\":[\"https:\\\/\\\/bbqassad.ee\\\/en\\\/toode\\\/seasoning-blend-sweet-money-championship-rub\\\/\"]}]},{\"@type\":\"ImageObject\",\"inLanguage\":\"en-US\",\"@id\":\"https:\\\/\\\/bbqassad.ee\\\/en\\\/toode\\\/seasoning-blend-sweet-money-championship-rub\\\/#primaryimage\",\"url\":\"https:\\\/\\\/bbqassad.ee\\\/wp-content\\\/uploads\\\/2023\\\/03\\\/Big-Poppas-Sweet-Money-Rub.png\",\"contentUrl\":\"https:\\\/\\\/bbqassad.ee\\\/wp-content\\\/uploads\\\/2023\\\/03\\\/Big-Poppas-Sweet-Money-Rub.png\",\"width\":800,\"height\":800},{\"@type\":\"BreadcrumbList\",\"@id\":\"https:\\\/\\\/bbqassad.ee\\\/en\\\/toode\\\/seasoning-blend-sweet-money-championship-rub\\\/#breadcrumb\",\"itemListElement\":[{\"@type\":\"ListItem\",\"position\":1,\"name\":\"Home\",\"item\":\"https:\\\/\\\/bbqassad.ee\\\/en\\\/\"},{\"@type\":\"ListItem\",\"position\":2,\"name\":\"Shop\",\"item\":\"https:\\\/\\\/bbqassad.ee\\\/en\\\/shop\\\/\"},{\"@type\":\"ListItem\",\"position\":3,\"name\":\"Seasoning Blend Sweet Money Championship rub\"}]},{\"@type\":\"WebSite\",\"@id\":\"https:\\\/\\\/bbqassad.ee\\\/en\\\/#website\",\"url\":\"https:\\\/\\\/bbqassad.ee\\\/en\\\/\",\"name\":\"BBQ \u00c4ssad\",\"description\":\"BBQ maitseained, kastmed, ahjud\",\"publisher\":{\"@id\":\"https:\\\/\\\/bbqassad.ee\\\/en\\\/#organization\"},\"potentialAction\":[{\"@type\":\"SearchAction\",\"target\":{\"@type\":\"EntryPoint\",\"urlTemplate\":\"https:\\\/\\\/bbqassad.ee\\\/en\\\/?s={search_term_string}\"},\"query-input\":{\"@type\":\"PropertyValueSpecification\",\"valueRequired\":true,\"valueName\":\"search_term_string\"}}],\"inLanguage\":\"en-US\"},{\"@type\":\"Organization\",\"@id\":\"https:\\\/\\\/bbqassad.ee\\\/en\\\/#organization\",\"name\":\"BBQ \u00c4ssad\",\"url\":\"https:\\\/\\\/bbqassad.ee\\\/en\\\/\",\"logo\":{\"@type\":\"ImageObject\",\"inLanguage\":\"en-US\",\"@id\":\"https:\\\/\\\/bbqassad.ee\\\/en\\\/#\\\/schema\\\/logo\\\/image\\\/\",\"url\":\"https:\\\/\\\/bbqassad.ee\\\/wp-content\\\/uploads\\\/2022\\\/10\\\/BBQ-2ssadlogo.png\",\"contentUrl\":\"https:\\\/\\\/bbqassad.ee\\\/wp-content\\\/uploads\\\/2022\\\/10\\\/BBQ-2ssadlogo.png\",\"width\":1080,\"height\":1080,\"caption\":\"BBQ \u00c4ssad\"},\"image\":{\"@id\":\"https:\\\/\\\/bbqassad.ee\\\/en\\\/#\\\/schema\\\/logo\\\/image\\\/\"},\"sameAs\":[\"https:\\\/\\\/www.facebook.com\\\/bbqassad\",\"https:\\\/\\\/www.youtube.com\\\/channel\\\/UCsoufn49J6TVi9Ah9meE93w\"]}]}<\/script>\n<!-- \/ Yoast SEO plugin. -->","yoast_head_json":{"title":"Seasoning Blend Sweet Money Championship rub - BBQ \u00c4ssad","description":"Maitseainesegu Sweet Money Championship rub - k\u00f5ige legendaarsem maitseainesegu, mis igal seak\u00fcpsetajal tagataskus alati olemas.","robots":{"index":"index","follow":"follow","max-snippet":"max-snippet:-1","max-image-preview":"max-image-preview:large","max-video-preview":"max-video-preview:-1"},"canonical":"https:\/\/bbqassad.ee\/en\/toode\/seasoning-blend-sweet-money-championship-rub\/","og_locale":"en_US","og_type":"article","og_title":"Seasoning Blend Sweet Money Championship rub - BBQ \u00c4ssad","og_description":"Maitseainesegu Sweet Money Championship rub - k\u00f5ige legendaarsem maitseainesegu, mis igal seak\u00fcpsetajal tagataskus alati olemas.","og_url":"https:\/\/bbqassad.ee\/en\/toode\/seasoning-blend-sweet-money-championship-rub\/","og_site_name":"BBQ \u00c4ssad","article_publisher":"https:\/\/www.facebook.com\/bbqassad","article_modified_time":"2026-03-31T17:53:26+00:00","og_image":[{"width":800,"height":800,"url":"https:\/\/bbqassad.ee\/wp-content\/uploads\/2023\/03\/Big-Poppas-Sweet-Money-Rub.png","type":"image\/png"}],"twitter_card":"summary_large_image","twitter_misc":{"Est. reading time":"1 minute"},"schema":{"@context":"https:\/\/schema.org","@graph":[{"@type":"WebPage","@id":"https:\/\/bbqassad.ee\/en\/toode\/seasoning-blend-sweet-money-championship-rub\/","url":"https:\/\/bbqassad.ee\/en\/toode\/seasoning-blend-sweet-money-championship-rub\/","name":"Seasoning Blend Sweet Money Championship rub - BBQ \u00c4ssad","isPartOf":{"@id":"https:\/\/bbqassad.ee\/en\/#website"},"primaryImageOfPage":{"@id":"https:\/\/bbqassad.ee\/en\/toode\/seasoning-blend-sweet-money-championship-rub\/#primaryimage"},"image":{"@id":"https:\/\/bbqassad.ee\/en\/toode\/seasoning-blend-sweet-money-championship-rub\/#primaryimage"},"thumbnailUrl":"https:\/\/bbqassad.ee\/wp-content\/uploads\/2023\/03\/Big-Poppas-Sweet-Money-Rub.png","datePublished":"2022-11-02T14:09:05+00:00","dateModified":"2026-03-31T17:53:26+00:00","description":"Maitseainesegu Sweet Money Championship rub - k\u00f5ige legendaarsem maitseainesegu, mis igal seak\u00fcpsetajal tagataskus alati olemas.","breadcrumb":{"@id":"https:\/\/bbqassad.ee\/en\/toode\/seasoning-blend-sweet-money-championship-rub\/#breadcrumb"},"inLanguage":"en-US","potentialAction":[{"@type":"ReadAction","target":["https:\/\/bbqassad.ee\/en\/toode\/seasoning-blend-sweet-money-championship-rub\/"]}]},{"@type":"ImageObject","inLanguage":"en-US","@id":"https:\/\/bbqassad.ee\/en\/toode\/seasoning-blend-sweet-money-championship-rub\/#primaryimage","url":"https:\/\/bbqassad.ee\/wp-content\/uploads\/2023\/03\/Big-Poppas-Sweet-Money-Rub.png","contentUrl":"https:\/\/bbqassad.ee\/wp-content\/uploads\/2023\/03\/Big-Poppas-Sweet-Money-Rub.png","width":800,"height":800},{"@type":"BreadcrumbList","@id":"https:\/\/bbqassad.ee\/en\/toode\/seasoning-blend-sweet-money-championship-rub\/#breadcrumb","itemListElement":[{"@type":"ListItem","position":1,"name":"Home","item":"https:\/\/bbqassad.ee\/en\/"},{"@type":"ListItem","position":2,"name":"Shop","item":"https:\/\/bbqassad.ee\/en\/shop\/"},{"@type":"ListItem","position":3,"name":"Seasoning Blend Sweet Money Championship rub"}]},{"@type":"WebSite","@id":"https:\/\/bbqassad.ee\/en\/#website","url":"https:\/\/bbqassad.ee\/en\/","name":"BBQ \u00c4ssad","description":"BBQ maitseained, kastmed, ahjud","publisher":{"@id":"https:\/\/bbqassad.ee\/en\/#organization"},"potentialAction":[{"@type":"SearchAction","target":{"@type":"EntryPoint","urlTemplate":"https:\/\/bbqassad.ee\/en\/?s={search_term_string}"},"query-input":{"@type":"PropertyValueSpecification","valueRequired":true,"valueName":"search_term_string"}}],"inLanguage":"en-US"},{"@type":"Organization","@id":"https:\/\/bbqassad.ee\/en\/#organization","name":"BBQ \u00c4ssad","url":"https:\/\/bbqassad.ee\/en\/","logo":{"@type":"ImageObject","inLanguage":"en-US","@id":"https:\/\/bbqassad.ee\/en\/#\/schema\/logo\/image\/","url":"https:\/\/bbqassad.ee\/wp-content\/uploads\/2022\/10\/BBQ-2ssadlogo.png","contentUrl":"https:\/\/bbqassad.ee\/wp-content\/uploads\/2022\/10\/BBQ-2ssadlogo.png","width":1080,"height":1080,"caption":"BBQ \u00c4ssad"},"image":{"@id":"https:\/\/bbqassad.ee\/en\/#\/schema\/logo\/image\/"},"sameAs":["https:\/\/www.facebook.com\/bbqassad","https:\/\/www.youtube.com\/channel\/UCsoufn49J6TVi9Ah9meE93w"]}]}},"_links":{"self":[{"href":"https:\/\/bbqassad.ee\/en\/wp-json\/wp\/v2\/product\/8606","targetHints":{"allow":["GET"]}}],"collection":[{"href":"https:\/\/bbqassad.ee\/en\/wp-json\/wp\/v2\/product"}],"about":[{"href":"https:\/\/bbqassad.ee\/en\/wp-json\/wp\/v2\/types\/product"}],"replies":[{"embeddable":true,"href":"https:\/\/bbqassad.ee\/en\/wp-json\/wp\/v2\/comments?post=8606"}],"wp:featuredmedia":[{"embeddable":true,"href":"https:\/\/bbqassad.ee\/en\/wp-json\/wp\/v2\/media\/1259"}],"wp:attachment":[{"href":"https:\/\/bbqassad.ee\/en\/wp-json\/wp\/v2\/media?parent=8606"}],"wp:term":[{"taxonomy":"product_brand","embeddable":true,"href":"https:\/\/bbqassad.ee\/en\/wp-json\/wp\/v2\/product_brand?post=8606"},{"taxonomy":"product_cat","embeddable":true,"href":"https:\/\/bbqassad.ee\/en\/wp-json\/wp\/v2\/product_cat?post=8606"},{"taxonomy":"product_tag","embeddable":true,"href":"https:\/\/bbqassad.ee\/en\/wp-json\/wp\/v2\/product_tag?post=8606"}],"curies":[{"name":"wp","href":"https:\/\/api.w.org\/{rel}","templated":true}]}}