{"id":8604,"date":"2022-11-02T13:50:25","date_gmt":"2022-11-02T13:50:25","guid":{"rendered":"https:\/\/bbqassad.ee\/?post_type=product&#038;p=8604"},"modified":"2026-05-11T08:14:57","modified_gmt":"2026-05-11T08:14:57","slug":"seasoning-blend-money-championship-rub","status":"publish","type":"product","link":"https:\/\/bbqassad.ee\/en\/toode\/seasoning-blend-money-championship-rub\/","title":{"rendered":"Seasoning Blend Money Championship rub"},"content":{"rendered":"<p data-start=\"0\" data-end=\"205\">Big Poppa Smokers is a well-known and established name in the USA market, with many titles to their name. The Money seasoning blend is slightly spicy and not very sweet, leaning more toward a salty flavor.<\/p>\n<h3 data-start=\"207\" data-end=\"228\"><strong data-start=\"207\" data-end=\"228\">BBQ \u00c4ssad comment<\/strong><\/h3>\n<p data-start=\"230\" data-end=\"886\">This rub has won a lot of money for many, hence the name. Nowadays, it has become more of a favorite among home cooks because competition BBQ has become even sweeter, and at home, people don\u2019t make such overly sweet stuff. It\u2019s a nice blend of salt, peppers, and sugar. Although the producer says it can be used on chicken, pork, and beef, our recommendation is to avoid using it on chicken. Big Poppa Smokers\u2019 rubs contain larger sugar crystals that don\u2019t dissolve well on chicken, so a finer ground blend is better for that. But if you\u2019re grilling pork, beef, or even fish, the Money rub has your back and will make you a BBQ master in your own backyard.<\/p>\n<h3 data-start=\"888\" data-end=\"899\"><strong data-start=\"888\" data-end=\"899\">Pro tip<\/strong><\/h3>\n<p data-start=\"901\" data-end=\"1019\" data-is-last-node=\"\" data-is-only-node=\"\">When applying this to meat, let it sit until the sugar has melted before putting it on the grill or in the BBQ smoker.<\/p>\n","protected":false},"excerpt":{"rendered":"<p>Big Poppa Smokers is a well-known and established name in the USA market, with many titles to their name. The Money seasoning blend is slightly spicy and not very sweet, leaning more toward a salty flavor. BBQ \u00c4ssad comment This rub has won a lot of money for many, hence the name. Nowadays, it has [&#8230;]\n","protected":false},"featured_media":24965,"comment_status":"open","ping_status":"closed","template":"","meta":[],"product_brand":[],"product_cat":[980,977,978,15,979],"product_tag":[915,916,913,914],"class_list":{"0":"post-8604","1":"product","2":"type-product","3":"status-publish","4":"has-post-thumbnail","6":"product_cat-beef","7":"product_cat-chicken","8":"product_cat-pork","9":"product_cat-spices","10":"product_cat-vegetarian","11":"product_tag-cattle","12":"product_tag-fish","13":"product_tag-pig","14":"product_tag-ribi","16":"first","17":"outofstock","18":"taxable","19":"shipping-taxable","20":"purchasable","21":"product-type-simple"},"yoast_head":"<!-- This site is optimized with the Yoast SEO plugin v27.4 - https:\/\/yoast.com\/product\/yoast-seo-wordpress\/ -->\n<title>Seasoning Blend Money Championship rub - BBQ \u00c4ssad<\/title>\n<meta name=\"description\" content=\"Maitseainesegu Money Championship rub - maitseainesegu on kergelt v\u00fcrtsikas ja mitte v\u00e4ga magus, vaid pigem soolasusele kalduv.\" \/>\n<meta name=\"robots\" content=\"index, follow, max-snippet:-1, max-image-preview:large, max-video-preview:-1\" \/>\n<link rel=\"canonical\" href=\"https:\/\/bbqassad.ee\/en\/toode\/seasoning-blend-money-championship-rub\/\" \/>\n<meta property=\"og:locale\" content=\"en_US\" \/>\n<meta property=\"og:type\" content=\"article\" \/>\n<meta property=\"og:title\" content=\"Seasoning Blend Money Championship rub - BBQ \u00c4ssad\" \/>\n<meta property=\"og:description\" content=\"Maitseainesegu Money Championship rub - maitseainesegu on kergelt v\u00fcrtsikas ja mitte v\u00e4ga magus, vaid pigem soolasusele kalduv.\" \/>\n<meta property=\"og:url\" content=\"https:\/\/bbqassad.ee\/en\/toode\/seasoning-blend-money-championship-rub\/\" \/>\n<meta property=\"og:site_name\" content=\"BBQ \u00c4ssad\" \/>\n<meta property=\"article:publisher\" content=\"https:\/\/www.facebook.com\/bbqassad\" \/>\n<meta property=\"article:modified_time\" content=\"2026-05-11T08:14:57+00:00\" \/>\n<meta property=\"og:image\" content=\"https:\/\/bbqassad.ee\/wp-content\/uploads\/2026\/04\/Big_Poppas_Money_rub_397g.png\" \/>\n\t<meta property=\"og:image:width\" content=\"1280\" \/>\n\t<meta property=\"og:image:height\" content=\"720\" \/>\n\t<meta property=\"og:image:type\" content=\"image\/png\" \/>\n<meta name=\"twitter:card\" content=\"summary_large_image\" \/>\n<meta name=\"twitter:label1\" content=\"Est. reading time\" \/>\n\t<meta name=\"twitter:data1\" content=\"2 minutes\" \/>\n<script type=\"application\/ld+json\" class=\"yoast-schema-graph\">{\"@context\":\"https:\\\/\\\/schema.org\",\"@graph\":[{\"@type\":\"WebPage\",\"@id\":\"https:\\\/\\\/bbqassad.ee\\\/en\\\/toode\\\/seasoning-blend-money-championship-rub\\\/\",\"url\":\"https:\\\/\\\/bbqassad.ee\\\/en\\\/toode\\\/seasoning-blend-money-championship-rub\\\/\",\"name\":\"Seasoning Blend Money Championship rub - BBQ \u00c4ssad\",\"isPartOf\":{\"@id\":\"https:\\\/\\\/bbqassad.ee\\\/en\\\/#website\"},\"primaryImageOfPage\":{\"@id\":\"https:\\\/\\\/bbqassad.ee\\\/en\\\/toode\\\/seasoning-blend-money-championship-rub\\\/#primaryimage\"},\"image\":{\"@id\":\"https:\\\/\\\/bbqassad.ee\\\/en\\\/toode\\\/seasoning-blend-money-championship-rub\\\/#primaryimage\"},\"thumbnailUrl\":\"https:\\\/\\\/bbqassad.ee\\\/wp-content\\\/uploads\\\/2026\\\/04\\\/Big_Poppas_Money_rub_397g.png\",\"datePublished\":\"2022-11-02T13:50:25+00:00\",\"dateModified\":\"2026-05-11T08:14:57+00:00\",\"description\":\"Maitseainesegu Money Championship rub - maitseainesegu on kergelt v\u00fcrtsikas ja mitte v\u00e4ga magus, vaid pigem soolasusele kalduv.\",\"breadcrumb\":{\"@id\":\"https:\\\/\\\/bbqassad.ee\\\/en\\\/toode\\\/seasoning-blend-money-championship-rub\\\/#breadcrumb\"},\"inLanguage\":\"en-US\",\"potentialAction\":[{\"@type\":\"ReadAction\",\"target\":[\"https:\\\/\\\/bbqassad.ee\\\/en\\\/toode\\\/seasoning-blend-money-championship-rub\\\/\"]}]},{\"@type\":\"ImageObject\",\"inLanguage\":\"en-US\",\"@id\":\"https:\\\/\\\/bbqassad.ee\\\/en\\\/toode\\\/seasoning-blend-money-championship-rub\\\/#primaryimage\",\"url\":\"https:\\\/\\\/bbqassad.ee\\\/wp-content\\\/uploads\\\/2026\\\/04\\\/Big_Poppas_Money_rub_397g.png\",\"contentUrl\":\"https:\\\/\\\/bbqassad.ee\\\/wp-content\\\/uploads\\\/2026\\\/04\\\/Big_Poppas_Money_rub_397g.png\",\"width\":1280,\"height\":720},{\"@type\":\"BreadcrumbList\",\"@id\":\"https:\\\/\\\/bbqassad.ee\\\/en\\\/toode\\\/seasoning-blend-money-championship-rub\\\/#breadcrumb\",\"itemListElement\":[{\"@type\":\"ListItem\",\"position\":1,\"name\":\"Home\",\"item\":\"https:\\\/\\\/bbqassad.ee\\\/en\\\/\"},{\"@type\":\"ListItem\",\"position\":2,\"name\":\"Shop\",\"item\":\"https:\\\/\\\/bbqassad.ee\\\/en\\\/shop\\\/\"},{\"@type\":\"ListItem\",\"position\":3,\"name\":\"Seasoning Blend Money Championship rub\"}]},{\"@type\":\"WebSite\",\"@id\":\"https:\\\/\\\/bbqassad.ee\\\/en\\\/#website\",\"url\":\"https:\\\/\\\/bbqassad.ee\\\/en\\\/\",\"name\":\"BBQ \u00c4ssad\",\"description\":\"BBQ maitseained, kastmed, ahjud\",\"publisher\":{\"@id\":\"https:\\\/\\\/bbqassad.ee\\\/en\\\/#organization\"},\"potentialAction\":[{\"@type\":\"SearchAction\",\"target\":{\"@type\":\"EntryPoint\",\"urlTemplate\":\"https:\\\/\\\/bbqassad.ee\\\/en\\\/?s={search_term_string}\"},\"query-input\":{\"@type\":\"PropertyValueSpecification\",\"valueRequired\":true,\"valueName\":\"search_term_string\"}}],\"inLanguage\":\"en-US\"},{\"@type\":\"Organization\",\"@id\":\"https:\\\/\\\/bbqassad.ee\\\/en\\\/#organization\",\"name\":\"BBQ \u00c4ssad\",\"url\":\"https:\\\/\\\/bbqassad.ee\\\/en\\\/\",\"logo\":{\"@type\":\"ImageObject\",\"inLanguage\":\"en-US\",\"@id\":\"https:\\\/\\\/bbqassad.ee\\\/en\\\/#\\\/schema\\\/logo\\\/image\\\/\",\"url\":\"https:\\\/\\\/bbqassad.ee\\\/wp-content\\\/uploads\\\/2022\\\/10\\\/BBQ-2ssadlogo.png\",\"contentUrl\":\"https:\\\/\\\/bbqassad.ee\\\/wp-content\\\/uploads\\\/2022\\\/10\\\/BBQ-2ssadlogo.png\",\"width\":1080,\"height\":1080,\"caption\":\"BBQ \u00c4ssad\"},\"image\":{\"@id\":\"https:\\\/\\\/bbqassad.ee\\\/en\\\/#\\\/schema\\\/logo\\\/image\\\/\"},\"sameAs\":[\"https:\\\/\\\/www.facebook.com\\\/bbqassad\",\"https:\\\/\\\/www.youtube.com\\\/channel\\\/UCsoufn49J6TVi9Ah9meE93w\"]}]}<\/script>\n<!-- \/ Yoast SEO plugin. -->","yoast_head_json":{"title":"Seasoning Blend Money Championship rub - BBQ \u00c4ssad","description":"Maitseainesegu Money Championship rub - maitseainesegu on kergelt v\u00fcrtsikas ja mitte v\u00e4ga magus, vaid pigem soolasusele kalduv.","robots":{"index":"index","follow":"follow","max-snippet":"max-snippet:-1","max-image-preview":"max-image-preview:large","max-video-preview":"max-video-preview:-1"},"canonical":"https:\/\/bbqassad.ee\/en\/toode\/seasoning-blend-money-championship-rub\/","og_locale":"en_US","og_type":"article","og_title":"Seasoning Blend Money Championship rub - BBQ \u00c4ssad","og_description":"Maitseainesegu Money Championship rub - maitseainesegu on kergelt v\u00fcrtsikas ja mitte v\u00e4ga magus, vaid pigem soolasusele kalduv.","og_url":"https:\/\/bbqassad.ee\/en\/toode\/seasoning-blend-money-championship-rub\/","og_site_name":"BBQ \u00c4ssad","article_publisher":"https:\/\/www.facebook.com\/bbqassad","article_modified_time":"2026-05-11T08:14:57+00:00","og_image":[{"width":1280,"height":720,"url":"https:\/\/bbqassad.ee\/wp-content\/uploads\/2026\/04\/Big_Poppas_Money_rub_397g.png","type":"image\/png"}],"twitter_card":"summary_large_image","twitter_misc":{"Est. reading time":"2 minutes"},"schema":{"@context":"https:\/\/schema.org","@graph":[{"@type":"WebPage","@id":"https:\/\/bbqassad.ee\/en\/toode\/seasoning-blend-money-championship-rub\/","url":"https:\/\/bbqassad.ee\/en\/toode\/seasoning-blend-money-championship-rub\/","name":"Seasoning Blend Money Championship rub - BBQ \u00c4ssad","isPartOf":{"@id":"https:\/\/bbqassad.ee\/en\/#website"},"primaryImageOfPage":{"@id":"https:\/\/bbqassad.ee\/en\/toode\/seasoning-blend-money-championship-rub\/#primaryimage"},"image":{"@id":"https:\/\/bbqassad.ee\/en\/toode\/seasoning-blend-money-championship-rub\/#primaryimage"},"thumbnailUrl":"https:\/\/bbqassad.ee\/wp-content\/uploads\/2026\/04\/Big_Poppas_Money_rub_397g.png","datePublished":"2022-11-02T13:50:25+00:00","dateModified":"2026-05-11T08:14:57+00:00","description":"Maitseainesegu Money Championship rub - maitseainesegu on kergelt v\u00fcrtsikas ja mitte v\u00e4ga magus, vaid pigem soolasusele kalduv.","breadcrumb":{"@id":"https:\/\/bbqassad.ee\/en\/toode\/seasoning-blend-money-championship-rub\/#breadcrumb"},"inLanguage":"en-US","potentialAction":[{"@type":"ReadAction","target":["https:\/\/bbqassad.ee\/en\/toode\/seasoning-blend-money-championship-rub\/"]}]},{"@type":"ImageObject","inLanguage":"en-US","@id":"https:\/\/bbqassad.ee\/en\/toode\/seasoning-blend-money-championship-rub\/#primaryimage","url":"https:\/\/bbqassad.ee\/wp-content\/uploads\/2026\/04\/Big_Poppas_Money_rub_397g.png","contentUrl":"https:\/\/bbqassad.ee\/wp-content\/uploads\/2026\/04\/Big_Poppas_Money_rub_397g.png","width":1280,"height":720},{"@type":"BreadcrumbList","@id":"https:\/\/bbqassad.ee\/en\/toode\/seasoning-blend-money-championship-rub\/#breadcrumb","itemListElement":[{"@type":"ListItem","position":1,"name":"Home","item":"https:\/\/bbqassad.ee\/en\/"},{"@type":"ListItem","position":2,"name":"Shop","item":"https:\/\/bbqassad.ee\/en\/shop\/"},{"@type":"ListItem","position":3,"name":"Seasoning Blend Money Championship rub"}]},{"@type":"WebSite","@id":"https:\/\/bbqassad.ee\/en\/#website","url":"https:\/\/bbqassad.ee\/en\/","name":"BBQ \u00c4ssad","description":"BBQ maitseained, kastmed, ahjud","publisher":{"@id":"https:\/\/bbqassad.ee\/en\/#organization"},"potentialAction":[{"@type":"SearchAction","target":{"@type":"EntryPoint","urlTemplate":"https:\/\/bbqassad.ee\/en\/?s={search_term_string}"},"query-input":{"@type":"PropertyValueSpecification","valueRequired":true,"valueName":"search_term_string"}}],"inLanguage":"en-US"},{"@type":"Organization","@id":"https:\/\/bbqassad.ee\/en\/#organization","name":"BBQ \u00c4ssad","url":"https:\/\/bbqassad.ee\/en\/","logo":{"@type":"ImageObject","inLanguage":"en-US","@id":"https:\/\/bbqassad.ee\/en\/#\/schema\/logo\/image\/","url":"https:\/\/bbqassad.ee\/wp-content\/uploads\/2022\/10\/BBQ-2ssadlogo.png","contentUrl":"https:\/\/bbqassad.ee\/wp-content\/uploads\/2022\/10\/BBQ-2ssadlogo.png","width":1080,"height":1080,"caption":"BBQ \u00c4ssad"},"image":{"@id":"https:\/\/bbqassad.ee\/en\/#\/schema\/logo\/image\/"},"sameAs":["https:\/\/www.facebook.com\/bbqassad","https:\/\/www.youtube.com\/channel\/UCsoufn49J6TVi9Ah9meE93w"]}]}},"_links":{"self":[{"href":"https:\/\/bbqassad.ee\/en\/wp-json\/wp\/v2\/product\/8604","targetHints":{"allow":["GET"]}}],"collection":[{"href":"https:\/\/bbqassad.ee\/en\/wp-json\/wp\/v2\/product"}],"about":[{"href":"https:\/\/bbqassad.ee\/en\/wp-json\/wp\/v2\/types\/product"}],"replies":[{"embeddable":true,"href":"https:\/\/bbqassad.ee\/en\/wp-json\/wp\/v2\/comments?post=8604"}],"wp:featuredmedia":[{"embeddable":true,"href":"https:\/\/bbqassad.ee\/en\/wp-json\/wp\/v2\/media\/24965"}],"wp:attachment":[{"href":"https:\/\/bbqassad.ee\/en\/wp-json\/wp\/v2\/media?parent=8604"}],"wp:term":[{"taxonomy":"product_brand","embeddable":true,"href":"https:\/\/bbqassad.ee\/en\/wp-json\/wp\/v2\/product_brand?post=8604"},{"taxonomy":"product_cat","embeddable":true,"href":"https:\/\/bbqassad.ee\/en\/wp-json\/wp\/v2\/product_cat?post=8604"},{"taxonomy":"product_tag","embeddable":true,"href":"https:\/\/bbqassad.ee\/en\/wp-json\/wp\/v2\/product_tag?post=8604"}],"curies":[{"name":"wp","href":"https:\/\/api.w.org\/{rel}","templated":true}]}}