{"id":8602,"date":"2022-11-02T13:28:58","date_gmt":"2022-11-02T13:28:58","guid":{"rendered":"https:\/\/bbqassad.ee\/?post_type=product&#038;p=8602"},"modified":"2025-07-02T16:32:51","modified_gmt":"2025-07-02T16:32:51","slug":"butcher-bbq-brisket-injection","status":"publish","type":"product","link":"https:\/\/bbqassad.ee\/en\/toode\/butcher-bbq-brisket-injection\/","title":{"rendered":"Butcher BBQ Brisket Injection"},"content":{"rendered":"<p data-start=\"0\" data-end=\"396\">The most legendary beef injection mix of all time has always come from Butcher BBQ and its creator Dave Bouska. He is a butcher by profession and has worked in that role for a long time, and everything he puts in jars for sale is usually very carefully thought out. All major BBQ or grill masters use his product in one way or another because for more than 10 years there has been no equal to it.<\/p>\n<h3 data-start=\"398\" data-end=\"419\"><strong data-start=\"398\" data-end=\"419\">BBQ \u00c4ssad comment<\/strong><\/h3>\n<p data-start=\"421\" data-end=\"1061\">Butcher BBQ products were one of our foundations for the huge streak of first places in brisket categories. We have always used Butcher BBQ products and mix them only with pure water. If you plan to make brisket, there is no competitor to this product here. Don\u2019t try to mix it with broth or anything else because it makes the meat very salty immediately, and the only correct way is pure spring water. Another important point is: don\u2019t taste it \ud83d\ude00 it\u2019s super strong stuff that gets its right flavor and gives the right flavor when the meat cooks. One of the most important results with beef injection was that the meat always stayed juicy.<\/p>\n<p data-start=\"1063\" data-end=\"1074\"><strong data-start=\"1063\" data-end=\"1074\">Pro tip<\/strong><\/p>\n<p data-start=\"1076\" data-end=\"1413\" data-is-last-node=\"\" data-is-only-node=\"\">Make the mix about a day in advance so it thickens a bit and sticks better to the meat afterward. If you want to cook in the morning, inject the night before; about six hours of resting is just right. Leaving it too long makes the meat salty. Try it and you won\u2019t regret it; the award for the best brisket in our competition confirms it.<\/p>\n","protected":false},"excerpt":{"rendered":"<p>The most legendary beef injection mix of all time has always come from Butcher BBQ and its creator Dave Bouska. He is a butcher by profession and has worked in that role for a long time, and everything he puts in jars for sale is usually very carefully thought out. All major BBQ or grill [&#8230;]\n","protected":false},"featured_media":8707,"comment_status":"open","ping_status":"closed","template":"","meta":[],"product_brand":[],"product_cat":[23],"product_tag":[915],"class_list":{"0":"post-8602","1":"product","2":"type-product","3":"status-publish","4":"has-post-thumbnail","6":"product_cat-marinades","7":"product_tag-cattle","9":"first","10":"instock","11":"taxable","12":"shipping-taxable","13":"purchasable","14":"product-type-simple"},"yoast_head":"<!-- This site is optimized with the Yoast SEO plugin v27.4 - https:\/\/yoast.com\/product\/yoast-seo-wordpress\/ -->\n<title>Butcher BBQ Brisket Injection - BBQ \u00c4ssad<\/title>\n<meta name=\"description\" content=\"Marinaadisegu Butcher BBQ Prime Brisket Injection - K\u00f5ige legendaarsem veise s\u00fcstimise segu l\u00e4bi aegade. Liha j\u00e4\u00e4b alati mahlane.\" \/>\n<meta name=\"robots\" content=\"index, follow, max-snippet:-1, max-image-preview:large, max-video-preview:-1\" \/>\n<link rel=\"canonical\" href=\"https:\/\/bbqassad.ee\/en\/toode\/butcher-bbq-brisket-injection\/\" \/>\n<meta property=\"og:locale\" content=\"en_US\" \/>\n<meta property=\"og:type\" content=\"article\" \/>\n<meta property=\"og:title\" content=\"Butcher BBQ Brisket Injection - BBQ \u00c4ssad\" \/>\n<meta property=\"og:description\" content=\"Marinaadisegu Butcher BBQ Prime Brisket Injection - K\u00f5ige legendaarsem veise s\u00fcstimise segu l\u00e4bi aegade. Liha j\u00e4\u00e4b alati mahlane.\" \/>\n<meta property=\"og:url\" content=\"https:\/\/bbqassad.ee\/en\/toode\/butcher-bbq-brisket-injection\/\" \/>\n<meta property=\"og:site_name\" content=\"BBQ \u00c4ssad\" \/>\n<meta property=\"article:publisher\" content=\"https:\/\/www.facebook.com\/bbqassad\" \/>\n<meta property=\"article:modified_time\" content=\"2025-07-02T16:32:51+00:00\" \/>\n<meta property=\"og:image\" content=\"https:\/\/bbqassad.ee\/wp-content\/uploads\/2022\/11\/ButcherBBQ-BrisketInjection-2-BBQAssad-copy.webp\" \/>\n\t<meta property=\"og:image:width\" content=\"800\" \/>\n\t<meta property=\"og:image:height\" content=\"800\" \/>\n\t<meta property=\"og:image:type\" content=\"image\/webp\" \/>\n<meta name=\"twitter:card\" content=\"summary_large_image\" \/>\n<meta name=\"twitter:label1\" content=\"Est. reading time\" \/>\n\t<meta name=\"twitter:data1\" content=\"2 minutes\" \/>\n<script type=\"application\/ld+json\" class=\"yoast-schema-graph\">{\"@context\":\"https:\\\/\\\/schema.org\",\"@graph\":[{\"@type\":\"WebPage\",\"@id\":\"https:\\\/\\\/bbqassad.ee\\\/en\\\/toode\\\/butcher-bbq-brisket-injection\\\/\",\"url\":\"https:\\\/\\\/bbqassad.ee\\\/en\\\/toode\\\/butcher-bbq-brisket-injection\\\/\",\"name\":\"Butcher BBQ Brisket Injection - BBQ \u00c4ssad\",\"isPartOf\":{\"@id\":\"https:\\\/\\\/bbqassad.ee\\\/en\\\/#website\"},\"primaryImageOfPage\":{\"@id\":\"https:\\\/\\\/bbqassad.ee\\\/en\\\/toode\\\/butcher-bbq-brisket-injection\\\/#primaryimage\"},\"image\":{\"@id\":\"https:\\\/\\\/bbqassad.ee\\\/en\\\/toode\\\/butcher-bbq-brisket-injection\\\/#primaryimage\"},\"thumbnailUrl\":\"https:\\\/\\\/bbqassad.ee\\\/wp-content\\\/uploads\\\/2022\\\/11\\\/ButcherBBQ-BrisketInjection-2-BBQAssad-copy.webp\",\"datePublished\":\"2022-11-02T13:28:58+00:00\",\"dateModified\":\"2025-07-02T16:32:51+00:00\",\"description\":\"Marinaadisegu Butcher BBQ Prime Brisket Injection - K\u00f5ige legendaarsem veise s\u00fcstimise segu l\u00e4bi aegade. Liha j\u00e4\u00e4b alati mahlane.\",\"breadcrumb\":{\"@id\":\"https:\\\/\\\/bbqassad.ee\\\/en\\\/toode\\\/butcher-bbq-brisket-injection\\\/#breadcrumb\"},\"inLanguage\":\"en-US\",\"potentialAction\":[{\"@type\":\"ReadAction\",\"target\":[\"https:\\\/\\\/bbqassad.ee\\\/en\\\/toode\\\/butcher-bbq-brisket-injection\\\/\"]}]},{\"@type\":\"ImageObject\",\"inLanguage\":\"en-US\",\"@id\":\"https:\\\/\\\/bbqassad.ee\\\/en\\\/toode\\\/butcher-bbq-brisket-injection\\\/#primaryimage\",\"url\":\"https:\\\/\\\/bbqassad.ee\\\/wp-content\\\/uploads\\\/2022\\\/11\\\/ButcherBBQ-BrisketInjection-2-BBQAssad-copy.webp\",\"contentUrl\":\"https:\\\/\\\/bbqassad.ee\\\/wp-content\\\/uploads\\\/2022\\\/11\\\/ButcherBBQ-BrisketInjection-2-BBQAssad-copy.webp\",\"width\":800,\"height\":800,\"caption\":\"Marinaadisegu Butcher BBQ Prime Brisket Injection\"},{\"@type\":\"BreadcrumbList\",\"@id\":\"https:\\\/\\\/bbqassad.ee\\\/en\\\/toode\\\/butcher-bbq-brisket-injection\\\/#breadcrumb\",\"itemListElement\":[{\"@type\":\"ListItem\",\"position\":1,\"name\":\"Home\",\"item\":\"https:\\\/\\\/bbqassad.ee\\\/en\\\/\"},{\"@type\":\"ListItem\",\"position\":2,\"name\":\"Shop\",\"item\":\"https:\\\/\\\/bbqassad.ee\\\/en\\\/shop\\\/\"},{\"@type\":\"ListItem\",\"position\":3,\"name\":\"Butcher BBQ Brisket Injection\"}]},{\"@type\":\"WebSite\",\"@id\":\"https:\\\/\\\/bbqassad.ee\\\/en\\\/#website\",\"url\":\"https:\\\/\\\/bbqassad.ee\\\/en\\\/\",\"name\":\"BBQ \u00c4ssad\",\"description\":\"BBQ maitseained, kastmed, ahjud\",\"publisher\":{\"@id\":\"https:\\\/\\\/bbqassad.ee\\\/en\\\/#organization\"},\"potentialAction\":[{\"@type\":\"SearchAction\",\"target\":{\"@type\":\"EntryPoint\",\"urlTemplate\":\"https:\\\/\\\/bbqassad.ee\\\/en\\\/?s={search_term_string}\"},\"query-input\":{\"@type\":\"PropertyValueSpecification\",\"valueRequired\":true,\"valueName\":\"search_term_string\"}}],\"inLanguage\":\"en-US\"},{\"@type\":\"Organization\",\"@id\":\"https:\\\/\\\/bbqassad.ee\\\/en\\\/#organization\",\"name\":\"BBQ \u00c4ssad\",\"url\":\"https:\\\/\\\/bbqassad.ee\\\/en\\\/\",\"logo\":{\"@type\":\"ImageObject\",\"inLanguage\":\"en-US\",\"@id\":\"https:\\\/\\\/bbqassad.ee\\\/en\\\/#\\\/schema\\\/logo\\\/image\\\/\",\"url\":\"https:\\\/\\\/bbqassad.ee\\\/wp-content\\\/uploads\\\/2022\\\/10\\\/BBQ-2ssadlogo.png\",\"contentUrl\":\"https:\\\/\\\/bbqassad.ee\\\/wp-content\\\/uploads\\\/2022\\\/10\\\/BBQ-2ssadlogo.png\",\"width\":1080,\"height\":1080,\"caption\":\"BBQ \u00c4ssad\"},\"image\":{\"@id\":\"https:\\\/\\\/bbqassad.ee\\\/en\\\/#\\\/schema\\\/logo\\\/image\\\/\"},\"sameAs\":[\"https:\\\/\\\/www.facebook.com\\\/bbqassad\",\"https:\\\/\\\/www.youtube.com\\\/channel\\\/UCsoufn49J6TVi9Ah9meE93w\"]}]}<\/script>\n<!-- \/ Yoast SEO plugin. -->","yoast_head_json":{"title":"Butcher BBQ Brisket Injection - BBQ \u00c4ssad","description":"Marinaadisegu Butcher BBQ Prime Brisket Injection - K\u00f5ige legendaarsem veise s\u00fcstimise segu l\u00e4bi aegade. Liha j\u00e4\u00e4b alati mahlane.","robots":{"index":"index","follow":"follow","max-snippet":"max-snippet:-1","max-image-preview":"max-image-preview:large","max-video-preview":"max-video-preview:-1"},"canonical":"https:\/\/bbqassad.ee\/en\/toode\/butcher-bbq-brisket-injection\/","og_locale":"en_US","og_type":"article","og_title":"Butcher BBQ Brisket Injection - BBQ \u00c4ssad","og_description":"Marinaadisegu Butcher BBQ Prime Brisket Injection - K\u00f5ige legendaarsem veise s\u00fcstimise segu l\u00e4bi aegade. Liha j\u00e4\u00e4b alati mahlane.","og_url":"https:\/\/bbqassad.ee\/en\/toode\/butcher-bbq-brisket-injection\/","og_site_name":"BBQ \u00c4ssad","article_publisher":"https:\/\/www.facebook.com\/bbqassad","article_modified_time":"2025-07-02T16:32:51+00:00","og_image":[{"width":800,"height":800,"url":"https:\/\/bbqassad.ee\/wp-content\/uploads\/2022\/11\/ButcherBBQ-BrisketInjection-2-BBQAssad-copy.webp","type":"image\/webp"}],"twitter_card":"summary_large_image","twitter_misc":{"Est. reading time":"2 minutes"},"schema":{"@context":"https:\/\/schema.org","@graph":[{"@type":"WebPage","@id":"https:\/\/bbqassad.ee\/en\/toode\/butcher-bbq-brisket-injection\/","url":"https:\/\/bbqassad.ee\/en\/toode\/butcher-bbq-brisket-injection\/","name":"Butcher BBQ Brisket Injection - BBQ \u00c4ssad","isPartOf":{"@id":"https:\/\/bbqassad.ee\/en\/#website"},"primaryImageOfPage":{"@id":"https:\/\/bbqassad.ee\/en\/toode\/butcher-bbq-brisket-injection\/#primaryimage"},"image":{"@id":"https:\/\/bbqassad.ee\/en\/toode\/butcher-bbq-brisket-injection\/#primaryimage"},"thumbnailUrl":"https:\/\/bbqassad.ee\/wp-content\/uploads\/2022\/11\/ButcherBBQ-BrisketInjection-2-BBQAssad-copy.webp","datePublished":"2022-11-02T13:28:58+00:00","dateModified":"2025-07-02T16:32:51+00:00","description":"Marinaadisegu Butcher BBQ Prime Brisket Injection - K\u00f5ige legendaarsem veise s\u00fcstimise segu l\u00e4bi aegade. Liha j\u00e4\u00e4b alati mahlane.","breadcrumb":{"@id":"https:\/\/bbqassad.ee\/en\/toode\/butcher-bbq-brisket-injection\/#breadcrumb"},"inLanguage":"en-US","potentialAction":[{"@type":"ReadAction","target":["https:\/\/bbqassad.ee\/en\/toode\/butcher-bbq-brisket-injection\/"]}]},{"@type":"ImageObject","inLanguage":"en-US","@id":"https:\/\/bbqassad.ee\/en\/toode\/butcher-bbq-brisket-injection\/#primaryimage","url":"https:\/\/bbqassad.ee\/wp-content\/uploads\/2022\/11\/ButcherBBQ-BrisketInjection-2-BBQAssad-copy.webp","contentUrl":"https:\/\/bbqassad.ee\/wp-content\/uploads\/2022\/11\/ButcherBBQ-BrisketInjection-2-BBQAssad-copy.webp","width":800,"height":800,"caption":"Marinaadisegu Butcher BBQ Prime Brisket Injection"},{"@type":"BreadcrumbList","@id":"https:\/\/bbqassad.ee\/en\/toode\/butcher-bbq-brisket-injection\/#breadcrumb","itemListElement":[{"@type":"ListItem","position":1,"name":"Home","item":"https:\/\/bbqassad.ee\/en\/"},{"@type":"ListItem","position":2,"name":"Shop","item":"https:\/\/bbqassad.ee\/en\/shop\/"},{"@type":"ListItem","position":3,"name":"Butcher BBQ Brisket Injection"}]},{"@type":"WebSite","@id":"https:\/\/bbqassad.ee\/en\/#website","url":"https:\/\/bbqassad.ee\/en\/","name":"BBQ \u00c4ssad","description":"BBQ maitseained, kastmed, ahjud","publisher":{"@id":"https:\/\/bbqassad.ee\/en\/#organization"},"potentialAction":[{"@type":"SearchAction","target":{"@type":"EntryPoint","urlTemplate":"https:\/\/bbqassad.ee\/en\/?s={search_term_string}"},"query-input":{"@type":"PropertyValueSpecification","valueRequired":true,"valueName":"search_term_string"}}],"inLanguage":"en-US"},{"@type":"Organization","@id":"https:\/\/bbqassad.ee\/en\/#organization","name":"BBQ \u00c4ssad","url":"https:\/\/bbqassad.ee\/en\/","logo":{"@type":"ImageObject","inLanguage":"en-US","@id":"https:\/\/bbqassad.ee\/en\/#\/schema\/logo\/image\/","url":"https:\/\/bbqassad.ee\/wp-content\/uploads\/2022\/10\/BBQ-2ssadlogo.png","contentUrl":"https:\/\/bbqassad.ee\/wp-content\/uploads\/2022\/10\/BBQ-2ssadlogo.png","width":1080,"height":1080,"caption":"BBQ \u00c4ssad"},"image":{"@id":"https:\/\/bbqassad.ee\/en\/#\/schema\/logo\/image\/"},"sameAs":["https:\/\/www.facebook.com\/bbqassad","https:\/\/www.youtube.com\/channel\/UCsoufn49J6TVi9Ah9meE93w"]}]}},"_links":{"self":[{"href":"https:\/\/bbqassad.ee\/en\/wp-json\/wp\/v2\/product\/8602","targetHints":{"allow":["GET"]}}],"collection":[{"href":"https:\/\/bbqassad.ee\/en\/wp-json\/wp\/v2\/product"}],"about":[{"href":"https:\/\/bbqassad.ee\/en\/wp-json\/wp\/v2\/types\/product"}],"replies":[{"embeddable":true,"href":"https:\/\/bbqassad.ee\/en\/wp-json\/wp\/v2\/comments?post=8602"}],"wp:featuredmedia":[{"embeddable":true,"href":"https:\/\/bbqassad.ee\/en\/wp-json\/wp\/v2\/media\/8707"}],"wp:attachment":[{"href":"https:\/\/bbqassad.ee\/en\/wp-json\/wp\/v2\/media?parent=8602"}],"wp:term":[{"taxonomy":"product_brand","embeddable":true,"href":"https:\/\/bbqassad.ee\/en\/wp-json\/wp\/v2\/product_brand?post=8602"},{"taxonomy":"product_cat","embeddable":true,"href":"https:\/\/bbqassad.ee\/en\/wp-json\/wp\/v2\/product_cat?post=8602"},{"taxonomy":"product_tag","embeddable":true,"href":"https:\/\/bbqassad.ee\/en\/wp-json\/wp\/v2\/product_tag?post=8602"}],"curies":[{"name":"wp","href":"https:\/\/api.w.org\/{rel}","templated":true}]}}