{"id":8596,"date":"2022-12-07T16:54:07","date_gmt":"2022-12-07T16:54:07","guid":{"rendered":"https:\/\/bbqassad.ee\/?post_type=product&#038;p=8596"},"modified":"2025-07-02T17:30:38","modified_gmt":"2025-07-02T17:30:38","slug":"seasoning-blend-meat-church-honey-hog-hot-bbq","status":"publish","type":"product","link":"https:\/\/bbqassad.ee\/en\/toode\/seasoning-blend-meat-church-honey-hog-hot-bbq\/","title":{"rendered":"Seasoning Blend Meat Church Honey Hog HOT BBQ"},"content":{"rendered":"<h2 data-start=\"0\" data-end=\"37\"><strong data-start=\"0\" data-end=\"37\">Seasoning Blend Honey Hog HOT BBQ<\/strong><\/h2>\n<p data-start=\"39\" data-end=\"234\"><strong data-start=\"39\" data-end=\"72\">Meat Church Honey Hog HOT BBQ<\/strong> \u2013 Meat Church seasonings deliver true Southern flavors. This blend is almost the same as Honey Hog, but beware, it has some extra ingredients that make it spicy.<\/p>\n<h3 data-start=\"236\" data-end=\"257\"><strong data-start=\"236\" data-end=\"257\">BBQ \u00c4ssad Comment<\/strong><\/h3>\n<p data-start=\"259\" data-end=\"349\">This is a great combo blend \u2014 add it on top of Honey Hog and you get a spicy-sweet result.<\/p>\n<h3 data-start=\"351\" data-end=\"362\"><strong data-start=\"351\" data-end=\"362\">Pro Tip<\/strong><\/h3>\n<p data-start=\"364\" data-end=\"432\" data-is-last-node=\"\" data-is-only-node=\"\">Don\u2019t be afraid to use this for things like wings, despite the name.<\/p>\n","protected":false},"excerpt":{"rendered":"<p>Seasoning Blend Honey Hog HOT BBQ Meat Church Honey Hog HOT BBQ \u2013 Meat Church seasonings deliver true Southern flavors. This blend is almost the same as Honey Hog, but beware, it has some extra ingredients that make it spicy. BBQ \u00c4ssad Comment This is a great combo blend \u2014 add it on top of [&#8230;]\n","protected":false},"featured_media":536,"comment_status":"open","ping_status":"closed","template":"","meta":[],"product_brand":[],"product_cat":[15],"product_tag":[],"class_list":{"0":"post-8596","1":"product","2":"type-product","3":"status-publish","4":"has-post-thumbnail","6":"product_cat-spices","8":"first","9":"outofstock","10":"taxable","11":"shipping-taxable","12":"purchasable","13":"product-type-simple"},"yoast_head":"<!-- This site is optimized with the Yoast SEO plugin v27.1.1 - https:\/\/yoast.com\/product\/yoast-seo-wordpress\/ -->\n<title>Seasoning Blend Meat Church Honey Hog HOT BBQ - BBQ \u00c4ssad<\/title>\n<meta name=\"description\" content=\"Maitseainesegu Honey Hog HOT BBQ - on peaaegu sama mis Honey hog, kuid ettevaatust, seal on ka m\u00f5ningad Asjad veel, mis teevad ta v\u00fcrtsikaks.\" \/>\n<meta name=\"robots\" content=\"index, follow, max-snippet:-1, max-image-preview:large, max-video-preview:-1\" \/>\n<link rel=\"canonical\" href=\"https:\/\/bbqassad.ee\/en\/toode\/seasoning-blend-meat-church-honey-hog-hot-bbq\/\" \/>\n<meta property=\"og:locale\" content=\"en_US\" \/>\n<meta property=\"og:type\" content=\"article\" \/>\n<meta property=\"og:title\" content=\"Seasoning Blend Meat Church Honey Hog HOT BBQ - BBQ \u00c4ssad\" \/>\n<meta property=\"og:description\" content=\"Maitseainesegu Honey Hog HOT BBQ - on peaaegu sama mis Honey hog, kuid ettevaatust, seal on ka m\u00f5ningad Asjad veel, mis teevad ta v\u00fcrtsikaks.\" \/>\n<meta property=\"og:url\" content=\"https:\/\/bbqassad.ee\/en\/toode\/seasoning-blend-meat-church-honey-hog-hot-bbq\/\" \/>\n<meta property=\"og:site_name\" content=\"BBQ \u00c4ssad\" \/>\n<meta property=\"article:publisher\" content=\"https:\/\/www.facebook.com\/bbqassad\" \/>\n<meta property=\"article:modified_time\" content=\"2025-07-02T17:30:38+00:00\" \/>\n<meta property=\"og:image\" content=\"https:\/\/bbqassad.ee\/wp-content\/uploads\/2022\/12\/Honey-hog-hot.webp\" \/>\n\t<meta property=\"og:image:width\" content=\"800\" \/>\n\t<meta property=\"og:image:height\" content=\"800\" \/>\n\t<meta property=\"og:image:type\" content=\"image\/webp\" \/>\n<meta name=\"twitter:card\" content=\"summary_large_image\" \/>\n<meta name=\"twitter:label1\" content=\"Est. reading time\" \/>\n\t<meta name=\"twitter:data1\" content=\"1 minute\" \/>\n<script type=\"application\/ld+json\" class=\"yoast-schema-graph\">{\"@context\":\"https:\/\/schema.org\",\"@graph\":[{\"@type\":\"WebPage\",\"@id\":\"https:\/\/bbqassad.ee\/en\/toode\/seasoning-blend-meat-church-honey-hog-hot-bbq\/\",\"url\":\"https:\/\/bbqassad.ee\/en\/toode\/seasoning-blend-meat-church-honey-hog-hot-bbq\/\",\"name\":\"Seasoning Blend Meat Church Honey Hog HOT BBQ - BBQ \u00c4ssad\",\"isPartOf\":{\"@id\":\"https:\/\/bbqassad.ee\/en\/#website\"},\"primaryImageOfPage\":{\"@id\":\"https:\/\/bbqassad.ee\/en\/toode\/seasoning-blend-meat-church-honey-hog-hot-bbq\/#primaryimage\"},\"image\":{\"@id\":\"https:\/\/bbqassad.ee\/en\/toode\/seasoning-blend-meat-church-honey-hog-hot-bbq\/#primaryimage\"},\"thumbnailUrl\":\"https:\/\/bbqassad.ee\/wp-content\/uploads\/2022\/12\/Honey-hog-hot.webp\",\"datePublished\":\"2022-12-07T16:54:07+00:00\",\"dateModified\":\"2025-07-02T17:30:38+00:00\",\"description\":\"Maitseainesegu Honey Hog HOT BBQ - on peaaegu sama mis Honey hog, kuid ettevaatust, seal on ka m\u00f5ningad Asjad veel, mis teevad ta v\u00fcrtsikaks.\",\"breadcrumb\":{\"@id\":\"https:\/\/bbqassad.ee\/en\/toode\/seasoning-blend-meat-church-honey-hog-hot-bbq\/#breadcrumb\"},\"inLanguage\":\"en-US\",\"potentialAction\":[{\"@type\":\"ReadAction\",\"target\":[\"https:\/\/bbqassad.ee\/en\/toode\/seasoning-blend-meat-church-honey-hog-hot-bbq\/\"]}]},{\"@type\":\"ImageObject\",\"inLanguage\":\"en-US\",\"@id\":\"https:\/\/bbqassad.ee\/en\/toode\/seasoning-blend-meat-church-honey-hog-hot-bbq\/#primaryimage\",\"url\":\"https:\/\/bbqassad.ee\/wp-content\/uploads\/2022\/12\/Honey-hog-hot.webp\",\"contentUrl\":\"https:\/\/bbqassad.ee\/wp-content\/uploads\/2022\/12\/Honey-hog-hot.webp\",\"width\":800,\"height\":800,\"caption\":\"Maitseainesegu Honey Hog HOT BBQ\"},{\"@type\":\"BreadcrumbList\",\"@id\":\"https:\/\/bbqassad.ee\/en\/toode\/seasoning-blend-meat-church-honey-hog-hot-bbq\/#breadcrumb\",\"itemListElement\":[{\"@type\":\"ListItem\",\"position\":1,\"name\":\"Home\",\"item\":\"https:\/\/bbqassad.ee\/en\/\"},{\"@type\":\"ListItem\",\"position\":2,\"name\":\"Shop\",\"item\":\"https:\/\/bbqassad.ee\/en\/shop\/\"},{\"@type\":\"ListItem\",\"position\":3,\"name\":\"Seasoning Blend Meat Church Honey Hog HOT BBQ\"}]},{\"@type\":\"WebSite\",\"@id\":\"https:\/\/bbqassad.ee\/en\/#website\",\"url\":\"https:\/\/bbqassad.ee\/en\/\",\"name\":\"BBQ \u00c4ssad\",\"description\":\"\",\"publisher\":{\"@id\":\"https:\/\/bbqassad.ee\/en\/#organization\"},\"potentialAction\":[{\"@type\":\"SearchAction\",\"target\":{\"@type\":\"EntryPoint\",\"urlTemplate\":\"https:\/\/bbqassad.ee\/en\/?s={search_term_string}\"},\"query-input\":{\"@type\":\"PropertyValueSpecification\",\"valueRequired\":true,\"valueName\":\"search_term_string\"}}],\"inLanguage\":\"en-US\"},{\"@type\":\"Organization\",\"@id\":\"https:\/\/bbqassad.ee\/en\/#organization\",\"name\":\"BBQ \u00c4ssad\",\"url\":\"https:\/\/bbqassad.ee\/en\/\",\"logo\":{\"@type\":\"ImageObject\",\"inLanguage\":\"en-US\",\"@id\":\"https:\/\/bbqassad.ee\/en\/#\/schema\/logo\/image\/\",\"url\":\"https:\/\/bbqassad.ee\/wp-content\/uploads\/2022\/10\/BBQ-2ssadlogo.png\",\"contentUrl\":\"https:\/\/bbqassad.ee\/wp-content\/uploads\/2022\/10\/BBQ-2ssadlogo.png\",\"width\":1080,\"height\":1080,\"caption\":\"BBQ \u00c4ssad\"},\"image\":{\"@id\":\"https:\/\/bbqassad.ee\/en\/#\/schema\/logo\/image\/\"},\"sameAs\":[\"https:\/\/www.facebook.com\/bbqassad\",\"https:\/\/www.youtube.com\/channel\/UCsoufn49J6TVi9Ah9meE93w\"]}]}<\/script>\n<!-- \/ Yoast SEO plugin. -->","yoast_head_json":{"title":"Seasoning Blend Meat Church Honey Hog HOT BBQ - BBQ \u00c4ssad","description":"Maitseainesegu Honey Hog HOT BBQ - on peaaegu sama mis Honey hog, kuid ettevaatust, seal on ka m\u00f5ningad Asjad veel, mis teevad ta v\u00fcrtsikaks.","robots":{"index":"index","follow":"follow","max-snippet":"max-snippet:-1","max-image-preview":"max-image-preview:large","max-video-preview":"max-video-preview:-1"},"canonical":"https:\/\/bbqassad.ee\/en\/toode\/seasoning-blend-meat-church-honey-hog-hot-bbq\/","og_locale":"en_US","og_type":"article","og_title":"Seasoning Blend Meat Church Honey Hog HOT BBQ - BBQ \u00c4ssad","og_description":"Maitseainesegu Honey Hog HOT BBQ - on peaaegu sama mis Honey hog, kuid ettevaatust, seal on ka m\u00f5ningad Asjad veel, mis teevad ta v\u00fcrtsikaks.","og_url":"https:\/\/bbqassad.ee\/en\/toode\/seasoning-blend-meat-church-honey-hog-hot-bbq\/","og_site_name":"BBQ \u00c4ssad","article_publisher":"https:\/\/www.facebook.com\/bbqassad","article_modified_time":"2025-07-02T17:30:38+00:00","og_image":[{"width":800,"height":800,"url":"https:\/\/bbqassad.ee\/wp-content\/uploads\/2022\/12\/Honey-hog-hot.webp","type":"image\/webp"}],"twitter_card":"summary_large_image","twitter_misc":{"Est. reading time":"1 minute"},"schema":{"@context":"https:\/\/schema.org","@graph":[{"@type":"WebPage","@id":"https:\/\/bbqassad.ee\/en\/toode\/seasoning-blend-meat-church-honey-hog-hot-bbq\/","url":"https:\/\/bbqassad.ee\/en\/toode\/seasoning-blend-meat-church-honey-hog-hot-bbq\/","name":"Seasoning Blend Meat Church Honey Hog HOT BBQ - BBQ \u00c4ssad","isPartOf":{"@id":"https:\/\/bbqassad.ee\/en\/#website"},"primaryImageOfPage":{"@id":"https:\/\/bbqassad.ee\/en\/toode\/seasoning-blend-meat-church-honey-hog-hot-bbq\/#primaryimage"},"image":{"@id":"https:\/\/bbqassad.ee\/en\/toode\/seasoning-blend-meat-church-honey-hog-hot-bbq\/#primaryimage"},"thumbnailUrl":"https:\/\/bbqassad.ee\/wp-content\/uploads\/2022\/12\/Honey-hog-hot.webp","datePublished":"2022-12-07T16:54:07+00:00","dateModified":"2025-07-02T17:30:38+00:00","description":"Maitseainesegu Honey Hog HOT BBQ - on peaaegu sama mis Honey hog, kuid ettevaatust, seal on ka m\u00f5ningad Asjad veel, mis teevad ta v\u00fcrtsikaks.","breadcrumb":{"@id":"https:\/\/bbqassad.ee\/en\/toode\/seasoning-blend-meat-church-honey-hog-hot-bbq\/#breadcrumb"},"inLanguage":"en-US","potentialAction":[{"@type":"ReadAction","target":["https:\/\/bbqassad.ee\/en\/toode\/seasoning-blend-meat-church-honey-hog-hot-bbq\/"]}]},{"@type":"ImageObject","inLanguage":"en-US","@id":"https:\/\/bbqassad.ee\/en\/toode\/seasoning-blend-meat-church-honey-hog-hot-bbq\/#primaryimage","url":"https:\/\/bbqassad.ee\/wp-content\/uploads\/2022\/12\/Honey-hog-hot.webp","contentUrl":"https:\/\/bbqassad.ee\/wp-content\/uploads\/2022\/12\/Honey-hog-hot.webp","width":800,"height":800,"caption":"Maitseainesegu Honey Hog HOT BBQ"},{"@type":"BreadcrumbList","@id":"https:\/\/bbqassad.ee\/en\/toode\/seasoning-blend-meat-church-honey-hog-hot-bbq\/#breadcrumb","itemListElement":[{"@type":"ListItem","position":1,"name":"Home","item":"https:\/\/bbqassad.ee\/en\/"},{"@type":"ListItem","position":2,"name":"Shop","item":"https:\/\/bbqassad.ee\/en\/shop\/"},{"@type":"ListItem","position":3,"name":"Seasoning Blend Meat Church Honey Hog HOT BBQ"}]},{"@type":"WebSite","@id":"https:\/\/bbqassad.ee\/en\/#website","url":"https:\/\/bbqassad.ee\/en\/","name":"BBQ \u00c4ssad","description":"","publisher":{"@id":"https:\/\/bbqassad.ee\/en\/#organization"},"potentialAction":[{"@type":"SearchAction","target":{"@type":"EntryPoint","urlTemplate":"https:\/\/bbqassad.ee\/en\/?s={search_term_string}"},"query-input":{"@type":"PropertyValueSpecification","valueRequired":true,"valueName":"search_term_string"}}],"inLanguage":"en-US"},{"@type":"Organization","@id":"https:\/\/bbqassad.ee\/en\/#organization","name":"BBQ \u00c4ssad","url":"https:\/\/bbqassad.ee\/en\/","logo":{"@type":"ImageObject","inLanguage":"en-US","@id":"https:\/\/bbqassad.ee\/en\/#\/schema\/logo\/image\/","url":"https:\/\/bbqassad.ee\/wp-content\/uploads\/2022\/10\/BBQ-2ssadlogo.png","contentUrl":"https:\/\/bbqassad.ee\/wp-content\/uploads\/2022\/10\/BBQ-2ssadlogo.png","width":1080,"height":1080,"caption":"BBQ \u00c4ssad"},"image":{"@id":"https:\/\/bbqassad.ee\/en\/#\/schema\/logo\/image\/"},"sameAs":["https:\/\/www.facebook.com\/bbqassad","https:\/\/www.youtube.com\/channel\/UCsoufn49J6TVi9Ah9meE93w"]}]}},"_links":{"self":[{"href":"https:\/\/bbqassad.ee\/en\/wp-json\/wp\/v2\/product\/8596","targetHints":{"allow":["GET"]}}],"collection":[{"href":"https:\/\/bbqassad.ee\/en\/wp-json\/wp\/v2\/product"}],"about":[{"href":"https:\/\/bbqassad.ee\/en\/wp-json\/wp\/v2\/types\/product"}],"replies":[{"embeddable":true,"href":"https:\/\/bbqassad.ee\/en\/wp-json\/wp\/v2\/comments?post=8596"}],"wp:featuredmedia":[{"embeddable":true,"href":"https:\/\/bbqassad.ee\/en\/wp-json\/wp\/v2\/media\/536"}],"wp:attachment":[{"href":"https:\/\/bbqassad.ee\/en\/wp-json\/wp\/v2\/media?parent=8596"}],"wp:term":[{"taxonomy":"product_brand","embeddable":true,"href":"https:\/\/bbqassad.ee\/en\/wp-json\/wp\/v2\/product_brand?post=8596"},{"taxonomy":"product_cat","embeddable":true,"href":"https:\/\/bbqassad.ee\/en\/wp-json\/wp\/v2\/product_cat?post=8596"},{"taxonomy":"product_tag","embeddable":true,"href":"https:\/\/bbqassad.ee\/en\/wp-json\/wp\/v2\/product_tag?post=8596"}],"curies":[{"name":"wp","href":"https:\/\/api.w.org\/{rel}","templated":true}]}}