{"id":8593,"date":"2022-12-07T17:30:52","date_gmt":"2022-12-07T17:30:52","guid":{"rendered":"https:\/\/bbqassad.ee\/?post_type=product&#038;p=8593"},"modified":"2025-07-02T17:37:25","modified_gmt":"2025-07-02T17:37:25","slug":"seasoning-blend-fergolicious-sweet-luv-rub","status":"publish","type":"product","link":"https:\/\/bbqassad.ee\/en\/toode\/seasoning-blend-fergolicious-sweet-luv-rub\/","title":{"rendered":"Seasoning Blend Fergolicious Sweet Luv rub"},"content":{"rendered":"<h2 data-start=\"0\" data-end=\"33\"><strong data-start=\"0\" data-end=\"33\">Seasoning Blend Sweet Luv Rub<\/strong><\/h2>\n<p data-start=\"35\" data-end=\"326\">Fergolicious Sweet Luv Rub \u2013 This rub is Fergilicious \ud83d\ude42 Fergi is a famous competitor who knows exactly how meat should taste, and he\u2019s put all that into his seasonings. Constant top finishes prove they work. These are genuine Kansas City flavors, and Sweet LUV makes everything sweeter.<\/p>\n<h3 data-start=\"328\" data-end=\"349\"><strong data-start=\"328\" data-end=\"349\">BBQ \u00c4ssad Comment<\/strong><\/h3>\n<p data-start=\"351\" data-end=\"444\">An insanely good rib seasoning. It\u2019s perfect for sweet ribs and why not also for pulled pork.<\/p>\n<h3 data-start=\"446\" data-end=\"457\"><strong data-start=\"446\" data-end=\"457\">Pro Tip<\/strong><\/h3>\n<p data-start=\"459\" data-end=\"542\" data-is-last-node=\"\" data-is-only-node=\"\">Use LUV Rub as the base and Sweet LUV on top, and voila, you\u2019ve got an amazing rib.<\/p>\n","protected":false},"excerpt":{"rendered":"<p>Seasoning Blend Sweet Luv Rub Fergolicious Sweet Luv Rub \u2013 This rub is Fergilicious \ud83d\ude42 Fergi is a famous competitor who knows exactly how meat should taste, and he\u2019s put all that into his seasonings. Constant top finishes prove they work. These are genuine Kansas City flavors, and Sweet LUV makes everything sweeter. BBQ \u00c4ssad [&#8230;]\n","protected":false},"featured_media":543,"comment_status":"open","ping_status":"closed","template":"","meta":[],"product_brand":[],"product_cat":[15],"product_tag":[],"class_list":{"0":"post-8593","1":"product","2":"type-product","3":"status-publish","4":"has-post-thumbnail","6":"product_cat-spices","8":"first","9":"outofstock","10":"taxable","11":"shipping-taxable","12":"purchasable","13":"product-type-simple"},"yoast_head":"<!-- This site is optimized with the Yoast SEO plugin v27.1.1 - https:\/\/yoast.com\/product\/yoast-seo-wordpress\/ -->\n<title>Seasoning Blend Fergolicious Sweet Luv rub - BBQ \u00c4ssad<\/title>\n<meta name=\"description\" content=\"Maitseainesegu Sweet Luv rub - Tegu on t\u00f5eliste Kansas City maitseainetega ning Sweet LUV teeb k\u00f5ik asjad magusamaks. P\u00f5rgulikult hea ribi maitseaine.\" \/>\n<meta name=\"robots\" content=\"index, follow, max-snippet:-1, max-image-preview:large, max-video-preview:-1\" \/>\n<link rel=\"canonical\" href=\"https:\/\/bbqassad.ee\/en\/toode\/seasoning-blend-fergolicious-sweet-luv-rub\/\" \/>\n<meta property=\"og:locale\" content=\"en_US\" \/>\n<meta property=\"og:type\" content=\"article\" \/>\n<meta property=\"og:title\" content=\"Seasoning Blend Fergolicious Sweet Luv rub - BBQ \u00c4ssad\" \/>\n<meta property=\"og:description\" content=\"Maitseainesegu Sweet Luv rub - Tegu on t\u00f5eliste Kansas City maitseainetega ning Sweet LUV teeb k\u00f5ik asjad magusamaks. P\u00f5rgulikult hea ribi maitseaine.\" \/>\n<meta property=\"og:url\" content=\"https:\/\/bbqassad.ee\/en\/toode\/seasoning-blend-fergolicious-sweet-luv-rub\/\" \/>\n<meta property=\"og:site_name\" content=\"BBQ \u00c4ssad\" \/>\n<meta property=\"article:publisher\" content=\"https:\/\/www.facebook.com\/bbqassad\" \/>\n<meta property=\"article:modified_time\" content=\"2025-07-02T17:37:25+00:00\" \/>\n<meta property=\"og:image\" content=\"https:\/\/bbqassad.ee\/wp-content\/uploads\/2022\/12\/Fergolicious-sweet-luv.webp\" \/>\n\t<meta property=\"og:image:width\" content=\"800\" \/>\n\t<meta property=\"og:image:height\" content=\"800\" \/>\n\t<meta property=\"og:image:type\" content=\"image\/webp\" \/>\n<meta name=\"twitter:card\" content=\"summary_large_image\" \/>\n<meta name=\"twitter:label1\" content=\"Est. reading time\" \/>\n\t<meta name=\"twitter:data1\" content=\"1 minute\" \/>\n<script type=\"application\/ld+json\" class=\"yoast-schema-graph\">{\"@context\":\"https:\/\/schema.org\",\"@graph\":[{\"@type\":\"WebPage\",\"@id\":\"https:\/\/bbqassad.ee\/en\/toode\/seasoning-blend-fergolicious-sweet-luv-rub\/\",\"url\":\"https:\/\/bbqassad.ee\/en\/toode\/seasoning-blend-fergolicious-sweet-luv-rub\/\",\"name\":\"Seasoning Blend Fergolicious Sweet Luv rub - BBQ \u00c4ssad\",\"isPartOf\":{\"@id\":\"https:\/\/bbqassad.ee\/en\/#website\"},\"primaryImageOfPage\":{\"@id\":\"https:\/\/bbqassad.ee\/en\/toode\/seasoning-blend-fergolicious-sweet-luv-rub\/#primaryimage\"},\"image\":{\"@id\":\"https:\/\/bbqassad.ee\/en\/toode\/seasoning-blend-fergolicious-sweet-luv-rub\/#primaryimage\"},\"thumbnailUrl\":\"https:\/\/bbqassad.ee\/wp-content\/uploads\/2022\/12\/Fergolicious-sweet-luv.webp\",\"datePublished\":\"2022-12-07T17:30:52+00:00\",\"dateModified\":\"2025-07-02T17:37:25+00:00\",\"description\":\"Maitseainesegu Sweet Luv rub - Tegu on t\u00f5eliste Kansas City maitseainetega ning Sweet LUV teeb k\u00f5ik asjad magusamaks. P\u00f5rgulikult hea ribi maitseaine.\",\"breadcrumb\":{\"@id\":\"https:\/\/bbqassad.ee\/en\/toode\/seasoning-blend-fergolicious-sweet-luv-rub\/#breadcrumb\"},\"inLanguage\":\"en-US\",\"potentialAction\":[{\"@type\":\"ReadAction\",\"target\":[\"https:\/\/bbqassad.ee\/en\/toode\/seasoning-blend-fergolicious-sweet-luv-rub\/\"]}]},{\"@type\":\"ImageObject\",\"inLanguage\":\"en-US\",\"@id\":\"https:\/\/bbqassad.ee\/en\/toode\/seasoning-blend-fergolicious-sweet-luv-rub\/#primaryimage\",\"url\":\"https:\/\/bbqassad.ee\/wp-content\/uploads\/2022\/12\/Fergolicious-sweet-luv.webp\",\"contentUrl\":\"https:\/\/bbqassad.ee\/wp-content\/uploads\/2022\/12\/Fergolicious-sweet-luv.webp\",\"width\":800,\"height\":800,\"caption\":\"Maitseainesegu Sweet Luv rub\"},{\"@type\":\"BreadcrumbList\",\"@id\":\"https:\/\/bbqassad.ee\/en\/toode\/seasoning-blend-fergolicious-sweet-luv-rub\/#breadcrumb\",\"itemListElement\":[{\"@type\":\"ListItem\",\"position\":1,\"name\":\"Home\",\"item\":\"https:\/\/bbqassad.ee\/en\/\"},{\"@type\":\"ListItem\",\"position\":2,\"name\":\"Shop\",\"item\":\"https:\/\/bbqassad.ee\/en\/shop\/\"},{\"@type\":\"ListItem\",\"position\":3,\"name\":\"Seasoning Blend Fergolicious Sweet Luv rub\"}]},{\"@type\":\"WebSite\",\"@id\":\"https:\/\/bbqassad.ee\/en\/#website\",\"url\":\"https:\/\/bbqassad.ee\/en\/\",\"name\":\"BBQ \u00c4ssad\",\"description\":\"\",\"publisher\":{\"@id\":\"https:\/\/bbqassad.ee\/en\/#organization\"},\"potentialAction\":[{\"@type\":\"SearchAction\",\"target\":{\"@type\":\"EntryPoint\",\"urlTemplate\":\"https:\/\/bbqassad.ee\/en\/?s={search_term_string}\"},\"query-input\":{\"@type\":\"PropertyValueSpecification\",\"valueRequired\":true,\"valueName\":\"search_term_string\"}}],\"inLanguage\":\"en-US\"},{\"@type\":\"Organization\",\"@id\":\"https:\/\/bbqassad.ee\/en\/#organization\",\"name\":\"BBQ \u00c4ssad\",\"url\":\"https:\/\/bbqassad.ee\/en\/\",\"logo\":{\"@type\":\"ImageObject\",\"inLanguage\":\"en-US\",\"@id\":\"https:\/\/bbqassad.ee\/en\/#\/schema\/logo\/image\/\",\"url\":\"https:\/\/bbqassad.ee\/wp-content\/uploads\/2022\/10\/BBQ-2ssadlogo.png\",\"contentUrl\":\"https:\/\/bbqassad.ee\/wp-content\/uploads\/2022\/10\/BBQ-2ssadlogo.png\",\"width\":1080,\"height\":1080,\"caption\":\"BBQ \u00c4ssad\"},\"image\":{\"@id\":\"https:\/\/bbqassad.ee\/en\/#\/schema\/logo\/image\/\"},\"sameAs\":[\"https:\/\/www.facebook.com\/bbqassad\",\"https:\/\/www.youtube.com\/channel\/UCsoufn49J6TVi9Ah9meE93w\"]}]}<\/script>\n<!-- \/ Yoast SEO plugin. -->","yoast_head_json":{"title":"Seasoning Blend Fergolicious Sweet Luv rub - BBQ \u00c4ssad","description":"Maitseainesegu Sweet Luv rub - Tegu on t\u00f5eliste Kansas City maitseainetega ning Sweet LUV teeb k\u00f5ik asjad magusamaks. P\u00f5rgulikult hea ribi maitseaine.","robots":{"index":"index","follow":"follow","max-snippet":"max-snippet:-1","max-image-preview":"max-image-preview:large","max-video-preview":"max-video-preview:-1"},"canonical":"https:\/\/bbqassad.ee\/en\/toode\/seasoning-blend-fergolicious-sweet-luv-rub\/","og_locale":"en_US","og_type":"article","og_title":"Seasoning Blend Fergolicious Sweet Luv rub - BBQ \u00c4ssad","og_description":"Maitseainesegu Sweet Luv rub - Tegu on t\u00f5eliste Kansas City maitseainetega ning Sweet LUV teeb k\u00f5ik asjad magusamaks. P\u00f5rgulikult hea ribi maitseaine.","og_url":"https:\/\/bbqassad.ee\/en\/toode\/seasoning-blend-fergolicious-sweet-luv-rub\/","og_site_name":"BBQ \u00c4ssad","article_publisher":"https:\/\/www.facebook.com\/bbqassad","article_modified_time":"2025-07-02T17:37:25+00:00","og_image":[{"width":800,"height":800,"url":"https:\/\/bbqassad.ee\/wp-content\/uploads\/2022\/12\/Fergolicious-sweet-luv.webp","type":"image\/webp"}],"twitter_card":"summary_large_image","twitter_misc":{"Est. reading time":"1 minute"},"schema":{"@context":"https:\/\/schema.org","@graph":[{"@type":"WebPage","@id":"https:\/\/bbqassad.ee\/en\/toode\/seasoning-blend-fergolicious-sweet-luv-rub\/","url":"https:\/\/bbqassad.ee\/en\/toode\/seasoning-blend-fergolicious-sweet-luv-rub\/","name":"Seasoning Blend Fergolicious Sweet Luv rub - BBQ \u00c4ssad","isPartOf":{"@id":"https:\/\/bbqassad.ee\/en\/#website"},"primaryImageOfPage":{"@id":"https:\/\/bbqassad.ee\/en\/toode\/seasoning-blend-fergolicious-sweet-luv-rub\/#primaryimage"},"image":{"@id":"https:\/\/bbqassad.ee\/en\/toode\/seasoning-blend-fergolicious-sweet-luv-rub\/#primaryimage"},"thumbnailUrl":"https:\/\/bbqassad.ee\/wp-content\/uploads\/2022\/12\/Fergolicious-sweet-luv.webp","datePublished":"2022-12-07T17:30:52+00:00","dateModified":"2025-07-02T17:37:25+00:00","description":"Maitseainesegu Sweet Luv rub - Tegu on t\u00f5eliste Kansas City maitseainetega ning Sweet LUV teeb k\u00f5ik asjad magusamaks. P\u00f5rgulikult hea ribi maitseaine.","breadcrumb":{"@id":"https:\/\/bbqassad.ee\/en\/toode\/seasoning-blend-fergolicious-sweet-luv-rub\/#breadcrumb"},"inLanguage":"en-US","potentialAction":[{"@type":"ReadAction","target":["https:\/\/bbqassad.ee\/en\/toode\/seasoning-blend-fergolicious-sweet-luv-rub\/"]}]},{"@type":"ImageObject","inLanguage":"en-US","@id":"https:\/\/bbqassad.ee\/en\/toode\/seasoning-blend-fergolicious-sweet-luv-rub\/#primaryimage","url":"https:\/\/bbqassad.ee\/wp-content\/uploads\/2022\/12\/Fergolicious-sweet-luv.webp","contentUrl":"https:\/\/bbqassad.ee\/wp-content\/uploads\/2022\/12\/Fergolicious-sweet-luv.webp","width":800,"height":800,"caption":"Maitseainesegu Sweet Luv rub"},{"@type":"BreadcrumbList","@id":"https:\/\/bbqassad.ee\/en\/toode\/seasoning-blend-fergolicious-sweet-luv-rub\/#breadcrumb","itemListElement":[{"@type":"ListItem","position":1,"name":"Home","item":"https:\/\/bbqassad.ee\/en\/"},{"@type":"ListItem","position":2,"name":"Shop","item":"https:\/\/bbqassad.ee\/en\/shop\/"},{"@type":"ListItem","position":3,"name":"Seasoning Blend Fergolicious Sweet Luv rub"}]},{"@type":"WebSite","@id":"https:\/\/bbqassad.ee\/en\/#website","url":"https:\/\/bbqassad.ee\/en\/","name":"BBQ \u00c4ssad","description":"","publisher":{"@id":"https:\/\/bbqassad.ee\/en\/#organization"},"potentialAction":[{"@type":"SearchAction","target":{"@type":"EntryPoint","urlTemplate":"https:\/\/bbqassad.ee\/en\/?s={search_term_string}"},"query-input":{"@type":"PropertyValueSpecification","valueRequired":true,"valueName":"search_term_string"}}],"inLanguage":"en-US"},{"@type":"Organization","@id":"https:\/\/bbqassad.ee\/en\/#organization","name":"BBQ \u00c4ssad","url":"https:\/\/bbqassad.ee\/en\/","logo":{"@type":"ImageObject","inLanguage":"en-US","@id":"https:\/\/bbqassad.ee\/en\/#\/schema\/logo\/image\/","url":"https:\/\/bbqassad.ee\/wp-content\/uploads\/2022\/10\/BBQ-2ssadlogo.png","contentUrl":"https:\/\/bbqassad.ee\/wp-content\/uploads\/2022\/10\/BBQ-2ssadlogo.png","width":1080,"height":1080,"caption":"BBQ \u00c4ssad"},"image":{"@id":"https:\/\/bbqassad.ee\/en\/#\/schema\/logo\/image\/"},"sameAs":["https:\/\/www.facebook.com\/bbqassad","https:\/\/www.youtube.com\/channel\/UCsoufn49J6TVi9Ah9meE93w"]}]}},"_links":{"self":[{"href":"https:\/\/bbqassad.ee\/en\/wp-json\/wp\/v2\/product\/8593","targetHints":{"allow":["GET"]}}],"collection":[{"href":"https:\/\/bbqassad.ee\/en\/wp-json\/wp\/v2\/product"}],"about":[{"href":"https:\/\/bbqassad.ee\/en\/wp-json\/wp\/v2\/types\/product"}],"replies":[{"embeddable":true,"href":"https:\/\/bbqassad.ee\/en\/wp-json\/wp\/v2\/comments?post=8593"}],"wp:featuredmedia":[{"embeddable":true,"href":"https:\/\/bbqassad.ee\/en\/wp-json\/wp\/v2\/media\/543"}],"wp:attachment":[{"href":"https:\/\/bbqassad.ee\/en\/wp-json\/wp\/v2\/media?parent=8593"}],"wp:term":[{"taxonomy":"product_brand","embeddable":true,"href":"https:\/\/bbqassad.ee\/en\/wp-json\/wp\/v2\/product_brand?post=8593"},{"taxonomy":"product_cat","embeddable":true,"href":"https:\/\/bbqassad.ee\/en\/wp-json\/wp\/v2\/product_cat?post=8593"},{"taxonomy":"product_tag","embeddable":true,"href":"https:\/\/bbqassad.ee\/en\/wp-json\/wp\/v2\/product_tag?post=8593"}],"curies":[{"name":"wp","href":"https:\/\/api.w.org\/{rel}","templated":true}]}}