{"id":8592,"date":"2022-12-07T17:39:17","date_gmt":"2022-12-07T17:39:17","guid":{"rendered":"https:\/\/bbqassad.ee\/?post_type=product&#038;p=8592"},"modified":"2025-07-02T17:39:29","modified_gmt":"2025-07-02T17:39:29","slug":"seasoning-blend-fergilicious-luv-rub","status":"publish","type":"product","link":"https:\/\/bbqassad.ee\/en\/toode\/seasoning-blend-fergilicious-luv-rub\/","title":{"rendered":"Seasoning Blend Fergilicious LUV Rub"},"content":{"rendered":"<article class=\"text-token-text-primary w-full\" dir=\"auto\" data-testid=\"conversation-turn-393\" data-scroll-anchor=\"true\">\n<div class=\"text-base my-auto mx-auto py-5 [--thread-content-margin:--spacing(4)] @[37rem]:[--thread-content-margin:--spacing(6)] @[72rem]:[--thread-content-margin:--spacing(16)] px-(--thread-content-margin)\">\n<div class=\"[--thread-content-max-width:32rem] @[34rem]:[--thread-content-max-width:40rem] @[64rem]:[--thread-content-max-width:48rem] mx-auto flex max-w-(--thread-content-max-width) flex-1 text-base gap-4 md:gap-5 lg:gap-6 group\/turn-messages focus-visible:outline-hidden\" tabindex=\"-1\">\n<div class=\"group\/conversation-turn relative flex w-full min-w-0 flex-col agent-turn\">\n<div class=\"relative flex-col gap-1 md:gap-3\">\n<div class=\"flex max-w-full flex-col grow\">\n<div class=\"min-h-8 text-message relative flex w-full flex-col items-end gap-2 text-start break-words whitespace-normal [.text-message+&amp;]:mt-5\" dir=\"auto\" data-message-author-role=\"assistant\" data-message-id=\"a93c5a92-6d80-42e9-ab15-a7f409e9aef2\" data-message-model-slug=\"gpt-4o\">\n<div class=\"flex w-full flex-col gap-1 empty:hidden first:pt-[3px]\">\n<div class=\"markdown prose dark:prose-invert w-full break-words light\">\n<h2 data-start=\"0\" data-end=\"27\"><strong data-start=\"0\" data-end=\"27\">Seasoning Blend LUV Rub<\/strong><\/h2>\n<p data-start=\"29\" data-end=\"386\">Fergilicious LUV Rub \u2013 This rub is truly Fergilicious \ud83d\ude42 Fergi is a renowned BBQ competitor who knows exactly how meat should taste, and he\u2019s packed all that knowledge into his rubs. Constant first-place wins prove that these work. These are classic Kansas City-style seasonings, and the LUV Rub is the foundation \u2014 a base rub that goes with everything.<\/p>\n<h3 data-start=\"388\" data-end=\"409\"><strong data-start=\"388\" data-end=\"409\">BBQ \u00c4ssad Comment<\/strong><\/h3>\n<p data-start=\"411\" data-end=\"544\">LUV is an excellent base rub for anything \u2014 it\u2019s salt-forward and not overly sweet. It has everything meat (or even vegetables) need.<\/p>\n<h3 data-start=\"546\" data-end=\"557\"><strong data-start=\"546\" data-end=\"557\">Pro Tip<\/strong><\/h3>\n<p data-start=\"559\" data-end=\"651\" data-is-last-node=\"\" data-is-only-node=\"\">Use this as your base rub and then build on it with your favorite flavors or a bit of spice.<\/p>\n<\/div>\n<\/div>\n<\/div>\n<\/div>\n<\/div>\n<\/div>\n<\/div>\n<\/div>\n<\/article>\n","protected":false},"excerpt":{"rendered":"<p>Seasoning Blend LUV Rub Fergilicious LUV Rub \u2013 This rub is truly Fergilicious \ud83d\ude42 Fergi is a renowned BBQ competitor who knows exactly how meat should taste, and he\u2019s packed all that knowledge into his rubs. Constant first-place wins prove that these work. These are classic Kansas City-style seasonings, and the LUV Rub is the [&#8230;]\n","protected":false},"featured_media":546,"comment_status":"open","ping_status":"closed","template":"","meta":[],"product_brand":[],"product_cat":[15],"product_tag":[],"class_list":{"0":"post-8592","1":"product","2":"type-product","3":"status-publish","4":"has-post-thumbnail","6":"product_cat-spices","8":"first","9":"outofstock","10":"taxable","11":"shipping-taxable","12":"purchasable","13":"product-type-simple"},"yoast_head":"<!-- This site is optimized with the Yoast SEO plugin v27.1.1 - https:\/\/yoast.com\/product\/yoast-seo-wordpress\/ -->\n<title>Seasoning Blend Fergilicious LUV Rub - BBQ \u00c4ssad<\/title>\n<meta name=\"description\" content=\"Maitseainesegu LUV Rub - Superhea baasrub k\u00f5igele, soolap\u00f5hine ja mitte eriti magus. Seal on k\u00f5ik mis \u00fchel lihal v\u00f5i ka n\u00e4iteks k\u00f6\u00f6giviljadel olema peab.\" \/>\n<meta name=\"robots\" content=\"index, follow, max-snippet:-1, max-image-preview:large, max-video-preview:-1\" \/>\n<link rel=\"canonical\" href=\"https:\/\/bbqassad.ee\/en\/toode\/seasoning-blend-fergilicious-luv-rub\/\" \/>\n<meta property=\"og:locale\" content=\"en_US\" \/>\n<meta property=\"og:type\" content=\"article\" \/>\n<meta property=\"og:title\" content=\"Seasoning Blend Fergilicious LUV Rub - BBQ \u00c4ssad\" \/>\n<meta property=\"og:description\" content=\"Maitseainesegu LUV Rub - Superhea baasrub k\u00f5igele, soolap\u00f5hine ja mitte eriti magus. Seal on k\u00f5ik mis \u00fchel lihal v\u00f5i ka n\u00e4iteks k\u00f6\u00f6giviljadel olema peab.\" \/>\n<meta property=\"og:url\" content=\"https:\/\/bbqassad.ee\/en\/toode\/seasoning-blend-fergilicious-luv-rub\/\" \/>\n<meta property=\"og:site_name\" content=\"BBQ \u00c4ssad\" \/>\n<meta property=\"article:publisher\" content=\"https:\/\/www.facebook.com\/bbqassad\" \/>\n<meta property=\"article:modified_time\" content=\"2025-07-02T17:39:29+00:00\" \/>\n<meta property=\"og:image\" content=\"https:\/\/bbqassad.ee\/wp-content\/uploads\/2022\/12\/Fergolicious-original-luv.webp\" \/>\n\t<meta property=\"og:image:width\" content=\"800\" \/>\n\t<meta property=\"og:image:height\" content=\"800\" \/>\n\t<meta property=\"og:image:type\" content=\"image\/webp\" \/>\n<meta name=\"twitter:card\" content=\"summary_large_image\" \/>\n<meta name=\"twitter:label1\" content=\"Est. reading time\" \/>\n\t<meta name=\"twitter:data1\" content=\"1 minute\" \/>\n<script type=\"application\/ld+json\" class=\"yoast-schema-graph\">{\"@context\":\"https:\/\/schema.org\",\"@graph\":[{\"@type\":\"WebPage\",\"@id\":\"https:\/\/bbqassad.ee\/en\/toode\/seasoning-blend-fergilicious-luv-rub\/\",\"url\":\"https:\/\/bbqassad.ee\/en\/toode\/seasoning-blend-fergilicious-luv-rub\/\",\"name\":\"Seasoning Blend Fergilicious LUV Rub - BBQ \u00c4ssad\",\"isPartOf\":{\"@id\":\"https:\/\/bbqassad.ee\/en\/#website\"},\"primaryImageOfPage\":{\"@id\":\"https:\/\/bbqassad.ee\/en\/toode\/seasoning-blend-fergilicious-luv-rub\/#primaryimage\"},\"image\":{\"@id\":\"https:\/\/bbqassad.ee\/en\/toode\/seasoning-blend-fergilicious-luv-rub\/#primaryimage\"},\"thumbnailUrl\":\"https:\/\/bbqassad.ee\/wp-content\/uploads\/2022\/12\/Fergolicious-original-luv.webp\",\"datePublished\":\"2022-12-07T17:39:17+00:00\",\"dateModified\":\"2025-07-02T17:39:29+00:00\",\"description\":\"Maitseainesegu LUV Rub - Superhea baasrub k\u00f5igele, soolap\u00f5hine ja mitte eriti magus. Seal on k\u00f5ik mis \u00fchel lihal v\u00f5i ka n\u00e4iteks k\u00f6\u00f6giviljadel olema peab.\",\"breadcrumb\":{\"@id\":\"https:\/\/bbqassad.ee\/en\/toode\/seasoning-blend-fergilicious-luv-rub\/#breadcrumb\"},\"inLanguage\":\"en-US\",\"potentialAction\":[{\"@type\":\"ReadAction\",\"target\":[\"https:\/\/bbqassad.ee\/en\/toode\/seasoning-blend-fergilicious-luv-rub\/\"]}]},{\"@type\":\"ImageObject\",\"inLanguage\":\"en-US\",\"@id\":\"https:\/\/bbqassad.ee\/en\/toode\/seasoning-blend-fergilicious-luv-rub\/#primaryimage\",\"url\":\"https:\/\/bbqassad.ee\/wp-content\/uploads\/2022\/12\/Fergolicious-original-luv.webp\",\"contentUrl\":\"https:\/\/bbqassad.ee\/wp-content\/uploads\/2022\/12\/Fergolicious-original-luv.webp\",\"width\":800,\"height\":800,\"caption\":\"Maitseainesegu LUV Rub\"},{\"@type\":\"BreadcrumbList\",\"@id\":\"https:\/\/bbqassad.ee\/en\/toode\/seasoning-blend-fergilicious-luv-rub\/#breadcrumb\",\"itemListElement\":[{\"@type\":\"ListItem\",\"position\":1,\"name\":\"Home\",\"item\":\"https:\/\/bbqassad.ee\/en\/\"},{\"@type\":\"ListItem\",\"position\":2,\"name\":\"Shop\",\"item\":\"https:\/\/bbqassad.ee\/en\/shop\/\"},{\"@type\":\"ListItem\",\"position\":3,\"name\":\"Seasoning Blend Fergilicious LUV Rub\"}]},{\"@type\":\"WebSite\",\"@id\":\"https:\/\/bbqassad.ee\/en\/#website\",\"url\":\"https:\/\/bbqassad.ee\/en\/\",\"name\":\"BBQ \u00c4ssad\",\"description\":\"\",\"publisher\":{\"@id\":\"https:\/\/bbqassad.ee\/en\/#organization\"},\"potentialAction\":[{\"@type\":\"SearchAction\",\"target\":{\"@type\":\"EntryPoint\",\"urlTemplate\":\"https:\/\/bbqassad.ee\/en\/?s={search_term_string}\"},\"query-input\":{\"@type\":\"PropertyValueSpecification\",\"valueRequired\":true,\"valueName\":\"search_term_string\"}}],\"inLanguage\":\"en-US\"},{\"@type\":\"Organization\",\"@id\":\"https:\/\/bbqassad.ee\/en\/#organization\",\"name\":\"BBQ \u00c4ssad\",\"url\":\"https:\/\/bbqassad.ee\/en\/\",\"logo\":{\"@type\":\"ImageObject\",\"inLanguage\":\"en-US\",\"@id\":\"https:\/\/bbqassad.ee\/en\/#\/schema\/logo\/image\/\",\"url\":\"https:\/\/bbqassad.ee\/wp-content\/uploads\/2022\/10\/BBQ-2ssadlogo.png\",\"contentUrl\":\"https:\/\/bbqassad.ee\/wp-content\/uploads\/2022\/10\/BBQ-2ssadlogo.png\",\"width\":1080,\"height\":1080,\"caption\":\"BBQ \u00c4ssad\"},\"image\":{\"@id\":\"https:\/\/bbqassad.ee\/en\/#\/schema\/logo\/image\/\"},\"sameAs\":[\"https:\/\/www.facebook.com\/bbqassad\",\"https:\/\/www.youtube.com\/channel\/UCsoufn49J6TVi9Ah9meE93w\"]}]}<\/script>\n<!-- \/ Yoast SEO plugin. -->","yoast_head_json":{"title":"Seasoning Blend Fergilicious LUV Rub - BBQ \u00c4ssad","description":"Maitseainesegu LUV Rub - Superhea baasrub k\u00f5igele, soolap\u00f5hine ja mitte eriti magus. Seal on k\u00f5ik mis \u00fchel lihal v\u00f5i ka n\u00e4iteks k\u00f6\u00f6giviljadel olema peab.","robots":{"index":"index","follow":"follow","max-snippet":"max-snippet:-1","max-image-preview":"max-image-preview:large","max-video-preview":"max-video-preview:-1"},"canonical":"https:\/\/bbqassad.ee\/en\/toode\/seasoning-blend-fergilicious-luv-rub\/","og_locale":"en_US","og_type":"article","og_title":"Seasoning Blend Fergilicious LUV Rub - BBQ \u00c4ssad","og_description":"Maitseainesegu LUV Rub - Superhea baasrub k\u00f5igele, soolap\u00f5hine ja mitte eriti magus. Seal on k\u00f5ik mis \u00fchel lihal v\u00f5i ka n\u00e4iteks k\u00f6\u00f6giviljadel olema peab.","og_url":"https:\/\/bbqassad.ee\/en\/toode\/seasoning-blend-fergilicious-luv-rub\/","og_site_name":"BBQ \u00c4ssad","article_publisher":"https:\/\/www.facebook.com\/bbqassad","article_modified_time":"2025-07-02T17:39:29+00:00","og_image":[{"width":800,"height":800,"url":"https:\/\/bbqassad.ee\/wp-content\/uploads\/2022\/12\/Fergolicious-original-luv.webp","type":"image\/webp"}],"twitter_card":"summary_large_image","twitter_misc":{"Est. reading time":"1 minute"},"schema":{"@context":"https:\/\/schema.org","@graph":[{"@type":"WebPage","@id":"https:\/\/bbqassad.ee\/en\/toode\/seasoning-blend-fergilicious-luv-rub\/","url":"https:\/\/bbqassad.ee\/en\/toode\/seasoning-blend-fergilicious-luv-rub\/","name":"Seasoning Blend Fergilicious LUV Rub - BBQ \u00c4ssad","isPartOf":{"@id":"https:\/\/bbqassad.ee\/en\/#website"},"primaryImageOfPage":{"@id":"https:\/\/bbqassad.ee\/en\/toode\/seasoning-blend-fergilicious-luv-rub\/#primaryimage"},"image":{"@id":"https:\/\/bbqassad.ee\/en\/toode\/seasoning-blend-fergilicious-luv-rub\/#primaryimage"},"thumbnailUrl":"https:\/\/bbqassad.ee\/wp-content\/uploads\/2022\/12\/Fergolicious-original-luv.webp","datePublished":"2022-12-07T17:39:17+00:00","dateModified":"2025-07-02T17:39:29+00:00","description":"Maitseainesegu LUV Rub - Superhea baasrub k\u00f5igele, soolap\u00f5hine ja mitte eriti magus. Seal on k\u00f5ik mis \u00fchel lihal v\u00f5i ka n\u00e4iteks k\u00f6\u00f6giviljadel olema peab.","breadcrumb":{"@id":"https:\/\/bbqassad.ee\/en\/toode\/seasoning-blend-fergilicious-luv-rub\/#breadcrumb"},"inLanguage":"en-US","potentialAction":[{"@type":"ReadAction","target":["https:\/\/bbqassad.ee\/en\/toode\/seasoning-blend-fergilicious-luv-rub\/"]}]},{"@type":"ImageObject","inLanguage":"en-US","@id":"https:\/\/bbqassad.ee\/en\/toode\/seasoning-blend-fergilicious-luv-rub\/#primaryimage","url":"https:\/\/bbqassad.ee\/wp-content\/uploads\/2022\/12\/Fergolicious-original-luv.webp","contentUrl":"https:\/\/bbqassad.ee\/wp-content\/uploads\/2022\/12\/Fergolicious-original-luv.webp","width":800,"height":800,"caption":"Maitseainesegu LUV Rub"},{"@type":"BreadcrumbList","@id":"https:\/\/bbqassad.ee\/en\/toode\/seasoning-blend-fergilicious-luv-rub\/#breadcrumb","itemListElement":[{"@type":"ListItem","position":1,"name":"Home","item":"https:\/\/bbqassad.ee\/en\/"},{"@type":"ListItem","position":2,"name":"Shop","item":"https:\/\/bbqassad.ee\/en\/shop\/"},{"@type":"ListItem","position":3,"name":"Seasoning Blend Fergilicious LUV Rub"}]},{"@type":"WebSite","@id":"https:\/\/bbqassad.ee\/en\/#website","url":"https:\/\/bbqassad.ee\/en\/","name":"BBQ \u00c4ssad","description":"","publisher":{"@id":"https:\/\/bbqassad.ee\/en\/#organization"},"potentialAction":[{"@type":"SearchAction","target":{"@type":"EntryPoint","urlTemplate":"https:\/\/bbqassad.ee\/en\/?s={search_term_string}"},"query-input":{"@type":"PropertyValueSpecification","valueRequired":true,"valueName":"search_term_string"}}],"inLanguage":"en-US"},{"@type":"Organization","@id":"https:\/\/bbqassad.ee\/en\/#organization","name":"BBQ \u00c4ssad","url":"https:\/\/bbqassad.ee\/en\/","logo":{"@type":"ImageObject","inLanguage":"en-US","@id":"https:\/\/bbqassad.ee\/en\/#\/schema\/logo\/image\/","url":"https:\/\/bbqassad.ee\/wp-content\/uploads\/2022\/10\/BBQ-2ssadlogo.png","contentUrl":"https:\/\/bbqassad.ee\/wp-content\/uploads\/2022\/10\/BBQ-2ssadlogo.png","width":1080,"height":1080,"caption":"BBQ \u00c4ssad"},"image":{"@id":"https:\/\/bbqassad.ee\/en\/#\/schema\/logo\/image\/"},"sameAs":["https:\/\/www.facebook.com\/bbqassad","https:\/\/www.youtube.com\/channel\/UCsoufn49J6TVi9Ah9meE93w"]}]}},"_links":{"self":[{"href":"https:\/\/bbqassad.ee\/en\/wp-json\/wp\/v2\/product\/8592","targetHints":{"allow":["GET"]}}],"collection":[{"href":"https:\/\/bbqassad.ee\/en\/wp-json\/wp\/v2\/product"}],"about":[{"href":"https:\/\/bbqassad.ee\/en\/wp-json\/wp\/v2\/types\/product"}],"replies":[{"embeddable":true,"href":"https:\/\/bbqassad.ee\/en\/wp-json\/wp\/v2\/comments?post=8592"}],"wp:featuredmedia":[{"embeddable":true,"href":"https:\/\/bbqassad.ee\/en\/wp-json\/wp\/v2\/media\/546"}],"wp:attachment":[{"href":"https:\/\/bbqassad.ee\/en\/wp-json\/wp\/v2\/media?parent=8592"}],"wp:term":[{"taxonomy":"product_brand","embeddable":true,"href":"https:\/\/bbqassad.ee\/en\/wp-json\/wp\/v2\/product_brand?post=8592"},{"taxonomy":"product_cat","embeddable":true,"href":"https:\/\/bbqassad.ee\/en\/wp-json\/wp\/v2\/product_cat?post=8592"},{"taxonomy":"product_tag","embeddable":true,"href":"https:\/\/bbqassad.ee\/en\/wp-json\/wp\/v2\/product_tag?post=8592"}],"curies":[{"name":"wp","href":"https:\/\/api.w.org\/{rel}","templated":true}]}}