{"id":8551,"date":"2025-06-25T09:12:20","date_gmt":"2025-06-25T09:12:20","guid":{"rendered":"https:\/\/bbqassad.ee\/?post_type=product&#038;p=8551"},"modified":"2025-07-02T10:31:18","modified_gmt":"2025-07-02T10:31:18","slug":"malcolms-bird-brine","status":"publish","type":"product","link":"https:\/\/bbqassad.ee\/en\/toode\/malcolms-bird-brine\/","title":{"rendered":"Malcolm\u2019s Bird Brine"},"content":{"rendered":"<p>Malcolm Reed ei vaja mingit tutvustust neile, kes pikka aega YouTube&#8217;ist on BBQ videosid vaadanud &#8211; ta on nende videote OG ehk esiisa. See toode on tema linnuliha marinaad.<\/p>\n<h3>BBQ \u00c4ssad kommenteerivad<\/h3>\n<p>Kuidas see k\u00e4ib: Sega 1 cup (umbes 230 grammi) linnuliha soolvett 1 galloni (umbes 4,5 liitri) veega. (Suurte lindude puhul kahekordistage retsept). Aseta lind (kalkun, kana, hani, part jne) valitud lihakotti v\u00f5i anumasse ja vala peale Malcolm&#8217;s Bird Brine&#8217;i soolvesi. Veendu, et lind j\u00e4\u00e4b vee alla \u2013 vajadusel kaalu ta taldrikuga alla. Hoidke lindu kogu marineerimise aja jooksul k\u00fclmkapis v\u00f5i j\u00e4\u00e4ga t\u00e4idetud jahedamas.<\/p>\n<p><span style=\"font-size: 20.15999984741211px; color: #333333;\">Pro tip<\/span><\/p>\n<p>Teeb k\u00f5ik linnud mahlaseks.<\/p>\n","protected":false},"excerpt":{"rendered":"<p style=\"font-weight: 400;\"><strong>Malcolm\u2019s Bird Brine<\/strong>, marinaad. Netokogus 439 g.<\/p>\n<p style=\"font-weight: 400;\">Koostisosad: Sool, suhkur, terved pipraterad, k\u00fc\u00fcslauk, sibul, rosmariin, loorberilehed, salvei, t\u00fc\u00fcmian, sidrunikoor.<\/p>\n<p style=\"font-weight: 400;\">Toitumisalane teave 100 g kohta: energia: 0 kJ\/0 kcal; rasvad 0 g, millest k\u00fcllastunud rasvhapped: 0 g; s\u00fcsivesikud 0 g, millest suhkrud 0 g; valgud 0 g; sool 61,7 g.<\/p>\n<p><span style=\"font-weight: 400;\">\u00a0Toodetud Ameerika \u00dchendriikides<\/span><\/p>\n","protected":false},"featured_media":8552,"comment_status":"open","ping_status":"closed","template":"","meta":[],"product_brand":[],"product_cat":[23],"product_tag":[],"class_list":{"0":"post-8551","1":"product","2":"type-product","3":"status-publish","4":"has-post-thumbnail","6":"product_cat-marinades","8":"first","9":"instock","10":"taxable","11":"shipping-taxable","12":"purchasable","13":"product-type-simple"},"yoast_head":"<!-- This site is optimized with the Yoast SEO plugin v27.4 - https:\/\/yoast.com\/product\/yoast-seo-wordpress\/ -->\n<title>Malcolm\u2019s Bird Brine - BBQ \u00c4ssad<\/title>\n<meta name=\"robots\" content=\"index, follow, max-snippet:-1, max-image-preview:large, max-video-preview:-1\" \/>\n<link rel=\"canonical\" href=\"https:\/\/bbqassad.ee\/en\/toode\/malcolms-bird-brine\/\" \/>\n<meta property=\"og:locale\" content=\"en_US\" \/>\n<meta property=\"og:type\" content=\"article\" \/>\n<meta property=\"og:title\" content=\"Malcolm\u2019s Bird Brine - BBQ \u00c4ssad\" \/>\n<meta property=\"og:description\" content=\"Malcolm\u2019s Bird Brine, marinaad. Netokogus 439 g. Koostisosad: Sool, suhkur, terved pipraterad, k\u00fc\u00fcslauk, sibul, rosmariin, loorberilehed, salvei, t\u00fc\u00fcmian, sidrunikoor. Toitumisalane teave 100 g kohta: energia: 0 kJ\/0 kcal; rasvad 0 g, millest k\u00fcllastunud rasvhapped: 0 g; s\u00fcsivesikud 0 g, millest suhkrud 0 g; valgud 0 g; sool 61,7 g. \u00a0Toodetud Ameerika \u00dchendriikides\" \/>\n<meta property=\"og:url\" content=\"https:\/\/bbqassad.ee\/en\/toode\/malcolms-bird-brine\/\" \/>\n<meta property=\"og:site_name\" content=\"BBQ \u00c4ssad\" \/>\n<meta property=\"article:publisher\" content=\"https:\/\/www.facebook.com\/bbqassad\" \/>\n<meta property=\"article:modified_time\" content=\"2025-07-02T10:31:18+00:00\" \/>\n<meta property=\"og:image\" content=\"https:\/\/bbqassad.ee\/wp-content\/uploads\/2025\/06\/Nimetu-kujundus-138.png\" \/>\n\t<meta property=\"og:image:width\" content=\"1280\" \/>\n\t<meta property=\"og:image:height\" content=\"720\" \/>\n\t<meta property=\"og:image:type\" content=\"image\/png\" \/>\n<meta name=\"twitter:card\" content=\"summary_large_image\" \/>\n<meta name=\"twitter:label1\" content=\"Est. reading time\" \/>\n\t<meta name=\"twitter:data1\" content=\"1 minute\" \/>\n<script type=\"application\/ld+json\" class=\"yoast-schema-graph\">{\"@context\":\"https:\\\/\\\/schema.org\",\"@graph\":[{\"@type\":\"WebPage\",\"@id\":\"https:\\\/\\\/bbqassad.ee\\\/en\\\/toode\\\/malcolms-bird-brine\\\/\",\"url\":\"https:\\\/\\\/bbqassad.ee\\\/en\\\/toode\\\/malcolms-bird-brine\\\/\",\"name\":\"Malcolm\u2019s Bird Brine - BBQ \u00c4ssad\",\"isPartOf\":{\"@id\":\"https:\\\/\\\/bbqassad.ee\\\/en\\\/#website\"},\"primaryImageOfPage\":{\"@id\":\"https:\\\/\\\/bbqassad.ee\\\/en\\\/toode\\\/malcolms-bird-brine\\\/#primaryimage\"},\"image\":{\"@id\":\"https:\\\/\\\/bbqassad.ee\\\/en\\\/toode\\\/malcolms-bird-brine\\\/#primaryimage\"},\"thumbnailUrl\":\"https:\\\/\\\/bbqassad.ee\\\/wp-content\\\/uploads\\\/2025\\\/06\\\/Nimetu-kujundus-138.png\",\"datePublished\":\"2025-06-25T09:12:20+00:00\",\"dateModified\":\"2025-07-02T10:31:18+00:00\",\"breadcrumb\":{\"@id\":\"https:\\\/\\\/bbqassad.ee\\\/en\\\/toode\\\/malcolms-bird-brine\\\/#breadcrumb\"},\"inLanguage\":\"en-US\",\"potentialAction\":[{\"@type\":\"ReadAction\",\"target\":[\"https:\\\/\\\/bbqassad.ee\\\/en\\\/toode\\\/malcolms-bird-brine\\\/\"]}]},{\"@type\":\"ImageObject\",\"inLanguage\":\"en-US\",\"@id\":\"https:\\\/\\\/bbqassad.ee\\\/en\\\/toode\\\/malcolms-bird-brine\\\/#primaryimage\",\"url\":\"https:\\\/\\\/bbqassad.ee\\\/wp-content\\\/uploads\\\/2025\\\/06\\\/Nimetu-kujundus-138.png\",\"contentUrl\":\"https:\\\/\\\/bbqassad.ee\\\/wp-content\\\/uploads\\\/2025\\\/06\\\/Nimetu-kujundus-138.png\",\"width\":1280,\"height\":720},{\"@type\":\"BreadcrumbList\",\"@id\":\"https:\\\/\\\/bbqassad.ee\\\/en\\\/toode\\\/malcolms-bird-brine\\\/#breadcrumb\",\"itemListElement\":[{\"@type\":\"ListItem\",\"position\":1,\"name\":\"Home\",\"item\":\"https:\\\/\\\/bbqassad.ee\\\/en\\\/\"},{\"@type\":\"ListItem\",\"position\":2,\"name\":\"Shop\",\"item\":\"https:\\\/\\\/bbqassad.ee\\\/en\\\/shop\\\/\"},{\"@type\":\"ListItem\",\"position\":3,\"name\":\"Malcolm\u2019s Bird Brine\"}]},{\"@type\":\"WebSite\",\"@id\":\"https:\\\/\\\/bbqassad.ee\\\/en\\\/#website\",\"url\":\"https:\\\/\\\/bbqassad.ee\\\/en\\\/\",\"name\":\"BBQ \u00c4ssad\",\"description\":\"BBQ maitseained, kastmed, ahjud\",\"publisher\":{\"@id\":\"https:\\\/\\\/bbqassad.ee\\\/en\\\/#organization\"},\"potentialAction\":[{\"@type\":\"SearchAction\",\"target\":{\"@type\":\"EntryPoint\",\"urlTemplate\":\"https:\\\/\\\/bbqassad.ee\\\/en\\\/?s={search_term_string}\"},\"query-input\":{\"@type\":\"PropertyValueSpecification\",\"valueRequired\":true,\"valueName\":\"search_term_string\"}}],\"inLanguage\":\"en-US\"},{\"@type\":\"Organization\",\"@id\":\"https:\\\/\\\/bbqassad.ee\\\/en\\\/#organization\",\"name\":\"BBQ \u00c4ssad\",\"url\":\"https:\\\/\\\/bbqassad.ee\\\/en\\\/\",\"logo\":{\"@type\":\"ImageObject\",\"inLanguage\":\"en-US\",\"@id\":\"https:\\\/\\\/bbqassad.ee\\\/en\\\/#\\\/schema\\\/logo\\\/image\\\/\",\"url\":\"https:\\\/\\\/bbqassad.ee\\\/wp-content\\\/uploads\\\/2022\\\/10\\\/BBQ-2ssadlogo.png\",\"contentUrl\":\"https:\\\/\\\/bbqassad.ee\\\/wp-content\\\/uploads\\\/2022\\\/10\\\/BBQ-2ssadlogo.png\",\"width\":1080,\"height\":1080,\"caption\":\"BBQ \u00c4ssad\"},\"image\":{\"@id\":\"https:\\\/\\\/bbqassad.ee\\\/en\\\/#\\\/schema\\\/logo\\\/image\\\/\"},\"sameAs\":[\"https:\\\/\\\/www.facebook.com\\\/bbqassad\",\"https:\\\/\\\/www.youtube.com\\\/channel\\\/UCsoufn49J6TVi9Ah9meE93w\"]}]}<\/script>\n<!-- \/ Yoast SEO plugin. -->","yoast_head_json":{"title":"Malcolm\u2019s Bird Brine - BBQ \u00c4ssad","robots":{"index":"index","follow":"follow","max-snippet":"max-snippet:-1","max-image-preview":"max-image-preview:large","max-video-preview":"max-video-preview:-1"},"canonical":"https:\/\/bbqassad.ee\/en\/toode\/malcolms-bird-brine\/","og_locale":"en_US","og_type":"article","og_title":"Malcolm\u2019s Bird Brine - BBQ \u00c4ssad","og_description":"Malcolm\u2019s Bird Brine, marinaad. Netokogus 439 g. Koostisosad: Sool, suhkur, terved pipraterad, k\u00fc\u00fcslauk, sibul, rosmariin, loorberilehed, salvei, t\u00fc\u00fcmian, sidrunikoor. Toitumisalane teave 100 g kohta: energia: 0 kJ\/0 kcal; rasvad 0 g, millest k\u00fcllastunud rasvhapped: 0 g; s\u00fcsivesikud 0 g, millest suhkrud 0 g; valgud 0 g; sool 61,7 g. \u00a0Toodetud Ameerika \u00dchendriikides","og_url":"https:\/\/bbqassad.ee\/en\/toode\/malcolms-bird-brine\/","og_site_name":"BBQ \u00c4ssad","article_publisher":"https:\/\/www.facebook.com\/bbqassad","article_modified_time":"2025-07-02T10:31:18+00:00","og_image":[{"width":1280,"height":720,"url":"https:\/\/bbqassad.ee\/wp-content\/uploads\/2025\/06\/Nimetu-kujundus-138.png","type":"image\/png"}],"twitter_card":"summary_large_image","twitter_misc":{"Est. reading time":"1 minute"},"schema":{"@context":"https:\/\/schema.org","@graph":[{"@type":"WebPage","@id":"https:\/\/bbqassad.ee\/en\/toode\/malcolms-bird-brine\/","url":"https:\/\/bbqassad.ee\/en\/toode\/malcolms-bird-brine\/","name":"Malcolm\u2019s Bird Brine - BBQ \u00c4ssad","isPartOf":{"@id":"https:\/\/bbqassad.ee\/en\/#website"},"primaryImageOfPage":{"@id":"https:\/\/bbqassad.ee\/en\/toode\/malcolms-bird-brine\/#primaryimage"},"image":{"@id":"https:\/\/bbqassad.ee\/en\/toode\/malcolms-bird-brine\/#primaryimage"},"thumbnailUrl":"https:\/\/bbqassad.ee\/wp-content\/uploads\/2025\/06\/Nimetu-kujundus-138.png","datePublished":"2025-06-25T09:12:20+00:00","dateModified":"2025-07-02T10:31:18+00:00","breadcrumb":{"@id":"https:\/\/bbqassad.ee\/en\/toode\/malcolms-bird-brine\/#breadcrumb"},"inLanguage":"en-US","potentialAction":[{"@type":"ReadAction","target":["https:\/\/bbqassad.ee\/en\/toode\/malcolms-bird-brine\/"]}]},{"@type":"ImageObject","inLanguage":"en-US","@id":"https:\/\/bbqassad.ee\/en\/toode\/malcolms-bird-brine\/#primaryimage","url":"https:\/\/bbqassad.ee\/wp-content\/uploads\/2025\/06\/Nimetu-kujundus-138.png","contentUrl":"https:\/\/bbqassad.ee\/wp-content\/uploads\/2025\/06\/Nimetu-kujundus-138.png","width":1280,"height":720},{"@type":"BreadcrumbList","@id":"https:\/\/bbqassad.ee\/en\/toode\/malcolms-bird-brine\/#breadcrumb","itemListElement":[{"@type":"ListItem","position":1,"name":"Home","item":"https:\/\/bbqassad.ee\/en\/"},{"@type":"ListItem","position":2,"name":"Shop","item":"https:\/\/bbqassad.ee\/en\/shop\/"},{"@type":"ListItem","position":3,"name":"Malcolm\u2019s Bird Brine"}]},{"@type":"WebSite","@id":"https:\/\/bbqassad.ee\/en\/#website","url":"https:\/\/bbqassad.ee\/en\/","name":"BBQ \u00c4ssad","description":"BBQ maitseained, kastmed, ahjud","publisher":{"@id":"https:\/\/bbqassad.ee\/en\/#organization"},"potentialAction":[{"@type":"SearchAction","target":{"@type":"EntryPoint","urlTemplate":"https:\/\/bbqassad.ee\/en\/?s={search_term_string}"},"query-input":{"@type":"PropertyValueSpecification","valueRequired":true,"valueName":"search_term_string"}}],"inLanguage":"en-US"},{"@type":"Organization","@id":"https:\/\/bbqassad.ee\/en\/#organization","name":"BBQ \u00c4ssad","url":"https:\/\/bbqassad.ee\/en\/","logo":{"@type":"ImageObject","inLanguage":"en-US","@id":"https:\/\/bbqassad.ee\/en\/#\/schema\/logo\/image\/","url":"https:\/\/bbqassad.ee\/wp-content\/uploads\/2022\/10\/BBQ-2ssadlogo.png","contentUrl":"https:\/\/bbqassad.ee\/wp-content\/uploads\/2022\/10\/BBQ-2ssadlogo.png","width":1080,"height":1080,"caption":"BBQ \u00c4ssad"},"image":{"@id":"https:\/\/bbqassad.ee\/en\/#\/schema\/logo\/image\/"},"sameAs":["https:\/\/www.facebook.com\/bbqassad","https:\/\/www.youtube.com\/channel\/UCsoufn49J6TVi9Ah9meE93w"]}]}},"_links":{"self":[{"href":"https:\/\/bbqassad.ee\/en\/wp-json\/wp\/v2\/product\/8551","targetHints":{"allow":["GET"]}}],"collection":[{"href":"https:\/\/bbqassad.ee\/en\/wp-json\/wp\/v2\/product"}],"about":[{"href":"https:\/\/bbqassad.ee\/en\/wp-json\/wp\/v2\/types\/product"}],"replies":[{"embeddable":true,"href":"https:\/\/bbqassad.ee\/en\/wp-json\/wp\/v2\/comments?post=8551"}],"wp:featuredmedia":[{"embeddable":true,"href":"https:\/\/bbqassad.ee\/en\/wp-json\/wp\/v2\/media\/8552"}],"wp:attachment":[{"href":"https:\/\/bbqassad.ee\/en\/wp-json\/wp\/v2\/media?parent=8551"}],"wp:term":[{"taxonomy":"product_brand","embeddable":true,"href":"https:\/\/bbqassad.ee\/en\/wp-json\/wp\/v2\/product_brand?post=8551"},{"taxonomy":"product_cat","embeddable":true,"href":"https:\/\/bbqassad.ee\/en\/wp-json\/wp\/v2\/product_cat?post=8551"},{"taxonomy":"product_tag","embeddable":true,"href":"https:\/\/bbqassad.ee\/en\/wp-json\/wp\/v2\/product_tag?post=8551"}],"curies":[{"name":"wp","href":"https:\/\/api.w.org\/{rel}","templated":true}]}}