{"id":8260,"date":"2023-10-06T08:12:31","date_gmt":"2023-10-06T08:12:31","guid":{"rendered":"https:\/\/bbqassad.ee\/?post_type=product&#038;p=8260"},"modified":"2025-07-03T13:17:13","modified_gmt":"2025-07-03T13:17:13","slug":"pk360-grill-smoker-tumehall-komposiidist-kuljelaudadega-2","status":"publish","type":"product","link":"https:\/\/bbqassad.ee\/en\/toode\/pk360-grill-smoker-tumehall-komposiidist-kuljelaudadega-2\/","title":{"rendered":"PK360 Grill &#038; Smoker tumehall komposiidist k\u00fcljelaudadega"},"content":{"rendered":"<h2 data-start=\"0\" data-end=\"61\">PK360 Grill &amp; Smoker tumehall komposiidist k\u00fcljelaudadega<\/h2>\n<p data-start=\"63\" data-end=\"219\"><strong data-start=\"63\" data-end=\"82\">Super versatile<\/strong><br data-start=\"82\" data-end=\"85\" \/>The PK360 excels at both hot and fast and low and slow cooking. Its unique capsule shape makes one- and two-zone cooking easy and fun.<\/p>\n<p data-start=\"221\" data-end=\"455\"><strong data-start=\"221\" data-end=\"242\">Competition-grade<\/strong><br data-start=\"242\" data-end=\"245\" \/>PK Grill\u2019s cast aluminum has become the choice of most teams at steak competitions across the United States. The winning steaks at the 2014, 2015, and 2016 SCA World Championships were all cooked on a PK Grill.<\/p>\n<p data-start=\"457\" data-end=\"670\"><strong data-start=\"457\" data-end=\"468\">Durable<\/strong><br data-start=\"468\" data-end=\"471\" \/>The PK360\u2019s cast aluminum construction is extremely durable. PK grills are often lifetime purchases passed down from generation to generation. Every new PK has the potential to become a legacy grill.<\/p>\n<p data-start=\"672\" data-end=\"910\"><strong data-start=\"672\" data-end=\"712\">Easy and precise temperature control<\/strong><br data-start=\"712\" data-end=\"715\" \/>The combination of thick cast aluminum and 4-way venting in the PK360 provides an extremely heat-efficient cooking chamber with a simple 2-zone setup and greater control than single-vent kamados.<\/p>\n<p data-start=\"912\" data-end=\"1097\"><strong data-start=\"912\" data-end=\"926\">Ergonomics<\/strong><br data-start=\"926\" data-end=\"929\" \/>The PK360 features two strong removable shelves with a unique Leading Edge cable system for hanging accessories, offering maximum functionality during prep and cooking.<\/p>\n<p data-start=\"1099\" data-end=\"1256\"><strong data-start=\"1099\" data-end=\"1117\">Ash management<\/strong><br data-start=\"1117\" data-end=\"1120\" \/>The PK360 has a built-in unique ash handling solution that controls ash inside the cooking chamber and makes cleaning and disposal easy.<\/p>\n<p data-start=\"1258\" data-end=\"1416\"><strong data-start=\"1258\" data-end=\"1270\">Portable<\/strong><br data-start=\"1270\" data-end=\"1273\" \/>Like all PKs, the PK360 easily detaches from its stand so you can take it with you. Great for camping, road trips, hunting\/fishing cabins, etc.<\/p>\n<p data-start=\"1418\" data-end=\"1541\" data-is-last-node=\"\" data-is-only-node=\"\"><strong data-start=\"1418\" data-end=\"1437\">Stainless steel<\/strong><br data-start=\"1437\" data-end=\"1440\" \/>Both the hinged cooking surface and the lower charcoal grate are made of top-quality stainless steel.<\/p>\n<p>&nbsp;<\/p>\n","protected":false},"excerpt":{"rendered":"<p>PK360 Grill &amp; Smoker tumehall komposiidist k\u00fcljelaudadega Super versatileThe PK360 excels at both hot and fast and low and slow cooking. Its unique capsule shape makes one- and two-zone cooking easy and fun. Competition-gradePK Grill\u2019s cast aluminum has become the choice of most teams at steak competitions across the United States. The winning steaks at [&#8230;]\n","protected":false},"featured_media":3400,"comment_status":"open","ping_status":"closed","template":"","meta":[],"product_brand":[],"product_cat":[44],"product_tag":[],"class_list":{"0":"post-8260","1":"product","2":"type-product","3":"status-publish","4":"has-post-thumbnail","6":"product_cat-ovens","7":"product_shipping_class-free-delivery","9":"first","10":"outofstock","11":"taxable","12":"shipping-taxable","13":"purchasable","14":"product-type-simple"},"yoast_head":"<!-- This site is optimized with the Yoast SEO plugin v27.1.1 - https:\/\/yoast.com\/product\/yoast-seo-wordpress\/ -->\n<title>PK360 Grill &amp; Smoker tumehall komposiidist k\u00fcljelaudadega - BBQ \u00c4ssad<\/title>\n<meta name=\"robots\" content=\"index, follow, max-snippet:-1, max-image-preview:large, max-video-preview:-1\" \/>\n<link rel=\"canonical\" href=\"https:\/\/bbqassad.ee\/en\/toode\/pk360-grill-smoker-tumehall-komposiidist-kuljelaudadega-2\/\" \/>\n<meta property=\"og:locale\" content=\"en_US\" \/>\n<meta property=\"og:type\" content=\"article\" \/>\n<meta property=\"og:title\" content=\"PK360 Grill &amp; Smoker tumehall komposiidist k\u00fcljelaudadega - BBQ \u00c4ssad\" \/>\n<meta property=\"og:description\" content=\"PK360 Grill &amp; Smoker tumehall komposiidist k\u00fcljelaudadega Super versatileThe PK360 excels at both hot and fast and low and slow cooking. Its unique capsule shape makes one- and two-zone cooking easy and fun. Competition-gradePK Grill\u2019s cast aluminum has become the choice of most teams at steak competitions across the United States. The winning steaks at [...]\" \/>\n<meta property=\"og:url\" content=\"https:\/\/bbqassad.ee\/en\/toode\/pk360-grill-smoker-tumehall-komposiidist-kuljelaudadega-2\/\" \/>\n<meta property=\"og:site_name\" content=\"BBQ \u00c4ssad\" \/>\n<meta property=\"article:publisher\" content=\"https:\/\/www.facebook.com\/bbqassad\" \/>\n<meta property=\"article:modified_time\" content=\"2025-07-03T13:17:13+00:00\" \/>\n<meta property=\"og:image\" content=\"https:\/\/bbqassad.ee\/wp-content\/uploads\/2023\/10\/PK360-Graphite.png\" \/>\n\t<meta property=\"og:image:width\" content=\"1059\" \/>\n\t<meta property=\"og:image:height\" content=\"1059\" \/>\n\t<meta property=\"og:image:type\" content=\"image\/png\" \/>\n<meta name=\"twitter:card\" content=\"summary_large_image\" \/>\n<meta name=\"twitter:label1\" content=\"Est. reading time\" \/>\n\t<meta name=\"twitter:data1\" content=\"2 minutes\" \/>\n<script type=\"application\/ld+json\" class=\"yoast-schema-graph\">{\"@context\":\"https:\/\/schema.org\",\"@graph\":[{\"@type\":\"WebPage\",\"@id\":\"https:\/\/bbqassad.ee\/en\/toode\/pk360-grill-smoker-tumehall-komposiidist-kuljelaudadega-2\/\",\"url\":\"https:\/\/bbqassad.ee\/en\/toode\/pk360-grill-smoker-tumehall-komposiidist-kuljelaudadega-2\/\",\"name\":\"PK360 Grill & Smoker tumehall komposiidist k\u00fcljelaudadega - BBQ \u00c4ssad\",\"isPartOf\":{\"@id\":\"https:\/\/bbqassad.ee\/en\/#website\"},\"primaryImageOfPage\":{\"@id\":\"https:\/\/bbqassad.ee\/en\/toode\/pk360-grill-smoker-tumehall-komposiidist-kuljelaudadega-2\/#primaryimage\"},\"image\":{\"@id\":\"https:\/\/bbqassad.ee\/en\/toode\/pk360-grill-smoker-tumehall-komposiidist-kuljelaudadega-2\/#primaryimage\"},\"thumbnailUrl\":\"https:\/\/bbqassad.ee\/wp-content\/uploads\/2023\/10\/PK360-Graphite.png\",\"datePublished\":\"2023-10-06T08:12:31+00:00\",\"dateModified\":\"2025-07-03T13:17:13+00:00\",\"breadcrumb\":{\"@id\":\"https:\/\/bbqassad.ee\/en\/toode\/pk360-grill-smoker-tumehall-komposiidist-kuljelaudadega-2\/#breadcrumb\"},\"inLanguage\":\"en-US\",\"potentialAction\":[{\"@type\":\"ReadAction\",\"target\":[\"https:\/\/bbqassad.ee\/en\/toode\/pk360-grill-smoker-tumehall-komposiidist-kuljelaudadega-2\/\"]}]},{\"@type\":\"ImageObject\",\"inLanguage\":\"en-US\",\"@id\":\"https:\/\/bbqassad.ee\/en\/toode\/pk360-grill-smoker-tumehall-komposiidist-kuljelaudadega-2\/#primaryimage\",\"url\":\"https:\/\/bbqassad.ee\/wp-content\/uploads\/2023\/10\/PK360-Graphite.png\",\"contentUrl\":\"https:\/\/bbqassad.ee\/wp-content\/uploads\/2023\/10\/PK360-Graphite.png\",\"width\":1059,\"height\":1059},{\"@type\":\"BreadcrumbList\",\"@id\":\"https:\/\/bbqassad.ee\/en\/toode\/pk360-grill-smoker-tumehall-komposiidist-kuljelaudadega-2\/#breadcrumb\",\"itemListElement\":[{\"@type\":\"ListItem\",\"position\":1,\"name\":\"Home\",\"item\":\"https:\/\/bbqassad.ee\/en\/\"},{\"@type\":\"ListItem\",\"position\":2,\"name\":\"Shop\",\"item\":\"https:\/\/bbqassad.ee\/en\/shop\/\"},{\"@type\":\"ListItem\",\"position\":3,\"name\":\"PK360 Grill &#038; Smoker tumehall komposiidist k\u00fcljelaudadega\"}]},{\"@type\":\"WebSite\",\"@id\":\"https:\/\/bbqassad.ee\/en\/#website\",\"url\":\"https:\/\/bbqassad.ee\/en\/\",\"name\":\"BBQ \u00c4ssad\",\"description\":\"\",\"publisher\":{\"@id\":\"https:\/\/bbqassad.ee\/en\/#organization\"},\"potentialAction\":[{\"@type\":\"SearchAction\",\"target\":{\"@type\":\"EntryPoint\",\"urlTemplate\":\"https:\/\/bbqassad.ee\/en\/?s={search_term_string}\"},\"query-input\":{\"@type\":\"PropertyValueSpecification\",\"valueRequired\":true,\"valueName\":\"search_term_string\"}}],\"inLanguage\":\"en-US\"},{\"@type\":\"Organization\",\"@id\":\"https:\/\/bbqassad.ee\/en\/#organization\",\"name\":\"BBQ \u00c4ssad\",\"url\":\"https:\/\/bbqassad.ee\/en\/\",\"logo\":{\"@type\":\"ImageObject\",\"inLanguage\":\"en-US\",\"@id\":\"https:\/\/bbqassad.ee\/en\/#\/schema\/logo\/image\/\",\"url\":\"https:\/\/bbqassad.ee\/wp-content\/uploads\/2022\/10\/BBQ-2ssadlogo.png\",\"contentUrl\":\"https:\/\/bbqassad.ee\/wp-content\/uploads\/2022\/10\/BBQ-2ssadlogo.png\",\"width\":1080,\"height\":1080,\"caption\":\"BBQ \u00c4ssad\"},\"image\":{\"@id\":\"https:\/\/bbqassad.ee\/en\/#\/schema\/logo\/image\/\"},\"sameAs\":[\"https:\/\/www.facebook.com\/bbqassad\",\"https:\/\/www.youtube.com\/channel\/UCsoufn49J6TVi9Ah9meE93w\"]}]}<\/script>\n<!-- \/ Yoast SEO plugin. -->","yoast_head_json":{"title":"PK360 Grill & Smoker tumehall komposiidist k\u00fcljelaudadega - BBQ \u00c4ssad","robots":{"index":"index","follow":"follow","max-snippet":"max-snippet:-1","max-image-preview":"max-image-preview:large","max-video-preview":"max-video-preview:-1"},"canonical":"https:\/\/bbqassad.ee\/en\/toode\/pk360-grill-smoker-tumehall-komposiidist-kuljelaudadega-2\/","og_locale":"en_US","og_type":"article","og_title":"PK360 Grill & Smoker tumehall komposiidist k\u00fcljelaudadega - BBQ \u00c4ssad","og_description":"PK360 Grill &amp; Smoker tumehall komposiidist k\u00fcljelaudadega Super versatileThe PK360 excels at both hot and fast and low and slow cooking. Its unique capsule shape makes one- and two-zone cooking easy and fun. Competition-gradePK Grill\u2019s cast aluminum has become the choice of most teams at steak competitions across the United States. The winning steaks at [...]","og_url":"https:\/\/bbqassad.ee\/en\/toode\/pk360-grill-smoker-tumehall-komposiidist-kuljelaudadega-2\/","og_site_name":"BBQ \u00c4ssad","article_publisher":"https:\/\/www.facebook.com\/bbqassad","article_modified_time":"2025-07-03T13:17:13+00:00","og_image":[{"width":1059,"height":1059,"url":"https:\/\/bbqassad.ee\/wp-content\/uploads\/2023\/10\/PK360-Graphite.png","type":"image\/png"}],"twitter_card":"summary_large_image","twitter_misc":{"Est. reading time":"2 minutes"},"schema":{"@context":"https:\/\/schema.org","@graph":[{"@type":"WebPage","@id":"https:\/\/bbqassad.ee\/en\/toode\/pk360-grill-smoker-tumehall-komposiidist-kuljelaudadega-2\/","url":"https:\/\/bbqassad.ee\/en\/toode\/pk360-grill-smoker-tumehall-komposiidist-kuljelaudadega-2\/","name":"PK360 Grill & Smoker tumehall komposiidist k\u00fcljelaudadega - BBQ \u00c4ssad","isPartOf":{"@id":"https:\/\/bbqassad.ee\/en\/#website"},"primaryImageOfPage":{"@id":"https:\/\/bbqassad.ee\/en\/toode\/pk360-grill-smoker-tumehall-komposiidist-kuljelaudadega-2\/#primaryimage"},"image":{"@id":"https:\/\/bbqassad.ee\/en\/toode\/pk360-grill-smoker-tumehall-komposiidist-kuljelaudadega-2\/#primaryimage"},"thumbnailUrl":"https:\/\/bbqassad.ee\/wp-content\/uploads\/2023\/10\/PK360-Graphite.png","datePublished":"2023-10-06T08:12:31+00:00","dateModified":"2025-07-03T13:17:13+00:00","breadcrumb":{"@id":"https:\/\/bbqassad.ee\/en\/toode\/pk360-grill-smoker-tumehall-komposiidist-kuljelaudadega-2\/#breadcrumb"},"inLanguage":"en-US","potentialAction":[{"@type":"ReadAction","target":["https:\/\/bbqassad.ee\/en\/toode\/pk360-grill-smoker-tumehall-komposiidist-kuljelaudadega-2\/"]}]},{"@type":"ImageObject","inLanguage":"en-US","@id":"https:\/\/bbqassad.ee\/en\/toode\/pk360-grill-smoker-tumehall-komposiidist-kuljelaudadega-2\/#primaryimage","url":"https:\/\/bbqassad.ee\/wp-content\/uploads\/2023\/10\/PK360-Graphite.png","contentUrl":"https:\/\/bbqassad.ee\/wp-content\/uploads\/2023\/10\/PK360-Graphite.png","width":1059,"height":1059},{"@type":"BreadcrumbList","@id":"https:\/\/bbqassad.ee\/en\/toode\/pk360-grill-smoker-tumehall-komposiidist-kuljelaudadega-2\/#breadcrumb","itemListElement":[{"@type":"ListItem","position":1,"name":"Home","item":"https:\/\/bbqassad.ee\/en\/"},{"@type":"ListItem","position":2,"name":"Shop","item":"https:\/\/bbqassad.ee\/en\/shop\/"},{"@type":"ListItem","position":3,"name":"PK360 Grill &#038; Smoker tumehall komposiidist k\u00fcljelaudadega"}]},{"@type":"WebSite","@id":"https:\/\/bbqassad.ee\/en\/#website","url":"https:\/\/bbqassad.ee\/en\/","name":"BBQ \u00c4ssad","description":"","publisher":{"@id":"https:\/\/bbqassad.ee\/en\/#organization"},"potentialAction":[{"@type":"SearchAction","target":{"@type":"EntryPoint","urlTemplate":"https:\/\/bbqassad.ee\/en\/?s={search_term_string}"},"query-input":{"@type":"PropertyValueSpecification","valueRequired":true,"valueName":"search_term_string"}}],"inLanguage":"en-US"},{"@type":"Organization","@id":"https:\/\/bbqassad.ee\/en\/#organization","name":"BBQ \u00c4ssad","url":"https:\/\/bbqassad.ee\/en\/","logo":{"@type":"ImageObject","inLanguage":"en-US","@id":"https:\/\/bbqassad.ee\/en\/#\/schema\/logo\/image\/","url":"https:\/\/bbqassad.ee\/wp-content\/uploads\/2022\/10\/BBQ-2ssadlogo.png","contentUrl":"https:\/\/bbqassad.ee\/wp-content\/uploads\/2022\/10\/BBQ-2ssadlogo.png","width":1080,"height":1080,"caption":"BBQ \u00c4ssad"},"image":{"@id":"https:\/\/bbqassad.ee\/en\/#\/schema\/logo\/image\/"},"sameAs":["https:\/\/www.facebook.com\/bbqassad","https:\/\/www.youtube.com\/channel\/UCsoufn49J6TVi9Ah9meE93w"]}]}},"_links":{"self":[{"href":"https:\/\/bbqassad.ee\/en\/wp-json\/wp\/v2\/product\/8260","targetHints":{"allow":["GET"]}}],"collection":[{"href":"https:\/\/bbqassad.ee\/en\/wp-json\/wp\/v2\/product"}],"about":[{"href":"https:\/\/bbqassad.ee\/en\/wp-json\/wp\/v2\/types\/product"}],"replies":[{"embeddable":true,"href":"https:\/\/bbqassad.ee\/en\/wp-json\/wp\/v2\/comments?post=8260"}],"wp:featuredmedia":[{"embeddable":true,"href":"https:\/\/bbqassad.ee\/en\/wp-json\/wp\/v2\/media\/3400"}],"wp:attachment":[{"href":"https:\/\/bbqassad.ee\/en\/wp-json\/wp\/v2\/media?parent=8260"}],"wp:term":[{"taxonomy":"product_brand","embeddable":true,"href":"https:\/\/bbqassad.ee\/en\/wp-json\/wp\/v2\/product_brand?post=8260"},{"taxonomy":"product_cat","embeddable":true,"href":"https:\/\/bbqassad.ee\/en\/wp-json\/wp\/v2\/product_cat?post=8260"},{"taxonomy":"product_tag","embeddable":true,"href":"https:\/\/bbqassad.ee\/en\/wp-json\/wp\/v2\/product_tag?post=8260"}],"curies":[{"name":"wp","href":"https:\/\/api.w.org\/{rel}","templated":true}]}}