{"id":23931,"date":"2026-02-23T15:05:47","date_gmt":"2026-02-23T15:05:47","guid":{"rendered":"https:\/\/bbqassad.ee\/toode\/napoleon-oasis-universal-outdoor-cabinet-with-revolving-door\/"},"modified":"2026-02-23T15:05:47","modified_gmt":"2026-02-23T15:05:47","slug":"napoleon-oasis-universal-outdoor-cabinet-with-revolving-door","status":"publish","type":"product","link":"https:\/\/bbqassad.ee\/en\/toode\/napoleon-oasis-universal-outdoor-cabinet-with-revolving-door\/","title":{"rendered":"Napoleon OASIS\u2122 universal outdoor cabinet with revolving door"},"content":{"rendered":"<h3 data-start=\"232\" data-end=\"313\"><strong>Napoleon OASIS\u2122 outdoor kitchen furniture &#8211; functional and weatherproof solution<\/strong><\/h3>\n<p class=\"\" data-start=\"315\" data-end=\"939\">Napoleon OASIS\u2122 outdoor furniture is designed to create a durable and well-organised outdoor kitchen. The standard modular sizing system allows you to combine different cabinets, drawers, corner modules and barbecue grills to suit your outdoor space and cooking habits. All elements are made of powder coated galvanized steel with stainless steel details and are suitable for year-round outdoor use. Thanks to the adjustable feet, installation is easy even on uneven surfaces. The OASIS modules are supplied assembled and easily compatible with Napoleon built-in grills and accessories.    <\/p>\n<p data-start=\"941\" data-end=\"1335\"><strong>Features that support everyday use<\/strong><\/p>\n<p data-start=\"941\" data-end=\"1335\">&#8211; Powder coated galvanised steel and stainless steel finish<br data-start=\"1030\" data-end=\"1033\">&#8211; Weatherproof outdoor furniture &#8211; suitable for use in all seasons<br data-start=\"1097\" data-end=\"1100\">&#8211; Modular system allows different modules to be combined<br data-start=\"1163\" data-end=\"1166\">&#8211; Adjustable legs for stable installation<br data-start=\"1215\" data-end=\"1218\">&#8211; Supplied assembled &#8211; no assembly required<\/p>\n<p>&nbsp;<\/p>\n","protected":false},"excerpt":{"rendered":"<h3><strong>Napoleon OASIS\u2122 universal outdoor cabinet with revolving door<\/strong><\/h3>\n<p class=\"\" data-start=\"196\" data-end=\"444\">A versatile and durable modular cabinet suitable for use as part of an outdoor kitchen with Napoleon grill island elements.<\/p>\n<p class=\"\" data-start=\"779\" data-end=\"946\"><strong data-start=\"779\" data-end=\"800\">Dimensions: <\/strong>(W \u00d7 H \u00d7 L \u00d7 D): 91 \u00d7 61 \u00d7 61 cm<\/p>\n<p data-start=\"779\" data-end=\"946\">\n","protected":false},"featured_media":14285,"comment_status":"open","ping_status":"closed","template":"","meta":[],"product_brand":[768],"product_cat":[907],"product_tag":[],"class_list":{"0":"post-23931","1":"product","2":"type-product","3":"status-publish","4":"has-post-thumbnail","6":"product_brand-napoleon","7":"product_cat-gas-grill-accessories","9":"first","10":"instock","11":"taxable","12":"shipping-taxable","13":"purchasable","14":"product-type-simple"},"yoast_head":"<!-- This site is optimized with the Yoast SEO plugin v27.1.1 - https:\/\/yoast.com\/product\/yoast-seo-wordpress\/ -->\n<title>Napoleon OASIS\u2122 universal cupboard with revolving door - BBQ \u00c4ssad<\/title>\n<meta name=\"description\" content=\"Napoleon OASIS\u2122 is a versatile and durable modular cabinet suitable for outdoor use with barbecue island elements. Dimensions: 91 \u00d7 61 \u00d7 61\" \/>\n<meta name=\"robots\" content=\"index, follow, max-snippet:-1, max-image-preview:large, max-video-preview:-1\" \/>\n<link rel=\"canonical\" href=\"https:\/\/bbqassad.ee\/en\/toode\/napoleon-oasis-universal-outdoor-cabinet-with-revolving-door\/\" \/>\n<meta property=\"og:locale\" content=\"en_US\" \/>\n<meta property=\"og:type\" content=\"article\" \/>\n<meta property=\"og:title\" content=\"Napoleon OASIS\u2122 universal cupboard with revolving door - BBQ \u00c4ssad\" \/>\n<meta property=\"og:description\" content=\"Napoleon OASIS\u2122 is a versatile and durable modular cabinet suitable for outdoor use with barbecue island elements. Dimensions: 91 \u00d7 61 \u00d7 61\" \/>\n<meta property=\"og:url\" content=\"https:\/\/bbqassad.ee\/en\/toode\/napoleon-oasis-universal-outdoor-cabinet-with-revolving-door\/\" \/>\n<meta property=\"og:site_name\" content=\"BBQ \u00c4ssad\" \/>\n<meta property=\"article:publisher\" content=\"https:\/\/www.facebook.com\/bbqassad\" \/>\n<meta property=\"og:image\" content=\"https:\/\/bbqassad.ee\/wp-content\/uploads\/2026\/02\/im-udc-cn-main.jpg\" \/>\n<meta name=\"twitter:card\" content=\"summary_large_image\" \/>\n<meta name=\"twitter:title\" content=\"Napoleon OASIS\u2122 universal cupboard with revolving door - BBQ \u00c4ssad\" \/>\n<meta name=\"twitter:description\" content=\"Napoleon OASIS\u2122 is a versatile and sturdy modular cabinet suitable for outdoor use with barbecue island elements. Dimensions: 91 \u00d7 61 \u00d7 61\" \/>\n<meta name=\"twitter:image\" content=\"https:\/\/bbqassad.ee\/wp-content\/uploads\/2026\/02\/im-udc-cn-main.jpg\" \/>\n<meta name=\"twitter:label1\" content=\"Est. reading time\" \/>\n\t<meta name=\"twitter:data1\" content=\"1 minute\" \/>\n<script type=\"application\/ld+json\" class=\"yoast-schema-graph\">{\"@context\":\"https:\/\/schema.org\",\"@graph\":[{\"@type\":\"WebPage\",\"@id\":\"https:\/\/bbqassad.ee\/en\/toode\/napoleon-oasis-universal-outdoor-cabinet-with-revolving-door\/\",\"url\":\"https:\/\/bbqassad.ee\/en\/toode\/napoleon-oasis-universal-outdoor-cabinet-with-revolving-door\/\",\"name\":\"Napoleon OASIS\u2122 universal cupboard with revolving door - BBQ \u00c4ssad\",\"isPartOf\":{\"@id\":\"https:\/\/bbqassad.ee\/en\/#website\"},\"primaryImageOfPage\":{\"@id\":\"https:\/\/bbqassad.ee\/en\/toode\/napoleon-oasis-universal-outdoor-cabinet-with-revolving-door\/#primaryimage\"},\"image\":{\"@id\":\"https:\/\/bbqassad.ee\/en\/toode\/napoleon-oasis-universal-outdoor-cabinet-with-revolving-door\/#primaryimage\"},\"thumbnailUrl\":\"https:\/\/bbqassad.ee\/wp-content\/uploads\/2026\/02\/im-udc-cn-main.jpg\",\"datePublished\":\"2026-02-23T15:05:47+00:00\",\"description\":\"Napoleon OASIS\u2122 is a versatile and durable modular cabinet suitable for outdoor use with barbecue island elements. Dimensions: 91 \u00d7 61 \u00d7 61\",\"breadcrumb\":{\"@id\":\"https:\/\/bbqassad.ee\/en\/toode\/napoleon-oasis-universal-outdoor-cabinet-with-revolving-door\/#breadcrumb\"},\"inLanguage\":\"en-US\",\"potentialAction\":[{\"@type\":\"ReadAction\",\"target\":[\"https:\/\/bbqassad.ee\/en\/toode\/napoleon-oasis-universal-outdoor-cabinet-with-revolving-door\/\"]}]},{\"@type\":\"ImageObject\",\"inLanguage\":\"en-US\",\"@id\":\"https:\/\/bbqassad.ee\/en\/toode\/napoleon-oasis-universal-outdoor-cabinet-with-revolving-door\/#primaryimage\",\"url\":\"https:\/\/bbqassad.ee\/wp-content\/uploads\/2026\/02\/im-udc-cn-main.jpg\",\"contentUrl\":\"https:\/\/bbqassad.ee\/wp-content\/uploads\/2026\/02\/im-udc-cn-main.jpg\",\"width\":700,\"height\":700},{\"@type\":\"BreadcrumbList\",\"@id\":\"https:\/\/bbqassad.ee\/en\/toode\/napoleon-oasis-universal-outdoor-cabinet-with-revolving-door\/#breadcrumb\",\"itemListElement\":[{\"@type\":\"ListItem\",\"position\":1,\"name\":\"Home\",\"item\":\"https:\/\/bbqassad.ee\/en\/\"},{\"@type\":\"ListItem\",\"position\":2,\"name\":\"Shop\",\"item\":\"https:\/\/bbqassad.ee\/en\/shop\/\"},{\"@type\":\"ListItem\",\"position\":3,\"name\":\"Napoleon OASIS\u2122 universal outdoor cabinet with revolving door\"}]},{\"@type\":\"WebSite\",\"@id\":\"https:\/\/bbqassad.ee\/en\/#website\",\"url\":\"https:\/\/bbqassad.ee\/en\/\",\"name\":\"BBQ \u00c4ssad\",\"description\":\"\",\"publisher\":{\"@id\":\"https:\/\/bbqassad.ee\/en\/#organization\"},\"potentialAction\":[{\"@type\":\"SearchAction\",\"target\":{\"@type\":\"EntryPoint\",\"urlTemplate\":\"https:\/\/bbqassad.ee\/en\/?s={search_term_string}\"},\"query-input\":{\"@type\":\"PropertyValueSpecification\",\"valueRequired\":true,\"valueName\":\"search_term_string\"}}],\"inLanguage\":\"en-US\"},{\"@type\":\"Organization\",\"@id\":\"https:\/\/bbqassad.ee\/en\/#organization\",\"name\":\"BBQ \u00c4ssad\",\"url\":\"https:\/\/bbqassad.ee\/en\/\",\"logo\":{\"@type\":\"ImageObject\",\"inLanguage\":\"en-US\",\"@id\":\"https:\/\/bbqassad.ee\/en\/#\/schema\/logo\/image\/\",\"url\":\"https:\/\/bbqassad.ee\/wp-content\/uploads\/2022\/10\/BBQ-2ssadlogo.png\",\"contentUrl\":\"https:\/\/bbqassad.ee\/wp-content\/uploads\/2022\/10\/BBQ-2ssadlogo.png\",\"width\":1080,\"height\":1080,\"caption\":\"BBQ \u00c4ssad\"},\"image\":{\"@id\":\"https:\/\/bbqassad.ee\/en\/#\/schema\/logo\/image\/\"},\"sameAs\":[\"https:\/\/www.facebook.com\/bbqassad\",\"https:\/\/www.youtube.com\/channel\/UCsoufn49J6TVi9Ah9meE93w\"]}]}<\/script>\n<!-- \/ Yoast SEO plugin. -->","yoast_head_json":{"title":"Napoleon OASIS\u2122 universal cupboard with revolving door - BBQ \u00c4ssad","description":"Napoleon OASIS\u2122 is a versatile and durable modular cabinet suitable for outdoor use with barbecue island elements. Dimensions: 91 \u00d7 61 \u00d7 61","robots":{"index":"index","follow":"follow","max-snippet":"max-snippet:-1","max-image-preview":"max-image-preview:large","max-video-preview":"max-video-preview:-1"},"canonical":"https:\/\/bbqassad.ee\/en\/toode\/napoleon-oasis-universal-outdoor-cabinet-with-revolving-door\/","og_locale":"en_US","og_type":"article","og_title":"Napoleon OASIS\u2122 universal cupboard with revolving door - BBQ \u00c4ssad","og_description":"Napoleon OASIS\u2122 is a versatile and durable modular cabinet suitable for outdoor use with barbecue island elements. Dimensions: 91 \u00d7 61 \u00d7 61","og_url":"https:\/\/bbqassad.ee\/en\/toode\/napoleon-oasis-universal-outdoor-cabinet-with-revolving-door\/","og_site_name":"BBQ \u00c4ssad","article_publisher":"https:\/\/www.facebook.com\/bbqassad","og_image":[{"url":"https:\/\/bbqassad.ee\/wp-content\/uploads\/2026\/02\/im-udc-cn-main.jpg","type":"","width":"","height":""}],"twitter_card":"summary_large_image","twitter_title":"Napoleon OASIS\u2122 universal cupboard with revolving door - BBQ \u00c4ssad","twitter_description":"Napoleon OASIS\u2122 is a versatile and sturdy modular cabinet suitable for outdoor use with barbecue island elements. Dimensions: 91 \u00d7 61 \u00d7 61","twitter_image":"https:\/\/bbqassad.ee\/wp-content\/uploads\/2026\/02\/im-udc-cn-main.jpg","twitter_misc":{"Est. reading time":"1 minute"},"schema":{"@context":"https:\/\/schema.org","@graph":[{"@type":"WebPage","@id":"https:\/\/bbqassad.ee\/en\/toode\/napoleon-oasis-universal-outdoor-cabinet-with-revolving-door\/","url":"https:\/\/bbqassad.ee\/en\/toode\/napoleon-oasis-universal-outdoor-cabinet-with-revolving-door\/","name":"Napoleon OASIS\u2122 universal cupboard with revolving door - BBQ \u00c4ssad","isPartOf":{"@id":"https:\/\/bbqassad.ee\/en\/#website"},"primaryImageOfPage":{"@id":"https:\/\/bbqassad.ee\/en\/toode\/napoleon-oasis-universal-outdoor-cabinet-with-revolving-door\/#primaryimage"},"image":{"@id":"https:\/\/bbqassad.ee\/en\/toode\/napoleon-oasis-universal-outdoor-cabinet-with-revolving-door\/#primaryimage"},"thumbnailUrl":"https:\/\/bbqassad.ee\/wp-content\/uploads\/2026\/02\/im-udc-cn-main.jpg","datePublished":"2026-02-23T15:05:47+00:00","description":"Napoleon OASIS\u2122 is a versatile and durable modular cabinet suitable for outdoor use with barbecue island elements. Dimensions: 91 \u00d7 61 \u00d7 61","breadcrumb":{"@id":"https:\/\/bbqassad.ee\/en\/toode\/napoleon-oasis-universal-outdoor-cabinet-with-revolving-door\/#breadcrumb"},"inLanguage":"en-US","potentialAction":[{"@type":"ReadAction","target":["https:\/\/bbqassad.ee\/en\/toode\/napoleon-oasis-universal-outdoor-cabinet-with-revolving-door\/"]}]},{"@type":"ImageObject","inLanguage":"en-US","@id":"https:\/\/bbqassad.ee\/en\/toode\/napoleon-oasis-universal-outdoor-cabinet-with-revolving-door\/#primaryimage","url":"https:\/\/bbqassad.ee\/wp-content\/uploads\/2026\/02\/im-udc-cn-main.jpg","contentUrl":"https:\/\/bbqassad.ee\/wp-content\/uploads\/2026\/02\/im-udc-cn-main.jpg","width":700,"height":700},{"@type":"BreadcrumbList","@id":"https:\/\/bbqassad.ee\/en\/toode\/napoleon-oasis-universal-outdoor-cabinet-with-revolving-door\/#breadcrumb","itemListElement":[{"@type":"ListItem","position":1,"name":"Home","item":"https:\/\/bbqassad.ee\/en\/"},{"@type":"ListItem","position":2,"name":"Shop","item":"https:\/\/bbqassad.ee\/en\/shop\/"},{"@type":"ListItem","position":3,"name":"Napoleon OASIS\u2122 universal outdoor cabinet with revolving door"}]},{"@type":"WebSite","@id":"https:\/\/bbqassad.ee\/en\/#website","url":"https:\/\/bbqassad.ee\/en\/","name":"BBQ \u00c4ssad","description":"","publisher":{"@id":"https:\/\/bbqassad.ee\/en\/#organization"},"potentialAction":[{"@type":"SearchAction","target":{"@type":"EntryPoint","urlTemplate":"https:\/\/bbqassad.ee\/en\/?s={search_term_string}"},"query-input":{"@type":"PropertyValueSpecification","valueRequired":true,"valueName":"search_term_string"}}],"inLanguage":"en-US"},{"@type":"Organization","@id":"https:\/\/bbqassad.ee\/en\/#organization","name":"BBQ \u00c4ssad","url":"https:\/\/bbqassad.ee\/en\/","logo":{"@type":"ImageObject","inLanguage":"en-US","@id":"https:\/\/bbqassad.ee\/en\/#\/schema\/logo\/image\/","url":"https:\/\/bbqassad.ee\/wp-content\/uploads\/2022\/10\/BBQ-2ssadlogo.png","contentUrl":"https:\/\/bbqassad.ee\/wp-content\/uploads\/2022\/10\/BBQ-2ssadlogo.png","width":1080,"height":1080,"caption":"BBQ \u00c4ssad"},"image":{"@id":"https:\/\/bbqassad.ee\/en\/#\/schema\/logo\/image\/"},"sameAs":["https:\/\/www.facebook.com\/bbqassad","https:\/\/www.youtube.com\/channel\/UCsoufn49J6TVi9Ah9meE93w"]}]}},"_links":{"self":[{"href":"https:\/\/bbqassad.ee\/en\/wp-json\/wp\/v2\/product\/23931","targetHints":{"allow":["GET"]}}],"collection":[{"href":"https:\/\/bbqassad.ee\/en\/wp-json\/wp\/v2\/product"}],"about":[{"href":"https:\/\/bbqassad.ee\/en\/wp-json\/wp\/v2\/types\/product"}],"replies":[{"embeddable":true,"href":"https:\/\/bbqassad.ee\/en\/wp-json\/wp\/v2\/comments?post=23931"}],"wp:featuredmedia":[{"embeddable":true,"href":"https:\/\/bbqassad.ee\/en\/wp-json\/wp\/v2\/media\/14285"}],"wp:attachment":[{"href":"https:\/\/bbqassad.ee\/en\/wp-json\/wp\/v2\/media?parent=23931"}],"wp:term":[{"taxonomy":"product_brand","embeddable":true,"href":"https:\/\/bbqassad.ee\/en\/wp-json\/wp\/v2\/product_brand?post=23931"},{"taxonomy":"product_cat","embeddable":true,"href":"https:\/\/bbqassad.ee\/en\/wp-json\/wp\/v2\/product_cat?post=23931"},{"taxonomy":"product_tag","embeddable":true,"href":"https:\/\/bbqassad.ee\/en\/wp-json\/wp\/v2\/product_tag?post=23931"}],"curies":[{"name":"wp","href":"https:\/\/api.w.org\/{rel}","templated":true}]}}