{"id":11648,"date":"2025-11-22T10:19:57","date_gmt":"2025-11-22T10:19:57","guid":{"rendered":"https:\/\/bbqassad.ee\/toode\/ahju-temperatuuri-kontroller-inkbird-isc028bw\/"},"modified":"2026-03-25T05:28:03","modified_gmt":"2026-03-25T05:28:03","slug":"ahju-temperatuuri-kontroller-inkbird-isc028bw","status":"publish","type":"product","link":"https:\/\/bbqassad.ee\/en\/toode\/ahju-temperatuuri-kontroller-inkbird-isc028bw\/","title":{"rendered":"Ahju temperatuuri kontroller Inkbird ISC028bw"},"content":{"rendered":"<h2>Ahju temperatuuri kontroller Inkbird ISC028bw<\/h2>\n<p>INKBIRD ISC-028-BW on intelligentne ahju temperatuuri regulaator, mis integreerib toidutemperatuuri tuvastamise ja ahju temperatuuri reguleerimise. See on spetsiaalselt loodud kasutamiseks nii kodu- kui ka professionaalsetes k\u00f6\u00f6kides. See j\u00e4lgib ahju sisetemperatuuri reaalajas ja reguleerib nutikalt ventilaatori kiirust, et tagada temperatuuri p\u00fcsimine eelseadistatud temperatuurivahemikus, saavutades optimaalsed k\u00fcpsetustulemused. See seade pakub t\u00e4pset temperatuuri reguleerimist ja lokaliseeritud t\u00f6\u00f6kogemust, et rahuldada kasutajate vajadusi kvaliteetse toiduvalmistamise j\u00e4rele.<\/p>\n<h3>Peamised omadused<\/h3>\n<p>WiFi 5G ja Bluetooth topelt\u00fchendus automaatse re\u017eiimivahetuse funktsiooniga<br \/>\nVisuaalne liides lokaalse juhtimisega reaalajas k\u00fcpsetamise j\u00e4lgimiseks<br \/>\n\u00dclit\u00e4psed temperatuuriandurid t\u00e4pse temperatuuri reguleerimiseks<br \/>\nToetab 5V USB-toiteallikat, saab toita ka akupangast<br \/>\nNutikas grillikaane avamise tuvastamine puhumise automaatseks k\u00e4ivitamiseks\/peatamiseks<br \/>\nVentilaatori kiiruse automaatne reguleerimine vastavalt grilli temperatuurile<br \/>\nToetab k\u00f5rge ja madala temperatuuri alarme, sihtalarme ja k\u00fcpsetustaimerit<br \/>\nUSDA soovitatud lihamen\u00fc\u00fcd nutikas rakenduses aitavad h\u00f5lpsalt s\u00fc\u00fca teha<br \/>\n4 lihaandurit ja 1 ahjuandur igap\u00e4evaseks toiduvalmistamiseks BBQ ahjus<br \/>\n3-p\u00e4evane v\u00f5rgu\u00fchenduseta andmesalvestus ja automaatne s\u00fcnkroonimine rakendusega Bluetoothi \u200b\u200bkaudu<br \/>\nIdeaalne grillidele nagu Dreamfire, Big Green Egg, Kamado Joe, Primo, Vision Grill, Akorn Kamado, Kamado Bono jne<br \/>\nUSB-toitega ja toitallikana sobib ka akupank<\/p>\n<h3>Spetsifikatsioonid<\/h3>\n<p>Mudelinumber: ISC-028-BW<br \/>\nEkraan: LCD<br \/>\nAndme materjal: toidukvaliteediga roostevaba teras<br \/>\nSisendpinge: USB Type-C, DC 5V, 1A<br \/>\nL\u00fchiajaline m\u00f5\u00f5tmisvahemik: alates 0\u2103 kuni 300 \u2103 (32 \u2109 ~ 572 \u2109)<br \/>\nPidev j\u00e4lgimisvahemik: 0 \u2103 kuni 250 \u2103 (32 \u2109 ~ 482 \u2109)<br \/>\nSondi temperatuuri t\u00e4psus: MAX \u00b10,5 \u2103 \/ \u00b10,9 \u2109<br \/>\nWiFi-\u00fchendus: WiFi 5G ja 2,4G<br \/>\nBluetooth: Bluetooth 5.0, 50 m \/ 164 jalga takistusteta \u00fchenduse kaugus<br \/>\nKalibreerimine: \u00b112 \u2109 \/ \u00b112 \u2103<br \/>\nTaimeri seadistusvahemik: 0\u201399 tundi ja 59 minutit<\/p>\n<h3>Paki sisu<\/h3>\n<p>1x BBQ ahju kontroller ISC-028BW<br \/>\n4x lihasondi<br \/>\n1x ahjusond<br \/>\n1x USB-toiteadapter<br \/>\n1x USB-laadimiskaabel<br \/>\n2x grilliadapterit<br \/>\n1x kasutusjuhend<\/p>\n<p>&nbsp;<\/p>\n","protected":false},"excerpt":{"rendered":"<p>Ahju temperatuuri kontroller Inkbird ISC028bw INKBIRD ISC-028-BW on intelligentne ahju temperatuuri regulaator, mis integreerib toidutemperatuuri tuvastamise ja ahju temperatuuri reguleerimise. See on spetsiaalselt loodud kasutamiseks nii kodu- kui ka professionaalsetes k\u00f6\u00f6kides. See j\u00e4lgib ahju sisetemperatuuri reaalajas ja reguleerib nutikalt ventilaatori kiirust, et tagada temperatuuri p\u00fcsimine eelseadistatud temperatuurivahemikus, saavutades optimaalsed k\u00fcpsetustulemused. See seade pakub t\u00e4pset temperatuuri [&#8230;]\n","protected":false},"featured_media":11646,"comment_status":"open","ping_status":"closed","template":"","meta":[],"product_brand":[161],"product_cat":[33],"product_tag":[],"class_list":{"0":"post-11648","1":"product","2":"type-product","3":"status-publish","4":"has-post-thumbnail","6":"product_brand-inkbird-en","7":"product_cat-supplies","9":"first","10":"outofstock","11":"taxable","12":"shipping-taxable","13":"purchasable","14":"product-type-simple"},"yoast_head":"<!-- This site is optimized with the Yoast SEO plugin v27.1.1 - https:\/\/yoast.com\/product\/yoast-seo-wordpress\/ -->\n<title>Ahju temperatuuri kontroller Inkbird ISC028bw - BBQ \u00c4ssad<\/title>\n<meta name=\"robots\" content=\"index, follow, max-snippet:-1, max-image-preview:large, max-video-preview:-1\" \/>\n<link rel=\"canonical\" href=\"https:\/\/bbqassad.ee\/en\/toode\/ahju-temperatuuri-kontroller-inkbird-isc028bw\/\" \/>\n<meta property=\"og:locale\" content=\"en_US\" \/>\n<meta property=\"og:type\" content=\"article\" \/>\n<meta property=\"og:title\" content=\"Ahju temperatuuri kontroller Inkbird ISC028bw - BBQ \u00c4ssad\" \/>\n<meta property=\"og:description\" content=\"Ahju temperatuuri kontroller Inkbird ISC028bw INKBIRD ISC-028-BW on intelligentne ahju temperatuuri regulaator, mis integreerib toidutemperatuuri tuvastamise ja ahju temperatuuri reguleerimise. See on spetsiaalselt loodud kasutamiseks nii kodu- kui ka professionaalsetes k\u00f6\u00f6kides. See j\u00e4lgib ahju sisetemperatuuri reaalajas ja reguleerib nutikalt ventilaatori kiirust, et tagada temperatuuri p\u00fcsimine eelseadistatud temperatuurivahemikus, saavutades optimaalsed k\u00fcpsetustulemused. See seade pakub t\u00e4pset temperatuuri [...]\" \/>\n<meta property=\"og:url\" content=\"https:\/\/bbqassad.ee\/en\/toode\/ahju-temperatuuri-kontroller-inkbird-isc028bw\/\" \/>\n<meta property=\"og:site_name\" content=\"BBQ \u00c4ssad\" \/>\n<meta property=\"article:publisher\" content=\"https:\/\/www.facebook.com\/bbqassad\" \/>\n<meta property=\"article:modified_time\" content=\"2026-03-25T05:28:03+00:00\" \/>\n<meta property=\"og:image\" content=\"https:\/\/bbqassad.ee\/wp-content\/uploads\/2025\/11\/s-l1600-12-300x300.jpg\" \/>\n<meta name=\"twitter:card\" content=\"summary_large_image\" \/>\n<meta name=\"twitter:label1\" content=\"Est. reading time\" \/>\n\t<meta name=\"twitter:data1\" content=\"2 minutes\" \/>\n<script type=\"application\/ld+json\" class=\"yoast-schema-graph\">{\"@context\":\"https:\/\/schema.org\",\"@graph\":[{\"@type\":\"WebPage\",\"@id\":\"https:\/\/bbqassad.ee\/en\/toode\/ahju-temperatuuri-kontroller-inkbird-isc028bw\/\",\"url\":\"https:\/\/bbqassad.ee\/en\/toode\/ahju-temperatuuri-kontroller-inkbird-isc028bw\/\",\"name\":\"Ahju temperatuuri kontroller Inkbird ISC028bw - BBQ \u00c4ssad\",\"isPartOf\":{\"@id\":\"https:\/\/bbqassad.ee\/en\/#website\"},\"primaryImageOfPage\":{\"@id\":\"https:\/\/bbqassad.ee\/en\/toode\/ahju-temperatuuri-kontroller-inkbird-isc028bw\/#primaryimage\"},\"image\":{\"@id\":\"https:\/\/bbqassad.ee\/en\/toode\/ahju-temperatuuri-kontroller-inkbird-isc028bw\/#primaryimage\"},\"thumbnailUrl\":\"https:\/\/bbqassad.ee\/wp-content\/uploads\/2025\/11\/s-l1600-12.jpg\",\"datePublished\":\"2025-11-22T10:19:57+00:00\",\"dateModified\":\"2026-03-25T05:28:03+00:00\",\"breadcrumb\":{\"@id\":\"https:\/\/bbqassad.ee\/en\/toode\/ahju-temperatuuri-kontroller-inkbird-isc028bw\/#breadcrumb\"},\"inLanguage\":\"en-US\",\"potentialAction\":[{\"@type\":\"ReadAction\",\"target\":[\"https:\/\/bbqassad.ee\/en\/toode\/ahju-temperatuuri-kontroller-inkbird-isc028bw\/\"]}]},{\"@type\":\"ImageObject\",\"inLanguage\":\"en-US\",\"@id\":\"https:\/\/bbqassad.ee\/en\/toode\/ahju-temperatuuri-kontroller-inkbird-isc028bw\/#primaryimage\",\"url\":\"https:\/\/bbqassad.ee\/wp-content\/uploads\/2025\/11\/s-l1600-12.jpg\",\"contentUrl\":\"https:\/\/bbqassad.ee\/wp-content\/uploads\/2025\/11\/s-l1600-12.jpg\",\"width\":1600,\"height\":1600,\"caption\":\"Ahju temperatuuri kontroller Inkbird\"},{\"@type\":\"BreadcrumbList\",\"@id\":\"https:\/\/bbqassad.ee\/en\/toode\/ahju-temperatuuri-kontroller-inkbird-isc028bw\/#breadcrumb\",\"itemListElement\":[{\"@type\":\"ListItem\",\"position\":1,\"name\":\"Home\",\"item\":\"https:\/\/bbqassad.ee\/en\/\"},{\"@type\":\"ListItem\",\"position\":2,\"name\":\"Shop\",\"item\":\"https:\/\/bbqassad.ee\/en\/shop\/\"},{\"@type\":\"ListItem\",\"position\":3,\"name\":\"Ahju temperatuuri kontroller Inkbird ISC028bw\"}]},{\"@type\":\"WebSite\",\"@id\":\"https:\/\/bbqassad.ee\/en\/#website\",\"url\":\"https:\/\/bbqassad.ee\/en\/\",\"name\":\"BBQ \u00c4ssad\",\"description\":\"\",\"publisher\":{\"@id\":\"https:\/\/bbqassad.ee\/en\/#organization\"},\"potentialAction\":[{\"@type\":\"SearchAction\",\"target\":{\"@type\":\"EntryPoint\",\"urlTemplate\":\"https:\/\/bbqassad.ee\/en\/?s={search_term_string}\"},\"query-input\":{\"@type\":\"PropertyValueSpecification\",\"valueRequired\":true,\"valueName\":\"search_term_string\"}}],\"inLanguage\":\"en-US\"},{\"@type\":\"Organization\",\"@id\":\"https:\/\/bbqassad.ee\/en\/#organization\",\"name\":\"BBQ \u00c4ssad\",\"url\":\"https:\/\/bbqassad.ee\/en\/\",\"logo\":{\"@type\":\"ImageObject\",\"inLanguage\":\"en-US\",\"@id\":\"https:\/\/bbqassad.ee\/en\/#\/schema\/logo\/image\/\",\"url\":\"https:\/\/bbqassad.ee\/wp-content\/uploads\/2022\/10\/BBQ-2ssadlogo.png\",\"contentUrl\":\"https:\/\/bbqassad.ee\/wp-content\/uploads\/2022\/10\/BBQ-2ssadlogo.png\",\"width\":1080,\"height\":1080,\"caption\":\"BBQ \u00c4ssad\"},\"image\":{\"@id\":\"https:\/\/bbqassad.ee\/en\/#\/schema\/logo\/image\/\"},\"sameAs\":[\"https:\/\/www.facebook.com\/bbqassad\",\"https:\/\/www.youtube.com\/channel\/UCsoufn49J6TVi9Ah9meE93w\"]}]}<\/script>\n<!-- \/ Yoast SEO plugin. -->","yoast_head_json":{"title":"Ahju temperatuuri kontroller Inkbird ISC028bw - BBQ \u00c4ssad","robots":{"index":"index","follow":"follow","max-snippet":"max-snippet:-1","max-image-preview":"max-image-preview:large","max-video-preview":"max-video-preview:-1"},"canonical":"https:\/\/bbqassad.ee\/en\/toode\/ahju-temperatuuri-kontroller-inkbird-isc028bw\/","og_locale":"en_US","og_type":"article","og_title":"Ahju temperatuuri kontroller Inkbird ISC028bw - BBQ \u00c4ssad","og_description":"Ahju temperatuuri kontroller Inkbird ISC028bw INKBIRD ISC-028-BW on intelligentne ahju temperatuuri regulaator, mis integreerib toidutemperatuuri tuvastamise ja ahju temperatuuri reguleerimise. See on spetsiaalselt loodud kasutamiseks nii kodu- kui ka professionaalsetes k\u00f6\u00f6kides. See j\u00e4lgib ahju sisetemperatuuri reaalajas ja reguleerib nutikalt ventilaatori kiirust, et tagada temperatuuri p\u00fcsimine eelseadistatud temperatuurivahemikus, saavutades optimaalsed k\u00fcpsetustulemused. See seade pakub t\u00e4pset temperatuuri [...]","og_url":"https:\/\/bbqassad.ee\/en\/toode\/ahju-temperatuuri-kontroller-inkbird-isc028bw\/","og_site_name":"BBQ \u00c4ssad","article_publisher":"https:\/\/www.facebook.com\/bbqassad","article_modified_time":"2026-03-25T05:28:03+00:00","og_image":[{"url":"https:\/\/bbqassad.ee\/wp-content\/uploads\/2025\/11\/s-l1600-12-300x300.jpg","type":"","width":"","height":""}],"twitter_card":"summary_large_image","twitter_misc":{"Est. reading time":"2 minutes"},"schema":{"@context":"https:\/\/schema.org","@graph":[{"@type":"WebPage","@id":"https:\/\/bbqassad.ee\/en\/toode\/ahju-temperatuuri-kontroller-inkbird-isc028bw\/","url":"https:\/\/bbqassad.ee\/en\/toode\/ahju-temperatuuri-kontroller-inkbird-isc028bw\/","name":"Ahju temperatuuri kontroller Inkbird ISC028bw - BBQ \u00c4ssad","isPartOf":{"@id":"https:\/\/bbqassad.ee\/en\/#website"},"primaryImageOfPage":{"@id":"https:\/\/bbqassad.ee\/en\/toode\/ahju-temperatuuri-kontroller-inkbird-isc028bw\/#primaryimage"},"image":{"@id":"https:\/\/bbqassad.ee\/en\/toode\/ahju-temperatuuri-kontroller-inkbird-isc028bw\/#primaryimage"},"thumbnailUrl":"https:\/\/bbqassad.ee\/wp-content\/uploads\/2025\/11\/s-l1600-12.jpg","datePublished":"2025-11-22T10:19:57+00:00","dateModified":"2026-03-25T05:28:03+00:00","breadcrumb":{"@id":"https:\/\/bbqassad.ee\/en\/toode\/ahju-temperatuuri-kontroller-inkbird-isc028bw\/#breadcrumb"},"inLanguage":"en-US","potentialAction":[{"@type":"ReadAction","target":["https:\/\/bbqassad.ee\/en\/toode\/ahju-temperatuuri-kontroller-inkbird-isc028bw\/"]}]},{"@type":"ImageObject","inLanguage":"en-US","@id":"https:\/\/bbqassad.ee\/en\/toode\/ahju-temperatuuri-kontroller-inkbird-isc028bw\/#primaryimage","url":"https:\/\/bbqassad.ee\/wp-content\/uploads\/2025\/11\/s-l1600-12.jpg","contentUrl":"https:\/\/bbqassad.ee\/wp-content\/uploads\/2025\/11\/s-l1600-12.jpg","width":1600,"height":1600,"caption":"Ahju temperatuuri kontroller Inkbird"},{"@type":"BreadcrumbList","@id":"https:\/\/bbqassad.ee\/en\/toode\/ahju-temperatuuri-kontroller-inkbird-isc028bw\/#breadcrumb","itemListElement":[{"@type":"ListItem","position":1,"name":"Home","item":"https:\/\/bbqassad.ee\/en\/"},{"@type":"ListItem","position":2,"name":"Shop","item":"https:\/\/bbqassad.ee\/en\/shop\/"},{"@type":"ListItem","position":3,"name":"Ahju temperatuuri kontroller Inkbird ISC028bw"}]},{"@type":"WebSite","@id":"https:\/\/bbqassad.ee\/en\/#website","url":"https:\/\/bbqassad.ee\/en\/","name":"BBQ \u00c4ssad","description":"","publisher":{"@id":"https:\/\/bbqassad.ee\/en\/#organization"},"potentialAction":[{"@type":"SearchAction","target":{"@type":"EntryPoint","urlTemplate":"https:\/\/bbqassad.ee\/en\/?s={search_term_string}"},"query-input":{"@type":"PropertyValueSpecification","valueRequired":true,"valueName":"search_term_string"}}],"inLanguage":"en-US"},{"@type":"Organization","@id":"https:\/\/bbqassad.ee\/en\/#organization","name":"BBQ \u00c4ssad","url":"https:\/\/bbqassad.ee\/en\/","logo":{"@type":"ImageObject","inLanguage":"en-US","@id":"https:\/\/bbqassad.ee\/en\/#\/schema\/logo\/image\/","url":"https:\/\/bbqassad.ee\/wp-content\/uploads\/2022\/10\/BBQ-2ssadlogo.png","contentUrl":"https:\/\/bbqassad.ee\/wp-content\/uploads\/2022\/10\/BBQ-2ssadlogo.png","width":1080,"height":1080,"caption":"BBQ \u00c4ssad"},"image":{"@id":"https:\/\/bbqassad.ee\/en\/#\/schema\/logo\/image\/"},"sameAs":["https:\/\/www.facebook.com\/bbqassad","https:\/\/www.youtube.com\/channel\/UCsoufn49J6TVi9Ah9meE93w"]}]}},"_links":{"self":[{"href":"https:\/\/bbqassad.ee\/en\/wp-json\/wp\/v2\/product\/11648","targetHints":{"allow":["GET"]}}],"collection":[{"href":"https:\/\/bbqassad.ee\/en\/wp-json\/wp\/v2\/product"}],"about":[{"href":"https:\/\/bbqassad.ee\/en\/wp-json\/wp\/v2\/types\/product"}],"replies":[{"embeddable":true,"href":"https:\/\/bbqassad.ee\/en\/wp-json\/wp\/v2\/comments?post=11648"}],"wp:featuredmedia":[{"embeddable":true,"href":"https:\/\/bbqassad.ee\/en\/wp-json\/wp\/v2\/media\/11646"}],"wp:attachment":[{"href":"https:\/\/bbqassad.ee\/en\/wp-json\/wp\/v2\/media?parent=11648"}],"wp:term":[{"taxonomy":"product_brand","embeddable":true,"href":"https:\/\/bbqassad.ee\/en\/wp-json\/wp\/v2\/product_brand?post=11648"},{"taxonomy":"product_cat","embeddable":true,"href":"https:\/\/bbqassad.ee\/en\/wp-json\/wp\/v2\/product_cat?post=11648"},{"taxonomy":"product_tag","embeddable":true,"href":"https:\/\/bbqassad.ee\/en\/wp-json\/wp\/v2\/product_tag?post=11648"}],"curies":[{"name":"wp","href":"https:\/\/api.w.org\/{rel}","templated":true}]}}